{"id":19918,"date":"2015-08-20T09:11:45","date_gmt":"2015-08-20T07:11:45","guid":{"rendered":"https:\/\/dadade.eu\/?post_type=product&#038;p=19918"},"modified":"2024-11-15T19:14:01","modified_gmt":"2024-11-15T18:14:01","slug":"waermflaschen-bezug-eule-herz-und-meer","status":"publish","type":"product","link":"https:\/\/dadade.eu\/?product=waermflaschen-bezug-eule-herz-und-meer","title":{"rendered":"W\u00e4rmflaschen-Bezug, Eule, Herz und Meer"},"content":{"rendered":"<p><strong><a href=\"https:\/\/dadade.eu\/?product=schwaemme-herbst-tiere-schwamm-eichhoernchen-eule-fledermaus-igel-s114\"><img fetchpriority=\"high\" decoding=\"async\" class=\"alignnone size-medium wp-image-19923\" src=\"https:\/\/dadade.eu\/wp-content\/uploads\/2023\/08\/Bezug-Waermflasche-Meer-1-300x225.jpg\" alt=\"\" width=\"300\" height=\"225\" srcset=\"https:\/\/dadade.eu\/wp-content\/uploads\/2023\/08\/Bezug-Waermflasche-Meer-1-300x225.jpg 300w, https:\/\/dadade.eu\/wp-content\/uploads\/2023\/08\/Bezug-Waermflasche-Meer-1-600x450.jpg 600w, https:\/\/dadade.eu\/wp-content\/uploads\/2023\/08\/Bezug-Waermflasche-Meer-1-64x48.jpg 64w, https:\/\/dadade.eu\/wp-content\/uploads\/2023\/08\/Bezug-Waermflasche-Meer-1-1024x768.jpg 1024w, https:\/\/dadade.eu\/wp-content\/uploads\/2023\/08\/Bezug-Waermflasche-Meer-1-768x576.jpg 768w, https:\/\/dadade.eu\/wp-content\/uploads\/2023\/08\/Bezug-Waermflasche-Meer-1.jpg 1400w\" sizes=\"(max-width: 300px) 100vw, 300px\" \/>H<\/a>651 W\u00e4rmflaschen-H\u00fclle Meer mit vielen Applikationen<\/strong><\/p>\n<p><img decoding=\"async\" class=\"alignnone size-medium wp-image-19926\" src=\"https:\/\/dadade.eu\/wp-content\/uploads\/2023\/08\/Waermflaschenhuelle-Eule-2-300x225.jpg\" alt=\"\" width=\"300\" height=\"225\" srcset=\"https:\/\/dadade.eu\/wp-content\/uploads\/2023\/08\/Waermflaschenhuelle-Eule-2-300x225.jpg 300w, https:\/\/dadade.eu\/wp-content\/uploads\/2023\/08\/Waermflaschenhuelle-Eule-2-600x450.jpg 600w, https:\/\/dadade.eu\/wp-content\/uploads\/2023\/08\/Waermflaschenhuelle-Eule-2-64x48.jpg 64w, https:\/\/dadade.eu\/wp-content\/uploads\/2023\/08\/Waermflaschenhuelle-Eule-2-1024x768.jpg 1024w, https:\/\/dadade.eu\/wp-content\/uploads\/2023\/08\/Waermflaschenhuelle-Eule-2-768x576.jpg 768w, https:\/\/dadade.eu\/wp-content\/uploads\/2023\/08\/Waermflaschenhuelle-Eule-2.jpg 1400w\" sizes=\"(max-width: 300px) 100vw, 300px\" \/><strong><a href=\"https:\/\/dadade.eu\/?product=schwaemme-herbst-tiere-schwamm-eichhoernchen-eule-fledermaus-igel-s114\">H<\/a>652 W\u00e4rmflaschen-H\u00fclle Eule<\/strong><\/p>\n<p><img decoding=\"async\" class=\"alignnone size-medium wp-image-19921\" src=\"https:\/\/dadade.eu\/wp-content\/uploads\/2023\/08\/Bezug-Waermflasche-Herz-2-300x225.jpg\" alt=\"\" width=\"300\" height=\"225\" srcset=\"https:\/\/dadade.eu\/wp-content\/uploads\/2023\/08\/Bezug-Waermflasche-Herz-2-300x225.jpg 300w, https:\/\/dadade.eu\/wp-content\/uploads\/2023\/08\/Bezug-Waermflasche-Herz-2-600x450.jpg 600w, https:\/\/dadade.eu\/wp-content\/uploads\/2023\/08\/Bezug-Waermflasche-Herz-2-64x48.jpg 64w, https:\/\/dadade.eu\/wp-content\/uploads\/2023\/08\/Bezug-Waermflasche-Herz-2-1024x768.jpg 1024w, https:\/\/dadade.eu\/wp-content\/uploads\/2023\/08\/Bezug-Waermflasche-Herz-2-768x576.jpg 768w, https:\/\/dadade.eu\/wp-content\/uploads\/2023\/08\/Bezug-Waermflasche-Herz-2.jpg 1400w\" sizes=\"(max-width: 300px) 100vw, 300px\" \/><strong><a href=\"https:\/\/dadade.eu\/?product=schwaemme-herbst-tiere-schwamm-eichhoernchen-eule-fledermaus-igel-s114\">H<\/a>653 W\u00e4rmflaschen-H\u00fclle Herz gibt es gratis<\/strong><\/p>\n<p>Die Anleitung ist ausf\u00fchrlich auf\u00a0 je 17- 18 Seiten beschrieben und mit vielen Bildern hinterlegt<\/p>\n<p>Sie\u00a0 ist dadurch auch schon f\u00fcr Anf\u00e4nger geeignet.<\/p>\n<p>mehr Bilder von flei\u00dfigen H\u00e4nden findet ihr<\/p>\n<p><strong><a href=\"https:\/\/dadade.eu\/?page_id=5389\">KLICKE HIER<\/a><\/strong><\/p>\n<p>&nbsp;<\/p>\n<p>&nbsp;<\/p>\n","protected":false},"excerpt":{"rendered":"<div id=\"cc-m-13954443088\" class=\"j-module n j-text \">\n<p>Hier findet man nur die Anleitungen\u00a0 <strong>f\u00fcr diese witzigen W\u00e4rmflaschenh\u00fclle.<\/strong><\/p>\n<p>Wie oft sucht man eine originelle Geschenkidee.<\/p>\n<p>W\u00e4rmflaschen sind das ganze Jahr \u00fcber ein wichtiger Bestandteil in jedem Haushalt, denn im Winter, ebenso wie im Sommer, tut W\u00e4rme auf den Gelenken gut.<\/p>\n<p>Dieser Bezug f\u00fcr W\u00e4rmflaschen ist nicht nur f\u00fcr Muttertag das Geschenk.<\/p>\n<p>Der Bezug ist mit Applikationen, oder auch nur mit Muster ein Hit.<\/p>\n<p>Die Anleitung umfassen jeweils den Bezug, sowie die Applikationen .<\/p>\n<p>Die Applikationen k\u00f6nnen auch gerne mit Perlen, Wackelaugen usw. versch\u00f6nert werden, ich habe allerdings bewusst darauf verzichtet, damit man sich ja besser auf die W\u00e4rmflaschen drauflegen kann.<\/p>\n<p>die H\u00fcllen werden ungef\u00e4hr 38 cm hoch und 33 cm breit.<\/p>\n<p>Mit dem Kauf erh\u00e4ltst du eine leicht verst\u00e4ndliche H\u00e4kelanleitung im praktischen PDF-Format.<\/p>\n<p>Die Anleitung ist auch schon f\u00fcr Anf\u00e4nger geeignet.<\/p>\n<\/div>\n","protected":false},"featured_media":19928,"template":"","meta":[],"product_brand":[],"product_cat":[56,16,62,48,385],"product_tag":[1614,1603,1607,1606,233,242,564,182,617,644,1611,613,334,87,1460,1465,299,610,94,93,1435,1605,1602,1612,92,181,761,1609,1613,280,195,932,1610,1604,1608,183,95,96],"class_list":{"0":"post-19918","1":"product","2":"type-product","3":"status-publish","4":"has-post-thumbnail","6":"product_cat-2einfach","7":"product_cat-alle","8":"product_cat-gratis","9":"product_cat-haus-deko","10":"product_cat-praktische-helfer","11":"product_tag-bettflaschenbezug","12":"product_tag-bezug","13":"product_tag-cover","14":"product_tag-decoration","15":"product_tag-dekoration","16":"product_tag-dekoration-haekeln","17":"product_tag-eule","18":"product_tag-fein","19":"product_tag-fest","20":"product_tag-fisch","21":"product_tag-fish","22":"product_tag-funny","23":"product_tag-geburtstag","24":"product_tag-geschenk","25":"product_tag-geschenke-haekeln","26":"product_tag-geschenke-selbermachen","27":"product_tag-geschenkidee","28":"product_tag-gift","29":"product_tag-haekelanleitung","30":"product_tag-haekeln","31":"product_tag-heart","32":"product_tag-herz-muttertag","33":"product_tag-huelle","34":"product_tag-jellyfish","35":"product_tag-kinder","36":"product_tag-lustig","37":"product_tag-meer","38":"product_tag-muscheln","39":"product_tag-mussels","40":"product_tag-muttertag","41":"product_tag-praesent","42":"product_tag-qualle","43":"product_tag-sea","44":"product_tag-waermflasche","45":"product_tag-water-bottle","46":"product_tag-witzig","47":"product_tag-wolle","48":"product_tag-wollreste","50":"first","51":"instock","52":"shipping-taxable","53":"purchasable","54":"product-type-variable"},"_links":{"self":[{"href":"https:\/\/dadade.eu\/index.php?rest_route=\/wp\/v2\/product\/19918","targetHints":{"allow":["GET"]}}],"collection":[{"href":"https:\/\/dadade.eu\/index.php?rest_route=\/wp\/v2\/product"}],"about":[{"href":"https:\/\/dadade.eu\/index.php?rest_route=\/wp\/v2\/types\/product"}],"wp:featuredmedia":[{"embeddable":true,"href":"https:\/\/dadade.eu\/index.php?rest_route=\/wp\/v2\/media\/19928"}],"wp:attachment":[{"href":"https:\/\/dadade.eu\/index.php?rest_route=%2Fwp%2Fv2%2Fmedia&parent=19918"}],"wp:term":[{"taxonomy":"product_brand","embeddable":true,"href":"https:\/\/dadade.eu\/index.php?rest_route=%2Fwp%2Fv2%2Fproduct_brand&post=19918"},{"taxonomy":"product_cat","embeddable":true,"href":"https:\/\/dadade.eu\/index.php?rest_route=%2Fwp%2Fv2%2Fproduct_cat&post=19918"},{"taxonomy":"product_tag","embeddable":true,"href":"https:\/\/dadade.eu\/index.php?rest_route=%2Fwp%2Fv2%2Fproduct_tag&post=19918"}],"curies":[{"name":"wp","href":"https:\/\/api.w.org\/{rel}","templated":true}]}}