{"id":19713,"date":"2021-03-11T22:54:07","date_gmt":"2021-03-11T21:54:07","guid":{"rendered":"https:\/\/dadade.eu\/?post_type=product&#038;p=19713"},"modified":"2023-12-31T14:27:06","modified_gmt":"2023-12-31T13:27:06","slug":"puppen-trage-tasche-regenbogen-p101","status":"publish","type":"product","link":"https:\/\/dadade.eu\/?product=puppen-trage-tasche-regenbogen-p101","title":{"rendered":"Puppen-Trage-Tasche Regenbogen (P101)"},"content":{"rendered":"<p><img fetchpriority=\"high\" decoding=\"async\" class=\"alignnone size-medium wp-image-19724\" src=\"https:\/\/dadade.eu\/wp-content\/uploads\/2023\/08\/xgrosse-Puppen-Trage-Tasche-13-300x225.jpg\" alt=\"\" width=\"300\" height=\"225\" srcset=\"https:\/\/dadade.eu\/wp-content\/uploads\/2023\/08\/xgrosse-Puppen-Trage-Tasche-13-300x225.jpg 300w, https:\/\/dadade.eu\/wp-content\/uploads\/2023\/08\/xgrosse-Puppen-Trage-Tasche-13-600x450.jpg 600w, https:\/\/dadade.eu\/wp-content\/uploads\/2023\/08\/xgrosse-Puppen-Trage-Tasche-13-64x48.jpg 64w, https:\/\/dadade.eu\/wp-content\/uploads\/2023\/08\/xgrosse-Puppen-Trage-Tasche-13-1024x768.jpg 1024w, https:\/\/dadade.eu\/wp-content\/uploads\/2023\/08\/xgrosse-Puppen-Trage-Tasche-13-768x576.jpg 768w, https:\/\/dadade.eu\/wp-content\/uploads\/2023\/08\/xgrosse-Puppen-Trage-Tasche-13.jpg 1400w\" sizes=\"(max-width: 300px) 100vw, 300px\" \/>zu der Tasche gibt es auch das s\u00fc\u00dfe B\u00e4rchen-Kissen mit Decke<\/p>\n<p><img decoding=\"async\" class=\"alignnone size-medium wp-image-19721\" src=\"https:\/\/dadade.eu\/wp-content\/uploads\/2023\/08\/xgrosse-Puppen-Trage-Tasche-6b-300x225.jpg\" alt=\"\" width=\"300\" height=\"225\" srcset=\"https:\/\/dadade.eu\/wp-content\/uploads\/2023\/08\/xgrosse-Puppen-Trage-Tasche-6b-300x225.jpg 300w, https:\/\/dadade.eu\/wp-content\/uploads\/2023\/08\/xgrosse-Puppen-Trage-Tasche-6b-600x450.jpg 600w, https:\/\/dadade.eu\/wp-content\/uploads\/2023\/08\/xgrosse-Puppen-Trage-Tasche-6b-64x48.jpg 64w, https:\/\/dadade.eu\/wp-content\/uploads\/2023\/08\/xgrosse-Puppen-Trage-Tasche-6b-1024x768.jpg 1024w, https:\/\/dadade.eu\/wp-content\/uploads\/2023\/08\/xgrosse-Puppen-Trage-Tasche-6b-768x576.jpg 768w, https:\/\/dadade.eu\/wp-content\/uploads\/2023\/08\/xgrosse-Puppen-Trage-Tasche-6b.jpg 1400w\" sizes=\"(max-width: 300px) 100vw, 300px\" \/><\/p>\n<p>Die Anleitung ist f\u00fcr Anf\u00e4nger geeignet.<\/p>\n<p>Die Anleitung ist ausf\u00fchrlich mit vielen Bildern hinterlegt und wird auf \u00fcber 25 Seiten &amp; 11 Seiten (Kissen &amp; Decke) Schritt-f\u00fcr-Schritt beschrieben!<\/p>\n<p>Auch das Muster ist extra mit H\u00e4kelschrift und Bilder erkl\u00e4rt, braucht aber evtl. etwas \u00dcbung<\/p>\n<p>&nbsp;<\/p>\n<p>Puppenkleider-Bilder von flei\u00dfigen Helfer und H\u00e4nden?<\/p>\n<p><strong><a href=\"https:\/\/dadade.eu\/?p=7714\">KLICKE HIER<\/a><\/strong><\/p>\n<p>&nbsp;<\/p>\n<p>&nbsp;<\/p>\n<p>&nbsp;<\/p>\n","protected":false},"excerpt":{"rendered":"<div id=\"cc-m-13954443088\" class=\"j-module n j-text \">\n<div id=\"cc-m-13817629888\">\n<p>Hier kauft man die H\u00e4kelanleitung f\u00fcr diese tolle Puppen-Tragetasche<\/p>\n<p>Ob f\u00fcr zuhause oder f\u00fcr unterwegs &#8211; diese\u00a0kunterbunte Puppentragetasche kann man \u00fcberall hin mitnehmen,<\/p>\n<p>Wenn die Puppen oder das Kuscheltier m\u00fcde werden, hat man ein kuscheliges Puppenbett f\u00fcr seine\u00a0kleinen Lieblinge.<\/p>\n<p>Eine weiches Kissen mit einem Teddy-Gesicht und eine kuschelige Puppendecke sorgen daf\u00fcr, dass es\u00a0die kleinen\u00a0Freunde warm und gem\u00fctlich haben.<\/p>\n<p>Jede\u00a0kleine Puppen-Mutti braucht so eine Tragetasche.<\/p>\n<p>&nbsp;<\/p>\n<p>Diese Trage-Tasche ist extra ohne Dach geh\u00e4kelt, weil OT Kind;\u00a0 &gt;&gt;Oma das Dach st\u00f6rt beim spielen&lt;&lt;<\/p>\n<\/div>\n<div id=\"cc-m-13817613488\" class=\"j-module n j-text \">\n<p>mit der HiMALAYA Dolhin Baby in den Regenbogen Farben wird die Tasche sch\u00f6n bunt und sie wird nicht so schnell schmutzig,<\/p>\n<p>sie eignet sich somit auch f\u00fcr Wollreste<\/p>\n<p>die Tasche ist f\u00fcr gr\u00f6\u00dfere Puppen gedacht und wird ca 50cm x 35cm gro\u00df und ca\u00a015cm hoch<\/p>\n<p>die\u00a0Geschenk-Idee f\u00fcr kleine Puppenmuttis,<\/p>\n<p>&nbsp;<\/p>\n<p>&nbsp;<\/p>\n<\/div>\n<p>&nbsp;<\/p>\n<p>&nbsp;<\/p>\n<p>&nbsp;<\/p>\n<\/div>\n","protected":false},"featured_media":19723,"template":"","meta":[],"product_brand":[],"product_cat":[57,42,428],"product_tag":[433,89,242,334,87,335,94,93,92,1597,88,181,434,195,1599,1598,970,506,969,1595,1596,330,95,96],"class_list":{"0":"post-19713","1":"product","2":"type-product","3":"status-publish","4":"has-post-thumbnail","6":"product_cat-3mittel","7":"product_cat-baby","8":"product_cat-fuer-puppenmuttis","9":"product_tag-applikation-haekeln","10":"product_tag-baby","11":"product_tag-dekoration-haekeln","12":"product_tag-geburtstag","13":"product_tag-geschenk","14":"product_tag-geschenkidee-haekeln","15":"product_tag-haekelanleitung","16":"product_tag-haekeln","17":"product_tag-kinder","18":"product_tag-kissen-baer","19":"product_tag-kuscheltier-haekeln","20":"product_tag-lustig","21":"product_tag-muetze","22":"product_tag-praesent","23":"product_tag-puppen-zubehoer","24":"product_tag-puppen-tasche","25":"product_tag-puppentasche-haekeln","26":"product_tag-regenbogen","27":"product_tag-tasche","28":"product_tag-tasche-haekeln","29":"product_tag-teddy-kissen","30":"product_tag-witziges-geschenk","31":"product_tag-wolle","32":"product_tag-wollreste","34":"first","35":"instock","36":"downloadable","37":"shipping-taxable","38":"purchasable","39":"product-type-simple"},"_links":{"self":[{"href":"https:\/\/dadade.eu\/index.php?rest_route=\/wp\/v2\/product\/19713","targetHints":{"allow":["GET"]}}],"collection":[{"href":"https:\/\/dadade.eu\/index.php?rest_route=\/wp\/v2\/product"}],"about":[{"href":"https:\/\/dadade.eu\/index.php?rest_route=\/wp\/v2\/types\/product"}],"wp:featuredmedia":[{"embeddable":true,"href":"https:\/\/dadade.eu\/index.php?rest_route=\/wp\/v2\/media\/19723"}],"wp:attachment":[{"href":"https:\/\/dadade.eu\/index.php?rest_route=%2Fwp%2Fv2%2Fmedia&parent=19713"}],"wp:term":[{"taxonomy":"product_brand","embeddable":true,"href":"https:\/\/dadade.eu\/index.php?rest_route=%2Fwp%2Fv2%2Fproduct_brand&post=19713"},{"taxonomy":"product_cat","embeddable":true,"href":"https:\/\/dadade.eu\/index.php?rest_route=%2Fwp%2Fv2%2Fproduct_cat&post=19713"},{"taxonomy":"product_tag","embeddable":true,"href":"https:\/\/dadade.eu\/index.php?rest_route=%2Fwp%2Fv2%2Fproduct_tag&post=19713"}],"curies":[{"name":"wp","href":"https:\/\/api.w.org\/{rel}","templated":true}]}}