{"id":19670,"date":"2023-08-11T15:29:38","date_gmt":"2023-08-11T13:29:38","guid":{"rendered":"https:\/\/dadade.eu\/?post_type=product&#038;p=19670"},"modified":"2025-06-08T17:57:15","modified_gmt":"2025-06-08T15:57:15","slug":"drachen-baby-dralasel-die-handpuppe-b354-2","status":"publish","type":"product","link":"https:\/\/dadade.eu\/?product=drachen-baby-dralasel-die-handpuppe-b354-2","title":{"rendered":"Drachen-Baby\u00b4s Dralasel, die Hand-Maul-Puppe (B354)"},"content":{"rendered":"<p><img fetchpriority=\"high\" decoding=\"async\" class=\"alignnone size-medium wp-image-19672\" src=\"https:\/\/dadade.eu\/wp-content\/uploads\/2023\/08\/xHandpuppe-Drachen-Baby-2-300x225.jpg\" alt=\"\" width=\"300\" height=\"225\" srcset=\"https:\/\/dadade.eu\/wp-content\/uploads\/2023\/08\/xHandpuppe-Drachen-Baby-2-300x225.jpg 300w, https:\/\/dadade.eu\/wp-content\/uploads\/2023\/08\/xHandpuppe-Drachen-Baby-2-600x450.jpg 600w, https:\/\/dadade.eu\/wp-content\/uploads\/2023\/08\/xHandpuppe-Drachen-Baby-2-64x48.jpg 64w, https:\/\/dadade.eu\/wp-content\/uploads\/2023\/08\/xHandpuppe-Drachen-Baby-2-1024x768.jpg 1024w, https:\/\/dadade.eu\/wp-content\/uploads\/2023\/08\/xHandpuppe-Drachen-Baby-2-768x576.jpg 768w, https:\/\/dadade.eu\/wp-content\/uploads\/2023\/08\/xHandpuppe-Drachen-Baby-2.jpg 1400w\" sizes=\"(max-width: 300px) 100vw, 300px\" \/>Draisy will nochmal ein kleines Baby sein und\u00a0 in ihr Ei zur\u00fcck, aber das geht kaputt<\/p>\n<p><img decoding=\"async\" class=\"alignnone size-medium wp-image-19673\" src=\"https:\/\/dadade.eu\/wp-content\/uploads\/2023\/08\/xHandpuppe-Drachenkinder-5-300x225.jpg\" alt=\"\" width=\"300\" height=\"225\" srcset=\"https:\/\/dadade.eu\/wp-content\/uploads\/2023\/08\/xHandpuppe-Drachenkinder-5-300x225.jpg 300w, https:\/\/dadade.eu\/wp-content\/uploads\/2023\/08\/xHandpuppe-Drachenkinder-5-600x450.jpg 600w, https:\/\/dadade.eu\/wp-content\/uploads\/2023\/08\/xHandpuppe-Drachenkinder-5-64x48.jpg 64w, https:\/\/dadade.eu\/wp-content\/uploads\/2023\/08\/xHandpuppe-Drachenkinder-5-1024x768.jpg 1024w, https:\/\/dadade.eu\/wp-content\/uploads\/2023\/08\/xHandpuppe-Drachenkinder-5-768x576.jpg 768w, https:\/\/dadade.eu\/wp-content\/uploads\/2023\/08\/xHandpuppe-Drachenkinder-5.jpg 1400w\" sizes=\"(max-width: 300px) 100vw, 300px\" \/>Dricky will sich den Schnuller mopsen, Vorsicht Draisy das gibt Tr\u00e4nen<\/p>\n<p><img decoding=\"async\" class=\"alignnone size-medium wp-image-19671\" src=\"https:\/\/dadade.eu\/wp-content\/uploads\/2023\/08\/xHandpuppe-3.Baby-4-300x225.jpg\" alt=\"\" width=\"300\" height=\"225\" srcset=\"https:\/\/dadade.eu\/wp-content\/uploads\/2023\/08\/xHandpuppe-3.Baby-4-300x225.jpg 300w, https:\/\/dadade.eu\/wp-content\/uploads\/2023\/08\/xHandpuppe-3.Baby-4-600x450.jpg 600w, https:\/\/dadade.eu\/wp-content\/uploads\/2023\/08\/xHandpuppe-3.Baby-4-64x48.jpg 64w, https:\/\/dadade.eu\/wp-content\/uploads\/2023\/08\/xHandpuppe-3.Baby-4-1024x768.jpg 1024w, https:\/\/dadade.eu\/wp-content\/uploads\/2023\/08\/xHandpuppe-3.Baby-4-768x576.jpg 768w, https:\/\/dadade.eu\/wp-content\/uploads\/2023\/08\/xHandpuppe-3.Baby-4.jpg 1400w\" sizes=\"(max-width: 300px) 100vw, 300px\" \/>Dracky hat ein neues Ei gefunden<\/p>\n<p><img loading=\"lazy\" decoding=\"async\" class=\"alignnone wp-image-19707 size-medium\" src=\"https:\/\/dadade.eu\/wp-content\/uploads\/2023\/08\/xdie-Handpuppe-Drachenbaby-4-300x225.jpg\" alt=\"\" width=\"300\" height=\"225\" srcset=\"https:\/\/dadade.eu\/wp-content\/uploads\/2023\/08\/xdie-Handpuppe-Drachenbaby-4-300x225.jpg 300w, https:\/\/dadade.eu\/wp-content\/uploads\/2023\/08\/xdie-Handpuppe-Drachenbaby-4-600x450.jpg 600w, https:\/\/dadade.eu\/wp-content\/uploads\/2023\/08\/xdie-Handpuppe-Drachenbaby-4-64x48.jpg 64w, https:\/\/dadade.eu\/wp-content\/uploads\/2023\/08\/xdie-Handpuppe-Drachenbaby-4-1024x768.jpg 1024w, https:\/\/dadade.eu\/wp-content\/uploads\/2023\/08\/xdie-Handpuppe-Drachenbaby-4-768x576.jpg 768w, https:\/\/dadade.eu\/wp-content\/uploads\/2023\/08\/xdie-Handpuppe-Drachenbaby-4.jpg 1400w\" sizes=\"(max-width: 300px) 100vw, 300px\" \/><strong><a href=\"https:\/\/youtu.be\/T1mZakiHvvA\" target=\"_blank\" rel=\"noopener\">ein Video von meinen Handpuppen findet ihr hier auf youtube<\/a><\/strong><\/p>\n<p>Die Anleitung ist ausf\u00fchrlich mit vielen Bildern hinterlegt<\/p>\n<p>und wird auf \u00fcber 50 Seiten Schritt-f\u00fcr-Schritt beschrieben!<\/p>\n<p>Sie ist auch schon f\u00fcr Anf\u00e4nger geeignet.<\/p>\n<div style=\"width: 320px;\" class=\"wp-video\"><video class=\"wp-video-shortcode\" id=\"video-19670-1\" width=\"320\" height=\"240\" preload=\"metadata\" controls=\"controls\"><source type=\"video\/mp4\" src=\"https:\/\/dadade.eu\/wp-content\/uploads\/2023\/08\/Sabrina-Greiner-.mp4?_=1\" \/><a href=\"https:\/\/dadade.eu\/wp-content\/uploads\/2023\/08\/Sabrina-Greiner-.mp4\">https:\/\/dadade.eu\/wp-content\/uploads\/2023\/08\/Sabrina-Greiner-.mp4<\/a><\/video><\/div>\n<p>danke Sabrina Greiner f\u00fcr das tollen Video<\/p>\n<p><strong><a href=\"https:\/\/dadade.eu\/?p=19823\">mehr Videos findet ihr hier<\/a><\/strong><\/p>\n<p>MEHR VARIANTEN UND IDEEN von flei\u00dfigen Helfer und H\u00e4nden?<\/p>\n<p><a href=\"https:\/\/dadade.eu\/?p=13064\"><b>Klicke hier<\/b><\/a><\/p>\n<p>&nbsp;<\/p>\n<p>&nbsp;<\/p>\n<p>&nbsp;<\/p>\n","protected":false},"excerpt":{"rendered":"<div id=\"cc-m-13954443088\">\n<p>Hier kauft man die H\u00e4kelanleitung f\u00fcr dieses s\u00fc\u00dfe Drachenbaby, es ist eine Hand-Maul-Puppe oder auch Klappmaulpuppe<\/p>\n<p>eine Mundpuppe, bei der sich durch das \u00d6ffnen und Schlie\u00dfen mit der Hand das Maul bewegt \u2013 er klappt auf und zu. Der Daumen ist unten im Schnabel, die Finger oben.<\/p>\n<p>Man kann das Baby mit Ei h\u00e4keln, wie bei Draisy &amp; Dricky,\u00a0 oder man ist schon ein gro\u00dfes Drachenbaby und braucht kein Ei mehr, wie Dracky, er ist immer munter unterwegs.<\/p>\n<p>Auf seinen Ausfl\u00fcgen findet er ein Ei, was da wohl drin ist?? die Anleitung f\u00fcr das Gro\u00dfe Ei ist auch dabei.<\/p>\n<p>Mit diesen Drachen hat man viel Spa\u00df und kann sich immer neue, lustige Geschichten ausdenken, und im Rollenspiel ausprobieren.<\/p>\n<p>F\u00fcr Klein und Gro\u00df ein riesiges Vergn\u00fcgen.<\/p>\n<p>Oder man schiebt statt der Hand ein Kernerkissen in die \u00d6ffnung, und schon habt ihr einen kuscheligen, warmen Freund<\/p>\n<p>Mit dem Kauf erh\u00e4lt man eine leicht verst\u00e4ndliche H\u00e4kelanleitung im praktischen PDF-Format.<\/p>\n<p>Die Anleitung ist eine Herausforderung und ich w\u00fcrde sie nicht f\u00fcr Anf\u00e4nger empfehlen<\/p>\n<\/div>\n<div id=\"cc-m-13954443188\" class=\"j-module n j-text \">\n<p>&nbsp;<\/p>\n<p>Mit der Nadelst\u00e4rke 4,5 wird der Drache ungef\u00e4hr; 53cm hoch<\/p>\n<p>&nbsp;<\/p>\n<p>&nbsp;<\/p>\n<\/div>\n","protected":false},"featured_media":19680,"template":"","meta":[],"product_brand":[],"product_cat":[58,42,44,69],"product_tag":[90,89,242,667,1592,669,666,732,1590,1591,87,94,93,565,1594,1593,562,92,245,180,88,243,244,91,392,95,96],"class_list":{"0":"post-19670","1":"product","2":"type-product","3":"status-publish","4":"has-post-thumbnail","6":"product_cat-4schwer","7":"product_cat-baby","8":"product_cat-baby-spielsachen","9":"product_cat-mittel","10":"product_tag-amigurumi","11":"product_tag-baby","12":"product_tag-dekoration-haekeln","13":"product_tag-dino","14":"product_tag-dino-baby","15":"product_tag-dinosaurier","16":"product_tag-drache-haekeln","17":"product_tag-drachen","18":"product_tag-drachen-baby","19":"product_tag-drachenbaby-haekeln","20":"product_tag-geschenk","21":"product_tag-haekelanleitung","22":"product_tag-haekeln","23":"product_tag-handpuppe","24":"product_tag-handpuppe-dino","25":"product_tag-handpuppe-drachen","26":"product_tag-handpuppe-haekeln","27":"product_tag-kinder","28":"product_tag-kuschelige-haekeltiere","29":"product_tag-kuscheltier","30":"product_tag-kuscheltier-haekeln","31":"product_tag-kuschelwolle","32":"product_tag-kuschelwolle-haekeln","33":"product_tag-plueschtier","34":"product_tag-plueschtier-haekeln","35":"product_tag-wolle","36":"product_tag-wollreste","38":"first","39":"instock","40":"downloadable","41":"shipping-taxable","42":"purchasable","43":"product-type-simple"},"_links":{"self":[{"href":"https:\/\/dadade.eu\/index.php?rest_route=\/wp\/v2\/product\/19670","targetHints":{"allow":["GET"]}}],"collection":[{"href":"https:\/\/dadade.eu\/index.php?rest_route=\/wp\/v2\/product"}],"about":[{"href":"https:\/\/dadade.eu\/index.php?rest_route=\/wp\/v2\/types\/product"}],"wp:featuredmedia":[{"embeddable":true,"href":"https:\/\/dadade.eu\/index.php?rest_route=\/wp\/v2\/media\/19680"}],"wp:attachment":[{"href":"https:\/\/dadade.eu\/index.php?rest_route=%2Fwp%2Fv2%2Fmedia&parent=19670"}],"wp:term":[{"taxonomy":"product_brand","embeddable":true,"href":"https:\/\/dadade.eu\/index.php?rest_route=%2Fwp%2Fv2%2Fproduct_brand&post=19670"},{"taxonomy":"product_cat","embeddable":true,"href":"https:\/\/dadade.eu\/index.php?rest_route=%2Fwp%2Fv2%2Fproduct_cat&post=19670"},{"taxonomy":"product_tag","embeddable":true,"href":"https:\/\/dadade.eu\/index.php?rest_route=%2Fwp%2Fv2%2Fproduct_tag&post=19670"}],"curies":[{"name":"wp","href":"https:\/\/api.w.org\/{rel}","templated":true}]}}