{"id":19634,"date":"2018-04-10T00:32:31","date_gmt":"2018-04-09T22:32:31","guid":{"rendered":"https:\/\/dadade.eu\/?post_type=product&#038;p=19634"},"modified":"2023-08-27T22:53:54","modified_gmt":"2023-08-27T20:53:54","slug":"baby-set-weste-muetze-schuhe-mit-maeuseohren-b140","status":"publish","type":"product","link":"https:\/\/dadade.eu\/?product=baby-set-weste-muetze-schuhe-mit-maeuseohren-b140","title":{"rendered":"BABY-SET, Weste, M\u00fctze &#038; Schuhe mit M\u00e4useohren, auch f\u00fcrs P\u00fcppi Gr. 44-50 (B140)"},"content":{"rendered":"<p><img fetchpriority=\"high\" decoding=\"async\" class=\"alignnone size-medium wp-image-19641\" src=\"https:\/\/dadade.eu\/wp-content\/uploads\/2023\/08\/xGeschenk-Set-Maus-44-Kopie-1-300x225.jpg\" alt=\"\" width=\"300\" height=\"225\" srcset=\"https:\/\/dadade.eu\/wp-content\/uploads\/2023\/08\/xGeschenk-Set-Maus-44-Kopie-1-300x225.jpg 300w, https:\/\/dadade.eu\/wp-content\/uploads\/2023\/08\/xGeschenk-Set-Maus-44-Kopie-1-600x450.jpg 600w, https:\/\/dadade.eu\/wp-content\/uploads\/2023\/08\/xGeschenk-Set-Maus-44-Kopie-1-64x48.jpg 64w, https:\/\/dadade.eu\/wp-content\/uploads\/2023\/08\/xGeschenk-Set-Maus-44-Kopie-1-1024x768.jpg 1024w, https:\/\/dadade.eu\/wp-content\/uploads\/2023\/08\/xGeschenk-Set-Maus-44-Kopie-1-768x576.jpg 768w, https:\/\/dadade.eu\/wp-content\/uploads\/2023\/08\/xGeschenk-Set-Maus-44-Kopie-1.jpg 1400w\" sizes=\"(max-width: 300px) 100vw, 300px\" \/>in Gr\u00f6\u00dfe 44<\/p>\n<p><img decoding=\"async\" class=\"alignnone size-medium wp-image-19648\" src=\"https:\/\/dadade.eu\/wp-content\/uploads\/2023\/08\/xGeschenk-Set-Maus-50-56-Kopie-1-300x225.jpg\" alt=\"\" width=\"300\" height=\"225\" srcset=\"https:\/\/dadade.eu\/wp-content\/uploads\/2023\/08\/xGeschenk-Set-Maus-50-56-Kopie-1-300x225.jpg 300w, https:\/\/dadade.eu\/wp-content\/uploads\/2023\/08\/xGeschenk-Set-Maus-50-56-Kopie-1-600x450.jpg 600w, https:\/\/dadade.eu\/wp-content\/uploads\/2023\/08\/xGeschenk-Set-Maus-50-56-Kopie-1-64x48.jpg 64w, https:\/\/dadade.eu\/wp-content\/uploads\/2023\/08\/xGeschenk-Set-Maus-50-56-Kopie-1-1024x768.jpg 1024w, https:\/\/dadade.eu\/wp-content\/uploads\/2023\/08\/xGeschenk-Set-Maus-50-56-Kopie-1-768x576.jpg 768w, https:\/\/dadade.eu\/wp-content\/uploads\/2023\/08\/xGeschenk-Set-Maus-50-56-Kopie-1.jpg 1400w\" sizes=\"(max-width: 300px) 100vw, 300px\" \/>sowie in Gr\u00f6\u00dfe 50-56<\/p>\n<p>&nbsp;<\/p>\n<p>Die Anleitung ist ausf\u00fchrlich mit vielen Bildern hinterlegt<\/p>\n<p>und wird auf je 19 Seiten Schritt-f\u00fcr-Schritt beschrieben!<\/p>\n<p>zus\u00e4tzlich gibt es eine detaillierte Anleitung f\u00fcr das Muster<\/p>\n<p>&nbsp;<\/p>\n<p><a href=\"https:\/\/dadade.eu\/?page_id=5389\">mehr Bilder von flei\u00dfigen Helfer findet ihr hier<\/a><\/p>\n<p><strong><a href=\"https:\/\/dadade.eu\/?p=6461\">KLICKE HIER<\/a><\/strong><\/p>\n<p>&nbsp;<\/p>\n<p>&nbsp;<\/p>\n<p>&nbsp;<\/p>\n","protected":false},"excerpt":{"rendered":"<div id=\"cc-m-13954443088\">\n<p>Hier kauft man nur die H\u00e4kelanleitung f\u00fcr die Jacke, Schuhe und die passende M\u00fctze, mit den s\u00fc\u00dfen M\u00e4useohren,<br \/>\ndas Set gibt es in Gr\u00f6\u00dfe 44, sowie einer separaten Anleitung in Gr\u00f6\u00dfe 50.<br \/>\nDieses niedliche Set ist nicht nur f\u00fcr die Kleinsten, sondern eignet sich auch f\u00fcr Puppen.<br \/>\nDie beiden Puppen auf den Bildern sind 35cm, bzw.48cm gro\u00df.<\/p>\n<p>Inhalt<\/p>\n<p>1. H\u00e4kelanleitung f\u00fcr das J\u00e4ckchen in 2 Gr\u00f6\u00dfen<\/p>\n<p>2.\u00a0H\u00e4kelanleitung\u00a0f\u00fcr die\u00a0M\u00fctze\u00a0in 2 Gr\u00f6\u00dfen<\/p>\n<p>3.\u00a0H\u00e4kelanleitung\u00a0f\u00fcr die\u00a0Schuhe\u00a0in 2 Gr\u00f6\u00dfen<\/p>\n<p>Sie suchen noch ein passendes Geschenk zu Geburt oder Taufe eines neuen Erdenb\u00fcrgers.<br \/>\nOder als sch\u00f6nes Geschenk f\u00fcr kleine Puppenmuttis.<\/p>\n<p>Es wird mit keinem Muster geh\u00e4kelt, sodass man die Gr\u00f6\u00dfe leicht anpassen kann.<br \/>\nMit dem Kauf erh\u00e4ltst du eine leicht verst\u00e4ndliche H\u00e4kelanleitung<br \/>\nim praktischen PDF-Format.<br \/>\nDie Anleitung ist auch schon f\u00fcr Anf\u00e4nger geeignet.<\/p>\n<\/div>\n","protected":false},"featured_media":19652,"template":"","meta":[],"product_brand":[],"product_cat":[56,42,428,46],"product_tag":[1109,89,1084,615,182,1589,260,613,717,334,87,1106,1585,610,94,93,1083,179,1081,1080,1088,194,92,1584,1078,1572,181,632,1587,434,1588,1079,1087,195,1586,430,478,1086,437,1573,1583,1085,1082,614,183,95,96],"class_list":{"0":"post-19634","1":"product","2":"type-product","3":"status-publish","4":"has-post-thumbnail","6":"product_cat-2einfach","7":"product_cat-baby","8":"product_cat-fuer-puppenmuttis","9":"product_cat-suesse-baby-sets","10":"product_tag-anleitung-fuer-baby-bekleidung","11":"product_tag-baby","12":"product_tag-boots","13":"product_tag-children","14":"product_tag-fein","15":"product_tag-fruehchen","16":"product_tag-fruehling","17":"product_tag-funny","18":"product_tag-geburt","19":"product_tag-geburtstag","20":"product_tag-geschenk","21":"product_tag-geschenk-fuer-das-baby","22":"product_tag-geschenk-selbstgemacht","23":"product_tag-gift","24":"product_tag-haekelanleitung","25":"product_tag-haekeln","26":"product_tag-haekelweste","27":"product_tag-hut","28":"product_tag-jaeckchen","29":"product_tag-jacke","30":"product_tag-kappe","31":"product_tag-kind","32":"product_tag-kinder","33":"product_tag-kinderweste","34":"product_tag-kleinkind","35":"product_tag-kopf-bekleidung","36":"product_tag-lustig","37":"product_tag-maus","38":"product_tag-maeuschen","39":"product_tag-muetze","40":"product_tag-muetze-mit-ohren","41":"product_tag-neugeborene","42":"product_tag-pdf-anleitung","43":"product_tag-praesent","44":"product_tag-puppen","45":"product_tag-puppenkleider","46":"product_tag-schuhe","47":"product_tag-selbstgemacht","48":"product_tag-socken","49":"product_tag-sommer-muetze","50":"product_tag-sommerkappe","51":"product_tag-struempfe","52":"product_tag-weste","53":"product_tag-witty","54":"product_tag-witzig","55":"product_tag-wolle","56":"product_tag-wollreste","58":"first","59":"instock","60":"downloadable","61":"shipping-taxable","62":"purchasable","63":"product-type-simple"},"_links":{"self":[{"href":"https:\/\/dadade.eu\/index.php?rest_route=\/wp\/v2\/product\/19634","targetHints":{"allow":["GET"]}}],"collection":[{"href":"https:\/\/dadade.eu\/index.php?rest_route=\/wp\/v2\/product"}],"about":[{"href":"https:\/\/dadade.eu\/index.php?rest_route=\/wp\/v2\/types\/product"}],"wp:featuredmedia":[{"embeddable":true,"href":"https:\/\/dadade.eu\/index.php?rest_route=\/wp\/v2\/media\/19652"}],"wp:attachment":[{"href":"https:\/\/dadade.eu\/index.php?rest_route=%2Fwp%2Fv2%2Fmedia&parent=19634"}],"wp:term":[{"taxonomy":"product_brand","embeddable":true,"href":"https:\/\/dadade.eu\/index.php?rest_route=%2Fwp%2Fv2%2Fproduct_brand&post=19634"},{"taxonomy":"product_cat","embeddable":true,"href":"https:\/\/dadade.eu\/index.php?rest_route=%2Fwp%2Fv2%2Fproduct_cat&post=19634"},{"taxonomy":"product_tag","embeddable":true,"href":"https:\/\/dadade.eu\/index.php?rest_route=%2Fwp%2Fv2%2Fproduct_tag&post=19634"}],"curies":[{"name":"wp","href":"https:\/\/api.w.org\/{rel}","templated":true}]}}