{"id":19623,"date":"2015-08-09T23:17:11","date_gmt":"2015-08-09T21:17:11","guid":{"rendered":"https:\/\/dadade.eu\/?post_type=product&#038;p=19623"},"modified":"2023-08-27T21:50:53","modified_gmt":"2023-08-27T19:50:53","slug":"baby-set-jacke-muetze-schuhe-mit-schmetterling-elefant-b110","status":"publish","type":"product","link":"https:\/\/dadade.eu\/?product=baby-set-jacke-muetze-schuhe-mit-schmetterling-elefant-b110","title":{"rendered":"BABY-SET, Weste &#038;  M\u00fctze Gr.86 (B130)"},"content":{"rendered":"<p><img fetchpriority=\"high\" decoding=\"async\" class=\"alignnone size-medium wp-image-19625\" src=\"https:\/\/dadade.eu\/wp-content\/uploads\/2023\/08\/3er-Set-mit-Schmetterling2-300x225.jpg\" alt=\"\" width=\"300\" height=\"225\" srcset=\"https:\/\/dadade.eu\/wp-content\/uploads\/2023\/08\/3er-Set-mit-Schmetterling2-300x225.jpg 300w, https:\/\/dadade.eu\/wp-content\/uploads\/2023\/08\/3er-Set-mit-Schmetterling2-600x450.jpg 600w, https:\/\/dadade.eu\/wp-content\/uploads\/2023\/08\/3er-Set-mit-Schmetterling2-64x48.jpg 64w, https:\/\/dadade.eu\/wp-content\/uploads\/2023\/08\/3er-Set-mit-Schmetterling2-1024x768.jpg 1024w, https:\/\/dadade.eu\/wp-content\/uploads\/2023\/08\/3er-Set-mit-Schmetterling2-768x576.jpg 768w, https:\/\/dadade.eu\/wp-content\/uploads\/2023\/08\/3er-Set-mit-Schmetterling2.jpg 1400w\" sizes=\"(max-width: 300px) 100vw, 300px\" \/> B131 die Weste mit der M\u00fctze<\/p>\n<p><img decoding=\"async\" class=\"alignnone size-medium wp-image-11992\" src=\"https:\/\/dadade.eu\/wp-content\/uploads\/2023\/04\/Schmetterling-0-300x225.jpg\" alt=\"\" width=\"300\" height=\"225\" srcset=\"https:\/\/dadade.eu\/wp-content\/uploads\/2023\/04\/Schmetterling-0-300x225.jpg 300w, https:\/\/dadade.eu\/wp-content\/uploads\/2023\/04\/Schmetterling-0-600x450.jpg 600w, https:\/\/dadade.eu\/wp-content\/uploads\/2023\/04\/Schmetterling-0-64x48.jpg 64w, https:\/\/dadade.eu\/wp-content\/uploads\/2023\/04\/Schmetterling-0-1024x768.jpg 1024w, https:\/\/dadade.eu\/wp-content\/uploads\/2023\/04\/Schmetterling-0-768x576.jpg 768w, https:\/\/dadade.eu\/wp-content\/uploads\/2023\/04\/Schmetterling-0-1536x1152.jpg 1536w, https:\/\/dadade.eu\/wp-content\/uploads\/2023\/04\/Schmetterling-0-2048x1536.jpg 2048w\" sizes=\"(max-width: 300px) 100vw, 300px\" \/>B132 mit dem Schmetterling gibt es als Sparpaket<\/p>\n<p>der Schmetterling kann man auch mit Perlen und Wackelaugen verzieren, als Fr\u00fchlings-Deko<\/p>\n<p><img decoding=\"async\" class=\"alignnone size-medium wp-image-11977\" src=\"https:\/\/dadade.eu\/wp-content\/uploads\/2023\/04\/xSchmetterlinge-7-300x225.jpg\" alt=\"\" width=\"300\" height=\"225\" srcset=\"https:\/\/dadade.eu\/wp-content\/uploads\/2023\/04\/xSchmetterlinge-7-300x225.jpg 300w, https:\/\/dadade.eu\/wp-content\/uploads\/2023\/04\/xSchmetterlinge-7-600x450.jpg 600w, https:\/\/dadade.eu\/wp-content\/uploads\/2023\/04\/xSchmetterlinge-7-64x48.jpg 64w, https:\/\/dadade.eu\/wp-content\/uploads\/2023\/04\/xSchmetterlinge-7-1024x768.jpg 1024w, https:\/\/dadade.eu\/wp-content\/uploads\/2023\/04\/xSchmetterlinge-7-768x576.jpg 768w, https:\/\/dadade.eu\/wp-content\/uploads\/2023\/04\/xSchmetterlinge-7.jpg 1400w\" sizes=\"(max-width: 300px) 100vw, 300px\" \/><a href=\"https:\/\/dadade.eu\/?product=schmetterling-friedl-und-frieda-zickzack-zum-kuscheln-a129\" target=\"_blank\" rel=\"noopener\"><strong>der kuschelige Schmetterling mit Chenille-Wolle: Friedl und Frieda Falter, gibt es hier auch einzeln<\/strong><\/a><\/p>\n<p>Die Anleitung ist ausf\u00fchrlich mit vielen Bildern hinterlegt<\/p>\n<p>und wird auf 25 Seiten Schritt-f\u00fcr-Schritt beschrieben!<\/p>\n<p>zus\u00e4tzlich gibt es eine detaillierte Anleitung f\u00fcr das Muster<\/p>\n<p>&nbsp;<\/p>\n<p><a href=\"https:\/\/dadade.eu\/?page_id=5389\">mehr Bilder von flei\u00dfigen Helfer findet ihr hier<\/a><\/p>\n<p><strong><a href=\"https:\/\/dadade.eu\/?page_id=5389\"> KLICKE HIER<\/a><\/strong><\/p>\n<p>&nbsp;<\/p>\n<p>&nbsp;<\/p>\n<p>&nbsp;<\/p>\n","protected":false},"excerpt":{"rendered":"<div id=\"cc-m-13954443088\" class=\"j-module n j-text \">\n<p>Hier kauft man nur die H\u00e4kelanleitung f\u00fcr diese tolle Kinder-Weste auf Wunsch im Sparpaket mit Schmetterling,<\/p>\n<p>ein Set f\u00fcr Kleinkinder und Babys, oder auch f\u00fcr gr\u00f6\u00dfere Puppen geeignet<\/p>\n<p>Die Anleitung beinhaltet<\/p>\n<ol>\n<li>Weste,<\/li>\n<li>M\u00fctze<\/li>\n<li>auf Wunsch Schmetterling<\/li>\n<\/ol>\n<p>Auf den beiden Teilen ist ein kleinen Schmetterling aufgen\u00e4ht.<\/p>\n<p>Die Anleitung ist f\u00fcr ein Kleinkind im Alter von 13 \u2013 18 Monate, ca. Gr\u00f6\u00dfe 86<\/p>\n<p>Schmetterling zickzack das Kuscheltier:<\/p>\n<p>Hier werden die Augen und Bl\u00fcmchen geh\u00e4kelt und aufgestickt<\/p>\n<p>Das ganze 3-teilige Set,\u00a0 ist das Geschenk f\u00fcr den 1.Jahrestag des kleinen Erdenb\u00fcrgers,<\/p>\n<p>Mit Wolle der Nadelst\u00e4rke 3 \u2013 3,5 wird der Schmetterling ungef\u00e4hr; 27 cm breit und 27 cm hoch<\/p>\n<p>oder als Dekoration mit Wackelaugen und z.B. mit Perlen<\/p>\n<p>Das Muster ist leicht nachzuarbeiten und braucht nur etwas \u00dcbung.<\/p>\n<p>Die Anleitung ist auch schon f\u00fcr Anf\u00e4nger geeignet.<\/p>\n<\/div>\n","protected":false},"featured_media":19627,"template":"","meta":[],"product_brand":[],"product_cat":[56,42,46],"product_tag":[89,1571,615,182,260,613,717,334,87,610,94,93,1083,179,1081,1080,1088,194,92,1584,1078,1572,181,434,1087,195,390,1086,1573,1583,1082,614,183,95,96],"class_list":{"0":"post-19623","1":"product","2":"type-product","3":"status-publish","4":"has-post-thumbnail","6":"product_cat-2einfach","7":"product_cat-baby","8":"product_cat-suesse-baby-sets","9":"product_tag-baby","10":"product_tag-ballonmuetze","11":"product_tag-children","12":"product_tag-fein","13":"product_tag-fruehling","14":"product_tag-funny","15":"product_tag-geburt","16":"product_tag-geburtstag","17":"product_tag-geschenk","18":"product_tag-gift","19":"product_tag-haekelanleitung","20":"product_tag-haekeln","21":"product_tag-haekelweste","22":"product_tag-hut","23":"product_tag-jaeckchen","24":"product_tag-jacke","25":"product_tag-kappe","26":"product_tag-kind","27":"product_tag-kinder","28":"product_tag-kinderweste","29":"product_tag-kleinkind","30":"product_tag-kopf-bekleidung","31":"product_tag-lustig","32":"product_tag-muetze","33":"product_tag-pdf-anleitung","34":"product_tag-praesent","35":"product_tag-schmetterling","36":"product_tag-selbstgemacht","37":"product_tag-sommer-muetze","38":"product_tag-sommerkappe","39":"product_tag-weste","40":"product_tag-witty","41":"product_tag-witzig","42":"product_tag-wolle","43":"product_tag-wollreste","45":"first","46":"instock","47":"shipping-taxable","48":"purchasable","49":"product-type-variable"},"_links":{"self":[{"href":"https:\/\/dadade.eu\/index.php?rest_route=\/wp\/v2\/product\/19623","targetHints":{"allow":["GET"]}}],"collection":[{"href":"https:\/\/dadade.eu\/index.php?rest_route=\/wp\/v2\/product"}],"about":[{"href":"https:\/\/dadade.eu\/index.php?rest_route=\/wp\/v2\/types\/product"}],"wp:featuredmedia":[{"embeddable":true,"href":"https:\/\/dadade.eu\/index.php?rest_route=\/wp\/v2\/media\/19627"}],"wp:attachment":[{"href":"https:\/\/dadade.eu\/index.php?rest_route=%2Fwp%2Fv2%2Fmedia&parent=19623"}],"wp:term":[{"taxonomy":"product_brand","embeddable":true,"href":"https:\/\/dadade.eu\/index.php?rest_route=%2Fwp%2Fv2%2Fproduct_brand&post=19623"},{"taxonomy":"product_cat","embeddable":true,"href":"https:\/\/dadade.eu\/index.php?rest_route=%2Fwp%2Fv2%2Fproduct_cat&post=19623"},{"taxonomy":"product_tag","embeddable":true,"href":"https:\/\/dadade.eu\/index.php?rest_route=%2Fwp%2Fv2%2Fproduct_tag&post=19623"}],"curies":[{"name":"wp","href":"https:\/\/api.w.org\/{rel}","templated":true}]}}