{"id":19607,"date":"2020-10-09T18:55:34","date_gmt":"2020-10-09T16:55:34","guid":{"rendered":"https:\/\/dadade.eu\/?post_type=product&#038;p=19607"},"modified":"2023-08-09T22:51:51","modified_gmt":"2023-08-09T20:51:51","slug":"baby-decke-mit-elefant-b204","status":"publish","type":"product","link":"https:\/\/dadade.eu\/?product=baby-decke-mit-elefant-b204","title":{"rendered":"BABY-Decke mit Elefant (B204)"},"content":{"rendered":"<p>Die Anleitung f\u00fcr den Elefanten ist ausf\u00fchrlich mit vielen Bildern hinterlegt<\/p>\n<p>und wird auf 12 Seiten Schritt-f\u00fcr-Schritt beschrieben!<\/p>\n<p>&nbsp;<\/p>\n<p><a href=\"https:\/\/dadade.eu\/?page_id=5389\">mehr Bilder von flei\u00dfigen Helfer findet ihr hier<\/a><\/p>\n<p><strong><a href=\"https:\/\/dadade.eu\/?page_id=5389\"> KLICKE HIER<\/a><\/strong><\/p>\n<p>&nbsp;<\/p>\n<p>&nbsp;<\/p>\n<p>&nbsp;<\/p>\n","protected":false},"excerpt":{"rendered":"<div id=\"cc-m-13954443088\" class=\"j-module n j-text \">\n<p>Hier findet man nur die H\u00e4kelanleitung f\u00fcr diese s\u00fc\u00dfe Elefanten-Decke,<br \/>\ndie Anleitung enth\u00e4lt eine detaillierte Anleitung f\u00fcr die Applikation Elefant.<br \/>\nein Teil der Decke ist ganz einfach geh\u00e4kelt und wird kurz beschrieben,<br \/>\nalle weiteren Angaben findet ihr in der Anleitung<\/p>\n<p>Ob als Bettdecke oder Krabbel-Unterlage:<br \/>\nDie Babydecke Elefant ist vielseitig einsetzbar<br \/>\nzum Krabbeln, Kuscheln, Tr\u00e4umen oder Zudecken.<br \/>\nIn den Ohren ist Knisterpapier versteckt, und der R\u00fcssel ist gut zum Greifen<\/p>\n<p>Die Baby-Decke wird mit der Nadelst\u00e4rke 4,5 geh\u00e4kelt, und wird ungef\u00e4hr 70x140cm.<br \/>\nSie begleitet das Kind auch \u00fcber das S\u00e4uglingsalter hinaus beim Spielen und Schlafen<\/p>\n<\/div>\n","protected":false},"featured_media":19614,"template":"","meta":[],"product_brand":[],"product_cat":[56,42,62,46],"product_tag":[1438,89,1581,649,182,717,87,1106,94,93,194,92,1078,1582,1439,181,1079,1087,195,1086,196,237,1107,1082,183,95,96],"class_list":{"0":"post-19607","1":"product","2":"type-product","3":"status-publish","4":"has-post-thumbnail","6":"product_cat-2einfach","7":"product_cat-baby","8":"product_cat-gratis","9":"product_cat-suesse-baby-sets","10":"product_tag-anleitung-fuer-baby-decke","11":"product_tag-baby","12":"product_tag-bettdecke-haekeln","13":"product_tag-elefant","14":"product_tag-fein","15":"product_tag-geburt","16":"product_tag-geschenk","17":"product_tag-geschenk-fuer-das-baby","18":"product_tag-haekelanleitung","19":"product_tag-haekeln","20":"product_tag-kind","21":"product_tag-kinder","22":"product_tag-kleinkind","23":"product_tag-krabbel-unterlage-haekeln","24":"product_tag-krabbeldecke","25":"product_tag-lustig","26":"product_tag-neugeborene","27":"product_tag-pdf-anleitung","28":"product_tag-praesent","29":"product_tag-selbstgemacht","30":"product_tag-spielzeug","31":"product_tag-taufe","32":"product_tag-taufgeschenk","33":"product_tag-weste","34":"product_tag-witzig","35":"product_tag-wolle","36":"product_tag-wollreste","38":"first","39":"instock","40":"downloadable","41":"shipping-taxable","42":"purchasable","43":"product-type-simple"},"_links":{"self":[{"href":"https:\/\/dadade.eu\/index.php?rest_route=\/wp\/v2\/product\/19607","targetHints":{"allow":["GET"]}}],"collection":[{"href":"https:\/\/dadade.eu\/index.php?rest_route=\/wp\/v2\/product"}],"about":[{"href":"https:\/\/dadade.eu\/index.php?rest_route=\/wp\/v2\/types\/product"}],"wp:featuredmedia":[{"embeddable":true,"href":"https:\/\/dadade.eu\/index.php?rest_route=\/wp\/v2\/media\/19614"}],"wp:attachment":[{"href":"https:\/\/dadade.eu\/index.php?rest_route=%2Fwp%2Fv2%2Fmedia&parent=19607"}],"wp:term":[{"taxonomy":"product_brand","embeddable":true,"href":"https:\/\/dadade.eu\/index.php?rest_route=%2Fwp%2Fv2%2Fproduct_brand&post=19607"},{"taxonomy":"product_cat","embeddable":true,"href":"https:\/\/dadade.eu\/index.php?rest_route=%2Fwp%2Fv2%2Fproduct_cat&post=19607"},{"taxonomy":"product_tag","embeddable":true,"href":"https:\/\/dadade.eu\/index.php?rest_route=%2Fwp%2Fv2%2Fproduct_tag&post=19607"}],"curies":[{"name":"wp","href":"https:\/\/api.w.org\/{rel}","templated":true}]}}