{"id":19584,"date":"2015-04-09T17:14:39","date_gmt":"2015-04-09T15:14:39","guid":{"rendered":"https:\/\/dadade.eu\/?post_type=product&#038;p=19584"},"modified":"2023-08-27T22:54:25","modified_gmt":"2023-08-27T20:54:25","slug":"baby-set-jacke-muetze-schuhe-mit-schmetterling-elefant-b110-2","status":"publish","type":"product","link":"https:\/\/dadade.eu\/?product=baby-set-jacke-muetze-schuhe-mit-schmetterling-elefant-b110-2","title":{"rendered":"BABY-SET, Jacke, M\u00fctze, Schuhe mit Schmetterling &#038; Elefant Gr.68-74 (B110)"},"content":{"rendered":"<p><img fetchpriority=\"high\" decoding=\"async\" class=\"alignnone size-medium wp-image-19598\" src=\"https:\/\/dadade.eu\/wp-content\/uploads\/2023\/08\/Set-mit-Elefant-23-300x225.jpg\" alt=\"\" width=\"300\" height=\"225\" srcset=\"https:\/\/dadade.eu\/wp-content\/uploads\/2023\/08\/Set-mit-Elefant-23-300x225.jpg 300w, https:\/\/dadade.eu\/wp-content\/uploads\/2023\/08\/Set-mit-Elefant-23-600x450.jpg 600w, https:\/\/dadade.eu\/wp-content\/uploads\/2023\/08\/Set-mit-Elefant-23-64x48.jpg 64w, https:\/\/dadade.eu\/wp-content\/uploads\/2023\/08\/Set-mit-Elefant-23-1024x768.jpg 1024w, https:\/\/dadade.eu\/wp-content\/uploads\/2023\/08\/Set-mit-Elefant-23-768x576.jpg 768w, https:\/\/dadade.eu\/wp-content\/uploads\/2023\/08\/Set-mit-Elefant-23.jpg 1400w\" sizes=\"(max-width: 300px) 100vw, 300px\" \/>B111 die Jacke mit dem Schmetterling<\/p>\n<p><img decoding=\"async\" class=\"alignnone size-medium wp-image-19593\" src=\"https:\/\/dadade.eu\/wp-content\/uploads\/2023\/08\/Set-mit-Elefant-10-300x225.jpg\" alt=\"\" width=\"300\" height=\"225\" srcset=\"https:\/\/dadade.eu\/wp-content\/uploads\/2023\/08\/Set-mit-Elefant-10-300x225.jpg 300w, https:\/\/dadade.eu\/wp-content\/uploads\/2023\/08\/Set-mit-Elefant-10-600x450.jpg 600w, https:\/\/dadade.eu\/wp-content\/uploads\/2023\/08\/Set-mit-Elefant-10-64x48.jpg 64w, https:\/\/dadade.eu\/wp-content\/uploads\/2023\/08\/Set-mit-Elefant-10-1024x768.jpg 1024w, https:\/\/dadade.eu\/wp-content\/uploads\/2023\/08\/Set-mit-Elefant-10-768x576.jpg 768w, https:\/\/dadade.eu\/wp-content\/uploads\/2023\/08\/Set-mit-Elefant-10.jpg 1400w\" sizes=\"(max-width: 300px) 100vw, 300px\" \/>B112 die S\u00f6ckchen &amp; M\u00fctze mit dem Schmetterling<\/p>\n<p><img decoding=\"async\" class=\"alignnone size-medium wp-image-19589\" src=\"https:\/\/dadade.eu\/wp-content\/uploads\/2023\/08\/Set-mit-Elefant-0-300x225.jpg\" alt=\"\" width=\"300\" height=\"225\" srcset=\"https:\/\/dadade.eu\/wp-content\/uploads\/2023\/08\/Set-mit-Elefant-0-300x225.jpg 300w, https:\/\/dadade.eu\/wp-content\/uploads\/2023\/08\/Set-mit-Elefant-0-600x450.jpg 600w, https:\/\/dadade.eu\/wp-content\/uploads\/2023\/08\/Set-mit-Elefant-0-64x48.jpg 64w, https:\/\/dadade.eu\/wp-content\/uploads\/2023\/08\/Set-mit-Elefant-0-1024x768.jpg 1024w, https:\/\/dadade.eu\/wp-content\/uploads\/2023\/08\/Set-mit-Elefant-0-768x576.jpg 768w, https:\/\/dadade.eu\/wp-content\/uploads\/2023\/08\/Set-mit-Elefant-0.jpg 1400w\" sizes=\"(max-width: 300px) 100vw, 300px\" \/>B113 komplettes Baby-Set<\/p>\n<p><img loading=\"lazy\" decoding=\"async\" class=\"alignnone size-medium wp-image-19597\" src=\"https:\/\/dadade.eu\/wp-content\/uploads\/2023\/08\/Set-mit-Elefant-22-300x225.jpg\" alt=\"\" width=\"300\" height=\"225\" srcset=\"https:\/\/dadade.eu\/wp-content\/uploads\/2023\/08\/Set-mit-Elefant-22-300x225.jpg 300w, https:\/\/dadade.eu\/wp-content\/uploads\/2023\/08\/Set-mit-Elefant-22-600x450.jpg 600w, https:\/\/dadade.eu\/wp-content\/uploads\/2023\/08\/Set-mit-Elefant-22-64x48.jpg 64w, https:\/\/dadade.eu\/wp-content\/uploads\/2023\/08\/Set-mit-Elefant-22-1024x768.jpg 1024w, https:\/\/dadade.eu\/wp-content\/uploads\/2023\/08\/Set-mit-Elefant-22-768x576.jpg 768w, https:\/\/dadade.eu\/wp-content\/uploads\/2023\/08\/Set-mit-Elefant-22.jpg 1400w\" sizes=\"(max-width: 300px) 100vw, 300px\" \/>EXTRA, im Baby-Set gibt es den Elefant mit dazu<\/p>\n<p>&nbsp;<\/p>\n<p>Die Anleitung ist ausf\u00fchrlich mit vielen Bildern hinterlegt<\/p>\n<p>und wird auf 17 (Schuhe + M\u00fctze), 17 (Jacke)\u00a0 Seiten Schritt-f\u00fcr-Schritt beschrieben!<\/p>\n<p>zus\u00e4tzlich gibt es eine detaillierte Anleitung f\u00fcr das Muster<\/p>\n<p>&nbsp;<\/p>\n<p><a href=\"https:\/\/dadade.eu\/?page_id=5389\">mehr Bilder von flei\u00dfigen Helfer findet ihr hier<\/a><\/p>\n<p><strong><a href=\"https:\/\/dadade.eu\/?p=6461\"> KLICKE HIER<\/a><\/strong><\/p>\n<p>&nbsp;<\/p>\n<p>&nbsp;<\/p>\n<p>&nbsp;<\/p>\n","protected":false},"excerpt":{"rendered":"<div id=\"cc-m-13954443088\" class=\"j-module n j-text \">\n<p>Hier kauft man nur die H\u00e4kelanleitung f\u00fcr dieses s\u00fc\u00dfen Baby-Set mit Schmetterling,<\/p>\n<p>ein 3er-Set f\u00fcr Kleinkinder und Babys, oder auch f\u00fcr gr\u00f6\u00dfere Puppen geeignet<\/p>\n<p>Die Anleitung beinhaltet<\/p>\n<ol>\n<li>Jacke,<\/li>\n<li>M\u00fctze<\/li>\n<li>Schuhe<\/li>\n<li>Extra, als Geschenk,\u00a0 der kleine Elefant<\/li>\n<\/ol>\n<p>Auf allen 3 Teilen ist\u00a0ein kleinen Schmetterling aufgen\u00e4ht.<\/p>\n<p>Die Anleitung ist f\u00fcr Babys von 3 \u2013 5 Monate gearbeitet<\/p>\n<p>Das Muster ist leicht nachzuarbeiten und braucht nur etwas \u00dcbung.<\/p>\n<p>Die Anleitung ist auch schon f\u00fcr Anf\u00e4nger geeignet.<\/p>\n<p>Mit Babywolle der Nadelst\u00e4rke 2-3 hat das Set die Gr\u00f6\u00dfe 68-74;<\/p>\n<p>EXTRA &#8211; Mit Wolle der Nadelst\u00e4rke 3-4 wird der Elefant ungef\u00e4hr; 26cm hoch und 10cm breit<\/p>\n<p>&nbsp;<\/p>\n<\/div>\n","protected":false},"featured_media":19594,"template":"","meta":[],"product_brand":[],"product_cat":[56,42,46],"product_tag":[89,1580,1571,1084,1579,615,717,87,610,94,93,1083,1575,179,1081,1080,1088,194,92,1078,1572,181,434,1079,1087,195,1574,478,1086,1578,437,1573,1576,1085,1577,1082,183,95,96],"class_list":{"0":"post-19584","1":"product","2":"type-product","3":"status-publish","4":"has-post-thumbnail","6":"product_cat-2einfach","7":"product_cat-baby","8":"product_cat-suesse-baby-sets","9":"product_tag-baby","10":"product_tag-babyschuhe","11":"product_tag-ballonmuetze","12":"product_tag-boots","13":"product_tag-cap","14":"product_tag-children","15":"product_tag-geburt","16":"product_tag-geschenk","17":"product_tag-gift","18":"product_tag-haekelanleitung","19":"product_tag-haekeln","20":"product_tag-haekelweste","21":"product_tag-hat","22":"product_tag-hut","23":"product_tag-jaeckchen","24":"product_tag-jacke","25":"product_tag-kappe","26":"product_tag-kind","27":"product_tag-kinder","28":"product_tag-kleinkind","29":"product_tag-kopf-bekleidung","30":"product_tag-lustig","31":"product_tag-muetze","32":"product_tag-neugeborene","33":"product_tag-pdf-anleitung","34":"product_tag-praesent","35":"product_tag-schuehchen","36":"product_tag-schuhe","37":"product_tag-selbstgemacht","38":"product_tag-shoe","39":"product_tag-socken","40":"product_tag-sommer-muetze","41":"product_tag-stockings","42":"product_tag-struempfe","43":"product_tag-vest","44":"product_tag-weste","45":"product_tag-witzig","46":"product_tag-wolle","47":"product_tag-wollreste","49":"first","50":"instock","51":"shipping-taxable","52":"purchasable","53":"product-type-variable"},"_links":{"self":[{"href":"https:\/\/dadade.eu\/index.php?rest_route=\/wp\/v2\/product\/19584","targetHints":{"allow":["GET"]}}],"collection":[{"href":"https:\/\/dadade.eu\/index.php?rest_route=\/wp\/v2\/product"}],"about":[{"href":"https:\/\/dadade.eu\/index.php?rest_route=\/wp\/v2\/types\/product"}],"wp:featuredmedia":[{"embeddable":true,"href":"https:\/\/dadade.eu\/index.php?rest_route=\/wp\/v2\/media\/19594"}],"wp:attachment":[{"href":"https:\/\/dadade.eu\/index.php?rest_route=%2Fwp%2Fv2%2Fmedia&parent=19584"}],"wp:term":[{"taxonomy":"product_brand","embeddable":true,"href":"https:\/\/dadade.eu\/index.php?rest_route=%2Fwp%2Fv2%2Fproduct_brand&post=19584"},{"taxonomy":"product_cat","embeddable":true,"href":"https:\/\/dadade.eu\/index.php?rest_route=%2Fwp%2Fv2%2Fproduct_cat&post=19584"},{"taxonomy":"product_tag","embeddable":true,"href":"https:\/\/dadade.eu\/index.php?rest_route=%2Fwp%2Fv2%2Fproduct_tag&post=19584"}],"curies":[{"name":"wp","href":"https:\/\/api.w.org\/{rel}","templated":true}]}}