{"id":19567,"date":"2017-01-08T17:26:10","date_gmt":"2017-01-08T16:26:10","guid":{"rendered":"https:\/\/dadade.eu\/?post_type=product&#038;p=19567"},"modified":"2023-08-12T16:58:47","modified_gmt":"2023-08-12T14:58:47","slug":"babyrassel-schildi-die-rassel-schildkroete","status":"publish","type":"product","link":"https:\/\/dadade.eu\/?product=babyrassel-schildi-die-rassel-schildkroete","title":{"rendered":"Babyrassel Schildi, die Rassel-Schildkr\u00f6te"},"content":{"rendered":"<p>&nbsp;<\/p>\n<p>Die Anleitung ist ausf\u00fchrlich mit vielen Bildern hinterlegt<\/p>\n<p>und wird auf insgesamt 18 Seiten Schritt-f\u00fcr-Schritt beschrieben!<\/p>\n<p>&nbsp;<\/p>\n<p>MEHR VARIANTEN UND IDEEN von flei\u00dfigen Helfer und H\u00e4nden?<\/p>\n<p><a href=\"https:\/\/dadade.eu\/?p=13064\"><b>Klicke hier<\/b><\/a><\/p>\n<p>&nbsp;<\/p>\n<p>&nbsp;<\/p>\n<p>&nbsp;<\/p>\n","protected":false},"excerpt":{"rendered":"<div id=\"cc-m-13954443088\">\n<p>hier\u00a0 findet man die H\u00e4kelanleitung f\u00fcr eine Babyrassel,<br \/>\nein langes Spielvergn\u00fcgen f\u00fcr jeden kleinen Erdenb\u00fcrger<\/p>\n<p>es animiert zum Spielen, Kuscheln und Greifen.<br \/>\nund dabei rasselt es noch so sch\u00f6n.<\/p>\n<p>Mit diesem Geschenk hat man etwas ganz Besonderes. Das Geschenk oder Mitbringsel, das schnell geh\u00e4kelt ist.<br \/>\nSie ist auch absolut f\u00fcr Anf\u00e4nger geeignet.<br \/>\nMit Wolle der Nadelst\u00e4rke 3 \u2013 4 wird die Rassel ungef\u00e4hr; 20 x 16cm<\/p>\n<p>&nbsp;<\/p>\n<\/div>\n<div id=\"cc-m-13954443188\" class=\"j-module n j-text \">\n<h2><strong>Diese Anleitungen findet man nur in meinen Shops auf den verschiedenen Plattformen<\/strong><\/h2>\n<div id=\"cc-m-13954443088\">\n<div id=\"cc-m-13758358088\">\n<h3><strong><a href=\"https:\/\/www.crazypatterns.net\/de\/items\/36087\/babyrassel-schildkroete-zum-greifen-und-kuscheln-haekelanleitung-von-dadade\" target=\"_blank\" rel=\"noopener\">Rassel-Schildi bei crazypattern<\/a><\/strong><\/h3>\n<h3><strong><a href=\"https:\/\/www.crazypatterns.net\/de\/items\/36087\/babyrassel-schildkroete-zum-greifen-und-kuscheln-haekelanleitung-von-dadade\" target=\"_blank\" rel=\"noopener\">Rassel-Schildi bei crazypattern<\/a><\/strong><\/h3>\n<h3><\/h3>\n<h3><\/h3>\n<\/div>\n<\/div>\n<p>&nbsp;<\/p>\n<p>&nbsp;<\/p>\n<\/div>\n","protected":false},"featured_media":19571,"template":"","meta":[],"product_brand":[],"product_cat":[56,42,44],"product_tag":[90,295,89,999,233,242,182,694,87,299,198,1565,197,94,93,194,92,234,245,345,180,181,236,195,1570,887,706,196,183,95,96],"class_list":{"0":"post-19567","1":"product","2":"type-product","3":"status-publish","4":"has-post-thumbnail","6":"product_cat-2einfach","7":"product_cat-baby","8":"product_cat-baby-spielsachen","9":"product_tag-amigurumi","10":"product_tag-anleitung","11":"product_tag-baby","12":"product_tag-babyrassel","13":"product_tag-dekoration","14":"product_tag-dekoration-haekeln","15":"product_tag-fein","16":"product_tag-feste","17":"product_tag-geschenk","18":"product_tag-geschenkidee","19":"product_tag-greifling","20":"product_tag-greifringe","21":"product_tag-greifspielzeug","22":"product_tag-haekelanleitung","23":"product_tag-haekeln","24":"product_tag-kind","25":"product_tag-kinder","26":"product_tag-kinderzimmer","27":"product_tag-kuschelige-haekeltiere","28":"product_tag-kuscheln","29":"product_tag-kuscheltier","30":"product_tag-lustig","31":"product_tag-musik","32":"product_tag-praesent","33":"product_tag-quietsche","34":"product_tag-rassel","35":"product_tag-schildkroete","36":"product_tag-spielzeug","37":"product_tag-witzig","38":"product_tag-wolle","39":"product_tag-wollreste","41":"first","42":"instock","43":"virtual","44":"product-type-simple"},"_links":{"self":[{"href":"https:\/\/dadade.eu\/index.php?rest_route=\/wp\/v2\/product\/19567","targetHints":{"allow":["GET"]}}],"collection":[{"href":"https:\/\/dadade.eu\/index.php?rest_route=\/wp\/v2\/product"}],"about":[{"href":"https:\/\/dadade.eu\/index.php?rest_route=\/wp\/v2\/types\/product"}],"wp:featuredmedia":[{"embeddable":true,"href":"https:\/\/dadade.eu\/index.php?rest_route=\/wp\/v2\/media\/19571"}],"wp:attachment":[{"href":"https:\/\/dadade.eu\/index.php?rest_route=%2Fwp%2Fv2%2Fmedia&parent=19567"}],"wp:term":[{"taxonomy":"product_brand","embeddable":true,"href":"https:\/\/dadade.eu\/index.php?rest_route=%2Fwp%2Fv2%2Fproduct_brand&post=19567"},{"taxonomy":"product_cat","embeddable":true,"href":"https:\/\/dadade.eu\/index.php?rest_route=%2Fwp%2Fv2%2Fproduct_cat&post=19567"},{"taxonomy":"product_tag","embeddable":true,"href":"https:\/\/dadade.eu\/index.php?rest_route=%2Fwp%2Fv2%2Fproduct_tag&post=19567"}],"curies":[{"name":"wp","href":"https:\/\/api.w.org\/{rel}","templated":true}]}}