{"id":19555,"date":"2017-01-08T17:16:43","date_gmt":"2017-01-08T16:16:43","guid":{"rendered":"https:\/\/dadade.eu\/?post_type=product&#038;p=19555"},"modified":"2023-08-12T16:59:24","modified_gmt":"2023-08-12T14:59:24","slug":"babyrassel-bienchen-sumsi-die-rassel-biene","status":"publish","type":"product","link":"https:\/\/dadade.eu\/?product=babyrassel-bienchen-sumsi-die-rassel-biene","title":{"rendered":"Babyrassel Bienchen Sumsi, die Rassel-Biene"},"content":{"rendered":"<p>&nbsp;<\/p>\n<p>Die Anleitung ist ausf\u00fchrlich mit vielen Bildern hinterlegt<\/p>\n<p>und wird auf insgesamt 20 Seiten Schritt-f\u00fcr-Schritt beschrieben!<\/p>\n<p>&nbsp;<\/p>\n<p>MEHR VARIANTEN UND IDEEN von flei\u00dfigen Helfer und H\u00e4nden?<\/p>\n<p><a href=\"https:\/\/dadade.eu\/?p=13064\"><b>Klicke hier<\/b><\/a><\/p>\n<p>&nbsp;<\/p>\n<p>&nbsp;<\/p>\n<p>&nbsp;<\/p>\n","protected":false},"excerpt":{"rendered":"<div id=\"cc-m-13954443088\">\n<p>hier\u00a0 findet man die H\u00e4kelanleitung f\u00fcr eine Babyrassel,<br \/>\nein langes Spielvergn\u00fcgen f\u00fcr jeden kleinen Erdenb\u00fcrger. es animiert zum Spielen, Kuscheln und Greifen.<br \/>\nund dabei rasselt es noch so sch\u00f6n.<\/p>\n<p>Mit diesem Geschenk hat man etwas ganz Besonderes. Das Geschenk oder Mitbringsel, das schnell geh\u00e4kelt ist.<br \/>\nSie ist auch absolut f\u00fcr Anf\u00e4nger geeignet.<br \/>\nMit Wolle der Nadelst\u00e4rke 3 \u2013 4 wird die Rassel ungef\u00e4hr; 10 x 10cm<\/p>\n<p>&nbsp;<\/p>\n<\/div>\n<div id=\"cc-m-13954443188\" class=\"j-module n j-text \">\n<h2><strong>Diese Anleitungen findet man nur in meinen Shops auf den verschiedenen Plattformen<\/strong><\/h2>\n<div id=\"cc-m-13954443088\">\n<div id=\"cc-m-13758358088\">\n<h3><strong><a href=\"https:\/\/www.crazypatterns.net\/de\/items\/36086\/babyrassel-bienchen-zum-greifen-und-kuscheln-haekelanleitung-von-dadade\" target=\"_blank\" rel=\"noopener\">Rassel-Bienchen Sumsi bei crazypattern<\/a><\/strong><\/h3>\n<h3><strong><a href=\"https:\/\/www.makerist.de\/patterns\/babyrassel-bienchen-sumsi-haekelanleitung-von-dadade\" target=\"_blank\" rel=\"noopener\">Rassel-Bienchen Sumsi bei makerist<\/a><\/strong><\/h3>\n<h3><\/h3>\n<h3><\/h3>\n<\/div>\n<\/div>\n<p>&nbsp;<\/p>\n<p>&nbsp;<\/p>\n<\/div>\n","protected":false},"featured_media":19566,"template":"","meta":[],"product_brand":[],"product_cat":[56,42,44],"product_tag":[90,295,89,999,248,233,242,182,694,87,299,198,1565,197,94,93,647,194,92,234,245,345,180,181,236,195,1570,887,196,183,95,96],"class_list":{"0":"post-19555","1":"product","2":"type-product","3":"status-publish","4":"has-post-thumbnail","6":"product_cat-2einfach","7":"product_cat-baby","8":"product_cat-baby-spielsachen","9":"product_tag-amigurumi","10":"product_tag-anleitung","11":"product_tag-baby","12":"product_tag-babyrassel","13":"product_tag-biene","14":"product_tag-dekoration","15":"product_tag-dekoration-haekeln","16":"product_tag-fein","17":"product_tag-feste","18":"product_tag-geschenk","19":"product_tag-geschenkidee","20":"product_tag-greifling","21":"product_tag-greifringe","22":"product_tag-greifspielzeug","23":"product_tag-haekelanleitung","24":"product_tag-haekeln","25":"product_tag-katze","26":"product_tag-kind","27":"product_tag-kinder","28":"product_tag-kinderzimmer","29":"product_tag-kuschelige-haekeltiere","30":"product_tag-kuscheln","31":"product_tag-kuscheltier","32":"product_tag-lustig","33":"product_tag-musik","34":"product_tag-praesent","35":"product_tag-quietsche","36":"product_tag-rassel","37":"product_tag-spielzeug","38":"product_tag-witzig","39":"product_tag-wolle","40":"product_tag-wollreste","42":"first","43":"instock","44":"virtual","45":"product-type-simple"},"_links":{"self":[{"href":"https:\/\/dadade.eu\/index.php?rest_route=\/wp\/v2\/product\/19555","targetHints":{"allow":["GET"]}}],"collection":[{"href":"https:\/\/dadade.eu\/index.php?rest_route=\/wp\/v2\/product"}],"about":[{"href":"https:\/\/dadade.eu\/index.php?rest_route=\/wp\/v2\/types\/product"}],"wp:featuredmedia":[{"embeddable":true,"href":"https:\/\/dadade.eu\/index.php?rest_route=\/wp\/v2\/media\/19566"}],"wp:attachment":[{"href":"https:\/\/dadade.eu\/index.php?rest_route=%2Fwp%2Fv2%2Fmedia&parent=19555"}],"wp:term":[{"taxonomy":"product_brand","embeddable":true,"href":"https:\/\/dadade.eu\/index.php?rest_route=%2Fwp%2Fv2%2Fproduct_brand&post=19555"},{"taxonomy":"product_cat","embeddable":true,"href":"https:\/\/dadade.eu\/index.php?rest_route=%2Fwp%2Fv2%2Fproduct_cat&post=19555"},{"taxonomy":"product_tag","embeddable":true,"href":"https:\/\/dadade.eu\/index.php?rest_route=%2Fwp%2Fv2%2Fproduct_tag&post=19555"}],"curies":[{"name":"wp","href":"https:\/\/api.w.org\/{rel}","templated":true}]}}