{"id":19543,"date":"2016-07-08T16:46:19","date_gmt":"2016-07-08T14:46:19","guid":{"rendered":"https:\/\/dadade.eu\/?post_type=product&#038;p=19543"},"modified":"2023-08-12T16:58:06","modified_gmt":"2023-08-12T14:58:06","slug":"die-bremer-stadtmusikanten-der-stapelturm-mit-esel-hund-katze-hahn","status":"publish","type":"product","link":"https:\/\/dadade.eu\/?product=die-bremer-stadtmusikanten-der-stapelturm-mit-esel-hund-katze-hahn","title":{"rendered":"die Bremer Stadtmusikanten, der Stapelturm mit Esel, Hund, Katze &#038; Hahn"},"content":{"rendered":"<p><a href=\"https:\/\/www.youtube.com\/watch?v=PR8KYIcH9w0\" target=\"_blank\" rel=\"noopener\"><strong><img fetchpriority=\"high\" decoding=\"async\" class=\"alignnone wp-image-19549 size-medium\" src=\"https:\/\/dadade.eu\/wp-content\/uploads\/2023\/08\/Bremer-Stadtmusikanten-10-300x300.jpg\" alt=\"\" width=\"300\" height=\"300\" srcset=\"https:\/\/dadade.eu\/wp-content\/uploads\/2023\/08\/Bremer-Stadtmusikanten-10-300x300.jpg 300w, https:\/\/dadade.eu\/wp-content\/uploads\/2023\/08\/Bremer-Stadtmusikanten-10-scaled-100x100.jpg 100w, https:\/\/dadade.eu\/wp-content\/uploads\/2023\/08\/Bremer-Stadtmusikanten-10-scaled-600x600.jpg 600w, https:\/\/dadade.eu\/wp-content\/uploads\/2023\/08\/Bremer-Stadtmusikanten-10-scaled-64x64.jpg 64w, https:\/\/dadade.eu\/wp-content\/uploads\/2023\/08\/Bremer-Stadtmusikanten-10-1024x1024.jpg 1024w, https:\/\/dadade.eu\/wp-content\/uploads\/2023\/08\/Bremer-Stadtmusikanten-10-150x150.jpg 150w, https:\/\/dadade.eu\/wp-content\/uploads\/2023\/08\/Bremer-Stadtmusikanten-10-768x768.jpg 768w, https:\/\/dadade.eu\/wp-content\/uploads\/2023\/08\/Bremer-Stadtmusikanten-10-1536x1536.jpg 1536w, https:\/\/dadade.eu\/wp-content\/uploads\/2023\/08\/Bremer-Stadtmusikanten-10-2048x2048.jpg 2048w\" sizes=\"(max-width: 300px) 100vw, 300px\" \/>Hier kann man sich das Video zu dem Stapelturm auf Youtube ansehen, klicke auf das Bild<\/strong><\/a><\/p>\n<p>Die Anleitung ist ausf\u00fchrlich mit vielen Bildern hinterlegt<\/p>\n<p>und wird auf\u00a0insgesamt 62 Seiten Schritt-f\u00fcr-Schritt beschrieben!<\/p>\n<p>&nbsp;<\/p>\n<p>MEHR VARIANTEN UND IDEEN von flei\u00dfigen Helfer und H\u00e4nden?<\/p>\n<p><a href=\"https:\/\/dadade.eu\/?p=13064\"><b>Klicke hier<\/b><\/a><\/p>\n<p>&nbsp;<\/p>\n<p>&nbsp;<\/p>\n<p>&nbsp;<\/p>\n","protected":false},"excerpt":{"rendered":"<div id=\"cc-m-13954443088\">\n<h4>Die Bremer Stadtmusikanten, sind ein tolles Steckspielzeug f\u00fcr Baby du Kleinkind, das f\u00fcr lange Besch\u00e4ftigung sorgt.<\/h4>\n<h4>Jeder Ring ist f\u00fcr sich ein weiches Kuscheltier zum Kuscheln und Greifen. Ausgestattet entweder mit Rassel oder Quietsche sind der Esel, Hund, Katze oder Hahn ein Spielzeug das die Sinne anregt.<\/h4>\n<h4>diese 4 Tiere sind extra zum Kuscheln\u00a0 mit weicher Watte kuschelig gef\u00fcllt.<\/h4>\n<h4>Mit Wolle der Nadelst\u00e4rke 3 \u2013 4 wird der Stapelkegel ungef\u00e4hr; 33 cm hoch<\/h4>\n<h4>und &gt;mit ausgestreckten Beinen&lt; 40 cm breit<\/h4>\n<p>&nbsp;<\/p>\n<\/div>\n<div id=\"cc-m-13954443188\" class=\"j-module n j-text \">\n<h2><strong>Diese Anleitungen findet man nur in meinen Shops auf den verschiedenen Plattformen<\/strong><\/h2>\n<div id=\"cc-m-13954443088\">\n<div id=\"cc-m-13758358088\">\n<h3><strong><a href=\"https:\/\/www.crazypatterns.net\/de\/items\/17629\/stapelringe-steckspielzeug-steckringe-die-bremer-stadtmusikanten-haekelanleitung-von-dadade\" target=\"_blank\" rel=\"noopener\">Bremer Stadtmusikanten bei crazypattern<\/a><\/strong><\/h3>\n<h3><strong><a href=\"https:\/\/www.makerist.de\/patterns\/steckspielzeug-steckringe-bremer-stadtmusikanten-dadade\" target=\"_blank\" rel=\"noopener\">Bremer Stadtmusikanten bei makerist<\/a><\/strong><\/h3>\n<h3><\/h3>\n<h3><\/h3>\n<\/div>\n<\/div>\n<p>&nbsp;<\/p>\n<p>&nbsp;<\/p>\n<\/div>\n","protected":false},"featured_media":19553,"template":"","meta":[],"product_brand":[],"product_cat":[57,42,44],"product_tag":[90,295,89,233,242,571,182,694,87,299,1565,197,595,94,93,593,319,647,194,92,234,245,345,180,181,195,1570,887,196,1566,1567,1569,1568,183,95,96],"class_list":{"0":"post-19543","1":"product","2":"type-product","3":"status-publish","4":"has-post-thumbnail","6":"product_cat-3mittel","7":"product_cat-baby","8":"product_cat-baby-spielsachen","9":"product_tag-amigurumi","10":"product_tag-anleitung","11":"product_tag-baby","12":"product_tag-dekoration","13":"product_tag-dekoration-haekeln","14":"product_tag-esel","15":"product_tag-fein","16":"product_tag-feste","17":"product_tag-geschenk","18":"product_tag-geschenkidee","19":"product_tag-greifringe","20":"product_tag-greifspielzeug","21":"product_tag-hahn","22":"product_tag-haekelanleitung","23":"product_tag-haekeln","24":"product_tag-huhn","25":"product_tag-hund","26":"product_tag-katze","27":"product_tag-kind","28":"product_tag-kinder","29":"product_tag-kinderzimmer","30":"product_tag-kuschelige-haekeltiere","31":"product_tag-kuscheln","32":"product_tag-kuscheltier","33":"product_tag-lustig","34":"product_tag-praesent","35":"product_tag-quietsche","36":"product_tag-rassel","37":"product_tag-spielzeug","38":"product_tag-stapelringe","39":"product_tag-stapelspielzeug","40":"product_tag-steckringe","41":"product_tag-steckspielzeug","42":"product_tag-witzig","43":"product_tag-wolle","44":"product_tag-wollreste","46":"first","47":"instock","48":"virtual","49":"product-type-simple"},"_links":{"self":[{"href":"https:\/\/dadade.eu\/index.php?rest_route=\/wp\/v2\/product\/19543","targetHints":{"allow":["GET"]}}],"collection":[{"href":"https:\/\/dadade.eu\/index.php?rest_route=\/wp\/v2\/product"}],"about":[{"href":"https:\/\/dadade.eu\/index.php?rest_route=\/wp\/v2\/types\/product"}],"wp:featuredmedia":[{"embeddable":true,"href":"https:\/\/dadade.eu\/index.php?rest_route=\/wp\/v2\/media\/19553"}],"wp:attachment":[{"href":"https:\/\/dadade.eu\/index.php?rest_route=%2Fwp%2Fv2%2Fmedia&parent=19543"}],"wp:term":[{"taxonomy":"product_brand","embeddable":true,"href":"https:\/\/dadade.eu\/index.php?rest_route=%2Fwp%2Fv2%2Fproduct_brand&post=19543"},{"taxonomy":"product_cat","embeddable":true,"href":"https:\/\/dadade.eu\/index.php?rest_route=%2Fwp%2Fv2%2Fproduct_cat&post=19543"},{"taxonomy":"product_tag","embeddable":true,"href":"https:\/\/dadade.eu\/index.php?rest_route=%2Fwp%2Fv2%2Fproduct_tag&post=19543"}],"curies":[{"name":"wp","href":"https:\/\/api.w.org\/{rel}","templated":true}]}}