{"id":19538,"date":"2015-08-08T13:49:41","date_gmt":"2015-08-08T11:49:41","guid":{"rendered":"https:\/\/dadade.eu\/?post_type=product&#038;p=19538"},"modified":"2023-09-05T14:29:28","modified_gmt":"2023-09-05T12:29:28","slug":"stinktier-stoffel-stinkt-nicht-a132","status":"publish","type":"product","link":"https:\/\/dadade.eu\/?product=stinktier-stoffel-stinkt-nicht-a132","title":{"rendered":"Stinktier Stoffel, stinkt nicht (A132)"},"content":{"rendered":"<p><img fetchpriority=\"high\" decoding=\"async\" class=\"alignnone size-medium wp-image-19754\" src=\"https:\/\/dadade.eu\/wp-content\/uploads\/2023\/08\/Stinktier-Himalaya-0-300x225.jpg\" alt=\"\" width=\"300\" height=\"225\" srcset=\"https:\/\/dadade.eu\/wp-content\/uploads\/2023\/08\/Stinktier-Himalaya-0-300x225.jpg 300w, https:\/\/dadade.eu\/wp-content\/uploads\/2023\/08\/Stinktier-Himalaya-0-600x450.jpg 600w, https:\/\/dadade.eu\/wp-content\/uploads\/2023\/08\/Stinktier-Himalaya-0-64x48.jpg 64w, https:\/\/dadade.eu\/wp-content\/uploads\/2023\/08\/Stinktier-Himalaya-0-1024x768.jpg 1024w, https:\/\/dadade.eu\/wp-content\/uploads\/2023\/08\/Stinktier-Himalaya-0-768x576.jpg 768w, https:\/\/dadade.eu\/wp-content\/uploads\/2023\/08\/Stinktier-Himalaya-0.jpg 1400w\" sizes=\"(max-width: 300px) 100vw, 300px\" \/>ein Stinktier, das nicht riecht, hier sieht man\u00a0 den Gr\u00f6\u00dfenunterschied super<\/p>\n<p><img decoding=\"async\" class=\"alignnone size-medium wp-image-19764\" src=\"https:\/\/dadade.eu\/wp-content\/uploads\/2023\/08\/Stinktier-Himalaya-03-300x225.jpg\" alt=\"\" width=\"300\" height=\"225\" srcset=\"https:\/\/dadade.eu\/wp-content\/uploads\/2023\/08\/Stinktier-Himalaya-03-300x225.jpg 300w, https:\/\/dadade.eu\/wp-content\/uploads\/2023\/08\/Stinktier-Himalaya-03-600x450.jpg 600w, https:\/\/dadade.eu\/wp-content\/uploads\/2023\/08\/Stinktier-Himalaya-03-64x48.jpg 64w, https:\/\/dadade.eu\/wp-content\/uploads\/2023\/08\/Stinktier-Himalaya-03-1024x768.jpg 1024w, https:\/\/dadade.eu\/wp-content\/uploads\/2023\/08\/Stinktier-Himalaya-03-768x576.jpg 768w, https:\/\/dadade.eu\/wp-content\/uploads\/2023\/08\/Stinktier-Himalaya-03.jpg 1400w\" sizes=\"(max-width: 300px) 100vw, 300px\" \/>die Beiden haben ein Herz zu verschenken<\/p>\n<p><img decoding=\"async\" class=\"alignnone size-medium wp-image-19539\" src=\"https:\/\/dadade.eu\/wp-content\/uploads\/2023\/08\/Stinktier0-300x225.jpg\" alt=\"\" width=\"300\" height=\"225\" srcset=\"https:\/\/dadade.eu\/wp-content\/uploads\/2023\/08\/Stinktier0-300x225.jpg 300w, https:\/\/dadade.eu\/wp-content\/uploads\/2023\/08\/Stinktier0-600x450.jpg 600w, https:\/\/dadade.eu\/wp-content\/uploads\/2023\/08\/Stinktier0-64x48.jpg 64w, https:\/\/dadade.eu\/wp-content\/uploads\/2023\/08\/Stinktier0-1024x768.jpg 1024w, https:\/\/dadade.eu\/wp-content\/uploads\/2023\/08\/Stinktier0-768x576.jpg 768w, https:\/\/dadade.eu\/wp-content\/uploads\/2023\/08\/Stinktier0.jpg 1400w\" sizes=\"(max-width: 300px) 100vw, 300px\" \/>die Anleitung bezieht sich auf das kleine Stinktier<\/p>\n<p>Die Anleitung ist ausf\u00fchrlich mit vielen Bildern hinterlegt<\/p>\n<p>und wird auf 25 Seiten Schritt-f\u00fcr-Schritt beschrieben!<\/p>\n<p>Sie ist auch schon f\u00fcr Anf\u00e4nger geeignet.<\/p>\n<p>&nbsp;<\/p>\n<p>MEHR VARIANTEN UND IDEEN von flei\u00dfigen Helfer und H\u00e4nden?<\/p>\n<p><a href=\"https:\/\/dadade.eu\/?p=11668\"><b>Klicke hier<\/b><\/a><\/p>\n<p>&nbsp;<\/p>\n<p>&nbsp;<\/p>\n<p>&nbsp;<\/p>\n","protected":false},"excerpt":{"rendered":"<div id=\"cc-m-13954443088\">\n<p>Hier kauft man die H\u00e4kelanleitung f\u00fcr dieses s\u00fc\u00dfe Stinktier<\/p>\n<p>Stinktier Stoffel sucht ein zu Hause, es will sein Herz verschenken, wer hat es lieb?<\/p>\n<p>Du suchst ein Geschenk? Z.B f\u00fcr Muttertag, Geburtstag &#8211; die Anleitung f\u00fcr das Herz ist mit dabei.<\/p>\n<p>Ein knuffiges, weiches Kuscheltier ist ein Geschenk, das nicht nur Kinderaugen strahlen l\u00e4sst.<\/p>\n<p>Das Stinktier wird mit der Nadelst\u00e4rke 3 &#8211; ca 30cm hoch und 17cm breit<\/p>\n<p>mit der Himalaya ND 4 &#8211; ca 52cm gro\u00df<\/p>\n<p>die Anleitung bezieht sich auf das kleine Stinktier, das gro\u00dfe Stinktier mit rosa Streifen, ist nach der gleichen Anleitung geh\u00e4kelt,<\/p>\n<p>Die Anleitung ist ausf\u00fchrlich mit vielen Bildern hinterlegt.<\/p>\n<p>&nbsp;<\/p>\n<\/div>\n<div id=\"cc-m-13954443188\" class=\"j-module n j-text \">\n<p>&nbsp;<\/p>\n<\/div>\n","protected":false},"featured_media":19757,"template":"","meta":[],"product_brand":[],"product_cat":[56,35,39,70],"product_tag":[90,89,1058,233,242,182,87,94,93,1057,279,194,92,245,180,88,243,244,1431,181,280,91,392,196,1600,1601,276,275,183,95,96],"class_list":{"0":"post-19538","1":"product","2":"type-product","3":"status-publish","4":"has-post-thumbnail","6":"product_cat-2einfach","7":"product_cat-amigurumi","8":"product_cat-amigurumis-zum-kuscheln","9":"product_cat-maxi","10":"product_tag-amigurumi","11":"product_tag-baby","12":"product_tag-deko","13":"product_tag-dekoration","14":"product_tag-dekoration-haekeln","15":"product_tag-fein","16":"product_tag-geschenk","17":"product_tag-haekelanleitung","18":"product_tag-haekeln","19":"product_tag-halloween","20":"product_tag-herz","21":"product_tag-kind","22":"product_tag-kinder","23":"product_tag-kuschelige-haekeltiere","24":"product_tag-kuscheltier","25":"product_tag-kuscheltier-haekeln","26":"product_tag-kuschelwolle","27":"product_tag-kuschelwolle-haekeln","28":"product_tag-liebe","29":"product_tag-lustig","30":"product_tag-muttertag","31":"product_tag-plueschtier","32":"product_tag-plueschtier-haekeln","33":"product_tag-spielzeug","34":"product_tag-stinktier","35":"product_tag-stinktier-haekeln","36":"product_tag-valentin","37":"product_tag-valentinstag","38":"product_tag-witzig","39":"product_tag-wolle","40":"product_tag-wollreste","42":"first","43":"instock","44":"downloadable","45":"shipping-taxable","46":"purchasable","47":"product-type-simple"},"_links":{"self":[{"href":"https:\/\/dadade.eu\/index.php?rest_route=\/wp\/v2\/product\/19538","targetHints":{"allow":["GET"]}}],"collection":[{"href":"https:\/\/dadade.eu\/index.php?rest_route=\/wp\/v2\/product"}],"about":[{"href":"https:\/\/dadade.eu\/index.php?rest_route=\/wp\/v2\/types\/product"}],"wp:featuredmedia":[{"embeddable":true,"href":"https:\/\/dadade.eu\/index.php?rest_route=\/wp\/v2\/media\/19757"}],"wp:attachment":[{"href":"https:\/\/dadade.eu\/index.php?rest_route=%2Fwp%2Fv2%2Fmedia&parent=19538"}],"wp:term":[{"taxonomy":"product_brand","embeddable":true,"href":"https:\/\/dadade.eu\/index.php?rest_route=%2Fwp%2Fv2%2Fproduct_brand&post=19538"},{"taxonomy":"product_cat","embeddable":true,"href":"https:\/\/dadade.eu\/index.php?rest_route=%2Fwp%2Fv2%2Fproduct_cat&post=19538"},{"taxonomy":"product_tag","embeddable":true,"href":"https:\/\/dadade.eu\/index.php?rest_route=%2Fwp%2Fv2%2Fproduct_tag&post=19538"}],"curies":[{"name":"wp","href":"https:\/\/api.w.org\/{rel}","templated":true}]}}