{"id":19464,"date":"2017-11-07T21:31:05","date_gmt":"2017-11-07T20:31:05","guid":{"rendered":"https:\/\/dadade.eu\/?post_type=product&#038;p=19464"},"modified":"2023-11-28T17:30:28","modified_gmt":"2023-11-28T16:30:28","slug":"spuelschwamm-nikoluas-stiefel-s236","status":"publish","type":"product","link":"https:\/\/dadade.eu\/?product=spuelschwamm-nikoluas-stiefel-s236","title":{"rendered":"Sp\u00fclschwamm Nikolaus-Stiefel (S236)"},"content":{"rendered":"<p>&nbsp;<\/p>\n<p><a href=\"https:\/\/dadade.eu\/?product=schwaemme-weihnachten-schwamm-weihnachts-stern-glocke-wichtel-pinguin-s235\"><strong><img fetchpriority=\"high\" decoding=\"async\" class=\"alignnone size-medium wp-image-19467\" src=\"https:\/\/dadade.eu\/wp-content\/uploads\/2023\/08\/Spuelschwamm-Nikolaus-Stiefel-3-300x225.jpg\" alt=\"\" width=\"300\" height=\"225\" srcset=\"https:\/\/dadade.eu\/wp-content\/uploads\/2023\/08\/Spuelschwamm-Nikolaus-Stiefel-3-300x225.jpg 300w, https:\/\/dadade.eu\/wp-content\/uploads\/2023\/08\/Spuelschwamm-Nikolaus-Stiefel-3-600x450.jpg 600w, https:\/\/dadade.eu\/wp-content\/uploads\/2023\/08\/Spuelschwamm-Nikolaus-Stiefel-3-64x48.jpg 64w, https:\/\/dadade.eu\/wp-content\/uploads\/2023\/08\/Spuelschwamm-Nikolaus-Stiefel-3-1024x768.jpg 1024w, https:\/\/dadade.eu\/wp-content\/uploads\/2023\/08\/Spuelschwamm-Nikolaus-Stiefel-3-768x576.jpg 768w, https:\/\/dadade.eu\/wp-content\/uploads\/2023\/08\/Spuelschwamm-Nikolaus-Stiefel-3.jpg 1400w\" sizes=\"(max-width: 300px) 100vw, 300px\" \/>S236 Schwamm Nikolaus-Stiefel, \u00a0<\/strong><\/a><\/p>\n<p><a href=\"https:\/\/dadade.eu\/?product=schwaemme-weihnachten-schwamm-weihnachts-stern-glocke-wichtel-pinguin-s235\"><strong><img decoding=\"async\" class=\"alignnone size-medium wp-image-19463\" src=\"https:\/\/dadade.eu\/wp-content\/uploads\/2023\/08\/4-Spuelschwaemme-Weihnachten-Kopie-300x225.jpg\" alt=\"\" width=\"300\" height=\"225\" srcset=\"https:\/\/dadade.eu\/wp-content\/uploads\/2023\/08\/4-Spuelschwaemme-Weihnachten-Kopie-300x225.jpg 300w, https:\/\/dadade.eu\/wp-content\/uploads\/2023\/08\/4-Spuelschwaemme-Weihnachten-Kopie-600x450.jpg 600w, https:\/\/dadade.eu\/wp-content\/uploads\/2023\/08\/4-Spuelschwaemme-Weihnachten-Kopie-64x48.jpg 64w, https:\/\/dadade.eu\/wp-content\/uploads\/2023\/08\/4-Spuelschwaemme-Weihnachten-Kopie-1024x768.jpg 1024w, https:\/\/dadade.eu\/wp-content\/uploads\/2023\/08\/4-Spuelschwaemme-Weihnachten-Kopie-768x576.jpg 768w, https:\/\/dadade.eu\/wp-content\/uploads\/2023\/08\/4-Spuelschwaemme-Weihnachten-Kopie.jpg 1400w\" sizes=\"(max-width: 300px) 100vw, 300px\" \/>den Schwamm gibt es kostenlos im Sparpaket Weihnachts-Schw\u00e4mme dazu<\/strong><\/a><\/p>\n<p>Die Anleitung ist ausf\u00fchrlich auf\u00a0 6 Seiten beschrieben und mit vielen Bildern hinterlegt<\/p>\n<p>Sie\u00a0 ist dadurch auch schon f\u00fcr Anf\u00e4nger geeignet.<\/p>\n<p>mehr Bilder von flei\u00dfigen H\u00e4nden findet ihr<\/p>\n<p><strong><a href=\"https:\/\/dadade.eu\/?p=18646\">KLICKE HIER<\/a><\/strong><\/p>\n<p>&nbsp;<\/p>\n<p>&nbsp;<\/p>\n","protected":false},"excerpt":{"rendered":"<div id=\"cc-m-13954443088\" class=\"j-module n j-text \">\n<p>Hier findet man nur die Anleitung f\u00fcr diesen lustigen Weihnachts- Schwamm<\/p>\n<p>geh\u00e4kelt mit dem witzigen Garn von Rico Design.<\/p>\n<p>Schluss mit Langeweile in der K\u00fcche oder auch im Badezimmer.<\/p>\n<p>Meine Testkinder fanden die Beiden\u00a0 super cool in der Badewanne, ob zum Spielen, oder zum Abrubbeln, &#8220; das kitzelt so sch\u00f6n&#8220;<\/p>\n<p>oder auch zum Peeling f\u00fcr die Frau Mama,<\/p>\n<p><a href=\"https:\/\/dadade.eu\/?product=schwaemme-weihnachten-schwamm-weihnachts-stern-glocke-wichtel-pinguin-s235\"><strong>S236 Schwamm Nikolaus-Stiefel, \u00a0<\/strong><strong>den Schwamm gibt es kostenlos im Sparpaket Weihnachts-Schw\u00e4mme dazu<\/strong><\/a><\/p>\n<p>Die Schw\u00e4mme kann man bei 60\u00b0C waschen.<\/p>\n<p>Mit der Nadelst\u00e4rke 3,5 der Stiefel ungef\u00e4hr; 12 x 12cm<\/p>\n<p>Sie sind sehr schnell geh\u00e4kelt und auch schon f\u00fcr Anf\u00e4nger geeignet<\/p>\n<p>&nbsp;<\/p>\n<\/div>\n","protected":false},"featured_media":19465,"template":"","meta":[],"product_brand":[],"product_cat":[56,62,1479],"product_tag":[90,1377,1463,1471,1467,1468,242,1466,87,1460,1465,299,94,93,92,181,1282,1543,1544,195,431,1161,1541,1462,1456,533,196,981,1469,95,96],"class_list":{"0":"post-19464","1":"product","2":"type-product","3":"status-publish","4":"has-post-thumbnail","6":"product_cat-2einfach","7":"product_cat-gratis","8":"product_cat-schwamm-und-waschhandschuh","9":"product_tag-amigurumi","10":"product_tag-baden","11":"product_tag-badeschwamm","12":"product_tag-badewanne","13":"product_tag-badezimmer","14":"product_tag-creative-bubble-von-rico-design","15":"product_tag-dekoration-haekeln","16":"product_tag-duschschwamm","17":"product_tag-geschenk","18":"product_tag-geschenke-haekeln","19":"product_tag-geschenke-selbermachen","20":"product_tag-geschenkidee","21":"product_tag-haekelanleitung","22":"product_tag-haekeln","23":"product_tag-kinder","24":"product_tag-lustig","25":"product_tag-nikolaus","26":"product_tag-nikolausstiefel","27":"product_tag-nikolausstiefel-haekeln","28":"product_tag-praesent","29":"product_tag-rentier","30":"product_tag-rentier-haekeln","31":"product_tag-schaukel-rentier","32":"product_tag-schwamm-haekeln","33":"product_tag-schwammwolle","34":"product_tag-schwein-haekeln","35":"product_tag-spielzeug","36":"product_tag-stiefel-haekeln","37":"product_tag-waschhandschuh","38":"product_tag-wolle","39":"product_tag-wollreste","41":"first","42":"instock","43":"downloadable","44":"shipping-taxable","45":"product-type-simple"},"_links":{"self":[{"href":"https:\/\/dadade.eu\/index.php?rest_route=\/wp\/v2\/product\/19464","targetHints":{"allow":["GET"]}}],"collection":[{"href":"https:\/\/dadade.eu\/index.php?rest_route=\/wp\/v2\/product"}],"about":[{"href":"https:\/\/dadade.eu\/index.php?rest_route=\/wp\/v2\/types\/product"}],"wp:featuredmedia":[{"embeddable":true,"href":"https:\/\/dadade.eu\/index.php?rest_route=\/wp\/v2\/media\/19465"}],"wp:attachment":[{"href":"https:\/\/dadade.eu\/index.php?rest_route=%2Fwp%2Fv2%2Fmedia&parent=19464"}],"wp:term":[{"taxonomy":"product_brand","embeddable":true,"href":"https:\/\/dadade.eu\/index.php?rest_route=%2Fwp%2Fv2%2Fproduct_brand&post=19464"},{"taxonomy":"product_cat","embeddable":true,"href":"https:\/\/dadade.eu\/index.php?rest_route=%2Fwp%2Fv2%2Fproduct_cat&post=19464"},{"taxonomy":"product_tag","embeddable":true,"href":"https:\/\/dadade.eu\/index.php?rest_route=%2Fwp%2Fv2%2Fproduct_tag&post=19464"}],"curies":[{"name":"wp","href":"https:\/\/api.w.org\/{rel}","templated":true}]}}