{"id":19427,"date":"2017-11-07T20:52:46","date_gmt":"2017-11-07T19:52:46","guid":{"rendered":"https:\/\/dadade.eu\/?post_type=product&#038;p=19427"},"modified":"2023-08-08T10:14:39","modified_gmt":"2023-08-08T08:14:39","slug":"schwaemme-weihnachten-schwamm-weihnachts-stern-glocke-wichtel-pinguin-s235","status":"publish","type":"product","link":"https:\/\/dadade.eu\/?product=schwaemme-weihnachten-schwamm-weihnachts-stern-glocke-wichtel-pinguin-s235","title":{"rendered":"Schw\u00e4mme, Weihnachten Schwamm Weihnachts-Stern, Glocke, Wichtel &#038; Pinguin (S235)"},"content":{"rendered":"<p><img fetchpriority=\"high\" decoding=\"async\" class=\"alignnone size-medium wp-image-19439\" src=\"https:\/\/dadade.eu\/wp-content\/uploads\/2023\/08\/Spuelschwamm-Stern-Muetze-1-300x225.jpg\" alt=\"\" width=\"300\" height=\"225\" srcset=\"https:\/\/dadade.eu\/wp-content\/uploads\/2023\/08\/Spuelschwamm-Stern-Muetze-1-300x225.jpg 300w, https:\/\/dadade.eu\/wp-content\/uploads\/2023\/08\/Spuelschwamm-Stern-Muetze-1-600x450.jpg 600w, https:\/\/dadade.eu\/wp-content\/uploads\/2023\/08\/Spuelschwamm-Stern-Muetze-1-64x48.jpg 64w, https:\/\/dadade.eu\/wp-content\/uploads\/2023\/08\/Spuelschwamm-Stern-Muetze-1-1024x768.jpg 1024w, https:\/\/dadade.eu\/wp-content\/uploads\/2023\/08\/Spuelschwamm-Stern-Muetze-1-768x576.jpg 768w, https:\/\/dadade.eu\/wp-content\/uploads\/2023\/08\/Spuelschwamm-Stern-Muetze-1.jpg 1400w\" sizes=\"(max-width: 300px) 100vw, 300px\" \/>S231 Schwamm Weihnachts-Stern mit M\u00fctze<\/p>\n<p><img decoding=\"async\" class=\"alignnone size-medium wp-image-19445\" src=\"https:\/\/dadade.eu\/wp-content\/uploads\/2023\/08\/Spuelschwamm-Glocke-1-1-300x225.jpg\" alt=\"\" width=\"300\" height=\"225\" srcset=\"https:\/\/dadade.eu\/wp-content\/uploads\/2023\/08\/Spuelschwamm-Glocke-1-1-300x225.jpg 300w, https:\/\/dadade.eu\/wp-content\/uploads\/2023\/08\/Spuelschwamm-Glocke-1-1-600x450.jpg 600w, https:\/\/dadade.eu\/wp-content\/uploads\/2023\/08\/Spuelschwamm-Glocke-1-1-64x48.jpg 64w, https:\/\/dadade.eu\/wp-content\/uploads\/2023\/08\/Spuelschwamm-Glocke-1-1-1024x768.jpg 1024w, https:\/\/dadade.eu\/wp-content\/uploads\/2023\/08\/Spuelschwamm-Glocke-1-1-768x576.jpg 768w, https:\/\/dadade.eu\/wp-content\/uploads\/2023\/08\/Spuelschwamm-Glocke-1-1.jpg 1400w\" sizes=\"(max-width: 300px) 100vw, 300px\" \/>S232 Schwamm Glocke<\/p>\n<p><img decoding=\"async\" class=\"alignnone size-medium wp-image-19453\" src=\"https:\/\/dadade.eu\/wp-content\/uploads\/2023\/08\/xSpuelschwamm-Wichtel-3-300x225.jpg\" alt=\"\" width=\"300\" height=\"225\" srcset=\"https:\/\/dadade.eu\/wp-content\/uploads\/2023\/08\/xSpuelschwamm-Wichtel-3-300x225.jpg 300w, https:\/\/dadade.eu\/wp-content\/uploads\/2023\/08\/xSpuelschwamm-Wichtel-3-600x450.jpg 600w, https:\/\/dadade.eu\/wp-content\/uploads\/2023\/08\/xSpuelschwamm-Wichtel-3-64x48.jpg 64w, https:\/\/dadade.eu\/wp-content\/uploads\/2023\/08\/xSpuelschwamm-Wichtel-3-1024x768.jpg 1024w, https:\/\/dadade.eu\/wp-content\/uploads\/2023\/08\/xSpuelschwamm-Wichtel-3-768x576.jpg 768w, https:\/\/dadade.eu\/wp-content\/uploads\/2023\/08\/xSpuelschwamm-Wichtel-3.jpg 1400w\" sizes=\"(max-width: 300px) 100vw, 300px\" \/>S233 Schwamm Weihnachts-Wichtel, oder auch Herbst-Wichtel<\/p>\n<p><img loading=\"lazy\" decoding=\"async\" class=\"alignnone size-medium wp-image-19457\" src=\"https:\/\/dadade.eu\/wp-content\/uploads\/2023\/08\/Spuelschwamm-Pinguin-Muetze-1-300x225.jpg\" alt=\"\" width=\"300\" height=\"225\" srcset=\"https:\/\/dadade.eu\/wp-content\/uploads\/2023\/08\/Spuelschwamm-Pinguin-Muetze-1-300x225.jpg 300w, https:\/\/dadade.eu\/wp-content\/uploads\/2023\/08\/Spuelschwamm-Pinguin-Muetze-1-600x450.jpg 600w, https:\/\/dadade.eu\/wp-content\/uploads\/2023\/08\/Spuelschwamm-Pinguin-Muetze-1-64x48.jpg 64w, https:\/\/dadade.eu\/wp-content\/uploads\/2023\/08\/Spuelschwamm-Pinguin-Muetze-1-1024x768.jpg 1024w, https:\/\/dadade.eu\/wp-content\/uploads\/2023\/08\/Spuelschwamm-Pinguin-Muetze-1-768x576.jpg 768w, https:\/\/dadade.eu\/wp-content\/uploads\/2023\/08\/Spuelschwamm-Pinguin-Muetze-1.jpg 1400w\" sizes=\"(max-width: 300px) 100vw, 300px\" \/>S234 Schwamm Weihnachts-Pinguin<\/p>\n<p><img loading=\"lazy\" decoding=\"async\" class=\"alignnone size-medium wp-image-19463\" src=\"https:\/\/dadade.eu\/wp-content\/uploads\/2023\/08\/4-Spuelschwaemme-Weihnachten-Kopie-300x225.jpg\" alt=\"\" width=\"300\" height=\"225\" srcset=\"https:\/\/dadade.eu\/wp-content\/uploads\/2023\/08\/4-Spuelschwaemme-Weihnachten-Kopie-300x225.jpg 300w, https:\/\/dadade.eu\/wp-content\/uploads\/2023\/08\/4-Spuelschwaemme-Weihnachten-Kopie-600x450.jpg 600w, https:\/\/dadade.eu\/wp-content\/uploads\/2023\/08\/4-Spuelschwaemme-Weihnachten-Kopie-64x48.jpg 64w, https:\/\/dadade.eu\/wp-content\/uploads\/2023\/08\/4-Spuelschwaemme-Weihnachten-Kopie-1024x768.jpg 1024w, https:\/\/dadade.eu\/wp-content\/uploads\/2023\/08\/4-Spuelschwaemme-Weihnachten-Kopie-768x576.jpg 768w, https:\/\/dadade.eu\/wp-content\/uploads\/2023\/08\/4-Spuelschwaemme-Weihnachten-Kopie.jpg 1400w\" sizes=\"(max-width: 300px) 100vw, 300px\" \/>S235 Schw\u00e4mme 4x Weihnachten<\/p>\n<p><a href=\"https:\/\/dadade.eu\/?product=spuelschwamm-nikoluas-stiefel-s236\"><b><img loading=\"lazy\" decoding=\"async\" class=\"alignnone size-medium wp-image-19466\" src=\"https:\/\/dadade.eu\/wp-content\/uploads\/2023\/08\/Spuelschwamm-Nikolaus-Stiefel-2-300x225.jpg\" alt=\"\" width=\"300\" height=\"225\" srcset=\"https:\/\/dadade.eu\/wp-content\/uploads\/2023\/08\/Spuelschwamm-Nikolaus-Stiefel-2-300x225.jpg 300w, https:\/\/dadade.eu\/wp-content\/uploads\/2023\/08\/Spuelschwamm-Nikolaus-Stiefel-2-600x450.jpg 600w, https:\/\/dadade.eu\/wp-content\/uploads\/2023\/08\/Spuelschwamm-Nikolaus-Stiefel-2-64x48.jpg 64w, https:\/\/dadade.eu\/wp-content\/uploads\/2023\/08\/Spuelschwamm-Nikolaus-Stiefel-2-1024x768.jpg 1024w, https:\/\/dadade.eu\/wp-content\/uploads\/2023\/08\/Spuelschwamm-Nikolaus-Stiefel-2-768x576.jpg 768w, https:\/\/dadade.eu\/wp-content\/uploads\/2023\/08\/Spuelschwamm-Nikolaus-Stiefel-2.jpg 1400w\" sizes=\"(max-width: 300px) 100vw, 300px\" \/>Schwamm Nikolaus-Stiefel, gibt es im Sparpaket als kleines Extra-Geschenk kostenlos dazu<\/b><\/a><\/p>\n<p>&nbsp;<\/p>\n<p>Die Anleitungen sind ausf\u00fchrlich mit vielen Bildern hinterlegt und werden auf je 6 &#8211; 14 Seiten Schritt-f\u00fcr-Schritt beschrieben!<\/p>\n<p>Sie\u00a0 ist dadurch auch schon f\u00fcr Anf\u00e4nger geeignet.<\/p>\n<p>&nbsp;<\/p>\n<p>mehr Bilder von flei\u00dfigen H\u00e4nden findet ihr<\/p>\n<p><strong><a href=\"https:\/\/dadade.eu\/?p=18646\">KLICKE HIER<\/a><\/strong><\/p>\n<p>&nbsp;<\/p>\n<p>&nbsp;<\/p>\n","protected":false},"excerpt":{"rendered":"<div id=\"cc-m-13954443088\" class=\"j-module n j-text \">\n<p>Hier kauft man nur die Anleitungen f\u00fcr diese witzigen Schw\u00e4mme,<\/p>\n<p>Sie sind mit einem Garn von Rico Design geh\u00e4kelt, Creative Bubble!<\/p>\n<p>Ob als Badeschwamm, \u00a0oder als K\u00fcchenschwamm,<\/p>\n<p>Schluss mit Langeweile im Badezimmer oder in der K\u00fcche. So macht das Abwaschen richtig Spa\u00df,<\/p>\n<p>Mit den verschiedenen lustigen und tierischen Motiven eignen sich diese selbstgemachten Schw\u00e4mme auch super zum Verschenken, gerade jetzt im Herbst.<\/p>\n<p>Das Garn l\u00e4sst sich gut verarbeiten und ist bei 60\u00b0C waschbar.<\/p>\n<p>Sie sind sehr schnell geh\u00e4kelt und auch schon f\u00fcr Anf\u00e4nger geeignet<\/p>\n<p>Wie???\u00a0Ihr habt keine Bubble-Wolle???<\/p>\n<p>Dann h\u00e4kelt doch meine Schw\u00e4mme einfach mal mit d\u00fcnnem Garn,<\/p>\n<p>mal als Schl\u00fcsselanh\u00e4nger, oder als Anh\u00e4nger f\u00fcr P\u00e4ckchen oder den Tannenbaum<\/p>\n<p>je nachdem, was die Wollreste- Kiste hergibt<\/p>\n<p>Die Anleitungen sind auch als Applikationen um Hosen usw. zu verzieren, super geeignet,<\/p>\n<p>Mit der Nadelst\u00e4rke 3,5 wird der Weihnachts-Stern ungef\u00e4hr; 25 x 18cm<\/p>\n<p>die Glocke ungef\u00e4hr; 15 x 14cm, der Wichtel ungef\u00e4hr; 24 x 13cm<\/p>\n<p>der Pinguin ungef\u00e4hr; 18 x 12cm,<\/p>\n<p>EXTRA &#8211; der Stiefel wird ungef\u00e4hr; 12 x 12cm<\/p>\n<\/div>\n","protected":false},"featured_media":19463,"template":"","meta":[],"product_brand":[],"product_cat":[56,48,1479,384],"product_tag":[90,1377,1463,1467,1468,242,1466,87,1460,1465,299,1535,1537,94,93,92,1464,1504,1461,181,1282,629,630,195,431,1514,1536,1462,1531,1526,1505,161,157,683,1283,1542,1317,165,164,95,96],"class_list":{"0":"post-19427","1":"product","2":"type-product","3":"status-publish","4":"has-post-thumbnail","6":"product_cat-2einfach","7":"product_cat-haus-deko","8":"product_cat-schwamm-und-waschhandschuh","9":"product_cat-winter-weihnachten","10":"product_tag-amigurumi","11":"product_tag-baden","12":"product_tag-badeschwamm","13":"product_tag-badezimmer","14":"product_tag-creative-bubble-von-rico-design","15":"product_tag-dekoration-haekeln","16":"product_tag-duschschwamm","17":"product_tag-geschenk","18":"product_tag-geschenke-haekeln","19":"product_tag-geschenke-selbermachen","20":"product_tag-geschenkidee","21":"product_tag-glocke","22":"product_tag-glocke-haekeln","23":"product_tag-haekelanleitung","24":"product_tag-haekeln","25":"product_tag-kinder","26":"product_tag-kuechenschwamm","27":"product_tag-kuechentuch","28":"product_tag-kuechenzubehoer","29":"product_tag-lustig","30":"product_tag-nikolaus","31":"product_tag-pinguin","32":"product_tag-pinguin-haekeln","33":"product_tag-praesent","34":"product_tag-rentier","35":"product_tag-schwamm","36":"product_tag-schwamm-glocke","37":"product_tag-schwamm-haekeln","38":"product_tag-schwamm-stern","39":"product_tag-spuelschwamm","40":"product_tag-spuelschwamm-haekeln","41":"product_tag-stern","42":"product_tag-stern-haekeln","43":"product_tag-weihnachten","44":"product_tag-weihnachtsmann","45":"product_tag-weihnachtspinguin","46":"product_tag-weihnachtswichtel","47":"product_tag-wichtel","48":"product_tag-wichtel-haekeln","49":"product_tag-wolle","50":"product_tag-wollreste","52":"first","53":"instock","54":"shipping-taxable","55":"purchasable","56":"product-type-variable"},"_links":{"self":[{"href":"https:\/\/dadade.eu\/index.php?rest_route=\/wp\/v2\/product\/19427","targetHints":{"allow":["GET"]}}],"collection":[{"href":"https:\/\/dadade.eu\/index.php?rest_route=\/wp\/v2\/product"}],"about":[{"href":"https:\/\/dadade.eu\/index.php?rest_route=\/wp\/v2\/types\/product"}],"wp:featuredmedia":[{"embeddable":true,"href":"https:\/\/dadade.eu\/index.php?rest_route=\/wp\/v2\/media\/19463"}],"wp:attachment":[{"href":"https:\/\/dadade.eu\/index.php?rest_route=%2Fwp%2Fv2%2Fmedia&parent=19427"}],"wp:term":[{"taxonomy":"product_brand","embeddable":true,"href":"https:\/\/dadade.eu\/index.php?rest_route=%2Fwp%2Fv2%2Fproduct_brand&post=19427"},{"taxonomy":"product_cat","embeddable":true,"href":"https:\/\/dadade.eu\/index.php?rest_route=%2Fwp%2Fv2%2Fproduct_cat&post=19427"},{"taxonomy":"product_tag","embeddable":true,"href":"https:\/\/dadade.eu\/index.php?rest_route=%2Fwp%2Fv2%2Fproduct_tag&post=19427"}],"curies":[{"name":"wp","href":"https:\/\/api.w.org\/{rel}","templated":true}]}}