{"id":19410,"date":"2017-11-07T19:13:49","date_gmt":"2017-11-07T18:13:49","guid":{"rendered":"https:\/\/dadade.eu\/?post_type=product&#038;p=19410"},"modified":"2023-11-28T17:29:11","modified_gmt":"2023-11-28T16:29:11","slug":"spuelschwamm-schaukel-rentier-s227","status":"publish","type":"product","link":"https:\/\/dadade.eu\/?product=spuelschwamm-schaukel-rentier-s227","title":{"rendered":"Sp\u00fclschwamm Schaukel-Rentier (S227)"},"content":{"rendered":"<p>&nbsp;<\/p>\n<p><strong><a href=\"https:\/\/dadade.eu\/?product=schwaemme-weihnachten-schwamm-rentier-engel-nikolaus-tannenbaum-schneemann-s226\"><img fetchpriority=\"high\" decoding=\"async\" class=\"alignnone size-medium wp-image-19415\" src=\"https:\/\/dadade.eu\/wp-content\/uploads\/2023\/08\/Spuelschwamm-Schaukel-Rentier-5-300x225.jpg\" alt=\"\" width=\"300\" height=\"225\" srcset=\"https:\/\/dadade.eu\/wp-content\/uploads\/2023\/08\/Spuelschwamm-Schaukel-Rentier-5-300x225.jpg 300w, https:\/\/dadade.eu\/wp-content\/uploads\/2023\/08\/Spuelschwamm-Schaukel-Rentier-5-600x450.jpg 600w, https:\/\/dadade.eu\/wp-content\/uploads\/2023\/08\/Spuelschwamm-Schaukel-Rentier-5-64x48.jpg 64w, https:\/\/dadade.eu\/wp-content\/uploads\/2023\/08\/Spuelschwamm-Schaukel-Rentier-5-1024x768.jpg 1024w, https:\/\/dadade.eu\/wp-content\/uploads\/2023\/08\/Spuelschwamm-Schaukel-Rentier-5-768x576.jpg 768w, https:\/\/dadade.eu\/wp-content\/uploads\/2023\/08\/Spuelschwamm-Schaukel-Rentier-5.jpg 1400w\" sizes=\"(max-width: 300px) 100vw, 300px\" \/>S227 Schwamm Schaukelrentier <\/a><\/strong><\/p>\n<p><strong><a href=\"https:\/\/dadade.eu\/?product=schwaemme-weihnachten-schwamm-rentier-engel-nikolaus-tannenbaum-schneemann-s226\"><img decoding=\"async\" class=\"alignnone size-medium wp-image-19407\" src=\"https:\/\/dadade.eu\/wp-content\/uploads\/2023\/08\/5-Spuelschwaemme-Weihnachten-1-300x225.jpg\" alt=\"\" width=\"300\" height=\"225\" srcset=\"https:\/\/dadade.eu\/wp-content\/uploads\/2023\/08\/5-Spuelschwaemme-Weihnachten-1-300x225.jpg 300w, https:\/\/dadade.eu\/wp-content\/uploads\/2023\/08\/5-Spuelschwaemme-Weihnachten-1-600x450.jpg 600w, https:\/\/dadade.eu\/wp-content\/uploads\/2023\/08\/5-Spuelschwaemme-Weihnachten-1-64x48.jpg 64w, https:\/\/dadade.eu\/wp-content\/uploads\/2023\/08\/5-Spuelschwaemme-Weihnachten-1-1024x768.jpg 1024w, https:\/\/dadade.eu\/wp-content\/uploads\/2023\/08\/5-Spuelschwaemme-Weihnachten-1-768x576.jpg 768w, https:\/\/dadade.eu\/wp-content\/uploads\/2023\/08\/5-Spuelschwaemme-Weihnachten-1.jpg 1400w\" sizes=\"(max-width: 300px) 100vw, 300px\" \/>den Schwamm gibt es kostenlos im Sparpaket Weihnach<\/a><\/strong><strong><a href=\"https:\/\/dadade.eu\/?product=himmlische-schwaemme-schwamm-mond-sonne-2x-stern-s215\">tliche Schw\u00e4mme dazu<\/a><\/strong><\/p>\n<p>Die Anleitung ist ausf\u00fchrlich auf\u00a0 11 Seiten beschrieben und mit vielen Bildern hinterlegt<\/p>\n<p>Sie\u00a0 ist dadurch auch schon f\u00fcr Anf\u00e4nger geeignet.<\/p>\n<p>mehr Bilder von flei\u00dfigen H\u00e4nden findet ihr<\/p>\n<p><strong><a href=\"https:\/\/dadade.eu\/?p=18646\">KLICKE HIER<\/a><\/strong><\/p>\n<p>&nbsp;<\/p>\n<p>&nbsp;<\/p>\n","protected":false},"excerpt":{"rendered":"<div id=\"cc-m-13954443088\" class=\"j-module n j-text \">\n<p>Hier findet man nur die Anleitung f\u00fcr diesen lustigen Schwamm &#8211; das Schaukel-Rentier<\/p>\n<p>geh\u00e4kelt mit dem witzigen Garn von Rico Design.<\/p>\n<p>Es muss nicht immer ein Schaukelpferd sein. Schluss mit Langeweile in der K\u00fcche oder auch im Badezimmer.<\/p>\n<p>Meine Testkinder fanden die Beiden\u00a0 super cool in der Badewanne, ob zum Spielen, oder zum Abrubbeln, &#8220; das kitzelt so sch\u00f6n&#8220;<\/p>\n<p>oder auch zum Peeling f\u00fcr die Frau Mama,<\/p>\n<p><strong><a href=\"https:\/\/dadade.eu\/?product=schwaemme-weihnachten-schwamm-rentier-engel-nikolaus-tannenbaum-schneemann-s226\">S227 Schwamm Schaukelrentier <\/a><a href=\"https:\/\/dadade.eu\/?product=schwaemme-weihnachten-schwamm-rentier-engel-nikolaus-tannenbaum-schneemann-s226\">den Schwamm gibt es kostenlos im Sparpaket Weihnachtliche Schw\u00e4mme dazu<\/a><\/strong><\/p>\n<p>Die Schw\u00e4mme kann man bei 60\u00b0C waschen.<\/p>\n<p>Mit der Nadelst\u00e4rke 3,5 das Schaukel-Rentier ungef\u00e4hr; 16 x 16cm<\/p>\n<p>Sie sind sehr schnell geh\u00e4kelt und auch schon f\u00fcr Anf\u00e4nger geeignet<\/p>\n<p>&nbsp;<\/p>\n<\/div>\n","protected":false},"featured_media":19411,"template":"","meta":[],"product_brand":[],"product_cat":[56,62,1479],"product_tag":[90,1377,1463,1471,1467,1468,242,1466,87,1460,1465,299,94,93,92,181,195,431,1161,1541,1462,1456,533,196,1469,95,96],"class_list":{"0":"post-19410","1":"product","2":"type-product","3":"status-publish","4":"has-post-thumbnail","6":"product_cat-2einfach","7":"product_cat-gratis","8":"product_cat-schwamm-und-waschhandschuh","9":"product_tag-amigurumi","10":"product_tag-baden","11":"product_tag-badeschwamm","12":"product_tag-badewanne","13":"product_tag-badezimmer","14":"product_tag-creative-bubble-von-rico-design","15":"product_tag-dekoration-haekeln","16":"product_tag-duschschwamm","17":"product_tag-geschenk","18":"product_tag-geschenke-haekeln","19":"product_tag-geschenke-selbermachen","20":"product_tag-geschenkidee","21":"product_tag-haekelanleitung","22":"product_tag-haekeln","23":"product_tag-kinder","24":"product_tag-lustig","25":"product_tag-praesent","26":"product_tag-rentier","27":"product_tag-rentier-haekeln","28":"product_tag-schaukel-rentier","29":"product_tag-schwamm-haekeln","30":"product_tag-schwammwolle","31":"product_tag-schwein-haekeln","32":"product_tag-spielzeug","33":"product_tag-waschhandschuh","34":"product_tag-wolle","35":"product_tag-wollreste","37":"first","38":"instock","39":"downloadable","40":"shipping-taxable","41":"product-type-simple"},"_links":{"self":[{"href":"https:\/\/dadade.eu\/index.php?rest_route=\/wp\/v2\/product\/19410","targetHints":{"allow":["GET"]}}],"collection":[{"href":"https:\/\/dadade.eu\/index.php?rest_route=\/wp\/v2\/product"}],"about":[{"href":"https:\/\/dadade.eu\/index.php?rest_route=\/wp\/v2\/types\/product"}],"wp:featuredmedia":[{"embeddable":true,"href":"https:\/\/dadade.eu\/index.php?rest_route=\/wp\/v2\/media\/19411"}],"wp:attachment":[{"href":"https:\/\/dadade.eu\/index.php?rest_route=%2Fwp%2Fv2%2Fmedia&parent=19410"}],"wp:term":[{"taxonomy":"product_brand","embeddable":true,"href":"https:\/\/dadade.eu\/index.php?rest_route=%2Fwp%2Fv2%2Fproduct_brand&post=19410"},{"taxonomy":"product_cat","embeddable":true,"href":"https:\/\/dadade.eu\/index.php?rest_route=%2Fwp%2Fv2%2Fproduct_cat&post=19410"},{"taxonomy":"product_tag","embeddable":true,"href":"https:\/\/dadade.eu\/index.php?rest_route=%2Fwp%2Fv2%2Fproduct_tag&post=19410"}],"curies":[{"name":"wp","href":"https:\/\/api.w.org\/{rel}","templated":true}]}}