{"id":19374,"date":"2017-11-07T18:29:34","date_gmt":"2017-11-07T17:29:34","guid":{"rendered":"https:\/\/dadade.eu\/?post_type=product&#038;p=19374"},"modified":"2023-08-08T10:14:55","modified_gmt":"2023-08-08T08:14:55","slug":"schwaemme-weihnachten-schwamm-rentier-engel-nikolaus-tannenbaum-schneemann-s226","status":"publish","type":"product","link":"https:\/\/dadade.eu\/?product=schwaemme-weihnachten-schwamm-rentier-engel-nikolaus-tannenbaum-schneemann-s226","title":{"rendered":"Schw\u00e4mme, Weihnachten Schwamm Rentier, Engel, Nikolaus, Tannenbaum &#038; Schneemann (S226)"},"content":{"rendered":"<p><img fetchpriority=\"high\" decoding=\"async\" class=\"alignnone size-medium wp-image-19385\" src=\"https:\/\/dadade.eu\/wp-content\/uploads\/2023\/08\/Spuelschwamm-Rentier-8-300x225.jpg\" alt=\"\" width=\"300\" height=\"225\" srcset=\"https:\/\/dadade.eu\/wp-content\/uploads\/2023\/08\/Spuelschwamm-Rentier-8-300x225.jpg 300w, https:\/\/dadade.eu\/wp-content\/uploads\/2023\/08\/Spuelschwamm-Rentier-8-600x450.jpg 600w, https:\/\/dadade.eu\/wp-content\/uploads\/2023\/08\/Spuelschwamm-Rentier-8-64x48.jpg 64w, https:\/\/dadade.eu\/wp-content\/uploads\/2023\/08\/Spuelschwamm-Rentier-8-1024x768.jpg 1024w, https:\/\/dadade.eu\/wp-content\/uploads\/2023\/08\/Spuelschwamm-Rentier-8-768x576.jpg 768w, https:\/\/dadade.eu\/wp-content\/uploads\/2023\/08\/Spuelschwamm-Rentier-8.jpg 1400w\" sizes=\"(max-width: 300px) 100vw, 300px\" \/>S221 Schwamm Rentier<\/p>\n<p><img decoding=\"async\" class=\"alignnone size-medium wp-image-19389\" src=\"https:\/\/dadade.eu\/wp-content\/uploads\/2023\/08\/Spuelschwamm-Engel-5-300x225.jpg\" alt=\"\" width=\"300\" height=\"225\" srcset=\"https:\/\/dadade.eu\/wp-content\/uploads\/2023\/08\/Spuelschwamm-Engel-5-300x225.jpg 300w, https:\/\/dadade.eu\/wp-content\/uploads\/2023\/08\/Spuelschwamm-Engel-5-600x450.jpg 600w, https:\/\/dadade.eu\/wp-content\/uploads\/2023\/08\/Spuelschwamm-Engel-5-64x48.jpg 64w, https:\/\/dadade.eu\/wp-content\/uploads\/2023\/08\/Spuelschwamm-Engel-5-1024x768.jpg 1024w, https:\/\/dadade.eu\/wp-content\/uploads\/2023\/08\/Spuelschwamm-Engel-5-768x576.jpg 768w, https:\/\/dadade.eu\/wp-content\/uploads\/2023\/08\/Spuelschwamm-Engel-5.jpg 1400w\" sizes=\"(max-width: 300px) 100vw, 300px\" \/>S222 Schwamm Engel<\/p>\n<p><img decoding=\"async\" class=\"alignnone size-medium wp-image-19396\" src=\"https:\/\/dadade.eu\/wp-content\/uploads\/2023\/08\/Spuelschwamm-Nikolaus-8-300x225.jpg\" alt=\"\" width=\"300\" height=\"225\" srcset=\"https:\/\/dadade.eu\/wp-content\/uploads\/2023\/08\/Spuelschwamm-Nikolaus-8-300x225.jpg 300w, https:\/\/dadade.eu\/wp-content\/uploads\/2023\/08\/Spuelschwamm-Nikolaus-8-600x450.jpg 600w, https:\/\/dadade.eu\/wp-content\/uploads\/2023\/08\/Spuelschwamm-Nikolaus-8-64x48.jpg 64w, https:\/\/dadade.eu\/wp-content\/uploads\/2023\/08\/Spuelschwamm-Nikolaus-8-1024x768.jpg 1024w, https:\/\/dadade.eu\/wp-content\/uploads\/2023\/08\/Spuelschwamm-Nikolaus-8-768x576.jpg 768w, https:\/\/dadade.eu\/wp-content\/uploads\/2023\/08\/Spuelschwamm-Nikolaus-8.jpg 1400w\" sizes=\"(max-width: 300px) 100vw, 300px\" \/>S223 Schwamm Nikolaus<\/p>\n<p><img loading=\"lazy\" decoding=\"async\" class=\"alignnone size-medium wp-image-19401\" src=\"https:\/\/dadade.eu\/wp-content\/uploads\/2023\/08\/Spuelschwamm-Tannenbaum-10-300x225.jpg\" alt=\"\" width=\"300\" height=\"225\" srcset=\"https:\/\/dadade.eu\/wp-content\/uploads\/2023\/08\/Spuelschwamm-Tannenbaum-10-300x225.jpg 300w, https:\/\/dadade.eu\/wp-content\/uploads\/2023\/08\/Spuelschwamm-Tannenbaum-10-600x450.jpg 600w, https:\/\/dadade.eu\/wp-content\/uploads\/2023\/08\/Spuelschwamm-Tannenbaum-10-64x48.jpg 64w, https:\/\/dadade.eu\/wp-content\/uploads\/2023\/08\/Spuelschwamm-Tannenbaum-10-1024x768.jpg 1024w, https:\/\/dadade.eu\/wp-content\/uploads\/2023\/08\/Spuelschwamm-Tannenbaum-10-768x576.jpg 768w, https:\/\/dadade.eu\/wp-content\/uploads\/2023\/08\/Spuelschwamm-Tannenbaum-10.jpg 1400w\" sizes=\"(max-width: 300px) 100vw, 300px\" \/>S224 Schwamm Tannenbaum<\/p>\n<p><img loading=\"lazy\" decoding=\"async\" class=\"alignnone size-medium wp-image-19403\" src=\"https:\/\/dadade.eu\/wp-content\/uploads\/2023\/08\/Spuelschwamm-Schneemann-3-300x225.jpg\" alt=\"\" width=\"300\" height=\"225\" srcset=\"https:\/\/dadade.eu\/wp-content\/uploads\/2023\/08\/Spuelschwamm-Schneemann-3-300x225.jpg 300w, https:\/\/dadade.eu\/wp-content\/uploads\/2023\/08\/Spuelschwamm-Schneemann-3-600x450.jpg 600w, https:\/\/dadade.eu\/wp-content\/uploads\/2023\/08\/Spuelschwamm-Schneemann-3-64x48.jpg 64w, https:\/\/dadade.eu\/wp-content\/uploads\/2023\/08\/Spuelschwamm-Schneemann-3-1024x768.jpg 1024w, https:\/\/dadade.eu\/wp-content\/uploads\/2023\/08\/Spuelschwamm-Schneemann-3-768x576.jpg 768w, https:\/\/dadade.eu\/wp-content\/uploads\/2023\/08\/Spuelschwamm-Schneemann-3.jpg 1400w\" sizes=\"(max-width: 300px) 100vw, 300px\" \/>S225 Schwamm Schneemann<\/p>\n<p><img loading=\"lazy\" decoding=\"async\" class=\"alignnone size-medium wp-image-19408\" src=\"https:\/\/dadade.eu\/wp-content\/uploads\/2023\/08\/5-Spuelschwaemme-Weihnachten-2-300x225.jpg\" alt=\"\" width=\"300\" height=\"225\" srcset=\"https:\/\/dadade.eu\/wp-content\/uploads\/2023\/08\/5-Spuelschwaemme-Weihnachten-2-300x225.jpg 300w, https:\/\/dadade.eu\/wp-content\/uploads\/2023\/08\/5-Spuelschwaemme-Weihnachten-2-600x450.jpg 600w, https:\/\/dadade.eu\/wp-content\/uploads\/2023\/08\/5-Spuelschwaemme-Weihnachten-2-64x48.jpg 64w, https:\/\/dadade.eu\/wp-content\/uploads\/2023\/08\/5-Spuelschwaemme-Weihnachten-2-1024x768.jpg 1024w, https:\/\/dadade.eu\/wp-content\/uploads\/2023\/08\/5-Spuelschwaemme-Weihnachten-2-768x576.jpg 768w, https:\/\/dadade.eu\/wp-content\/uploads\/2023\/08\/5-Spuelschwaemme-Weihnachten-2.jpg 1400w\" sizes=\"(max-width: 300px) 100vw, 300px\" \/>S226 Schw\u00e4mme 5x Weihnachten<\/p>\n<p><a href=\"https:\/\/dadade.eu\/?product=spuelschwamm-schaukel-rentier-s227\"><b><img loading=\"lazy\" decoding=\"async\" class=\"alignnone size-medium wp-image-19415\" src=\"https:\/\/dadade.eu\/wp-content\/uploads\/2023\/08\/Spuelschwamm-Schaukel-Rentier-5-300x225.jpg\" alt=\"\" width=\"300\" height=\"225\" srcset=\"https:\/\/dadade.eu\/wp-content\/uploads\/2023\/08\/Spuelschwamm-Schaukel-Rentier-5-300x225.jpg 300w, https:\/\/dadade.eu\/wp-content\/uploads\/2023\/08\/Spuelschwamm-Schaukel-Rentier-5-600x450.jpg 600w, https:\/\/dadade.eu\/wp-content\/uploads\/2023\/08\/Spuelschwamm-Schaukel-Rentier-5-64x48.jpg 64w, https:\/\/dadade.eu\/wp-content\/uploads\/2023\/08\/Spuelschwamm-Schaukel-Rentier-5-1024x768.jpg 1024w, https:\/\/dadade.eu\/wp-content\/uploads\/2023\/08\/Spuelschwamm-Schaukel-Rentier-5-768x576.jpg 768w, https:\/\/dadade.eu\/wp-content\/uploads\/2023\/08\/Spuelschwamm-Schaukel-Rentier-5.jpg 1400w\" sizes=\"(max-width: 300px) 100vw, 300px\" \/>Schwamm Schaukel-Rentier gibt es im Sparpaket als kleines Extra-Geschenk kostenlos dazu<\/b><\/a><\/p>\n<p>Die Anleitungen sind ausf\u00fchrlich mit vielen Bildern hinterlegt und werden auf je 8 &#8211; 12 Seiten Schritt-f\u00fcr-Schritt beschrieben!<\/p>\n<p>Sie\u00a0 ist dadurch auch schon f\u00fcr Anf\u00e4nger geeignet.<\/p>\n<p>&nbsp;<\/p>\n<p>mehr Bilder von flei\u00dfigen H\u00e4nden findet ihr<\/p>\n<p><strong><a href=\"https:\/\/dadade.eu\/?p=18646\">KLICKE HIER<\/a><\/strong><\/p>\n<p>&nbsp;<\/p>\n<p>&nbsp;<\/p>\n","protected":false},"excerpt":{"rendered":"<div id=\"cc-m-13954443088\" class=\"j-module n j-text \">\n<p>Hier kauft man nur die Anleitungen f\u00fcr diese witzigen Schw\u00e4mme,<\/p>\n<p>Sie sind mit einem Garn von Rico Design geh\u00e4kelt, Creative Bubble!<\/p>\n<p>Ob als Badeschwamm, \u00a0oder als K\u00fcchenschwamm,<\/p>\n<p>Schluss mit Langeweile im Badezimmer oder in der K\u00fcche. So macht das Abwaschen richtig Spa\u00df,<\/p>\n<p>Mit den verschiedenen lustigen und tierischen Motiven eignen sich diese selbstgemachten Schw\u00e4mme auch super zum Verschenken, gerade jetzt im Herbst.<\/p>\n<p>Das Garn l\u00e4sst sich gut verarbeiten und ist bei 60\u00b0C waschbar.<\/p>\n<p>Sie sind sehr schnell geh\u00e4kelt und auch schon f\u00fcr Anf\u00e4nger geeignet<\/p>\n<p>Wie???\u00a0Ihr habt keine Bubble-Wolle???<\/p>\n<p>Dann h\u00e4kelt doch meine Schw\u00e4mme einfach mal mit d\u00fcnnem Garn,<\/p>\n<p>mal als Schl\u00fcsselanh\u00e4nger, oder als Anh\u00e4nger f\u00fcr P\u00e4ckchen oder den Tannenbaum<\/p>\n<p>je nachdem, was die Wollreste- Kiste hergibt<\/p>\n<p>Die Anleitungen sind auch als Applikationen um Hosen usw. zu verzieren, super geeignet,<\/p>\n<p>Mit der Nadelst\u00e4rke 3,5 wird das Rentier ungef\u00e4hr; 17 x 17cm<\/p>\n<p>der Engel ungef\u00e4hr; 16 x 15cm, der Nikolaus ungef\u00e4hr; 17 x 16cm<\/p>\n<p>der Baum ungef\u00e4hr; 21 x 13cm, der Schneemann ungef\u00e4hr; 19 x 11cm<\/p>\n<p>EXTRA &#8211; das Schaukel-Rentier wird ungef\u00e4hr; 16 x 16cm<\/p>\n<\/div>\n","protected":false},"featured_media":19407,"template":"","meta":[],"product_brand":[],"product_cat":[56,48,1479,384],"product_tag":[90,1377,1463,1467,1468,242,1466,554,87,1460,1465,299,94,93,126,92,1464,1504,1461,181,1282,195,431,1158,1159,1514,1462,1526,1505,1540,683,1283,95,96],"class_list":{"0":"post-19374","1":"product","2":"type-product","3":"status-publish","4":"has-post-thumbnail","6":"product_cat-2einfach","7":"product_cat-haus-deko","8":"product_cat-schwamm-und-waschhandschuh","9":"product_cat-winter-weihnachten","10":"product_tag-amigurumi","11":"product_tag-baden","12":"product_tag-badeschwamm","13":"product_tag-badezimmer","14":"product_tag-creative-bubble-von-rico-design","15":"product_tag-dekoration-haekeln","16":"product_tag-duschschwamm","17":"product_tag-engel","18":"product_tag-geschenk","19":"product_tag-geschenke-haekeln","20":"product_tag-geschenke-selbermachen","21":"product_tag-geschenkidee","22":"product_tag-haekelanleitung","23":"product_tag-haekeln","24":"product_tag-herbst","25":"product_tag-kinder","26":"product_tag-kuechenschwamm","27":"product_tag-kuechentuch","28":"product_tag-kuechenzubehoer","29":"product_tag-lustig","30":"product_tag-nikolaus","31":"product_tag-praesent","32":"product_tag-rentier","33":"product_tag-schneemann","34":"product_tag-schneemann-haekeln","35":"product_tag-schwamm","36":"product_tag-schwamm-haekeln","37":"product_tag-spuelschwamm","38":"product_tag-spuelschwamm-haekeln","39":"product_tag-tannenbaum-weihnachtsbaum","40":"product_tag-weihnachten","41":"product_tag-weihnachtsmann","42":"product_tag-wolle","43":"product_tag-wollreste","45":"first","46":"instock","47":"shipping-taxable","48":"purchasable","49":"product-type-variable"},"_links":{"self":[{"href":"https:\/\/dadade.eu\/index.php?rest_route=\/wp\/v2\/product\/19374","targetHints":{"allow":["GET"]}}],"collection":[{"href":"https:\/\/dadade.eu\/index.php?rest_route=\/wp\/v2\/product"}],"about":[{"href":"https:\/\/dadade.eu\/index.php?rest_route=\/wp\/v2\/types\/product"}],"wp:featuredmedia":[{"embeddable":true,"href":"https:\/\/dadade.eu\/index.php?rest_route=\/wp\/v2\/media\/19407"}],"wp:attachment":[{"href":"https:\/\/dadade.eu\/index.php?rest_route=%2Fwp%2Fv2%2Fmedia&parent=19374"}],"wp:term":[{"taxonomy":"product_brand","embeddable":true,"href":"https:\/\/dadade.eu\/index.php?rest_route=%2Fwp%2Fv2%2Fproduct_brand&post=19374"},{"taxonomy":"product_cat","embeddable":true,"href":"https:\/\/dadade.eu\/index.php?rest_route=%2Fwp%2Fv2%2Fproduct_cat&post=19374"},{"taxonomy":"product_tag","embeddable":true,"href":"https:\/\/dadade.eu\/index.php?rest_route=%2Fwp%2Fv2%2Fproduct_tag&post=19374"}],"curies":[{"name":"wp","href":"https:\/\/api.w.org\/{rel}","templated":true}]}}