{"id":19335,"date":"2017-12-07T15:59:13","date_gmt":"2017-12-07T14:59:13","guid":{"rendered":"https:\/\/dadade.eu\/?post_type=product&#038;p=19335"},"modified":"2024-11-15T19:37:00","modified_gmt":"2024-11-15T18:37:00","slug":"schwaemme-silvester-schwamm-schornsteinfeger-schwein-kleeblatt-marienkaefer-pilz-s244","status":"publish","type":"product","link":"https:\/\/dadade.eu\/?product=schwaemme-silvester-schwamm-schornsteinfeger-schwein-kleeblatt-marienkaefer-pilz-s244","title":{"rendered":"Schw\u00e4mme, Silvester Schwamm , Schornsteinfeger, Schwein &#038; Kleeblatt &#038; Marienk\u00e4fer-Pilz (S244)"},"content":{"rendered":"<p><img fetchpriority=\"high\" decoding=\"async\" class=\"alignnone size-medium wp-image-19342\" src=\"https:\/\/dadade.eu\/wp-content\/uploads\/2023\/08\/Spuelschwamm-Kleeblatt-1-300x225.jpg\" alt=\"\" width=\"300\" height=\"225\" srcset=\"https:\/\/dadade.eu\/wp-content\/uploads\/2023\/08\/Spuelschwamm-Kleeblatt-1-300x225.jpg 300w, https:\/\/dadade.eu\/wp-content\/uploads\/2023\/08\/Spuelschwamm-Kleeblatt-1-600x450.jpg 600w, https:\/\/dadade.eu\/wp-content\/uploads\/2023\/08\/Spuelschwamm-Kleeblatt-1-64x48.jpg 64w, https:\/\/dadade.eu\/wp-content\/uploads\/2023\/08\/Spuelschwamm-Kleeblatt-1-1024x768.jpg 1024w, https:\/\/dadade.eu\/wp-content\/uploads\/2023\/08\/Spuelschwamm-Kleeblatt-1-768x576.jpg 768w, https:\/\/dadade.eu\/wp-content\/uploads\/2023\/08\/Spuelschwamm-Kleeblatt-1.jpg 1400w\" sizes=\"(max-width: 300px) 100vw, 300px\" \/>S241 Schwamm Kleeblatt mit Marienk\u00e4fer<\/p>\n<p><img decoding=\"async\" class=\"alignnone size-medium wp-image-19350\" src=\"https:\/\/dadade.eu\/wp-content\/uploads\/2023\/08\/xSpuelschwamm-Kleeblatt-11-300x225.jpg\" alt=\"\" width=\"300\" height=\"225\" srcset=\"https:\/\/dadade.eu\/wp-content\/uploads\/2023\/08\/xSpuelschwamm-Kleeblatt-11-300x225.jpg 300w, https:\/\/dadade.eu\/wp-content\/uploads\/2023\/08\/xSpuelschwamm-Kleeblatt-11-600x450.jpg 600w, https:\/\/dadade.eu\/wp-content\/uploads\/2023\/08\/xSpuelschwamm-Kleeblatt-11-64x48.jpg 64w, https:\/\/dadade.eu\/wp-content\/uploads\/2023\/08\/xSpuelschwamm-Kleeblatt-11-1024x768.jpg 1024w, https:\/\/dadade.eu\/wp-content\/uploads\/2023\/08\/xSpuelschwamm-Kleeblatt-11-768x576.jpg 768w, https:\/\/dadade.eu\/wp-content\/uploads\/2023\/08\/xSpuelschwamm-Kleeblatt-11.jpg 1400w\" sizes=\"(max-width: 300px) 100vw, 300px\" \/>&amp; Pilz<\/p>\n<p><img decoding=\"async\" class=\"alignnone size-medium wp-image-19355\" src=\"https:\/\/dadade.eu\/wp-content\/uploads\/2023\/08\/Spuelschwamm-Schornsteinfeger-1-300x225.jpg\" alt=\"\" width=\"300\" height=\"225\" srcset=\"https:\/\/dadade.eu\/wp-content\/uploads\/2023\/08\/Spuelschwamm-Schornsteinfeger-1-300x225.jpg 300w, https:\/\/dadade.eu\/wp-content\/uploads\/2023\/08\/Spuelschwamm-Schornsteinfeger-1-600x450.jpg 600w, https:\/\/dadade.eu\/wp-content\/uploads\/2023\/08\/Spuelschwamm-Schornsteinfeger-1-64x48.jpg 64w, https:\/\/dadade.eu\/wp-content\/uploads\/2023\/08\/Spuelschwamm-Schornsteinfeger-1-1024x768.jpg 1024w, https:\/\/dadade.eu\/wp-content\/uploads\/2023\/08\/Spuelschwamm-Schornsteinfeger-1-768x576.jpg 768w, https:\/\/dadade.eu\/wp-content\/uploads\/2023\/08\/Spuelschwamm-Schornsteinfeger-1.jpg 1400w\" sizes=\"(max-width: 300px) 100vw, 300px\" \/>S242 Schwamm Schornsteinfeger<\/p>\n<p><img loading=\"lazy\" decoding=\"async\" class=\"alignnone size-medium wp-image-19362\" src=\"https:\/\/dadade.eu\/wp-content\/uploads\/2023\/08\/Spuelschwamm-Schwein-4-300x225.jpg\" alt=\"\" width=\"300\" height=\"225\" srcset=\"https:\/\/dadade.eu\/wp-content\/uploads\/2023\/08\/Spuelschwamm-Schwein-4-300x225.jpg 300w, https:\/\/dadade.eu\/wp-content\/uploads\/2023\/08\/Spuelschwamm-Schwein-4-600x450.jpg 600w, https:\/\/dadade.eu\/wp-content\/uploads\/2023\/08\/Spuelschwamm-Schwein-4-64x48.jpg 64w, https:\/\/dadade.eu\/wp-content\/uploads\/2023\/08\/Spuelschwamm-Schwein-4-1024x768.jpg 1024w, https:\/\/dadade.eu\/wp-content\/uploads\/2023\/08\/Spuelschwamm-Schwein-4-768x576.jpg 768w, https:\/\/dadade.eu\/wp-content\/uploads\/2023\/08\/Spuelschwamm-Schwein-4.jpg 1400w\" sizes=\"(max-width: 300px) 100vw, 300px\" \/>S243 Schwamm Schwein &amp; Gl\u00fccks-Schwein<\/p>\n<p><img loading=\"lazy\" decoding=\"async\" class=\"alignnone size-medium wp-image-19367\" src=\"https:\/\/dadade.eu\/wp-content\/uploads\/2023\/08\/xsilvester-Spuelschwaemme-2-300x225.jpg\" alt=\"\" width=\"300\" height=\"225\" srcset=\"https:\/\/dadade.eu\/wp-content\/uploads\/2023\/08\/xsilvester-Spuelschwaemme-2-300x225.jpg 300w, https:\/\/dadade.eu\/wp-content\/uploads\/2023\/08\/xsilvester-Spuelschwaemme-2-600x450.jpg 600w, https:\/\/dadade.eu\/wp-content\/uploads\/2023\/08\/xsilvester-Spuelschwaemme-2-64x48.jpg 64w, https:\/\/dadade.eu\/wp-content\/uploads\/2023\/08\/xsilvester-Spuelschwaemme-2-1024x768.jpg 1024w, https:\/\/dadade.eu\/wp-content\/uploads\/2023\/08\/xsilvester-Spuelschwaemme-2-768x576.jpg 768w, https:\/\/dadade.eu\/wp-content\/uploads\/2023\/08\/xsilvester-Spuelschwaemme-2.jpg 1400w\" sizes=\"(max-width: 300px) 100vw, 300px\" \/>S244 Schw\u00e4mme 3 Silvester<\/p>\n<p><strong><a href=\"https:\/\/dadade.eu\/?product=spuelschwamm-wildschwein-s105\"><img loading=\"lazy\" decoding=\"async\" class=\"alignnone size-medium wp-image-18621\" src=\"https:\/\/dadade.eu\/wp-content\/uploads\/2023\/07\/xSpuelschwamm-Wildschwein-4-300x225.jpg\" alt=\"\" width=\"300\" height=\"225\" srcset=\"https:\/\/dadade.eu\/wp-content\/uploads\/2023\/07\/xSpuelschwamm-Wildschwein-4-300x225.jpg 300w, https:\/\/dadade.eu\/wp-content\/uploads\/2023\/07\/xSpuelschwamm-Wildschwein-4-600x450.jpg 600w, https:\/\/dadade.eu\/wp-content\/uploads\/2023\/07\/xSpuelschwamm-Wildschwein-4-64x48.jpg 64w, https:\/\/dadade.eu\/wp-content\/uploads\/2023\/07\/xSpuelschwamm-Wildschwein-4-1024x768.jpg 1024w, https:\/\/dadade.eu\/wp-content\/uploads\/2023\/07\/xSpuelschwamm-Wildschwein-4-768x576.jpg 768w, https:\/\/dadade.eu\/wp-content\/uploads\/2023\/07\/xSpuelschwamm-Wildschwein-4.jpg 1400w\" sizes=\"(max-width: 300px) 100vw, 300px\" \/>Schwamm Wildschwein, gibt es im Sparpaket als kleines Extra-Geschenk kostenlos dazu<\/a><\/strong><\/p>\n<p>Die Anleitungen sind ausf\u00fchrlich mit vielen Bildern hinterlegt und werden auf je 8 &#8211; 10 Seiten Schritt-f\u00fcr-Schritt beschrieben!<\/p>\n<p>Sie\u00a0 ist dadurch auch schon f\u00fcr Anf\u00e4nger geeignet.<\/p>\n<p>&nbsp;<\/p>\n<p>mehr Bilder von flei\u00dfigen H\u00e4nden findet ihr<\/p>\n<p><strong><a href=\"https:\/\/dadade.eu\/?p=18646\">KLICKE HIER<\/a><\/strong><\/p>\n<p>&nbsp;<\/p>\n<p>&nbsp;<\/p>\n","protected":false},"excerpt":{"rendered":"<div id=\"cc-m-13954443088\" class=\"j-module n j-text \">\n<p>Hier kauft man nur die Anleitungen f\u00fcr diese witzigen Schw\u00e4mme, sie sind nicht nur zu Silvester der Knaller<\/p>\n<p>Sie sind mit einem Garn von Rico Design geh\u00e4kelt, Creative Bubble!<\/p>\n<p>Ob als Badeschwamm, \u00a0oder als K\u00fcchenschwamm,<\/p>\n<p>Schluss mit Langeweile im Badezimmer oder in der K\u00fcche. So macht das Abwaschen richtig Spa\u00df,<\/p>\n<p>Mit den verschiedenen lustigen und tierischen Motiven eignen sich diese selbstgemachten Schw\u00e4mme auch super zum Verschenken, gerade jetzt im Herbst.<\/p>\n<p>Das Garn l\u00e4sst sich gut verarbeiten und ist bei 60\u00b0C waschbar.<\/p>\n<p>Sie sind sehr schnell geh\u00e4kelt und auch schon f\u00fcr Anf\u00e4nger geeignet<\/p>\n<p>Wie???\u00a0Ihr habt keine Bubble-Wolle???<\/p>\n<p>Dann h\u00e4kelt doch meine Schw\u00e4mme einfach mal mit d\u00fcnnem Garn,<\/p>\n<p>als Taschenbaumler, Ranzenanh\u00e4nger, oder auch mal als Schl\u00fcsselanh\u00e4nger,<\/p>\n<p>je nachdem, was die Wollreste- Kiste hergibt<\/p>\n<p>Die Anleitungen sind auch als Applikationen um Hosen usw. zu verzieren, super geeignet,<\/p>\n<p>Mit der Nadelst\u00e4rke 3,5 wird das Kleeblatt ungef\u00e4hr; 18 x 18cm,<\/p>\n<p>der Schornsteinfeger ungef\u00e4hr; 22 x 14cm<\/p>\n<p>das Schwein ungef\u00e4hr; 18 x 13cm<\/p>\n<\/div>\n","protected":false},"featured_media":19366,"template":"","meta":[],"product_brand":[],"product_cat":[56,48,1479,386,384],"product_tag":[90,1377,1463,1467,1468,242,1466,87,1460,1465,299,1360,1539,94,93,1538,92,529,1464,1504,1461,181,100,125,195,136,1462,533,135,1526,1505,95,96],"class_list":{"0":"post-19335","1":"product","2":"type-product","3":"status-publish","4":"has-post-thumbnail","6":"product_cat-2einfach","7":"product_cat-haus-deko","8":"product_cat-schwamm-und-waschhandschuh","9":"product_cat-silvester","10":"product_cat-winter-weihnachten","11":"product_tag-amigurumi","12":"product_tag-baden","13":"product_tag-badeschwamm","14":"product_tag-badezimmer","15":"product_tag-creative-bubble-von-rico-design","16":"product_tag-dekoration-haekeln","17":"product_tag-duschschwamm","18":"product_tag-geschenk","19":"product_tag-geschenke-haekeln","20":"product_tag-geschenke-selbermachen","21":"product_tag-geschenkidee","22":"product_tag-glueck","23":"product_tag-gluecksymbol","24":"product_tag-haekelanleitung","25":"product_tag-haekeln","26":"product_tag-jahreswechsel","27":"product_tag-kinder","28":"product_tag-kleeblatt","29":"product_tag-kuechenschwamm","30":"product_tag-kuechentuch","31":"product_tag-kuechenzubehoer","32":"product_tag-lustig","33":"product_tag-marienkaefer","34":"product_tag-pilz","35":"product_tag-praesent","36":"product_tag-schornsteinfeger","37":"product_tag-schwamm-haekeln","38":"product_tag-schwein-haekeln","39":"product_tag-silvester","40":"product_tag-spuelschwamm","41":"product_tag-spuelschwamm-haekeln","42":"product_tag-wolle","43":"product_tag-wollreste","45":"first","46":"instock","47":"shipping-taxable","48":"purchasable","49":"product-type-variable"},"_links":{"self":[{"href":"https:\/\/dadade.eu\/index.php?rest_route=\/wp\/v2\/product\/19335","targetHints":{"allow":["GET"]}}],"collection":[{"href":"https:\/\/dadade.eu\/index.php?rest_route=\/wp\/v2\/product"}],"about":[{"href":"https:\/\/dadade.eu\/index.php?rest_route=\/wp\/v2\/types\/product"}],"wp:featuredmedia":[{"embeddable":true,"href":"https:\/\/dadade.eu\/index.php?rest_route=\/wp\/v2\/media\/19366"}],"wp:attachment":[{"href":"https:\/\/dadade.eu\/index.php?rest_route=%2Fwp%2Fv2%2Fmedia&parent=19335"}],"wp:term":[{"taxonomy":"product_brand","embeddable":true,"href":"https:\/\/dadade.eu\/index.php?rest_route=%2Fwp%2Fv2%2Fproduct_brand&post=19335"},{"taxonomy":"product_cat","embeddable":true,"href":"https:\/\/dadade.eu\/index.php?rest_route=%2Fwp%2Fv2%2Fproduct_cat&post=19335"},{"taxonomy":"product_tag","embeddable":true,"href":"https:\/\/dadade.eu\/index.php?rest_route=%2Fwp%2Fv2%2Fproduct_tag&post=19335"}],"curies":[{"name":"wp","href":"https:\/\/api.w.org\/{rel}","templated":true}]}}