{"id":19285,"date":"2017-11-07T09:33:23","date_gmt":"2017-11-07T08:33:23","guid":{"rendered":"https:\/\/dadade.eu\/?post_type=product&#038;p=19285"},"modified":"2024-11-15T19:33:06","modified_gmt":"2024-11-15T18:33:06","slug":"himmlische-schwaemme-schwamm-mond-sonne-2x-stern-s215","status":"publish","type":"product","link":"https:\/\/dadade.eu\/?product=himmlische-schwaemme-schwamm-mond-sonne-2x-stern-s215","title":{"rendered":"himmlische Schw\u00e4mme, Schwamm Mond, Sonne  &#038; 2x Stern (S215)"},"content":{"rendered":"<p><img fetchpriority=\"high\" decoding=\"async\" class=\"alignnone size-medium wp-image-19297\" src=\"https:\/\/dadade.eu\/wp-content\/uploads\/2023\/08\/Spuelschwamm-Mond-6-300x225.jpg\" alt=\"\" width=\"300\" height=\"225\" srcset=\"https:\/\/dadade.eu\/wp-content\/uploads\/2023\/08\/Spuelschwamm-Mond-6-300x225.jpg 300w, https:\/\/dadade.eu\/wp-content\/uploads\/2023\/08\/Spuelschwamm-Mond-6-600x450.jpg 600w, https:\/\/dadade.eu\/wp-content\/uploads\/2023\/08\/Spuelschwamm-Mond-6-64x48.jpg 64w, https:\/\/dadade.eu\/wp-content\/uploads\/2023\/08\/Spuelschwamm-Mond-6-1024x768.jpg 1024w, https:\/\/dadade.eu\/wp-content\/uploads\/2023\/08\/Spuelschwamm-Mond-6-768x576.jpg 768w, https:\/\/dadade.eu\/wp-content\/uploads\/2023\/08\/Spuelschwamm-Mond-6.jpg 1400w\" sizes=\"(max-width: 300px) 100vw, 300px\" \/>S211 Schwamm\u00a0 Mond<\/p>\n<p><img decoding=\"async\" class=\"alignnone size-medium wp-image-19298\" src=\"https:\/\/dadade.eu\/wp-content\/uploads\/2023\/08\/Spuelschwamm-Stern-1-300x225.jpg\" alt=\"\" width=\"300\" height=\"225\" srcset=\"https:\/\/dadade.eu\/wp-content\/uploads\/2023\/08\/Spuelschwamm-Stern-1-300x225.jpg 300w, https:\/\/dadade.eu\/wp-content\/uploads\/2023\/08\/Spuelschwamm-Stern-1-600x450.jpg 600w, https:\/\/dadade.eu\/wp-content\/uploads\/2023\/08\/Spuelschwamm-Stern-1-64x48.jpg 64w, https:\/\/dadade.eu\/wp-content\/uploads\/2023\/08\/Spuelschwamm-Stern-1-1024x768.jpg 1024w, https:\/\/dadade.eu\/wp-content\/uploads\/2023\/08\/Spuelschwamm-Stern-1-768x576.jpg 768w, https:\/\/dadade.eu\/wp-content\/uploads\/2023\/08\/Spuelschwamm-Stern-1.jpg 1400w\" sizes=\"(max-width: 300px) 100vw, 300px\" \/>S212 Schwamm Stern<\/p>\n<p><img decoding=\"async\" class=\"alignnone size-medium wp-image-19312\" src=\"https:\/\/dadade.eu\/wp-content\/uploads\/2023\/08\/Spuelschwamm-Sonne-6-300x225.jpg\" alt=\"\" width=\"300\" height=\"225\" srcset=\"https:\/\/dadade.eu\/wp-content\/uploads\/2023\/08\/Spuelschwamm-Sonne-6-300x225.jpg 300w, https:\/\/dadade.eu\/wp-content\/uploads\/2023\/08\/Spuelschwamm-Sonne-6-600x450.jpg 600w, https:\/\/dadade.eu\/wp-content\/uploads\/2023\/08\/Spuelschwamm-Sonne-6-64x48.jpg 64w, https:\/\/dadade.eu\/wp-content\/uploads\/2023\/08\/Spuelschwamm-Sonne-6-1024x768.jpg 1024w, https:\/\/dadade.eu\/wp-content\/uploads\/2023\/08\/Spuelschwamm-Sonne-6-768x576.jpg 768w, https:\/\/dadade.eu\/wp-content\/uploads\/2023\/08\/Spuelschwamm-Sonne-6.jpg 1400w\" sizes=\"(max-width: 300px) 100vw, 300px\" \/>S213 Schwamm Sonne mit Regenbogen-M\u00fctze<\/p>\n<p><img loading=\"lazy\" decoding=\"async\" class=\"alignnone size-medium wp-image-19306\" src=\"https:\/\/dadade.eu\/wp-content\/uploads\/2023\/08\/Spuelschwamm-Sternchen-7-300x225.jpg\" alt=\"\" width=\"300\" height=\"225\" srcset=\"https:\/\/dadade.eu\/wp-content\/uploads\/2023\/08\/Spuelschwamm-Sternchen-7-300x225.jpg 300w, https:\/\/dadade.eu\/wp-content\/uploads\/2023\/08\/Spuelschwamm-Sternchen-7-600x450.jpg 600w, https:\/\/dadade.eu\/wp-content\/uploads\/2023\/08\/Spuelschwamm-Sternchen-7-64x48.jpg 64w, https:\/\/dadade.eu\/wp-content\/uploads\/2023\/08\/Spuelschwamm-Sternchen-7-1024x768.jpg 1024w, https:\/\/dadade.eu\/wp-content\/uploads\/2023\/08\/Spuelschwamm-Sternchen-7-768x576.jpg 768w, https:\/\/dadade.eu\/wp-content\/uploads\/2023\/08\/Spuelschwamm-Sternchen-7.jpg 1400w\" sizes=\"(max-width: 300px) 100vw, 300px\" \/>S214 Schwamm kleines Sternchen<\/p>\n<p><img loading=\"lazy\" decoding=\"async\" class=\"alignnone size-medium wp-image-19292\" src=\"https:\/\/dadade.eu\/wp-content\/uploads\/2023\/08\/xSpuelschwaemme-Himmlisch-Kopie-300x225.jpg\" alt=\"\" width=\"300\" height=\"225\" srcset=\"https:\/\/dadade.eu\/wp-content\/uploads\/2023\/08\/xSpuelschwaemme-Himmlisch-Kopie-300x225.jpg 300w, https:\/\/dadade.eu\/wp-content\/uploads\/2023\/08\/xSpuelschwaemme-Himmlisch-Kopie-600x450.jpg 600w, https:\/\/dadade.eu\/wp-content\/uploads\/2023\/08\/xSpuelschwaemme-Himmlisch-Kopie-64x48.jpg 64w, https:\/\/dadade.eu\/wp-content\/uploads\/2023\/08\/xSpuelschwaemme-Himmlisch-Kopie-1024x768.jpg 1024w, https:\/\/dadade.eu\/wp-content\/uploads\/2023\/08\/xSpuelschwaemme-Himmlisch-Kopie-768x576.jpg 768w, https:\/\/dadade.eu\/wp-content\/uploads\/2023\/08\/xSpuelschwaemme-Himmlisch-Kopie-1536x1152.jpg 1536w, https:\/\/dadade.eu\/wp-content\/uploads\/2023\/08\/xSpuelschwaemme-Himmlisch-Kopie.jpg 1781w\" sizes=\"(max-width: 300px) 100vw, 300px\" \/>S215 himmlische Schw\u00e4mme 4<\/p>\n<p><a href=\"https:\/\/dadade.eu\/?product=spuelschwamm-glocke-s232\"><b><img loading=\"lazy\" decoding=\"async\" class=\"alignnone size-medium wp-image-19323\" src=\"https:\/\/dadade.eu\/wp-content\/uploads\/2023\/08\/Spuelschwamm-Glocke-1-300x225.jpg\" alt=\"\" width=\"300\" height=\"225\" srcset=\"https:\/\/dadade.eu\/wp-content\/uploads\/2023\/08\/Spuelschwamm-Glocke-1-300x225.jpg 300w, https:\/\/dadade.eu\/wp-content\/uploads\/2023\/08\/Spuelschwamm-Glocke-1-600x450.jpg 600w, https:\/\/dadade.eu\/wp-content\/uploads\/2023\/08\/Spuelschwamm-Glocke-1-64x48.jpg 64w, https:\/\/dadade.eu\/wp-content\/uploads\/2023\/08\/Spuelschwamm-Glocke-1-1024x768.jpg 1024w, https:\/\/dadade.eu\/wp-content\/uploads\/2023\/08\/Spuelschwamm-Glocke-1-768x576.jpg 768w, https:\/\/dadade.eu\/wp-content\/uploads\/2023\/08\/Spuelschwamm-Glocke-1.jpg 1400w\" sizes=\"(max-width: 300px) 100vw, 300px\" \/>Schwamm Glocke, gibt es im Sparpaket als kleines Extra-Geschenk kostenlos dazu<\/b><\/a><\/p>\n<p>&nbsp;<\/p>\n<p>Die Anleitungen sind ausf\u00fchrlich mit vielen Bildern hinterlegt und werden auf je 8 &#8211; 12 Seiten Schritt-f\u00fcr-Schritt beschrieben!<\/p>\n<p>Sie\u00a0 ist dadurch auch schon f\u00fcr Anf\u00e4nger geeignet.<\/p>\n<p>&nbsp;<\/p>\n<p>mehr Bilder von flei\u00dfigen H\u00e4nden findet ihr<\/p>\n<p><strong><a href=\"https:\/\/dadade.eu\/?p=18646\">KLICKE HIER<\/a><\/strong><\/p>\n<p>&nbsp;<\/p>\n<p>&nbsp;<\/p>\n","protected":false},"excerpt":{"rendered":"<div id=\"cc-m-13954443088\" class=\"j-module n j-text \">\n<p>Hier kauft man nur die Anleitungen f\u00fcr diese witzigen Schw\u00e4mme,<\/p>\n<p>Sie sind mit einem Garn von Rico Design geh\u00e4kelt, Creative Bubble!<\/p>\n<p>Ob als Badeschwamm, \u00a0oder als K\u00fcchenschwamm,<\/p>\n<p>Schluss mit Langeweile im Badezimmer oder in der K\u00fcche. So macht das Abwaschen richtig Spa\u00df,<\/p>\n<p>Mit den verschiedenen lustigen und tierischen Motiven eignen sich diese selbstgemachten Schw\u00e4mme auch super zum Verschenken, gerade jetzt im Herbst.<\/p>\n<p>Das Garn l\u00e4sst sich gut verarbeiten und ist bei 60\u00b0C waschbar.<\/p>\n<p>Sie sind sehr schnell geh\u00e4kelt und auch schon f\u00fcr Anf\u00e4nger geeignet<\/p>\n<p>Wie???\u00a0Ihr habt keine Bubble-Wolle???<\/p>\n<p>Dann h\u00e4kelt doch meine Schw\u00e4mme einfach mal mit d\u00fcnnem Garn,<\/p>\n<p>als Taschenbaumler, Ranzenanh\u00e4nger, oder auch mal als Schl\u00fcsselanh\u00e4nger,<\/p>\n<p>je nachdem, was die Wollreste- Kiste hergibt<\/p>\n<p>Die Anleitungen sind auch als Applikationen um Hosen usw. zu verzieren, super geeignet,<\/p>\n<p>Mit der Nadelst\u00e4rke 3,5 wird der Mond ungef\u00e4hr; 15 x 13cm<\/p>\n<p>der gro\u00dfe Stern ungef\u00e4hr; 25 x 18cm,<\/p>\n<p>das Sternchen ungef\u00e4hr; 21 x 21cm<\/p>\n<p>hat die Sonne ungef\u00e4hr; 18cm Durchmesser<\/p>\n<p>EXTRA &#8211;\u00a0 die Glocke wird ungef\u00e4hr; 15 x 14cm<\/p>\n<\/div>\n","protected":false},"featured_media":19292,"template":"","meta":[],"product_brand":[],"product_cat":[56,48,1479,384],"product_tag":[90,1377,1463,1467,1468,242,1466,87,1460,1465,299,94,93,92,1464,1504,1461,181,752,753,195,1462,1534,1533,1531,1061,1532,1505,161,157,1038,95,96],"class_list":{"0":"post-19285","1":"product","2":"type-product","3":"status-publish","4":"has-post-thumbnail","6":"product_cat-2einfach","7":"product_cat-haus-deko","8":"product_cat-schwamm-und-waschhandschuh","9":"product_cat-winter-weihnachten","10":"product_tag-amigurumi","11":"product_tag-baden","12":"product_tag-badeschwamm","13":"product_tag-badezimmer","14":"product_tag-creative-bubble-von-rico-design","15":"product_tag-dekoration-haekeln","16":"product_tag-duschschwamm","17":"product_tag-geschenk","18":"product_tag-geschenke-haekeln","19":"product_tag-geschenke-selbermachen","20":"product_tag-geschenkidee","21":"product_tag-haekelanleitung","22":"product_tag-haekeln","23":"product_tag-kinder","24":"product_tag-kuechenschwamm","25":"product_tag-kuechentuch","26":"product_tag-kuechenzubehoer","27":"product_tag-lustig","28":"product_tag-mond","29":"product_tag-mond-haekeln","30":"product_tag-praesent","31":"product_tag-schwamm-haekeln","32":"product_tag-schwamm-momd","33":"product_tag-schwamm-sonne","34":"product_tag-schwamm-stern","35":"product_tag-sonne","36":"product_tag-sonne-haekeln","37":"product_tag-spuelschwamm-haekeln","38":"product_tag-stern","39":"product_tag-stern-haekeln","40":"product_tag-waschbaer","41":"product_tag-wolle","42":"product_tag-wollreste","44":"first","45":"instock","46":"shipping-taxable","47":"purchasable","48":"product-type-variable"},"_links":{"self":[{"href":"https:\/\/dadade.eu\/index.php?rest_route=\/wp\/v2\/product\/19285","targetHints":{"allow":["GET"]}}],"collection":[{"href":"https:\/\/dadade.eu\/index.php?rest_route=\/wp\/v2\/product"}],"about":[{"href":"https:\/\/dadade.eu\/index.php?rest_route=\/wp\/v2\/types\/product"}],"wp:featuredmedia":[{"embeddable":true,"href":"https:\/\/dadade.eu\/index.php?rest_route=\/wp\/v2\/media\/19292"}],"wp:attachment":[{"href":"https:\/\/dadade.eu\/index.php?rest_route=%2Fwp%2Fv2%2Fmedia&parent=19285"}],"wp:term":[{"taxonomy":"product_brand","embeddable":true,"href":"https:\/\/dadade.eu\/index.php?rest_route=%2Fwp%2Fv2%2Fproduct_brand&post=19285"},{"taxonomy":"product_cat","embeddable":true,"href":"https:\/\/dadade.eu\/index.php?rest_route=%2Fwp%2Fv2%2Fproduct_cat&post=19285"},{"taxonomy":"product_tag","embeddable":true,"href":"https:\/\/dadade.eu\/index.php?rest_route=%2Fwp%2Fv2%2Fproduct_tag&post=19285"}],"curies":[{"name":"wp","href":"https:\/\/api.w.org\/{rel}","templated":true}]}}