{"id":19254,"date":"2018-01-06T23:01:54","date_gmt":"2018-01-06T22:01:54","guid":{"rendered":"https:\/\/dadade.eu\/?post_type=product&#038;p=19254"},"modified":"2023-08-08T10:15:44","modified_gmt":"2023-08-08T08:15:44","slug":"schwaemme-schwamm-clown-harlekin-pierrot-s313","status":"publish","type":"product","link":"https:\/\/dadade.eu\/?product=schwaemme-schwamm-clown-harlekin-pierrot-s313","title":{"rendered":"Schw\u00e4mme, Schwamm Clown &#038; Harlekin-Pierrot (S313)"},"content":{"rendered":"<p><img fetchpriority=\"high\" decoding=\"async\" class=\"alignnone size-medium wp-image-19261\" src=\"https:\/\/dadade.eu\/wp-content\/uploads\/2023\/08\/Spuelschwamm-Clown-1-300x225.jpg\" alt=\"\" width=\"300\" height=\"225\" srcset=\"https:\/\/dadade.eu\/wp-content\/uploads\/2023\/08\/Spuelschwamm-Clown-1-300x225.jpg 300w, https:\/\/dadade.eu\/wp-content\/uploads\/2023\/08\/Spuelschwamm-Clown-1-600x450.jpg 600w, https:\/\/dadade.eu\/wp-content\/uploads\/2023\/08\/Spuelschwamm-Clown-1-64x48.jpg 64w, https:\/\/dadade.eu\/wp-content\/uploads\/2023\/08\/Spuelschwamm-Clown-1-1024x768.jpg 1024w, https:\/\/dadade.eu\/wp-content\/uploads\/2023\/08\/Spuelschwamm-Clown-1-768x576.jpg 768w, https:\/\/dadade.eu\/wp-content\/uploads\/2023\/08\/Spuelschwamm-Clown-1.jpg 1400w\" sizes=\"(max-width: 300px) 100vw, 300px\" \/>S311 Schwamm Clown<\/p>\n<p><img decoding=\"async\" class=\"alignnone size-medium wp-image-19267\" src=\"https:\/\/dadade.eu\/wp-content\/uploads\/2023\/08\/Spuelschwamm-Pierrot-1-300x225.jpg\" alt=\"\" width=\"300\" height=\"225\" srcset=\"https:\/\/dadade.eu\/wp-content\/uploads\/2023\/08\/Spuelschwamm-Pierrot-1-300x225.jpg 300w, https:\/\/dadade.eu\/wp-content\/uploads\/2023\/08\/Spuelschwamm-Pierrot-1-600x450.jpg 600w, https:\/\/dadade.eu\/wp-content\/uploads\/2023\/08\/Spuelschwamm-Pierrot-1-64x48.jpg 64w, https:\/\/dadade.eu\/wp-content\/uploads\/2023\/08\/Spuelschwamm-Pierrot-1-1024x768.jpg 1024w, https:\/\/dadade.eu\/wp-content\/uploads\/2023\/08\/Spuelschwamm-Pierrot-1-768x576.jpg 768w, https:\/\/dadade.eu\/wp-content\/uploads\/2023\/08\/Spuelschwamm-Pierrot-1.jpg 1400w\" sizes=\"(max-width: 300px) 100vw, 300px\" \/>S312 Schwamm Harlekin &amp; Pierrot<\/p>\n<p><img decoding=\"async\" class=\"alignnone size-medium wp-image-19275\" src=\"https:\/\/dadade.eu\/wp-content\/uploads\/2023\/08\/xSpuelschwamm-Clown-2-300x225.jpg\" alt=\"\" width=\"300\" height=\"225\" srcset=\"https:\/\/dadade.eu\/wp-content\/uploads\/2023\/08\/xSpuelschwamm-Clown-2-300x225.jpg 300w, https:\/\/dadade.eu\/wp-content\/uploads\/2023\/08\/xSpuelschwamm-Clown-2-600x450.jpg 600w, https:\/\/dadade.eu\/wp-content\/uploads\/2023\/08\/xSpuelschwamm-Clown-2-64x48.jpg 64w, https:\/\/dadade.eu\/wp-content\/uploads\/2023\/08\/xSpuelschwamm-Clown-2-1024x768.jpg 1024w, https:\/\/dadade.eu\/wp-content\/uploads\/2023\/08\/xSpuelschwamm-Clown-2-768x576.jpg 768w, https:\/\/dadade.eu\/wp-content\/uploads\/2023\/08\/xSpuelschwamm-Clown-2.jpg 1400w\" sizes=\"(max-width: 300px) 100vw, 300px\" \/>S313 Schw\u00e4mme 2x Fasching<\/p>\n<p><img loading=\"lazy\" decoding=\"async\" class=\"alignnone size-medium wp-image-19276\" src=\"https:\/\/dadade.eu\/wp-content\/uploads\/2023\/08\/xSchwaemme-Fasching-Clown-2-300x225.jpg\" alt=\"\" width=\"300\" height=\"225\" srcset=\"https:\/\/dadade.eu\/wp-content\/uploads\/2023\/08\/xSchwaemme-Fasching-Clown-2-300x225.jpg 300w, https:\/\/dadade.eu\/wp-content\/uploads\/2023\/08\/xSchwaemme-Fasching-Clown-2-600x450.jpg 600w, https:\/\/dadade.eu\/wp-content\/uploads\/2023\/08\/xSchwaemme-Fasching-Clown-2-64x48.jpg 64w, https:\/\/dadade.eu\/wp-content\/uploads\/2023\/08\/xSchwaemme-Fasching-Clown-2-1024x768.jpg 1024w, https:\/\/dadade.eu\/wp-content\/uploads\/2023\/08\/xSchwaemme-Fasching-Clown-2-768x576.jpg 768w, https:\/\/dadade.eu\/wp-content\/uploads\/2023\/08\/xSchwaemme-Fasching-Clown-2.jpg 1400w\" sizes=\"(max-width: 300px) 100vw, 300px\" \/><strong><a href=\"https:\/\/dadade.eu\/?product=wasch-und-peeling-handschuh-clown-s612\">zu den Fasching-Schw\u00e4mme gibt es auch noch 2 Waschhandschuh<\/a><\/strong><\/p>\n<p>&nbsp;<\/p>\n<p>Die Anleitungen sind ausf\u00fchrlich mit vielen Bildern hinterlegt und werden auf je 7 &#8211; 9 Seiten Schritt-f\u00fcr-Schritt beschrieben!<\/p>\n<p>Sie\u00a0 ist dadurch auch schon f\u00fcr Anf\u00e4nger geeignet.<\/p>\n<p>&nbsp;<\/p>\n<p>mehr Bilder von flei\u00dfigen H\u00e4nden findet ihr<\/p>\n<p><strong><a href=\"https:\/\/dadade.eu\/?p=18646\">KLICKE HIER<\/a><\/strong><\/p>\n<p>&nbsp;<\/p>\n<p>&nbsp;<\/p>\n","protected":false},"excerpt":{"rendered":"<div id=\"cc-m-13954443088\" class=\"j-module n j-text \">\n<p>Hier kauft man nur die Anleitungen f\u00fcr diese witzigen Schw\u00e4mme,<\/p>\n<p>Sie sind mit einem Garn von Rico Design geh\u00e4kelt, Creative Bubble!<\/p>\n<p>Ob als Badeschwamm, \u00a0oder als K\u00fcchenschwamm,<\/p>\n<p>Schluss mit Langeweile im Badezimmer oder in der K\u00fcche. So macht das Abwaschen richtig Spa\u00df,<\/p>\n<p>Mit den verschiedenen lustigen und tierischen Motiven eignen sich diese selbstgemachten Schw\u00e4mme auch super zum Verschenken, gerade jetzt im Herbst.<\/p>\n<p>Das Garn l\u00e4sst sich gut verarbeiten und ist bei 60\u00b0C waschbar.<\/p>\n<p>Sie sind sehr schnell geh\u00e4kelt und auch schon f\u00fcr Anf\u00e4nger geeignet<\/p>\n<p>Wie???\u00a0Ihr habt keine Bubble-Wolle???<\/p>\n<p>Dann h\u00e4kelt doch meine Schw\u00e4mme einfach mal mit d\u00fcnnem Garn,<\/p>\n<p>als Taschenbaumler, Ranzenanh\u00e4nger, oder auch mal als Schl\u00fcsselanh\u00e4nger,<\/p>\n<p>je nachdem, was die Wollreste- Kiste hergibt<\/p>\n<p>Die Anleitungen sind auch als Applikationen um Hosen usw. zu verzieren, super geeignet,<\/p>\n<p>Mit der Nadelst\u00e4rke 3,5 wird der Clown ungef\u00e4hr; 16 x 17cm<\/p>\n<p>der Pierrot hat ungef\u00e4hr eine Durchmesser von 17cm<\/p>\n<\/div>\n","protected":false},"featured_media":19274,"template":"","meta":[],"product_brand":[],"product_cat":[56,50,48,1479],"product_tag":[90,1377,1463,1467,229,232,1468,242,1466,341,87,1460,1465,299,94,93,1202,1203,92,1464,1504,1461,181,1529,195,1462,1505,1038,95,96],"class_list":{"0":"post-19254","1":"product","2":"type-product","3":"status-publish","4":"has-post-thumbnail","6":"product_cat-2einfach","7":"product_cat-fasching-die-5-jahreszeit","8":"product_cat-haus-deko","9":"product_cat-schwamm-und-waschhandschuh","10":"product_tag-amigurumi","11":"product_tag-baden","12":"product_tag-badeschwamm","13":"product_tag-badezimmer","14":"product_tag-clown","15":"product_tag-clown-haekeln","16":"product_tag-creative-bubble-von-rico-design","17":"product_tag-dekoration-haekeln","18":"product_tag-duschschwamm","19":"product_tag-fasching","20":"product_tag-geschenk","21":"product_tag-geschenke-haekeln","22":"product_tag-geschenke-selbermachen","23":"product_tag-geschenkidee","24":"product_tag-haekelanleitung","25":"product_tag-haekeln","26":"product_tag-harlekin","27":"product_tag-harlekin-haekeln","28":"product_tag-kinder","29":"product_tag-kuechenschwamm","30":"product_tag-kuechentuch","31":"product_tag-kuechenzubehoer","32":"product_tag-lustig","33":"product_tag-pierrot","34":"product_tag-praesent","35":"product_tag-schwamm-haekeln","36":"product_tag-spuelschwamm-haekeln","37":"product_tag-waschbaer","38":"product_tag-wolle","39":"product_tag-wollreste","41":"first","42":"instock","43":"shipping-taxable","44":"purchasable","45":"product-type-variable"},"_links":{"self":[{"href":"https:\/\/dadade.eu\/index.php?rest_route=\/wp\/v2\/product\/19254","targetHints":{"allow":["GET"]}}],"collection":[{"href":"https:\/\/dadade.eu\/index.php?rest_route=\/wp\/v2\/product"}],"about":[{"href":"https:\/\/dadade.eu\/index.php?rest_route=\/wp\/v2\/types\/product"}],"wp:featuredmedia":[{"embeddable":true,"href":"https:\/\/dadade.eu\/index.php?rest_route=\/wp\/v2\/media\/19274"}],"wp:attachment":[{"href":"https:\/\/dadade.eu\/index.php?rest_route=%2Fwp%2Fv2%2Fmedia&parent=19254"}],"wp:term":[{"taxonomy":"product_brand","embeddable":true,"href":"https:\/\/dadade.eu\/index.php?rest_route=%2Fwp%2Fv2%2Fproduct_brand&post=19254"},{"taxonomy":"product_cat","embeddable":true,"href":"https:\/\/dadade.eu\/index.php?rest_route=%2Fwp%2Fv2%2Fproduct_cat&post=19254"},{"taxonomy":"product_tag","embeddable":true,"href":"https:\/\/dadade.eu\/index.php?rest_route=%2Fwp%2Fv2%2Fproduct_tag&post=19254"}],"curies":[{"name":"wp","href":"https:\/\/api.w.org\/{rel}","templated":true}]}}