{"id":19229,"date":"2018-06-06T17:37:34","date_gmt":"2018-06-06T15:37:34","guid":{"rendered":"https:\/\/dadade.eu\/?post_type=product&#038;p=19229"},"modified":"2023-08-08T09:53:53","modified_gmt":"2023-08-08T07:53:53","slug":"schwaemme-fussball-schwamm-eis-fussball-fuss-kaktus-hand-s305","status":"publish","type":"product","link":"https:\/\/dadade.eu\/?product=schwaemme-fussball-schwamm-eis-fussball-fuss-kaktus-hand-s305","title":{"rendered":"Schw\u00e4mme Fu\u00dfball, Schwamm Eis, Fu\u00dfball-Fu\u00df, Kaktus &#038; Hand (S305)"},"content":{"rendered":"<p><img fetchpriority=\"high\" decoding=\"async\" class=\"alignnone size-medium wp-image-19192\" src=\"https:\/\/dadade.eu\/wp-content\/uploads\/2023\/08\/xSchwamm-Eis-1-300x225.jpg\" alt=\"\" width=\"300\" height=\"225\" srcset=\"https:\/\/dadade.eu\/wp-content\/uploads\/2023\/08\/xSchwamm-Eis-1-300x225.jpg 300w, https:\/\/dadade.eu\/wp-content\/uploads\/2023\/08\/xSchwamm-Eis-1-600x450.jpg 600w, https:\/\/dadade.eu\/wp-content\/uploads\/2023\/08\/xSchwamm-Eis-1-64x48.jpg 64w, https:\/\/dadade.eu\/wp-content\/uploads\/2023\/08\/xSchwamm-Eis-1-1024x768.jpg 1024w, https:\/\/dadade.eu\/wp-content\/uploads\/2023\/08\/xSchwamm-Eis-1-768x576.jpg 768w, https:\/\/dadade.eu\/wp-content\/uploads\/2023\/08\/xSchwamm-Eis-1.jpg 1165w\" sizes=\"(max-width: 300px) 100vw, 300px\" \/>S301 Schwamm Eis, f\u00fcr jede Eis Sorte<\/p>\n<p><img decoding=\"async\" class=\"alignnone size-medium wp-image-19236\" src=\"https:\/\/dadade.eu\/wp-content\/uploads\/2023\/08\/xSchwamm-Fuss-6-300x225.jpg\" alt=\"\" width=\"300\" height=\"225\" srcset=\"https:\/\/dadade.eu\/wp-content\/uploads\/2023\/08\/xSchwamm-Fuss-6-300x225.jpg 300w, https:\/\/dadade.eu\/wp-content\/uploads\/2023\/08\/xSchwamm-Fuss-6-600x450.jpg 600w, https:\/\/dadade.eu\/wp-content\/uploads\/2023\/08\/xSchwamm-Fuss-6-64x48.jpg 64w, https:\/\/dadade.eu\/wp-content\/uploads\/2023\/08\/xSchwamm-Fuss-6-1024x768.jpg 1024w, https:\/\/dadade.eu\/wp-content\/uploads\/2023\/08\/xSchwamm-Fuss-6-768x576.jpg 768w, https:\/\/dadade.eu\/wp-content\/uploads\/2023\/08\/xSchwamm-Fuss-6.jpg 1165w\" sizes=\"(max-width: 300px) 100vw, 300px\" \/>S302 Schwamm Deutschland -Fu\u00df, die Anleitung f\u00fcr den Fu\u00df mit Flip-Flop \u00a0ist auch dabei<\/p>\n<p><img decoding=\"async\" class=\"alignnone size-medium wp-image-19238\" src=\"https:\/\/dadade.eu\/wp-content\/uploads\/2023\/08\/xSchwamm-Herr-Kaktus-23-300x225.jpg\" alt=\"\" width=\"300\" height=\"225\" srcset=\"https:\/\/dadade.eu\/wp-content\/uploads\/2023\/08\/xSchwamm-Herr-Kaktus-23-300x225.jpg 300w, https:\/\/dadade.eu\/wp-content\/uploads\/2023\/08\/xSchwamm-Herr-Kaktus-23-600x450.jpg 600w, https:\/\/dadade.eu\/wp-content\/uploads\/2023\/08\/xSchwamm-Herr-Kaktus-23-64x48.jpg 64w, https:\/\/dadade.eu\/wp-content\/uploads\/2023\/08\/xSchwamm-Herr-Kaktus-23-1024x768.jpg 1024w, https:\/\/dadade.eu\/wp-content\/uploads\/2023\/08\/xSchwamm-Herr-Kaktus-23-768x576.jpg 768w, https:\/\/dadade.eu\/wp-content\/uploads\/2023\/08\/xSchwamm-Herr-Kaktus-23.jpg 1165w\" sizes=\"(max-width: 300px) 100vw, 300px\" \/>S303 Schwamm Herr Kaktus mit Sonnenbrille, mit oder ohne Deutschland-Hut<\/p>\n<p><img loading=\"lazy\" decoding=\"async\" class=\"alignnone size-medium wp-image-19237\" src=\"https:\/\/dadade.eu\/wp-content\/uploads\/2023\/08\/xSchwamm-Hand-24-300x225.jpg\" alt=\"\" width=\"300\" height=\"225\" srcset=\"https:\/\/dadade.eu\/wp-content\/uploads\/2023\/08\/xSchwamm-Hand-24-300x225.jpg 300w, https:\/\/dadade.eu\/wp-content\/uploads\/2023\/08\/xSchwamm-Hand-24-600x450.jpg 600w, https:\/\/dadade.eu\/wp-content\/uploads\/2023\/08\/xSchwamm-Hand-24-64x48.jpg 64w, https:\/\/dadade.eu\/wp-content\/uploads\/2023\/08\/xSchwamm-Hand-24-1024x768.jpg 1024w, https:\/\/dadade.eu\/wp-content\/uploads\/2023\/08\/xSchwamm-Hand-24-768x576.jpg 768w, https:\/\/dadade.eu\/wp-content\/uploads\/2023\/08\/xSchwamm-Hand-24.jpg 1165w\" sizes=\"(max-width: 300px) 100vw, 300px\" \/>S304 Schwamm Deutschland -Hand , auch als normale Hand<\/p>\n<p><img loading=\"lazy\" decoding=\"async\" class=\"alignnone size-medium wp-image-19196\" src=\"https:\/\/dadade.eu\/wp-content\/uploads\/2023\/08\/0Schwamm-FussballSommer-300x225.jpg\" alt=\"\" width=\"300\" height=\"225\" srcset=\"https:\/\/dadade.eu\/wp-content\/uploads\/2023\/08\/0Schwamm-FussballSommer-300x225.jpg 300w, https:\/\/dadade.eu\/wp-content\/uploads\/2023\/08\/0Schwamm-FussballSommer-600x450.jpg 600w, https:\/\/dadade.eu\/wp-content\/uploads\/2023\/08\/0Schwamm-FussballSommer-64x48.jpg 64w, https:\/\/dadade.eu\/wp-content\/uploads\/2023\/08\/0Schwamm-FussballSommer-1024x768.jpg 1024w, https:\/\/dadade.eu\/wp-content\/uploads\/2023\/08\/0Schwamm-FussballSommer-768x576.jpg 768w, https:\/\/dadade.eu\/wp-content\/uploads\/2023\/08\/0Schwamm-FussballSommer.jpg 1165w\" sizes=\"(max-width: 300px) 100vw, 300px\" \/>S305 Schw\u00e4mme 4x Sommer, oder Fu\u00dfball<\/p>\n<p><strong><a href=\"https:\/\/dadade.eu\/?product=spuelschwamm-fussball-s306\"><img loading=\"lazy\" decoding=\"async\" class=\"alignnone size-medium wp-image-19219\" src=\"https:\/\/dadade.eu\/wp-content\/uploads\/2023\/08\/xSchwamm-Fussball-1-300x225.jpg\" alt=\"\" width=\"300\" height=\"225\" srcset=\"https:\/\/dadade.eu\/wp-content\/uploads\/2023\/08\/xSchwamm-Fussball-1-300x225.jpg 300w, https:\/\/dadade.eu\/wp-content\/uploads\/2023\/08\/xSchwamm-Fussball-1-600x450.jpg 600w, https:\/\/dadade.eu\/wp-content\/uploads\/2023\/08\/xSchwamm-Fussball-1-64x48.jpg 64w, https:\/\/dadade.eu\/wp-content\/uploads\/2023\/08\/xSchwamm-Fussball-1-1024x768.jpg 1024w, https:\/\/dadade.eu\/wp-content\/uploads\/2023\/08\/xSchwamm-Fussball-1-768x576.jpg 768w, https:\/\/dadade.eu\/wp-content\/uploads\/2023\/08\/xSchwamm-Fussball-1.jpg 1165w\" sizes=\"(max-width: 300px) 100vw, 300px\" \/>Schwamm Fu\u00dfball, gibt es im Sparpaket als kleines Extra-Geschenk kostenlos dazu<\/a><\/strong><\/p>\n<p>Die Anleitungen sind ausf\u00fchrlich mit vielen Bildern hinterlegt und werden auf je 8 &#8211; 16 Seiten Schritt-f\u00fcr-Schritt beschrieben!<\/p>\n<p>Sie\u00a0 ist dadurch auch schon f\u00fcr Anf\u00e4nger geeignet.<\/p>\n<p>&nbsp;<\/p>\n<p>mehr Bilder von flei\u00dfigen H\u00e4nden findet ihr<\/p>\n<p><strong><a href=\"https:\/\/dadade.eu\/?p=18646\">KLICKE HIER<\/a><\/strong><\/p>\n<p>&nbsp;<\/p>\n<p>&nbsp;<\/p>\n","protected":false},"excerpt":{"rendered":"<div id=\"cc-m-13954443088\" class=\"j-module n j-text \">\n<p>Hier kauft man nur die Anleitungen f\u00fcr diese witzigen Schw\u00e4mme, nicht nur f\u00fcr den Sommer<\/p>\n<p>Sie sind mit einem Garn von Rico Design geh\u00e4kelt, Creative Bubble!<\/p>\n<p>Ob als Badeschwamm, \u00a0oder als K\u00fcchenschwamm,<\/p>\n<p>Schluss mit Langeweile im Badezimmer oder in der K\u00fcche. So macht das Abwaschen richtig Spa\u00df,<\/p>\n<p>Mit den verschiedenen lustigen und tierischen Motiven eignen sich diese selbstgemachten Schw\u00e4mme auch super zum Verschenken, gerade jetzt im Herbst.<\/p>\n<p>Das Garn l\u00e4sst sich gut verarbeiten und ist bei 60\u00b0C waschbar.<\/p>\n<p>Sie sind sehr schnell geh\u00e4kelt und auch schon f\u00fcr Anf\u00e4nger geeignet<\/p>\n<p>Wer hat im Sommer keine Lust auf ein leckeres Eis??? Hier gibt es ein Eis das ist 100% kalorienarm.<\/p>\n<p>Fu\u00df mit Flip-Flop\u00b4s, einfarbig oder sch\u00f6n bunt, praktisch zur Woll-Rester- Verwertung, oder einfach nur der Fu\u00df, ohne Schnickschnack<\/p>\n<p>mit Extra-Anleitung f\u00fcr den Deutschland-Fu\u00df<\/p>\n<p>die Hand oder der Herr Kaktus, mit Sombrero und Sonnenbrille oder extra f\u00fcr die WM, mit seinem Deutschland-Hut<\/p>\n<p>Mit der Nadelst\u00e4rke 3,5 wird das Eis ungef\u00e4hr; 17 x 9cm<\/p>\n<p>der Fu\u00df ungef\u00e4hr; 20 x 8cm, der Kaktus ungef\u00e4hr; 20 x 14cm<\/p>\n<p>die Hand ungef\u00e4hr; 15 x 15cm<\/p>\n<p>EXTRA &#8211; der Fu\u00dfball hat ungef\u00e4hr; 15cm Durchmesser<\/p>\n<p>&nbsp;<\/p>\n<\/div>\n","protected":false},"featured_media":19235,"template":"","meta":[],"product_brand":[],"product_cat":[56,48,1479],"product_tag":[90,1377,1463,1467,1518,1468,242,901,1466,1524,1525,1523,1521,1522,247,1394,87,1460,1465,299,94,93,962,1519,92,1464,1504,1461,181,195,1462,1520,1505,900,95,96],"class_list":{"0":"post-19229","1":"product","2":"type-product","3":"status-publish","4":"has-post-thumbnail","6":"product_cat-2einfach","7":"product_cat-haus-deko","8":"product_cat-schwamm-und-waschhandschuh","9":"product_tag-amigurumi","10":"product_tag-baden","11":"product_tag-badeschwamm","12":"product_tag-badezimmer","13":"product_tag-ball-haekeln","14":"product_tag-creative-bubble-von-rico-design","15":"product_tag-dekoration-haekeln","16":"product_tag-deutschland","17":"product_tag-duschschwamm","18":"product_tag-eis","19":"product_tag-eis-haekeln","20":"product_tag-flip-flop-haekeln","21":"product_tag-fuss","22":"product_tag-fuss-haekeln-flipflop","23":"product_tag-fussball","24":"product_tag-fussball-haekeln","25":"product_tag-geschenk","26":"product_tag-geschenke-haekeln","27":"product_tag-geschenke-selbermachen","28":"product_tag-geschenkidee","29":"product_tag-haekelanleitung","30":"product_tag-haekeln","31":"product_tag-hand","32":"product_tag-hand-haekeln","33":"product_tag-kinder","34":"product_tag-kuechenschwamm","35":"product_tag-kuechentuch","36":"product_tag-kuechenzubehoer","37":"product_tag-lustig","38":"product_tag-praesent","39":"product_tag-schwamm-haekeln","40":"product_tag-schwamm-hand","41":"product_tag-spuelschwamm-haekeln","42":"product_tag-wm","43":"product_tag-wolle","44":"product_tag-wollreste","46":"first","47":"instock","48":"shipping-taxable","49":"purchasable","50":"product-type-variable"},"_links":{"self":[{"href":"https:\/\/dadade.eu\/index.php?rest_route=\/wp\/v2\/product\/19229","targetHints":{"allow":["GET"]}}],"collection":[{"href":"https:\/\/dadade.eu\/index.php?rest_route=\/wp\/v2\/product"}],"about":[{"href":"https:\/\/dadade.eu\/index.php?rest_route=\/wp\/v2\/types\/product"}],"wp:featuredmedia":[{"embeddable":true,"href":"https:\/\/dadade.eu\/index.php?rest_route=\/wp\/v2\/media\/19235"}],"wp:attachment":[{"href":"https:\/\/dadade.eu\/index.php?rest_route=%2Fwp%2Fv2%2Fmedia&parent=19229"}],"wp:term":[{"taxonomy":"product_brand","embeddable":true,"href":"https:\/\/dadade.eu\/index.php?rest_route=%2Fwp%2Fv2%2Fproduct_brand&post=19229"},{"taxonomy":"product_cat","embeddable":true,"href":"https:\/\/dadade.eu\/index.php?rest_route=%2Fwp%2Fv2%2Fproduct_cat&post=19229"},{"taxonomy":"product_tag","embeddable":true,"href":"https:\/\/dadade.eu\/index.php?rest_route=%2Fwp%2Fv2%2Fproduct_tag&post=19229"}],"curies":[{"name":"wp","href":"https:\/\/api.w.org\/{rel}","templated":true}]}}