{"id":19162,"date":"2017-10-06T14:18:58","date_gmt":"2017-10-06T12:18:58","guid":{"rendered":"https:\/\/dadade.eu\/?post_type=product&#038;p=19162"},"modified":"2023-08-06T14:58:04","modified_gmt":"2023-08-06T12:58:04","slug":"spuelschwamm-ente-s206","status":"publish","type":"product","link":"https:\/\/dadade.eu\/?product=spuelschwamm-ente-s206","title":{"rendered":"Sp\u00fclschwamm Ente (S206)"},"content":{"rendered":"<p><strong><a href=\"https:\/\/dadade.eu\/?product=schwaemme-oster-tiere-schwamm-hase-huhn-kueken-im-ei-s205\"><img fetchpriority=\"high\" decoding=\"async\" class=\"alignnone size-medium wp-image-19151\" src=\"https:\/\/dadade.eu\/wp-content\/uploads\/2023\/08\/Spuelschwamm-Ente-2-300x225.jpg\" alt=\"\" width=\"300\" height=\"225\" srcset=\"https:\/\/dadade.eu\/wp-content\/uploads\/2023\/08\/Spuelschwamm-Ente-2-300x225.jpg 300w, https:\/\/dadade.eu\/wp-content\/uploads\/2023\/08\/Spuelschwamm-Ente-2-600x450.jpg 600w, https:\/\/dadade.eu\/wp-content\/uploads\/2023\/08\/Spuelschwamm-Ente-2-64x48.jpg 64w, https:\/\/dadade.eu\/wp-content\/uploads\/2023\/08\/Spuelschwamm-Ente-2-1024x768.jpg 1024w, https:\/\/dadade.eu\/wp-content\/uploads\/2023\/08\/Spuelschwamm-Ente-2-768x576.jpg 768w, https:\/\/dadade.eu\/wp-content\/uploads\/2023\/08\/Spuelschwamm-Ente-2.jpg 1400w\" sizes=\"(max-width: 300px) 100vw, 300px\" \/>S206 Schwamm die Ente, <\/a><\/strong><\/p>\n<p><strong><a href=\"https:\/\/dadade.eu\/?product=schwaemme-oster-tiere-schwamm-hase-huhn-kueken-im-ei-s205\"><img decoding=\"async\" class=\"alignnone size-medium wp-image-19155\" src=\"https:\/\/dadade.eu\/wp-content\/uploads\/2023\/08\/xSchwamm-Ostern-1-Kopie-300x225.jpg\" alt=\"\" width=\"300\" height=\"225\" srcset=\"https:\/\/dadade.eu\/wp-content\/uploads\/2023\/08\/xSchwamm-Ostern-1-Kopie-300x225.jpg 300w, https:\/\/dadade.eu\/wp-content\/uploads\/2023\/08\/xSchwamm-Ostern-1-Kopie-600x450.jpg 600w, https:\/\/dadade.eu\/wp-content\/uploads\/2023\/08\/xSchwamm-Ostern-1-Kopie-64x48.jpg 64w, https:\/\/dadade.eu\/wp-content\/uploads\/2023\/08\/xSchwamm-Ostern-1-Kopie-1024x768.jpg 1024w, https:\/\/dadade.eu\/wp-content\/uploads\/2023\/08\/xSchwamm-Ostern-1-Kopie-768x576.jpg 768w, https:\/\/dadade.eu\/wp-content\/uploads\/2023\/08\/xSchwamm-Ostern-1-Kopie.jpg 1165w\" sizes=\"(max-width: 300px) 100vw, 300px\" \/>den Schwamm gibt es kostenlos im Sparpaket Oster-Schw\u00e4mme dazu<\/a><\/strong><\/p>\n<p>Die Anleitung ist ausf\u00fchrlich auf\u00a0 7 Seiten beschrieben und mit vielen Bildern hinterlegt<\/p>\n<p>Sie\u00a0 ist dadurch auch schon f\u00fcr Anf\u00e4nger geeignet.<\/p>\n<p>mehr Bilder von flei\u00dfigen H\u00e4nden findet ihr<\/p>\n<p><strong><a href=\"https:\/\/dadade.eu\/?p=18646\">KLICKE HIER<\/a><\/strong><\/p>\n<p>&nbsp;<\/p>\n<p>&nbsp;<\/p>\n","protected":false},"excerpt":{"rendered":"<div id=\"cc-m-13954443088\" class=\"j-module n j-text \">\n<p>Hier findet man nur die Anleitung f\u00fcr diesen lustigen gespenstigen Schwamm<\/p>\n<p>geh\u00e4kelt mit dem witzigen Garn von Rico Design.<\/p>\n<p>Schluss mit Langeweile in der K\u00fcche oder auch im Badezimmer.<\/p>\n<p>Meine Testkinder fanden die Beiden\u00a0 super cool in der Badewanne, ob zum Spielen, oder zum Abrubbeln, &#8220; das kitzelt so sch\u00f6n&#8220;<\/p>\n<p>oder auch zum Peeling f\u00fcr die Frau Mama,<\/p>\n<p><strong><a href=\"https:\/\/dadade.eu\/?product=schwaemme-oster-tiere-schwamm-hase-huhn-kueken-im-ei-s205\">S206 Schwamm die Ente,<\/a> d<a href=\"https:\/\/dadade.eu\/?product=schwaemme-oster-tiere-schwamm-hase-huhn-kueken-im-ei-s205\">en Schwamm gibt es kostenlos im Sparpaket Oster-Schw\u00e4mme dazu<\/a><\/strong><\/p>\n<p>&nbsp;<\/p>\n<p>Die Schw\u00e4mme kann man bei 60\u00b0C waschen.<\/p>\n<p>Mit der Nadelst\u00e4rke 3,5 wird die Ente ungef\u00e4hr; 15x12cm<\/p>\n<p>Sie sind sehr schnell geh\u00e4kelt und auch schon f\u00fcr Anf\u00e4nger geeignet<\/p>\n<p>&nbsp;<\/p>\n<\/div>\n","protected":false},"featured_media":19151,"template":"","meta":[],"product_brand":[],"product_cat":[56,62,1479],"product_tag":[90,1377,1463,1471,1467,1468,242,1466,254,397,87,1460,1465,299,94,93,92,181,195,1478,1462,1456,196,1469,95,96],"class_list":{"0":"post-19162","1":"product","2":"type-product","3":"status-publish","4":"has-post-thumbnail","6":"product_cat-2einfach","7":"product_cat-gratis","8":"product_cat-schwamm-und-waschhandschuh","9":"product_tag-amigurumi","10":"product_tag-baden","11":"product_tag-badeschwamm","12":"product_tag-badewanne","13":"product_tag-badezimmer","14":"product_tag-creative-bubble-von-rico-design","15":"product_tag-dekoration-haekeln","16":"product_tag-duschschwamm","17":"product_tag-ente","18":"product_tag-ente-haekeln","19":"product_tag-geschenk","20":"product_tag-geschenke-haekeln","21":"product_tag-geschenke-selbermachen","22":"product_tag-geschenkidee","23":"product_tag-haekelanleitung","24":"product_tag-haekeln","25":"product_tag-kinder","26":"product_tag-lustig","27":"product_tag-praesent","28":"product_tag-schwamm-ente","29":"product_tag-schwamm-haekeln","30":"product_tag-schwammwolle","31":"product_tag-spielzeug","32":"product_tag-waschhandschuh","33":"product_tag-wolle","34":"product_tag-wollreste","36":"first","37":"instock","38":"virtual","39":"product-type-simple"},"_links":{"self":[{"href":"https:\/\/dadade.eu\/index.php?rest_route=\/wp\/v2\/product\/19162","targetHints":{"allow":["GET"]}}],"collection":[{"href":"https:\/\/dadade.eu\/index.php?rest_route=\/wp\/v2\/product"}],"about":[{"href":"https:\/\/dadade.eu\/index.php?rest_route=\/wp\/v2\/types\/product"}],"wp:featuredmedia":[{"embeddable":true,"href":"https:\/\/dadade.eu\/index.php?rest_route=\/wp\/v2\/media\/19151"}],"wp:attachment":[{"href":"https:\/\/dadade.eu\/index.php?rest_route=%2Fwp%2Fv2%2Fmedia&parent=19162"}],"wp:term":[{"taxonomy":"product_brand","embeddable":true,"href":"https:\/\/dadade.eu\/index.php?rest_route=%2Fwp%2Fv2%2Fproduct_brand&post=19162"},{"taxonomy":"product_cat","embeddable":true,"href":"https:\/\/dadade.eu\/index.php?rest_route=%2Fwp%2Fv2%2Fproduct_cat&post=19162"},{"taxonomy":"product_tag","embeddable":true,"href":"https:\/\/dadade.eu\/index.php?rest_route=%2Fwp%2Fv2%2Fproduct_tag&post=19162"}],"curies":[{"name":"wp","href":"https:\/\/api.w.org\/{rel}","templated":true}]}}