{"id":19119,"date":"2020-02-06T12:08:15","date_gmt":"2020-02-06T11:08:15","guid":{"rendered":"https:\/\/dadade.eu\/?post_type=product&#038;p=19119"},"modified":"2025-02-24T14:14:48","modified_gmt":"2025-02-24T13:14:48","slug":"schwaemme-oster-tiere-schwamm-hase-huhn-kueken-im-ei-s205","status":"publish","type":"product","link":"https:\/\/dadade.eu\/?product=schwaemme-oster-tiere-schwamm-hase-huhn-kueken-im-ei-s205","title":{"rendered":"Schw\u00e4mme, Oster-Tiere Schwamm Hase, Huhn &#038; K\u00fcken im Ei (S205)"},"content":{"rendered":"<p><img fetchpriority=\"high\" decoding=\"async\" class=\"alignnone size-medium wp-image-19131\" src=\"https:\/\/dadade.eu\/wp-content\/uploads\/2023\/08\/xSchwamm-kleiner-Hase-11-300x225.jpg\" alt=\"\" width=\"300\" height=\"225\" srcset=\"https:\/\/dadade.eu\/wp-content\/uploads\/2023\/08\/xSchwamm-kleiner-Hase-11-300x225.jpg 300w, https:\/\/dadade.eu\/wp-content\/uploads\/2023\/08\/xSchwamm-kleiner-Hase-11-600x450.jpg 600w, https:\/\/dadade.eu\/wp-content\/uploads\/2023\/08\/xSchwamm-kleiner-Hase-11-64x48.jpg 64w, https:\/\/dadade.eu\/wp-content\/uploads\/2023\/08\/xSchwamm-kleiner-Hase-11-1024x768.jpg 1024w, https:\/\/dadade.eu\/wp-content\/uploads\/2023\/08\/xSchwamm-kleiner-Hase-11-768x576.jpg 768w, https:\/\/dadade.eu\/wp-content\/uploads\/2023\/08\/xSchwamm-kleiner-Hase-11.jpg 1400w\" sizes=\"(max-width: 300px) 100vw, 300px\" \/>S201 Schwamm kleiner Hase, auch als Applikation oder Anh\u00e4nger<\/p>\n<p><img decoding=\"async\" class=\"alignnone size-medium wp-image-19138\" src=\"https:\/\/dadade.eu\/wp-content\/uploads\/2023\/08\/xSchwamm-grosser-Hase-13-300x225.jpg\" alt=\"\" width=\"300\" height=\"225\" srcset=\"https:\/\/dadade.eu\/wp-content\/uploads\/2023\/08\/xSchwamm-grosser-Hase-13-300x225.jpg 300w, https:\/\/dadade.eu\/wp-content\/uploads\/2023\/08\/xSchwamm-grosser-Hase-13-600x450.jpg 600w, https:\/\/dadade.eu\/wp-content\/uploads\/2023\/08\/xSchwamm-grosser-Hase-13-64x48.jpg 64w, https:\/\/dadade.eu\/wp-content\/uploads\/2023\/08\/xSchwamm-grosser-Hase-13-1024x768.jpg 1024w, https:\/\/dadade.eu\/wp-content\/uploads\/2023\/08\/xSchwamm-grosser-Hase-13-768x576.jpg 768w, https:\/\/dadade.eu\/wp-content\/uploads\/2023\/08\/xSchwamm-grosser-Hase-13.jpg 1400w\" sizes=\"(max-width: 300px) 100vw, 300px\" \/>S202 Schwamm gro\u00dfer Hase, toll auch mit Baumwolle<\/p>\n<p><img decoding=\"async\" class=\"alignnone size-medium wp-image-19144\" src=\"https:\/\/dadade.eu\/wp-content\/uploads\/2023\/08\/xSchwamm-Huhn-7-300x225.jpg\" alt=\"\" width=\"300\" height=\"225\" srcset=\"https:\/\/dadade.eu\/wp-content\/uploads\/2023\/08\/xSchwamm-Huhn-7-300x225.jpg 300w, https:\/\/dadade.eu\/wp-content\/uploads\/2023\/08\/xSchwamm-Huhn-7-600x450.jpg 600w, https:\/\/dadade.eu\/wp-content\/uploads\/2023\/08\/xSchwamm-Huhn-7-64x48.jpg 64w, https:\/\/dadade.eu\/wp-content\/uploads\/2023\/08\/xSchwamm-Huhn-7-1024x768.jpg 1024w, https:\/\/dadade.eu\/wp-content\/uploads\/2023\/08\/xSchwamm-Huhn-7-768x576.jpg 768w, https:\/\/dadade.eu\/wp-content\/uploads\/2023\/08\/xSchwamm-Huhn-7.jpg 1400w\" sizes=\"(max-width: 300px) 100vw, 300px\" \/>S203 Schwamm Huhn<\/p>\n<p><img loading=\"lazy\" decoding=\"async\" class=\"alignnone size-medium wp-image-19148\" src=\"https:\/\/dadade.eu\/wp-content\/uploads\/2023\/08\/xSchwamm-Kueken-im-Ei-Kopie-5-300x225.jpg\" alt=\"\" width=\"300\" height=\"225\" srcset=\"https:\/\/dadade.eu\/wp-content\/uploads\/2023\/08\/xSchwamm-Kueken-im-Ei-Kopie-5-300x225.jpg 300w, https:\/\/dadade.eu\/wp-content\/uploads\/2023\/08\/xSchwamm-Kueken-im-Ei-Kopie-5-600x450.jpg 600w, https:\/\/dadade.eu\/wp-content\/uploads\/2023\/08\/xSchwamm-Kueken-im-Ei-Kopie-5-64x48.jpg 64w, https:\/\/dadade.eu\/wp-content\/uploads\/2023\/08\/xSchwamm-Kueken-im-Ei-Kopie-5-1024x768.jpg 1024w, https:\/\/dadade.eu\/wp-content\/uploads\/2023\/08\/xSchwamm-Kueken-im-Ei-Kopie-5-768x576.jpg 768w, https:\/\/dadade.eu\/wp-content\/uploads\/2023\/08\/xSchwamm-Kueken-im-Ei-Kopie-5.jpg 1400w\" sizes=\"(max-width: 300px) 100vw, 300px\" \/>S204 Schwamm K\u00fcken im Ei<\/p>\n<p><img loading=\"lazy\" decoding=\"async\" class=\"alignnone size-medium wp-image-19156\" src=\"https:\/\/dadade.eu\/wp-content\/uploads\/2023\/08\/xSchwamm-Ostern-2-300x225.jpg\" alt=\"\" width=\"300\" height=\"225\" srcset=\"https:\/\/dadade.eu\/wp-content\/uploads\/2023\/08\/xSchwamm-Ostern-2-300x225.jpg 300w, https:\/\/dadade.eu\/wp-content\/uploads\/2023\/08\/xSchwamm-Ostern-2-600x450.jpg 600w, https:\/\/dadade.eu\/wp-content\/uploads\/2023\/08\/xSchwamm-Ostern-2-64x48.jpg 64w, https:\/\/dadade.eu\/wp-content\/uploads\/2023\/08\/xSchwamm-Ostern-2-1024x768.jpg 1024w, https:\/\/dadade.eu\/wp-content\/uploads\/2023\/08\/xSchwamm-Ostern-2-768x576.jpg 768w, https:\/\/dadade.eu\/wp-content\/uploads\/2023\/08\/xSchwamm-Ostern-2.jpg 1165w\" sizes=\"(max-width: 300px) 100vw, 300px\" \/>S205 Schw\u00e4mme 4 Oster-Tiere<\/p>\n<p><strong><a href=\"https:\/\/dadade.eu\/?product=spuelschwamm-ente-s206\"><img loading=\"lazy\" decoding=\"async\" class=\"alignnone size-medium wp-image-19151\" src=\"https:\/\/dadade.eu\/wp-content\/uploads\/2023\/08\/Spuelschwamm-Ente-2-300x225.jpg\" alt=\"\" width=\"300\" height=\"225\" srcset=\"https:\/\/dadade.eu\/wp-content\/uploads\/2023\/08\/Spuelschwamm-Ente-2-300x225.jpg 300w, https:\/\/dadade.eu\/wp-content\/uploads\/2023\/08\/Spuelschwamm-Ente-2-600x450.jpg 600w, https:\/\/dadade.eu\/wp-content\/uploads\/2023\/08\/Spuelschwamm-Ente-2-64x48.jpg 64w, https:\/\/dadade.eu\/wp-content\/uploads\/2023\/08\/Spuelschwamm-Ente-2-1024x768.jpg 1024w, https:\/\/dadade.eu\/wp-content\/uploads\/2023\/08\/Spuelschwamm-Ente-2-768x576.jpg 768w, https:\/\/dadade.eu\/wp-content\/uploads\/2023\/08\/Spuelschwamm-Ente-2.jpg 1400w\" sizes=\"(max-width: 300px) 100vw, 300px\" \/>Schwamm Ente, gibt es im Sparpaket als kleines Extra-Geschenk kostenlos dazu<\/a><\/strong><\/p>\n<p>Die Anleitungen sind ausf\u00fchrlich mit vielen Bildern hinterlegt und werden auf je 8 &#8211; 14 Seiten Schritt-f\u00fcr-Schritt beschrieben!<\/p>\n<p>Sie\u00a0 ist dadurch auch schon f\u00fcr Anf\u00e4nger geeignet.<\/p>\n<p>&nbsp;<\/p>\n<p>mehr Bilder von flei\u00dfigen H\u00e4nden findet ihr<\/p>\n<p><strong><a href=\"https:\/\/dadade.eu\/?p=18646\">KLICKE HIER<\/a><\/strong><\/p>\n<p>&nbsp;<\/p>\n<p>&nbsp;<\/p>\n","protected":false},"excerpt":{"rendered":"<div id=\"cc-m-13954443088\" class=\"j-module n j-text \">\n<p>Hier kauft man nur die Anleitungen f\u00fcr diese witzigen Schw\u00e4mme,<\/p>\n<p>Sie sind mit einem Garn von Rico Design geh\u00e4kelt, Creative Bubble!<\/p>\n<p>Ob als Badeschwamm, \u00a0oder als K\u00fcchenschwamm,<\/p>\n<p>Schluss mit Langeweile im Badezimmer oder in der K\u00fcche. So macht das Abwaschen richtig Spa\u00df,<\/p>\n<p>Mit den verschiedenen lustigen und tierischen Motiven eignen sich diese selbstgemachten Schw\u00e4mme auch super zum Verschenken, gerade jetzt im Herbst.<\/p>\n<p>Das Garn l\u00e4sst sich gut verarbeiten und ist bei 60\u00b0C waschbar.<\/p>\n<p>Sie sind sehr schnell geh\u00e4kelt und auch schon f\u00fcr Anf\u00e4nger geeignet<\/p>\n<p>Wie???\u00a0Ihr habt keine Bubble-Wolle???<\/p>\n<p>Dann h\u00e4kelt doch meine Schw\u00e4mme einfach mal mit d\u00fcnnem Garn,<\/p>\n<p>als Taschenbaumler, Ranzenanh\u00e4nger, oder auch mal als Schl\u00fcsselanh\u00e4nger,<\/p>\n<p>je nachdem, was die Wollreste- Kiste hergibt<\/p>\n<p>Die Anleitungen sind auch als Applikationen um Hosen usw. zu verzieren, super geeignet,<\/p>\n<p>Mit der Nadelst\u00e4rke 3,5 wird der kleine Hase ungef\u00e4hr; 19 x 15cm<\/p>\n<p>der\u00a0 gro\u00dfe Hase ungef\u00e4hr; 17 x 20cm, das Huhn ungef\u00e4hr; 23 x 13cm<\/p>\n<p>das K\u00fcken ungef\u00e4hr; 17 x 23cm<\/p>\n<p>die EXTRA Ente ungef\u00e4hr; 15 x 12cm<\/p>\n<\/div>\n","protected":false},"featured_media":19156,"template":"","meta":[],"product_brand":[],"product_cat":[56,51,48,1479],"product_tag":[90,1377,1463,1467,1468,242,1466,620,254,397,87,1460,1465,299,1515,94,93,113,1516,578,594,593,577,92,1464,1504,1461,365,181,114,195,1514,1478,1462,1517,1505,105,1038,95,96],"class_list":{"0":"post-19119","1":"product","2":"type-product","3":"status-publish","4":"has-post-thumbnail","6":"product_cat-2einfach","7":"product_cat-fruehling-ostern","8":"product_cat-haus-deko","9":"product_cat-schwamm-und-waschhandschuh","10":"product_tag-amigurumi","11":"product_tag-baden","12":"product_tag-badeschwamm","13":"product_tag-badezimmer","14":"product_tag-creative-bubble-von-rico-design","15":"product_tag-dekoration-haekeln","16":"product_tag-duschschwamm","17":"product_tag-ei","18":"product_tag-ente","19":"product_tag-ente-haekeln","20":"product_tag-geschenk","21":"product_tag-geschenke-haekeln","22":"product_tag-geschenke-selbermachen","23":"product_tag-geschenkidee","24":"product_tag-hahn-ente","25":"product_tag-haekelanleitung","26":"product_tag-haekeln","27":"product_tag-hase","28":"product_tag-hase-hase-haekeln","29":"product_tag-henne","30":"product_tag-henne-haekeln","31":"product_tag-huhn","32":"product_tag-huhn-haekeln","33":"product_tag-kinder","34":"product_tag-kuechenschwamm","35":"product_tag-kuechentuch","36":"product_tag-kuechenzubehoer","37":"product_tag-kueken","38":"product_tag-lustig","39":"product_tag-ostern","40":"product_tag-praesent","41":"product_tag-schwamm","42":"product_tag-schwamm-ente","43":"product_tag-schwamm-haekeln","44":"product_tag-schwamm-hase","45":"product_tag-spuelschwamm-haekeln","46":"product_tag-vogel","47":"product_tag-waschbaer","48":"product_tag-wolle","49":"product_tag-wollreste","51":"first","52":"instock","53":"shipping-taxable","54":"purchasable","55":"product-type-variable"},"_links":{"self":[{"href":"https:\/\/dadade.eu\/index.php?rest_route=\/wp\/v2\/product\/19119","targetHints":{"allow":["GET"]}}],"collection":[{"href":"https:\/\/dadade.eu\/index.php?rest_route=\/wp\/v2\/product"}],"about":[{"href":"https:\/\/dadade.eu\/index.php?rest_route=\/wp\/v2\/types\/product"}],"wp:featuredmedia":[{"embeddable":true,"href":"https:\/\/dadade.eu\/index.php?rest_route=\/wp\/v2\/media\/19156"}],"wp:attachment":[{"href":"https:\/\/dadade.eu\/index.php?rest_route=%2Fwp%2Fv2%2Fmedia&parent=19119"}],"wp:term":[{"taxonomy":"product_brand","embeddable":true,"href":"https:\/\/dadade.eu\/index.php?rest_route=%2Fwp%2Fv2%2Fproduct_brand&post=19119"},{"taxonomy":"product_cat","embeddable":true,"href":"https:\/\/dadade.eu\/index.php?rest_route=%2Fwp%2Fv2%2Fproduct_cat&post=19119"},{"taxonomy":"product_tag","embeddable":true,"href":"https:\/\/dadade.eu\/index.php?rest_route=%2Fwp%2Fv2%2Fproduct_tag&post=19119"}],"curies":[{"name":"wp","href":"https:\/\/api.w.org\/{rel}","templated":true}]}}