{"id":19100,"date":"2017-10-06T11:29:24","date_gmt":"2017-10-06T09:29:24","guid":{"rendered":"https:\/\/dadade.eu\/?post_type=product&#038;p=19100"},"modified":"2023-08-08T10:16:14","modified_gmt":"2023-08-08T08:16:14","slug":"spuelschwamm-gespenst-s115","status":"publish","type":"product","link":"https:\/\/dadade.eu\/?product=spuelschwamm-gespenst-s115","title":{"rendered":"Sp\u00fclschwamm Gespenst (S115)"},"content":{"rendered":"<p><img fetchpriority=\"high\" decoding=\"async\" class=\"alignnone size-medium wp-image-19102\" src=\"https:\/\/dadade.eu\/wp-content\/uploads\/2023\/08\/Spuelschwamm-Gespenst-2-300x225.jpg\" alt=\"\" width=\"300\" height=\"225\" srcset=\"https:\/\/dadade.eu\/wp-content\/uploads\/2023\/08\/Spuelschwamm-Gespenst-2-300x225.jpg 300w, https:\/\/dadade.eu\/wp-content\/uploads\/2023\/08\/Spuelschwamm-Gespenst-2-600x450.jpg 600w, https:\/\/dadade.eu\/wp-content\/uploads\/2023\/08\/Spuelschwamm-Gespenst-2-64x48.jpg 64w, https:\/\/dadade.eu\/wp-content\/uploads\/2023\/08\/Spuelschwamm-Gespenst-2-1024x768.jpg 1024w, https:\/\/dadade.eu\/wp-content\/uploads\/2023\/08\/Spuelschwamm-Gespenst-2-768x576.jpg 768w, https:\/\/dadade.eu\/wp-content\/uploads\/2023\/08\/Spuelschwamm-Gespenst-2.jpg 1400w\" sizes=\"(max-width: 300px) 100vw, 300px\" \/><strong><a href=\"https:\/\/dadade.eu\/?product=schwaemme-herbst-tiere-schwamm-eichhoernchen-eule-fledermaus-igel-s114\">S115 Schwamm das kleine Gespenst, <\/a><\/strong><\/p>\n<p><strong><a href=\"https:\/\/dadade.eu\/?product=schwaemme-herbst-tiere-schwamm-eichhoernchen-eule-fledermaus-igel-s114\"><img decoding=\"async\" class=\"alignnone size-medium wp-image-19049\" src=\"https:\/\/dadade.eu\/wp-content\/uploads\/2023\/08\/4-Spuelschwaemme-Herbst-1j-300x225.jpg\" alt=\"\" width=\"300\" height=\"225\" srcset=\"https:\/\/dadade.eu\/wp-content\/uploads\/2023\/08\/4-Spuelschwaemme-Herbst-1j-300x225.jpg 300w, https:\/\/dadade.eu\/wp-content\/uploads\/2023\/08\/4-Spuelschwaemme-Herbst-1j-600x450.jpg 600w, https:\/\/dadade.eu\/wp-content\/uploads\/2023\/08\/4-Spuelschwaemme-Herbst-1j-64x48.jpg 64w, https:\/\/dadade.eu\/wp-content\/uploads\/2023\/08\/4-Spuelschwaemme-Herbst-1j-1024x768.jpg 1024w, https:\/\/dadade.eu\/wp-content\/uploads\/2023\/08\/4-Spuelschwaemme-Herbst-1j-768x576.jpg 768w, https:\/\/dadade.eu\/wp-content\/uploads\/2023\/08\/4-Spuelschwaemme-Herbst-1j.jpg 1400w\" sizes=\"(max-width: 300px) 100vw, 300px\" \/>den Schwamm gibt es kostenlos im Sparpaket Schw\u00e4mme Herbst-Tiere dazu<\/a><\/strong><\/p>\n<p>Die Anleitung ist ausf\u00fchrlich auf\u00a0 8 Seiten beschrieben und mit vielen Bildern hinterlegt<\/p>\n<p>Sie\u00a0 ist dadurch auch schon f\u00fcr Anf\u00e4nger geeignet.<\/p>\n<p>mehr Bilder von flei\u00dfigen H\u00e4nden findet ihr<\/p>\n<p><strong><a href=\"https:\/\/dadade.eu\/?p=18646\">KLICKE HIER<\/a><\/strong><\/p>\n<p>&nbsp;<\/p>\n<p>&nbsp;<\/p>\n","protected":false},"excerpt":{"rendered":"<div id=\"cc-m-13954443088\" class=\"j-module n j-text \">\n<p>Hier findet man nur die Anleitung f\u00fcr diesen lustigen gespenstigen Schwamm<\/p>\n<p>geh\u00e4kelt mit dem witzigen Garn von Rico Design.<\/p>\n<p>Schluss mit Langeweile in der K\u00fcche oder auch im Badezimmer.<\/p>\n<p>Meine Testkinder fanden die Beiden\u00a0 super cool in der Badewanne, ob zum Spielen, oder zum Abrubbeln, &#8220; das kitzelt so sch\u00f6n&#8220;<\/p>\n<p>oder auch zum Peeling f\u00fcr die Frau Mama,<\/p>\n<p><strong><a href=\"https:\/\/dadade.eu\/?product=schwaemme-herbst-tiere-schwamm-eichhoernchen-eule-fledermaus-igel-s114\">S115 Schwamm das kleine Gespenst, gibt es kostenlos im Sparpaket Schw\u00e4mme Herbst-Tiere<\/a><\/strong><\/p>\n<p>Die Schw\u00e4mme kann man bei 60\u00b0C waschen.<\/p>\n<p>Mit der Nadelst\u00e4rke 3,5 wird das Gespenst ungef\u00e4hr; 18 x 14cm<\/p>\n<p>Sie sind sehr schnell geh\u00e4kelt und auch schon f\u00fcr Anf\u00e4nger geeignet<\/p>\n<p>&nbsp;<\/p>\n<\/div>\n","protected":false},"featured_media":19098,"template":"","meta":[],"product_brand":[],"product_cat":[56,62,1479],"product_tag":[90,1377,1463,1471,1467,1468,242,1466,87,1460,1465,299,1003,1004,94,93,92,181,195,1478,1513,1462,1456,196,1469,95,96],"class_list":{"0":"post-19100","1":"product","2":"type-product","3":"status-publish","4":"has-post-thumbnail","6":"product_cat-2einfach","7":"product_cat-gratis","8":"product_cat-schwamm-und-waschhandschuh","9":"product_tag-amigurumi","10":"product_tag-baden","11":"product_tag-badeschwamm","12":"product_tag-badewanne","13":"product_tag-badezimmer","14":"product_tag-creative-bubble-von-rico-design","15":"product_tag-dekoration-haekeln","16":"product_tag-duschschwamm","17":"product_tag-geschenk","18":"product_tag-geschenke-haekeln","19":"product_tag-geschenke-selbermachen","20":"product_tag-geschenkidee","21":"product_tag-gespenst","22":"product_tag-gespenst-haekeln","23":"product_tag-haekelanleitung","24":"product_tag-haekeln","25":"product_tag-kinder","26":"product_tag-lustig","27":"product_tag-praesent","28":"product_tag-schwamm-ente","29":"product_tag-schwamm-gespenst","30":"product_tag-schwamm-haekeln","31":"product_tag-schwammwolle","32":"product_tag-spielzeug","33":"product_tag-waschhandschuh","34":"product_tag-wolle","35":"product_tag-wollreste","37":"first","38":"instock","39":"virtual","40":"product-type-simple"},"_links":{"self":[{"href":"https:\/\/dadade.eu\/index.php?rest_route=\/wp\/v2\/product\/19100","targetHints":{"allow":["GET"]}}],"collection":[{"href":"https:\/\/dadade.eu\/index.php?rest_route=\/wp\/v2\/product"}],"about":[{"href":"https:\/\/dadade.eu\/index.php?rest_route=\/wp\/v2\/types\/product"}],"wp:featuredmedia":[{"embeddable":true,"href":"https:\/\/dadade.eu\/index.php?rest_route=\/wp\/v2\/media\/19098"}],"wp:attachment":[{"href":"https:\/\/dadade.eu\/index.php?rest_route=%2Fwp%2Fv2%2Fmedia&parent=19100"}],"wp:term":[{"taxonomy":"product_brand","embeddable":true,"href":"https:\/\/dadade.eu\/index.php?rest_route=%2Fwp%2Fv2%2Fproduct_brand&post=19100"},{"taxonomy":"product_cat","embeddable":true,"href":"https:\/\/dadade.eu\/index.php?rest_route=%2Fwp%2Fv2%2Fproduct_cat&post=19100"},{"taxonomy":"product_tag","embeddable":true,"href":"https:\/\/dadade.eu\/index.php?rest_route=%2Fwp%2Fv2%2Fproduct_tag&post=19100"}],"curies":[{"name":"wp","href":"https:\/\/api.w.org\/{rel}","templated":true}]}}