{"id":19024,"date":"2017-10-05T19:15:25","date_gmt":"2017-10-05T17:15:25","guid":{"rendered":"https:\/\/dadade.eu\/?post_type=product&#038;p=19024"},"modified":"2023-08-06T11:42:56","modified_gmt":"2023-08-06T09:42:56","slug":"schwaemme-herbst-tiere-schwamm-eichhoernchen-eule-fledermaus-igel-s114","status":"publish","type":"product","link":"https:\/\/dadade.eu\/?product=schwaemme-herbst-tiere-schwamm-eichhoernchen-eule-fledermaus-igel-s114","title":{"rendered":"Schw\u00e4mme, Herbst Tiere Schwamm Eichh\u00f6rnchen, Eule, Fledermaus &#038; Igel (S114)"},"content":{"rendered":"<p><img fetchpriority=\"high\" decoding=\"async\" class=\"alignnone size-medium wp-image-19051\" src=\"https:\/\/dadade.eu\/wp-content\/uploads\/2023\/08\/Spuelschwamm-Eichhoernchen-9-300x225.jpg\" alt=\"\" width=\"300\" height=\"225\" srcset=\"https:\/\/dadade.eu\/wp-content\/uploads\/2023\/08\/Spuelschwamm-Eichhoernchen-9-300x225.jpg 300w, https:\/\/dadade.eu\/wp-content\/uploads\/2023\/08\/Spuelschwamm-Eichhoernchen-9-600x450.jpg 600w, https:\/\/dadade.eu\/wp-content\/uploads\/2023\/08\/Spuelschwamm-Eichhoernchen-9-64x48.jpg 64w, https:\/\/dadade.eu\/wp-content\/uploads\/2023\/08\/Spuelschwamm-Eichhoernchen-9-1024x768.jpg 1024w, https:\/\/dadade.eu\/wp-content\/uploads\/2023\/08\/Spuelschwamm-Eichhoernchen-9-768x576.jpg 768w, https:\/\/dadade.eu\/wp-content\/uploads\/2023\/08\/Spuelschwamm-Eichhoernchen-9.jpg 1400w\" sizes=\"(max-width: 300px) 100vw, 300px\" \/>S110 Schwamm Eichh\u00f6rnchen<\/p>\n<p><img decoding=\"async\" class=\"alignnone size-medium wp-image-19039\" src=\"https:\/\/dadade.eu\/wp-content\/uploads\/2023\/08\/Spuelschwamm-Eule-1-300x225.jpg\" alt=\"\" width=\"300\" height=\"225\" srcset=\"https:\/\/dadade.eu\/wp-content\/uploads\/2023\/08\/Spuelschwamm-Eule-1-300x225.jpg 300w, https:\/\/dadade.eu\/wp-content\/uploads\/2023\/08\/Spuelschwamm-Eule-1-600x450.jpg 600w, https:\/\/dadade.eu\/wp-content\/uploads\/2023\/08\/Spuelschwamm-Eule-1-64x48.jpg 64w, https:\/\/dadade.eu\/wp-content\/uploads\/2023\/08\/Spuelschwamm-Eule-1-1024x768.jpg 1024w, https:\/\/dadade.eu\/wp-content\/uploads\/2023\/08\/Spuelschwamm-Eule-1-768x576.jpg 768w, https:\/\/dadade.eu\/wp-content\/uploads\/2023\/08\/Spuelschwamm-Eule-1.jpg 1400w\" sizes=\"(max-width: 300px) 100vw, 300px\" \/>S111 Schwamm Eule<\/p>\n<p><img decoding=\"async\" class=\"alignnone size-medium wp-image-19033\" src=\"https:\/\/dadade.eu\/wp-content\/uploads\/2023\/08\/Spuelschwamm-Fledermaus-5-300x225.jpg\" alt=\"\" width=\"300\" height=\"225\" srcset=\"https:\/\/dadade.eu\/wp-content\/uploads\/2023\/08\/Spuelschwamm-Fledermaus-5-300x225.jpg 300w, https:\/\/dadade.eu\/wp-content\/uploads\/2023\/08\/Spuelschwamm-Fledermaus-5-600x450.jpg 600w, https:\/\/dadade.eu\/wp-content\/uploads\/2023\/08\/Spuelschwamm-Fledermaus-5-64x48.jpg 64w, https:\/\/dadade.eu\/wp-content\/uploads\/2023\/08\/Spuelschwamm-Fledermaus-5-1024x768.jpg 1024w, https:\/\/dadade.eu\/wp-content\/uploads\/2023\/08\/Spuelschwamm-Fledermaus-5-768x576.jpg 768w, https:\/\/dadade.eu\/wp-content\/uploads\/2023\/08\/Spuelschwamm-Fledermaus-5.jpg 1400w\" sizes=\"(max-width: 300px) 100vw, 300px\" \/>S112 Schwamm Fledermaus<\/p>\n<p><img loading=\"lazy\" decoding=\"async\" class=\"alignnone size-medium wp-image-19046\" src=\"https:\/\/dadade.eu\/wp-content\/uploads\/2023\/08\/Spuelschwamm-Igel-4-300x225.jpg\" alt=\"\" width=\"300\" height=\"225\" srcset=\"https:\/\/dadade.eu\/wp-content\/uploads\/2023\/08\/Spuelschwamm-Igel-4-300x225.jpg 300w, https:\/\/dadade.eu\/wp-content\/uploads\/2023\/08\/Spuelschwamm-Igel-4-600x450.jpg 600w, https:\/\/dadade.eu\/wp-content\/uploads\/2023\/08\/Spuelschwamm-Igel-4-64x48.jpg 64w, https:\/\/dadade.eu\/wp-content\/uploads\/2023\/08\/Spuelschwamm-Igel-4-1024x768.jpg 1024w, https:\/\/dadade.eu\/wp-content\/uploads\/2023\/08\/Spuelschwamm-Igel-4-768x576.jpg 768w, https:\/\/dadade.eu\/wp-content\/uploads\/2023\/08\/Spuelschwamm-Igel-4.jpg 1400w\" sizes=\"(max-width: 300px) 100vw, 300px\" \/>S113 Schwamm Igel<\/p>\n<p><img loading=\"lazy\" decoding=\"async\" class=\"alignnone size-medium wp-image-19050\" src=\"https:\/\/dadade.eu\/wp-content\/uploads\/2023\/08\/4-Spuelschwaemme-Herbst-2j-300x225.jpg\" alt=\"\" width=\"300\" height=\"225\" srcset=\"https:\/\/dadade.eu\/wp-content\/uploads\/2023\/08\/4-Spuelschwaemme-Herbst-2j-300x225.jpg 300w, https:\/\/dadade.eu\/wp-content\/uploads\/2023\/08\/4-Spuelschwaemme-Herbst-2j-600x450.jpg 600w, https:\/\/dadade.eu\/wp-content\/uploads\/2023\/08\/4-Spuelschwaemme-Herbst-2j-64x48.jpg 64w, https:\/\/dadade.eu\/wp-content\/uploads\/2023\/08\/4-Spuelschwaemme-Herbst-2j-1024x768.jpg 1024w, https:\/\/dadade.eu\/wp-content\/uploads\/2023\/08\/4-Spuelschwaemme-Herbst-2j-768x576.jpg 768w, https:\/\/dadade.eu\/wp-content\/uploads\/2023\/08\/4-Spuelschwaemme-Herbst-2j.jpg 1400w\" sizes=\"(max-width: 300px) 100vw, 300px\" \/>S114 Schw\u00e4mme 4 Herbst-Tiere<\/p>\n<p><strong><img loading=\"lazy\" decoding=\"async\" class=\"alignnone size-medium wp-image-19098\" src=\"https:\/\/dadade.eu\/wp-content\/uploads\/2023\/08\/Spuelschwamm-Gespenst-1-300x225.jpg\" alt=\"\" width=\"300\" height=\"225\" srcset=\"https:\/\/dadade.eu\/wp-content\/uploads\/2023\/08\/Spuelschwamm-Gespenst-1-300x225.jpg 300w, https:\/\/dadade.eu\/wp-content\/uploads\/2023\/08\/Spuelschwamm-Gespenst-1-600x450.jpg 600w, https:\/\/dadade.eu\/wp-content\/uploads\/2023\/08\/Spuelschwamm-Gespenst-1-64x48.jpg 64w, https:\/\/dadade.eu\/wp-content\/uploads\/2023\/08\/Spuelschwamm-Gespenst-1-1024x768.jpg 1024w, https:\/\/dadade.eu\/wp-content\/uploads\/2023\/08\/Spuelschwamm-Gespenst-1-768x576.jpg 768w, https:\/\/dadade.eu\/wp-content\/uploads\/2023\/08\/Spuelschwamm-Gespenst-1.jpg 1400w\" sizes=\"(max-width: 300px) 100vw, 300px\" \/><a href=\"https:\/\/dadade.eu\/?product=spuelschwamm-gespenst-s115\">Schwamm Gespenst, gibt es im Sparpaket als kleines Extra-Geschenk kostenlos dazu<\/a><\/strong><\/p>\n<p>Die Anleitungen sind ausf\u00fchrlich mit vielen Bildern hinterlegt und werden auf je 7 &#8211; 12 Seiten Schritt-f\u00fcr-Schritt beschrieben!<\/p>\n<p>Sie\u00a0 ist dadurch auch schon f\u00fcr Anf\u00e4nger geeignet.<\/p>\n<p>&nbsp;<\/p>\n<p>mehr Bilder von flei\u00dfigen H\u00e4nden findet ihr<\/p>\n<p><strong><a href=\"https:\/\/dadade.eu\/?p=18646\">KLICKE HIER<\/a><\/strong><\/p>\n<p>&nbsp;<\/p>\n<p>&nbsp;<\/p>\n","protected":false},"excerpt":{"rendered":"<div id=\"cc-m-13954443088\" class=\"j-module n j-text \">\n<p>Hier kauft man nur die Anleitungen f\u00fcr diese witzigen Schw\u00e4mme,<\/p>\n<p>Sie sind mit einem Garn von Rico Design geh\u00e4kelt, Creative Bubble!<\/p>\n<p>Ob als Badeschwamm, \u00a0oder als K\u00fcchenschwamm,<\/p>\n<p>Schluss mit Langeweile im Badezimmer oder in der K\u00fcche. So macht das Abwaschen richtig Spa\u00df,<\/p>\n<p>Mit den verschiedenen lustigen und tierischen Motiven eignen sich diese selbstgemachten Schw\u00e4mme auch super zum Verschenken, gerade jetzt im Herbst.<\/p>\n<p>Das Garn l\u00e4sst sich gut verarbeiten und ist bei 60\u00b0C waschbar.<\/p>\n<p>Sie sind sehr schnell geh\u00e4kelt und auch schon f\u00fcr Anf\u00e4nger geeignet<\/p>\n<p>Wie???\u00a0Ihr habt keine Bubble-Wolle???<\/p>\n<p>Dann h\u00e4kelt doch meine Schw\u00e4mme einfach mal mit d\u00fcnnem Garn,<\/p>\n<p>als Taschenbaumler, Ranzenanh\u00e4nger, oder auch mal als Schl\u00fcsselanh\u00e4nger, je nachdem, was die Wollreste- Kiste hergibt<\/p>\n<p>Die Anleitungen sind auch als Applikationen um Hosen usw. zu verzieren, super geeignet,<\/p>\n<p>Mit der Nadelst\u00e4rke 3,5 wird das Eichh\u00f6rnchen ungef\u00e4hr; 15 x 15cm<\/p>\n<p>die Eule ungef\u00e4hr; 20 x 12cm, die Fledermaus ungef\u00e4hr; 14x21cm<\/p>\n<p>der Igel ungef\u00e4hr; 11 x 16cm<\/p>\n<p>EXTRA &#8211; das Gespenst ist ungef\u00e4hr; 18 x 14cm<\/p>\n<\/div>\n","protected":false},"featured_media":19049,"template":"","meta":[],"product_brand":[],"product_cat":[56,48,52,1479],"product_tag":[90,1377,1463,1467,1468,1500,242,1466,1162,1199,564,563,1005,1006,87,1460,1465,299,1003,94,93,126,1356,1357,92,1464,1504,1461,181,195,1513,1462,1505,1506,95,96],"class_list":{"0":"post-19024","1":"product","2":"type-product","3":"status-publish","4":"has-post-thumbnail","6":"product_cat-2einfach","7":"product_cat-haus-deko","8":"product_cat-herbst-halloween","9":"product_cat-schwamm-und-waschhandschuh","10":"product_tag-amigurumi","11":"product_tag-baden","12":"product_tag-badeschwamm","13":"product_tag-badezimmer","14":"product_tag-creative-bubble-von-rico-design","15":"product_tag-dachs-haekeln","16":"product_tag-dekoration-haekeln","17":"product_tag-duschschwamm","18":"product_tag-eichhoernchen","19":"product_tag-eichhoernchen-haekeln","20":"product_tag-eule","21":"product_tag-eule-haekeln","22":"product_tag-fledermaus","23":"product_tag-fledermaus-haekeln","24":"product_tag-geschenk","25":"product_tag-geschenke-haekeln","26":"product_tag-geschenke-selbermachen","27":"product_tag-geschenkidee","28":"product_tag-gespenst","29":"product_tag-haekelanleitung","30":"product_tag-haekeln","31":"product_tag-herbst","32":"product_tag-igel","33":"product_tag-igel-haekeln","34":"product_tag-kinder","35":"product_tag-kuechenschwamm","36":"product_tag-kuechentuch","37":"product_tag-kuechenzubehoer","38":"product_tag-lustig","39":"product_tag-praesent","40":"product_tag-schwamm-gespenst","41":"product_tag-schwamm-haekeln","42":"product_tag-spuelschwamm-haekeln","43":"product_tag-waldtiere","44":"product_tag-wolle","45":"product_tag-wollreste","47":"first","48":"instock","49":"shipping-taxable","50":"purchasable","51":"product-type-variable"},"_links":{"self":[{"href":"https:\/\/dadade.eu\/index.php?rest_route=\/wp\/v2\/product\/19024","targetHints":{"allow":["GET"]}}],"collection":[{"href":"https:\/\/dadade.eu\/index.php?rest_route=\/wp\/v2\/product"}],"about":[{"href":"https:\/\/dadade.eu\/index.php?rest_route=\/wp\/v2\/types\/product"}],"wp:featuredmedia":[{"embeddable":true,"href":"https:\/\/dadade.eu\/index.php?rest_route=\/wp\/v2\/media\/19049"}],"wp:attachment":[{"href":"https:\/\/dadade.eu\/index.php?rest_route=%2Fwp%2Fv2%2Fmedia&parent=19024"}],"wp:term":[{"taxonomy":"product_brand","embeddable":true,"href":"https:\/\/dadade.eu\/index.php?rest_route=%2Fwp%2Fv2%2Fproduct_brand&post=19024"},{"taxonomy":"product_cat","embeddable":true,"href":"https:\/\/dadade.eu\/index.php?rest_route=%2Fwp%2Fv2%2Fproduct_cat&post=19024"},{"taxonomy":"product_tag","embeddable":true,"href":"https:\/\/dadade.eu\/index.php?rest_route=%2Fwp%2Fv2%2Fproduct_tag&post=19024"}],"curies":[{"name":"wp","href":"https:\/\/api.w.org\/{rel}","templated":true}]}}