{"id":19011,"date":"2020-08-05T11:55:01","date_gmt":"2020-08-05T09:55:01","guid":{"rendered":"https:\/\/dadade.eu\/?post_type=product&#038;p=19011"},"modified":"2023-08-12T15:14:11","modified_gmt":"2023-08-12T13:14:11","slug":"wasch-handschuh-bade-tier-fuer-den-badespass-in-der-badewanne","status":"publish","type":"product","link":"https:\/\/dadade.eu\/?product=wasch-handschuh-bade-tier-fuer-den-badespass-in-der-badewanne","title":{"rendered":"S500 Wasch-Handschuh &#038; Bade-Tier f\u00fcr den Badespa\u00df in der Badewanne"},"content":{"rendered":"<p><strong><a href=\"https:\/\/dadade.eu\/?product=badespass-waschhandschuh-ente-s501\"><img fetchpriority=\"high\" decoding=\"async\" class=\"alignnone size-medium wp-image-18864\" src=\"https:\/\/dadade.eu\/wp-content\/uploads\/2023\/08\/xBade-Handschuh-Ente-7-300x225.jpg\" alt=\"\" width=\"300\" height=\"225\" srcset=\"https:\/\/dadade.eu\/wp-content\/uploads\/2023\/08\/xBade-Handschuh-Ente-7-300x225.jpg 300w, https:\/\/dadade.eu\/wp-content\/uploads\/2023\/08\/xBade-Handschuh-Ente-7-600x450.jpg 600w, https:\/\/dadade.eu\/wp-content\/uploads\/2023\/08\/xBade-Handschuh-Ente-7-64x48.jpg 64w, https:\/\/dadade.eu\/wp-content\/uploads\/2023\/08\/xBade-Handschuh-Ente-7-1024x768.jpg 1024w, https:\/\/dadade.eu\/wp-content\/uploads\/2023\/08\/xBade-Handschuh-Ente-7-768x576.jpg 768w, https:\/\/dadade.eu\/wp-content\/uploads\/2023\/08\/xBade-Handschuh-Ente-7.jpg 1165w\" sizes=\"(max-width: 300px) 100vw, 300px\" \/>S501 der Waschhandschuh Ente<\/a><\/strong><\/p>\n<p><strong><a href=\"https:\/\/dadade.eu\/?product=badespass-waschhandschuh-pinguin-s502\"><img decoding=\"async\" class=\"alignnone size-medium wp-image-18868\" src=\"https:\/\/dadade.eu\/wp-content\/uploads\/2023\/08\/xWaschhandschuh-Pinguin-Herz-2-300x225.jpg\" alt=\"\" width=\"300\" height=\"225\" srcset=\"https:\/\/dadade.eu\/wp-content\/uploads\/2023\/08\/xWaschhandschuh-Pinguin-Herz-2-300x225.jpg 300w, https:\/\/dadade.eu\/wp-content\/uploads\/2023\/08\/xWaschhandschuh-Pinguin-Herz-2-600x450.jpg 600w, https:\/\/dadade.eu\/wp-content\/uploads\/2023\/08\/xWaschhandschuh-Pinguin-Herz-2-64x48.jpg 64w, https:\/\/dadade.eu\/wp-content\/uploads\/2023\/08\/xWaschhandschuh-Pinguin-Herz-2-1024x768.jpg 1024w, https:\/\/dadade.eu\/wp-content\/uploads\/2023\/08\/xWaschhandschuh-Pinguin-Herz-2-768x576.jpg 768w, https:\/\/dadade.eu\/wp-content\/uploads\/2023\/08\/xWaschhandschuh-Pinguin-Herz-2.jpg 1400w\" sizes=\"(max-width: 300px) 100vw, 300px\" \/>S502 der Waschhandschuh Pinguin<\/a><\/strong><\/p>\n<p><strong><a href=\"https:\/\/dadade.eu\/wp-admin\/post.php?post=18623&amp;action=edit\"><img decoding=\"async\" class=\"alignnone size-medium wp-image-18645\" src=\"https:\/\/dadade.eu\/wp-content\/uploads\/2023\/07\/Schwimm-Elefant-mit-Handschuh-5-300x225.jpg\" alt=\"\" width=\"300\" height=\"225\" srcset=\"https:\/\/dadade.eu\/wp-content\/uploads\/2023\/07\/Schwimm-Elefant-mit-Handschuh-5-300x225.jpg 300w, https:\/\/dadade.eu\/wp-content\/uploads\/2023\/07\/Schwimm-Elefant-mit-Handschuh-5-600x450.jpg 600w, https:\/\/dadade.eu\/wp-content\/uploads\/2023\/07\/Schwimm-Elefant-mit-Handschuh-5-64x48.jpg 64w, https:\/\/dadade.eu\/wp-content\/uploads\/2023\/07\/Schwimm-Elefant-mit-Handschuh-5-1024x768.jpg 1024w, https:\/\/dadade.eu\/wp-content\/uploads\/2023\/07\/Schwimm-Elefant-mit-Handschuh-5-768x576.jpg 768w, https:\/\/dadade.eu\/wp-content\/uploads\/2023\/07\/Schwimm-Elefant-mit-Handschuh-5.jpg 1165w\" sizes=\"(max-width: 300px) 100vw, 300px\" \/>S510 der Waschhandschuh &amp; Badetier Elefant, auch einzeln erh\u00e4ltlich<\/a><\/strong><\/p>\n<p><img loading=\"lazy\" decoding=\"async\" class=\"alignnone size-medium wp-image-18693\" src=\"https:\/\/dadade.eu\/wp-content\/uploads\/2023\/07\/Schwimm-Esel-mit-Handschuh-5-300x225.jpg\" alt=\"\" width=\"300\" height=\"225\" srcset=\"https:\/\/dadade.eu\/wp-content\/uploads\/2023\/07\/Schwimm-Esel-mit-Handschuh-5-300x225.jpg 300w, https:\/\/dadade.eu\/wp-content\/uploads\/2023\/07\/Schwimm-Esel-mit-Handschuh-5-600x450.jpg 600w, https:\/\/dadade.eu\/wp-content\/uploads\/2023\/07\/Schwimm-Esel-mit-Handschuh-5-64x48.jpg 64w, https:\/\/dadade.eu\/wp-content\/uploads\/2023\/07\/Schwimm-Esel-mit-Handschuh-5-1024x768.jpg 1024w, https:\/\/dadade.eu\/wp-content\/uploads\/2023\/07\/Schwimm-Esel-mit-Handschuh-5-768x576.jpg 768w, https:\/\/dadade.eu\/wp-content\/uploads\/2023\/07\/Schwimm-Esel-mit-Handschuh-5.jpg 1165w\" sizes=\"(max-width: 300px) 100vw, 300px\" \/><strong><a href=\"https:\/\/dadade.eu\/?product=badespass-waschhandschuh-badetier-esel-s520\">S520 der Waschhandschuh &amp; Badetier Esel, auch einzeln erh\u00e4ltlich<\/a><\/strong><\/p>\n<p><img loading=\"lazy\" decoding=\"async\" class=\"alignnone size-medium wp-image-18705\" src=\"https:\/\/dadade.eu\/wp-content\/uploads\/2023\/07\/xBade-Handschuh-Spiel-Hase-10-300x225.jpg\" alt=\"\" width=\"300\" height=\"225\" srcset=\"https:\/\/dadade.eu\/wp-content\/uploads\/2023\/07\/xBade-Handschuh-Spiel-Hase-10-300x225.jpg 300w, https:\/\/dadade.eu\/wp-content\/uploads\/2023\/07\/xBade-Handschuh-Spiel-Hase-10-600x450.jpg 600w, https:\/\/dadade.eu\/wp-content\/uploads\/2023\/07\/xBade-Handschuh-Spiel-Hase-10-64x48.jpg 64w, https:\/\/dadade.eu\/wp-content\/uploads\/2023\/07\/xBade-Handschuh-Spiel-Hase-10-1024x768.jpg 1024w, https:\/\/dadade.eu\/wp-content\/uploads\/2023\/07\/xBade-Handschuh-Spiel-Hase-10-768x576.jpg 768w, https:\/\/dadade.eu\/wp-content\/uploads\/2023\/07\/xBade-Handschuh-Spiel-Hase-10.jpg 1165w\" sizes=\"(max-width: 300px) 100vw, 300px\" \/><strong><a href=\"https:\/\/dadade.eu\/?product=badespass-waschhandschuh-badetier-hase-s530\">S530 der Waschhandschuh &amp; Badetier Hase, auch einzeln erh\u00e4ltlich<\/a><\/strong><\/p>\n<p><img loading=\"lazy\" decoding=\"async\" class=\"alignnone size-medium wp-image-18726\" src=\"https:\/\/dadade.eu\/wp-content\/uploads\/2023\/07\/xBade-Handschuh-Spiel-Schaf-1-300x225.jpg\" alt=\"\" width=\"300\" height=\"225\" srcset=\"https:\/\/dadade.eu\/wp-content\/uploads\/2023\/07\/xBade-Handschuh-Spiel-Schaf-1-300x225.jpg 300w, https:\/\/dadade.eu\/wp-content\/uploads\/2023\/07\/xBade-Handschuh-Spiel-Schaf-1-600x450.jpg 600w, https:\/\/dadade.eu\/wp-content\/uploads\/2023\/07\/xBade-Handschuh-Spiel-Schaf-1-64x48.jpg 64w, https:\/\/dadade.eu\/wp-content\/uploads\/2023\/07\/xBade-Handschuh-Spiel-Schaf-1-1024x768.jpg 1024w, https:\/\/dadade.eu\/wp-content\/uploads\/2023\/07\/xBade-Handschuh-Spiel-Schaf-1-768x576.jpg 768w, https:\/\/dadade.eu\/wp-content\/uploads\/2023\/07\/xBade-Handschuh-Spiel-Schaf-1.jpg 1165w\" sizes=\"(max-width: 300px) 100vw, 300px\" \/><strong><a href=\"https:\/\/dadade.eu\/?product=badespass-waschhandschuh-badetier-schaf-s540\">S540 der Waschhandschuh &amp; Badetier Schaf, auch einzeln erh\u00e4ltlich<\/a><\/strong><\/p>\n<p><strong><a href=\"https:\/\/dadade.eu\/?product=badespass-waschhandschuh-badetier-tintenfisch-seepferdchen-s550\"><img loading=\"lazy\" decoding=\"async\" class=\"alignnone size-medium wp-image-18774\" src=\"https:\/\/dadade.eu\/wp-content\/uploads\/2023\/07\/seepferdcheTintenfisch-mit-Handschuh-Kopie-300x225.jpg\" alt=\"\" width=\"300\" height=\"225\" srcset=\"https:\/\/dadade.eu\/wp-content\/uploads\/2023\/07\/seepferdcheTintenfisch-mit-Handschuh-Kopie-300x225.jpg 300w, https:\/\/dadade.eu\/wp-content\/uploads\/2023\/07\/seepferdcheTintenfisch-mit-Handschuh-Kopie-600x450.jpg 600w, https:\/\/dadade.eu\/wp-content\/uploads\/2023\/07\/seepferdcheTintenfisch-mit-Handschuh-Kopie-64x48.jpg 64w, https:\/\/dadade.eu\/wp-content\/uploads\/2023\/07\/seepferdcheTintenfisch-mit-Handschuh-Kopie-1024x768.jpg 1024w, https:\/\/dadade.eu\/wp-content\/uploads\/2023\/07\/seepferdcheTintenfisch-mit-Handschuh-Kopie-768x576.jpg 768w, https:\/\/dadade.eu\/wp-content\/uploads\/2023\/07\/seepferdcheTintenfisch-mit-Handschuh-Kopie.jpg 1165w\" sizes=\"(max-width: 300px) 100vw, 300px\" \/>S550 der Waschhandschuh &amp; Badetier Tintenfisch &amp; Seepferdchen, auch einzeln erh\u00e4ltlich<\/a><\/strong><\/p>\n<p><strong><a href=\"https:\/\/dadade.eu\/?product=badespass-waschhandschuh-bade-pueppchen-clown-s560\"><img loading=\"lazy\" decoding=\"async\" class=\"alignnone size-medium wp-image-18842\" src=\"https:\/\/dadade.eu\/wp-content\/uploads\/2023\/08\/Handschuh-Bimbino-Bimbina-Kopie-300x225.jpg\" alt=\"\" width=\"300\" height=\"225\" srcset=\"https:\/\/dadade.eu\/wp-content\/uploads\/2023\/08\/Handschuh-Bimbino-Bimbina-Kopie-300x225.jpg 300w, https:\/\/dadade.eu\/wp-content\/uploads\/2023\/08\/Handschuh-Bimbino-Bimbina-Kopie-600x450.jpg 600w, https:\/\/dadade.eu\/wp-content\/uploads\/2023\/08\/Handschuh-Bimbino-Bimbina-Kopie-64x48.jpg 64w, https:\/\/dadade.eu\/wp-content\/uploads\/2023\/08\/Handschuh-Bimbino-Bimbina-Kopie-1024x768.jpg 1024w, https:\/\/dadade.eu\/wp-content\/uploads\/2023\/08\/Handschuh-Bimbino-Bimbina-Kopie-768x576.jpg 768w, https:\/\/dadade.eu\/wp-content\/uploads\/2023\/08\/Handschuh-Bimbino-Bimbina-Kopie.jpg 1400w\" sizes=\"(max-width: 300px) 100vw, 300px\" \/>S560 der Waschhandschuh &amp; Badetier Clowns, auch einzeln erh\u00e4ltlich<\/a><\/strong><\/p>\n<p>Die Anleitung ist ausf\u00fchrlich auf\u00a0 vielen Seiten beschrieben und mit vielen Bildern hinterlegt<\/p>\n<p>Sie\u00a0 ist dadurch auch schon f\u00fcr Anf\u00e4nger geeignet.<\/p>\n<p>mehr Bilder von flei\u00dfigen H\u00e4nden findet ihr<\/p>\n<p><strong><a href=\"https:\/\/dadade.eu\/?p=18646\">KLICKE HIER<\/a><\/strong><\/p>\n<p>&nbsp;<\/p>\n<p>&nbsp;<\/p>\n","protected":false},"excerpt":{"rendered":"<div id=\"cc-m-13954443088\" class=\"j-module n j-text \">\n<p>Hier findet man nur die Anleitungen f\u00fcr diese witzigen Waschhandschuh &amp; Badetiere<\/p>\n<p>Sie sind mit einem Garn von Rico Design geh\u00e4kelt, Creative Bubble!<\/p>\n<p>Schluss mit Langeweile im Badezimmer<\/p>\n<p>Hier ist der Hit f\u00fcr die Kleinen; in der Badewanne finden sie \u00fcberall Anklang.<\/p>\n<p>Meine Testkinder fanden es alle super cool in der Badewanne, allerdings wollten einige nur damit spielen, andere lie\u00dfen sich auch damit abrubbeln, &#8220; das kitzelt so sch\u00f6n&#8220;<br \/>\nAlso eine neue Idee, Badewannen-Tier und den passenden Wasch-Handschuh f\u00fcr die Kleinen.<\/p>\n<p>Aber nicht nur f\u00fcr die Kleinen, der Waschhandschuh ist auch f\u00fcr das Peeling der Frau geeignet.<\/p>\n<p>Einfach mal testen.<\/p>\n<p>Mit den verschiedenen lustigen und tierischen Motiven eignen sich diese selbstgemachten Schw\u00e4mme auch super zum Verschenken, das ganze Jahr \u00fcber.<\/p>\n<p>Das Garn l\u00e4sst sich gut verarbeiten und ist bei 60\u00b0C waschbar.<\/p>\n<p>Sie sind sehr schnell geh\u00e4kelt und auch schon f\u00fcr Anf\u00e4nger geeignet<\/p>\n<p>mehr Schw\u00e4mme findet ihr in\u00a0<strong><a href=\"https:\/\/dadade.eu\/?product_cat=schwamm-und-waschhandschuh\">Haus &amp; Deko<\/a><\/strong><\/p>\n<\/div>\n","protected":false},"featured_media":19012,"template":"","meta":[],"product_brand":[],"product_cat":[56,16],"product_tag":[90,1470,1377,1463,1458,1471,1467,229,232,1468,242,1466,649,650,571,569,87,1460,1465,299,1494,94,93,113,110,647,648,92,758,181,280,1482,1483,629,195,426,424,1462,1456,1473,1474,759,1469,95,96],"class_list":{"0":"post-19011","1":"product","2":"type-product","3":"status-publish","4":"has-post-thumbnail","6":"product_cat-2einfach","7":"product_cat-alle","8":"product_tag-amigurumi","9":"product_tag-badehandschuh","10":"product_tag-baden","11":"product_tag-badeschwamm","12":"product_tag-badespass","13":"product_tag-badewanne","14":"product_tag-badezimmer","15":"product_tag-clown","16":"product_tag-clown-haekeln","17":"product_tag-creative-bubble-von-rico-design","18":"product_tag-dekoration-haekeln","19":"product_tag-duschschwamm","20":"product_tag-elefant","21":"product_tag-elefant-haekeln","22":"product_tag-esel","23":"product_tag-esel-haekeln","24":"product_tag-geschenk","25":"product_tag-geschenke-haekeln","26":"product_tag-geschenke-selbermachen","27":"product_tag-geschenkidee","28":"product_tag-gesicht","29":"product_tag-haekelanleitung","30":"product_tag-haekeln","31":"product_tag-hase","32":"product_tag-hase-haekeln","33":"product_tag-katze","34":"product_tag-katze-haekeln","35":"product_tag-kinder","36":"product_tag-krake","37":"product_tag-lustig","38":"product_tag-muttertag","39":"product_tag-peeling","40":"product_tag-peelinghandschuh","41":"product_tag-pinguin","42":"product_tag-praesent","43":"product_tag-schaf","44":"product_tag-schaf-haekeln","45":"product_tag-schwamm-haekeln","46":"product_tag-schwammwolle","47":"product_tag-seepferdchen","48":"product_tag-seepferdchen-haekeln","49":"product_tag-tintenfisch","50":"product_tag-waschhandschuh","51":"product_tag-wolle","52":"product_tag-wollreste","54":"first","55":"instock","56":"shipping-taxable","57":"product-type-simple"},"_links":{"self":[{"href":"https:\/\/dadade.eu\/index.php?rest_route=\/wp\/v2\/product\/19011","targetHints":{"allow":["GET"]}}],"collection":[{"href":"https:\/\/dadade.eu\/index.php?rest_route=\/wp\/v2\/product"}],"about":[{"href":"https:\/\/dadade.eu\/index.php?rest_route=\/wp\/v2\/types\/product"}],"wp:featuredmedia":[{"embeddable":true,"href":"https:\/\/dadade.eu\/index.php?rest_route=\/wp\/v2\/media\/19012"}],"wp:attachment":[{"href":"https:\/\/dadade.eu\/index.php?rest_route=%2Fwp%2Fv2%2Fmedia&parent=19011"}],"wp:term":[{"taxonomy":"product_brand","embeddable":true,"href":"https:\/\/dadade.eu\/index.php?rest_route=%2Fwp%2Fv2%2Fproduct_brand&post=19011"},{"taxonomy":"product_cat","embeddable":true,"href":"https:\/\/dadade.eu\/index.php?rest_route=%2Fwp%2Fv2%2Fproduct_cat&post=19011"},{"taxonomy":"product_tag","embeddable":true,"href":"https:\/\/dadade.eu\/index.php?rest_route=%2Fwp%2Fv2%2Fproduct_tag&post=19011"}],"curies":[{"name":"wp","href":"https:\/\/api.w.org\/{rel}","templated":true}]}}