{"id":18983,"date":"2018-01-05T10:51:37","date_gmt":"2018-01-05T09:51:37","guid":{"rendered":"https:\/\/dadade.eu\/?post_type=product&#038;p=18983"},"modified":"2023-08-07T00:33:58","modified_gmt":"2023-08-06T22:33:58","slug":"wasch-und-peeling-handschuh-clown-s612","status":"publish","type":"product","link":"https:\/\/dadade.eu\/?product=wasch-und-peeling-handschuh-clown-s612","title":{"rendered":"Wasch- und Peeling- Handschuh Clown (S612)"},"content":{"rendered":"<p><img fetchpriority=\"high\" decoding=\"async\" class=\"alignnone size-medium wp-image-18994\" src=\"https:\/\/dadade.eu\/wp-content\/uploads\/2023\/08\/Spuelschwamm-Peppi-1-300x225.jpg\" alt=\"\" width=\"300\" height=\"225\" srcset=\"https:\/\/dadade.eu\/wp-content\/uploads\/2023\/08\/Spuelschwamm-Peppi-1-300x225.jpg 300w, https:\/\/dadade.eu\/wp-content\/uploads\/2023\/08\/Spuelschwamm-Peppi-1-600x450.jpg 600w, https:\/\/dadade.eu\/wp-content\/uploads\/2023\/08\/Spuelschwamm-Peppi-1-64x48.jpg 64w, https:\/\/dadade.eu\/wp-content\/uploads\/2023\/08\/Spuelschwamm-Peppi-1-1024x768.jpg 1024w, https:\/\/dadade.eu\/wp-content\/uploads\/2023\/08\/Spuelschwamm-Peppi-1-768x576.jpg 768w, https:\/\/dadade.eu\/wp-content\/uploads\/2023\/08\/Spuelschwamm-Peppi-1.jpg 1400w\" sizes=\"(max-width: 300px) 100vw, 300px\" \/>S610 der Schwamm Clown Peppi<\/p>\n<p><img decoding=\"async\" class=\"alignnone size-medium wp-image-18989\" src=\"https:\/\/dadade.eu\/wp-content\/uploads\/2023\/08\/Spuelschwamm-dummer-August-3-300x225.jpg\" alt=\"\" width=\"300\" height=\"225\" srcset=\"https:\/\/dadade.eu\/wp-content\/uploads\/2023\/08\/Spuelschwamm-dummer-August-3-300x225.jpg 300w, https:\/\/dadade.eu\/wp-content\/uploads\/2023\/08\/Spuelschwamm-dummer-August-3-600x450.jpg 600w, https:\/\/dadade.eu\/wp-content\/uploads\/2023\/08\/Spuelschwamm-dummer-August-3-64x48.jpg 64w, https:\/\/dadade.eu\/wp-content\/uploads\/2023\/08\/Spuelschwamm-dummer-August-3-1024x768.jpg 1024w, https:\/\/dadade.eu\/wp-content\/uploads\/2023\/08\/Spuelschwamm-dummer-August-3-768x576.jpg 768w, https:\/\/dadade.eu\/wp-content\/uploads\/2023\/08\/Spuelschwamm-dummer-August-3.jpg 1400w\" sizes=\"(max-width: 300px) 100vw, 300px\" \/>S611 der Schwamm Clown August<\/p>\n<p><img decoding=\"async\" class=\"alignnone size-medium wp-image-19002\" src=\"https:\/\/dadade.eu\/wp-content\/uploads\/2023\/08\/xPeeling-Handschuh-Clown-3-300x225.jpg\" alt=\"\" width=\"300\" height=\"225\" srcset=\"https:\/\/dadade.eu\/wp-content\/uploads\/2023\/08\/xPeeling-Handschuh-Clown-3-300x225.jpg 300w, https:\/\/dadade.eu\/wp-content\/uploads\/2023\/08\/xPeeling-Handschuh-Clown-3-600x450.jpg 600w, https:\/\/dadade.eu\/wp-content\/uploads\/2023\/08\/xPeeling-Handschuh-Clown-3-64x48.jpg 64w, https:\/\/dadade.eu\/wp-content\/uploads\/2023\/08\/xPeeling-Handschuh-Clown-3-1024x768.jpg 1024w, https:\/\/dadade.eu\/wp-content\/uploads\/2023\/08\/xPeeling-Handschuh-Clown-3-768x576.jpg 768w, https:\/\/dadade.eu\/wp-content\/uploads\/2023\/08\/xPeeling-Handschuh-Clown-3.jpg 1400w\" sizes=\"(max-width: 300px) 100vw, 300px\" \/>S612beide Schw\u00e4mme zusammen<\/p>\n<p><strong><a href=\"https:\/\/dadade.eu\/?product=schwaemme-schwamm-clown-harlekin-pierrot-s313\"><img loading=\"lazy\" decoding=\"async\" class=\"alignnone size-medium wp-image-19277\" src=\"https:\/\/dadade.eu\/wp-content\/uploads\/2018\/01\/xSchwaemme-Fasching-Clown-1-300x225.jpg\" alt=\"\" width=\"300\" height=\"225\" srcset=\"https:\/\/dadade.eu\/wp-content\/uploads\/2018\/01\/xSchwaemme-Fasching-Clown-1-300x225.jpg 300w, https:\/\/dadade.eu\/wp-content\/uploads\/2018\/01\/xSchwaemme-Fasching-Clown-1-600x450.jpg 600w, https:\/\/dadade.eu\/wp-content\/uploads\/2018\/01\/xSchwaemme-Fasching-Clown-1-64x48.jpg 64w, https:\/\/dadade.eu\/wp-content\/uploads\/2018\/01\/xSchwaemme-Fasching-Clown-1-1024x768.jpg 1024w, https:\/\/dadade.eu\/wp-content\/uploads\/2018\/01\/xSchwaemme-Fasching-Clown-1-768x576.jpg 768w, https:\/\/dadade.eu\/wp-content\/uploads\/2018\/01\/xSchwaemme-Fasching-Clown-1.jpg 1400w\" sizes=\"(max-width: 300px) 100vw, 300px\" \/>zu den Fasching-<\/a><a href=\"https:\/\/dadade.eu\/?product=wasch-und-peeling-handschuh-clown-s612\">Waschhandschuh<\/a><a href=\"https:\/\/dadade.eu\/?product=schwaemme-schwamm-clown-harlekin-pierrot-s313\"> gibt es auch noch 2 Schw\u00e4mme <\/a><\/strong><\/p>\n<p>Die Anleitung ist ausf\u00fchrlich auf\u00a0 je 11 Seiten beschrieben und mit vielen Bildern hinterlegt<\/p>\n<p>Sie\u00a0 ist dadurch auch schon f\u00fcr Anf\u00e4nger geeignet.<\/p>\n<p>mehr Bilder von flei\u00dfigen H\u00e4nden findet ihr<\/p>\n<p><strong><a href=\"https:\/\/dadade.eu\/?p=18646\">KLICKE HIER<\/a><\/strong><\/p>\n<p>&nbsp;<\/p>\n<p>&nbsp;<\/p>\n","protected":false},"excerpt":{"rendered":"<div id=\"cc-m-13954443088\" class=\"j-module n j-text \">\n<p>Hier kauft man nur die Anleitung f\u00fcr diese witzigen und lustige Dusch-Schw\u00e4mme.<\/p>\n<p>Der Handschuh, zum Peeling f\u00fcr die Frau ist mit dem Garn von Rico Design geh\u00e4kelt.<\/p>\n<p>Oder zum Baden f\u00fcr die Kleinen.<\/p>\n<p>Dank des\u00a0innovativen Garns Creative Bubble geh\u00f6ren langweilige Schw\u00e4mme nun der\u00a0Vergangenheit an:<\/p>\n<p>Das Garn ist scheuernd und auch weich,\u00a0lang haltbar\u00a0und superstrapazierf\u00e4hig.<\/p>\n<p>und kann bei 60\u00b0C gewaschen\u00a0werden.<\/p>\n<p>Mit den verschiedenen\u00a0lustigen und tierischen Motiven eignen sich diese selbstgemachten\u00a0Schw\u00e4mme\u00a0 und Waschhandschuh auch super zum Verschenken,<\/p>\n<p>z.B. f\u00fcr Valentinstag oder Muttertag<\/p>\n<p>Mit der Nadelst\u00e4rke 3,5 wird jeder Schwamm ungef\u00e4hr; 24x18cm<\/p>\n<p>Sie sind sehr schnell geh\u00e4kelt und auch schon f\u00fcr Anf\u00e4nger geeignet<\/p>\n<p>&nbsp;<\/p>\n<p>&nbsp;<\/p>\n<\/div>\n","protected":false},"featured_media":19000,"template":"","meta":[],"product_brand":[],"product_cat":[56,50,48,1479],"product_tag":[90,1470,1377,1463,1458,1471,1467,229,232,1492,1468,242,1466,87,1460,1465,299,94,93,1491,92,181,280,1482,1483,195,1493,1462,1456,1469,95,96],"class_list":{"0":"post-18983","1":"product","2":"type-product","3":"status-publish","4":"has-post-thumbnail","6":"product_cat-2einfach","7":"product_cat-fasching-die-5-jahreszeit","8":"product_cat-haus-deko","9":"product_cat-schwamm-und-waschhandschuh","10":"product_tag-amigurumi","11":"product_tag-badehandschuh","12":"product_tag-baden","13":"product_tag-badeschwamm","14":"product_tag-badespass","15":"product_tag-badewanne","16":"product_tag-badezimmer","17":"product_tag-clown","18":"product_tag-clown-haekeln","19":"product_tag-clown-haekwln","20":"product_tag-creative-bubble-von-rico-design","21":"product_tag-dekoration-haekeln","22":"product_tag-duschschwamm","23":"product_tag-geschenk","24":"product_tag-geschenke-haekeln","25":"product_tag-geschenke-selbermachen","26":"product_tag-geschenkidee","27":"product_tag-haekelanleitung","28":"product_tag-haekeln","29":"product_tag-kalt","30":"product_tag-kinder","31":"product_tag-lustig","32":"product_tag-muttertag","33":"product_tag-peeling","34":"product_tag-peelinghandschuh","35":"product_tag-praesent","36":"product_tag-schwamm-clon","37":"product_tag-schwamm-haekeln","38":"product_tag-schwammwolle","39":"product_tag-waschhandschuh","40":"product_tag-wolle","41":"product_tag-wollreste","43":"first","44":"instock","45":"shipping-taxable","46":"purchasable","47":"product-type-variable"},"_links":{"self":[{"href":"https:\/\/dadade.eu\/index.php?rest_route=\/wp\/v2\/product\/18983","targetHints":{"allow":["GET"]}}],"collection":[{"href":"https:\/\/dadade.eu\/index.php?rest_route=\/wp\/v2\/product"}],"about":[{"href":"https:\/\/dadade.eu\/index.php?rest_route=\/wp\/v2\/types\/product"}],"wp:featuredmedia":[{"embeddable":true,"href":"https:\/\/dadade.eu\/index.php?rest_route=\/wp\/v2\/media\/19000"}],"wp:attachment":[{"href":"https:\/\/dadade.eu\/index.php?rest_route=%2Fwp%2Fv2%2Fmedia&parent=18983"}],"wp:term":[{"taxonomy":"product_brand","embeddable":true,"href":"https:\/\/dadade.eu\/index.php?rest_route=%2Fwp%2Fv2%2Fproduct_brand&post=18983"},{"taxonomy":"product_cat","embeddable":true,"href":"https:\/\/dadade.eu\/index.php?rest_route=%2Fwp%2Fv2%2Fproduct_cat&post=18983"},{"taxonomy":"product_tag","embeddable":true,"href":"https:\/\/dadade.eu\/index.php?rest_route=%2Fwp%2Fv2%2Fproduct_tag&post=18983"}],"curies":[{"name":"wp","href":"https:\/\/api.w.org\/{rel}","templated":true}]}}