{"id":18959,"date":"2020-08-05T10:03:00","date_gmt":"2020-08-05T08:03:00","guid":{"rendered":"https:\/\/dadade.eu\/?post_type=product&#038;p=18959"},"modified":"2023-08-12T15:14:28","modified_gmt":"2023-08-12T13:14:28","slug":"dusch-wasch-und-peeling-handschuh","status":"publish","type":"product","link":"https:\/\/dadade.eu\/?product=dusch-wasch-und-peeling-handschuh","title":{"rendered":"S600 Dusch-, Wasch- und Peeling- Handschuh"},"content":{"rendered":"<p><img fetchpriority=\"high\" decoding=\"async\" class=\"alignnone size-medium wp-image-18918\" src=\"https:\/\/dadade.eu\/wp-content\/uploads\/2023\/08\/xWaschhandschuh-Herz-1-300x225.jpg\" alt=\"\" width=\"300\" height=\"225\" srcset=\"https:\/\/dadade.eu\/wp-content\/uploads\/2023\/08\/xWaschhandschuh-Herz-1-300x225.jpg 300w, https:\/\/dadade.eu\/wp-content\/uploads\/2023\/08\/xWaschhandschuh-Herz-1-600x450.jpg 600w, https:\/\/dadade.eu\/wp-content\/uploads\/2023\/08\/xWaschhandschuh-Herz-1-64x48.jpg 64w, https:\/\/dadade.eu\/wp-content\/uploads\/2023\/08\/xWaschhandschuh-Herz-1-1024x768.jpg 1024w, https:\/\/dadade.eu\/wp-content\/uploads\/2023\/08\/xWaschhandschuh-Herz-1-768x576.jpg 768w, https:\/\/dadade.eu\/wp-content\/uploads\/2023\/08\/xWaschhandschuh-Herz-1.jpg 1400w\" sizes=\"(max-width: 300px) 100vw, 300px\" \/><strong><a href=\"https:\/\/dadade.eu\/?product=wasch-und-peeling-handschuh-herz-s601\">S601 der Schwamm Herz, f\u00fcr jeden der uns am Herzen liegt<\/a><\/strong><\/p>\n<p><img decoding=\"async\" class=\"alignnone size-medium wp-image-18939\" src=\"https:\/\/dadade.eu\/wp-content\/uploads\/2023\/08\/xDusch-Handschuh-2-300x225.jpg\" alt=\"\" width=\"300\" height=\"225\" srcset=\"https:\/\/dadade.eu\/wp-content\/uploads\/2023\/08\/xDusch-Handschuh-2-300x225.jpg 300w, https:\/\/dadade.eu\/wp-content\/uploads\/2023\/08\/xDusch-Handschuh-2-600x450.jpg 600w, https:\/\/dadade.eu\/wp-content\/uploads\/2023\/08\/xDusch-Handschuh-2-64x48.jpg 64w, https:\/\/dadade.eu\/wp-content\/uploads\/2023\/08\/xDusch-Handschuh-2-1024x768.jpg 1024w, https:\/\/dadade.eu\/wp-content\/uploads\/2023\/08\/xDusch-Handschuh-2-768x576.jpg 768w, https:\/\/dadade.eu\/wp-content\/uploads\/2023\/08\/xDusch-Handschuh-2.jpg 1165w\" sizes=\"(max-width: 300px) 100vw, 300px\" \/><strong><a href=\"https:\/\/dadade.eu\/?product=wasch-und-peeling-handschuh-mit-katze-herz-stern-s605\">S605 der Schwamm mit Katze, Herz oder Stern, auch einzeln erh\u00e4ltlich<\/a><\/strong><\/p>\n<p><img decoding=\"async\" class=\"alignnone size-medium wp-image-18969\" src=\"https:\/\/dadade.eu\/wp-content\/uploads\/2023\/08\/xDusch-Handschuh-3-300x225.jpg\" alt=\"\" width=\"300\" height=\"225\" srcset=\"https:\/\/dadade.eu\/wp-content\/uploads\/2023\/08\/xDusch-Handschuh-3-300x225.jpg 300w, https:\/\/dadade.eu\/wp-content\/uploads\/2023\/08\/xDusch-Handschuh-3-600x450.jpg 600w, https:\/\/dadade.eu\/wp-content\/uploads\/2023\/08\/xDusch-Handschuh-3-64x48.jpg 64w, https:\/\/dadade.eu\/wp-content\/uploads\/2023\/08\/xDusch-Handschuh-3-1024x768.jpg 1024w, https:\/\/dadade.eu\/wp-content\/uploads\/2023\/08\/xDusch-Handschuh-3-768x576.jpg 768w, https:\/\/dadade.eu\/wp-content\/uploads\/2023\/08\/xDusch-Handschuh-3.jpg 1165w\" sizes=\"(max-width: 300px) 100vw, 300px\" \/><strong><a href=\"https:\/\/dadade.eu\/?product=wasch-und-peeling-handschuh-gesicht-s608\">S608 der Schwamm mit Gesichter, auch einzeln erh\u00e4ltlich<\/a><\/strong><\/p>\n<p><img loading=\"lazy\" decoding=\"async\" class=\"alignnone size-medium wp-image-19000\" src=\"https:\/\/dadade.eu\/wp-content\/uploads\/2023\/08\/xPeeling-Handschuh-Clown-1-300x225.jpg\" alt=\"\" width=\"300\" height=\"225\" srcset=\"https:\/\/dadade.eu\/wp-content\/uploads\/2023\/08\/xPeeling-Handschuh-Clown-1-300x225.jpg 300w, https:\/\/dadade.eu\/wp-content\/uploads\/2023\/08\/xPeeling-Handschuh-Clown-1-600x450.jpg 600w, https:\/\/dadade.eu\/wp-content\/uploads\/2023\/08\/xPeeling-Handschuh-Clown-1-64x48.jpg 64w, https:\/\/dadade.eu\/wp-content\/uploads\/2023\/08\/xPeeling-Handschuh-Clown-1-1024x768.jpg 1024w, https:\/\/dadade.eu\/wp-content\/uploads\/2023\/08\/xPeeling-Handschuh-Clown-1-768x576.jpg 768w, https:\/\/dadade.eu\/wp-content\/uploads\/2023\/08\/xPeeling-Handschuh-Clown-1.jpg 1400w\" sizes=\"(max-width: 300px) 100vw, 300px\" \/><strong><a href=\"https:\/\/dadade.eu\/?product=wasch-und-peeling-handschuh-clown-s612\">S612 der Schwamm Clowns, auch einzeln erh\u00e4ltlich<\/a><\/strong><\/p>\n<p>Die Anleitung ist ausf\u00fchrlich auf\u00a0 8 &#8211; 10 Seiten beschrieben und mit vielen Bildern hinterlegt<\/p>\n<p>Sie\u00a0 ist dadurch auch schon f\u00fcr Anf\u00e4nger geeignet.<\/p>\n<p>mehr Bilder von flei\u00dfigen H\u00e4nden findet ihr<\/p>\n<p><strong><a href=\"https:\/\/dadade.eu\/?p=18646\">KLICKE HIER<\/a><\/strong><\/p>\n<p>&nbsp;<\/p>\n<p>&nbsp;<\/p>\n","protected":false},"excerpt":{"rendered":"<div id=\"cc-m-13954443088\" class=\"j-module n j-text \">\n<p>Hier findet man nur die Anleitungen f\u00fcr diese sch\u00f6ne Dusch-Schw\u00e4mme.<\/p>\n<p>Der Handschuh, zum Peeling f\u00fcr die Frau, ist mit dem Garn von Rico Design geh\u00e4kelt.<\/p>\n<p>Dank des\u00a0innovativen Garns Creative Bubble geh\u00f6ren langweilige Schw\u00e4mme nun der\u00a0Vergangenheit an:<\/p>\n<p>Das Garn ist scheuernd und auch weich,<\/p>\n<p>lang haltbar\u00a0und superstrapazierf\u00e4hig.<\/p>\n<p>Es ist\u00a0genial um Scrub-Badeschw\u00e4mmchen herzustellen und kann bei 60\u00b0C gewaschen\u00a0werden.<\/p>\n<p>Mit den verschiedenen\u00a0lustigen und tierischen Motiven eignen sich diese selbstgemachten\u00a0Schw\u00e4mme auch super zum Verschenken,<\/p>\n<p>Sie sind sehr schnell geh\u00e4kelt und auch schon f\u00fcr Anf\u00e4nger geeignet<\/p>\n<p>mehr Schw\u00e4mme findet ihr in\u00a0<strong><a href=\"https:\/\/dadade.eu\/?product_cat=schwamm-und-waschhandschuh\">Haus &amp; Deko<\/a><\/strong><\/p>\n<\/div>\n","protected":false},"featured_media":19005,"template":"","meta":[],"product_brand":[],"product_cat":[56,16],"product_tag":[90,1470,1377,1463,1458,1471,1467,229,1468,242,1466,87,1460,1465,299,1494,1496,94,93,279,278,647,648,92,181,280,1482,1483,195,1462,1486,1485,1487,1456,1495,161,157,1469,95,96],"class_list":{"0":"post-18959","1":"product","2":"type-product","3":"status-publish","4":"has-post-thumbnail","6":"product_cat-2einfach","7":"product_cat-alle","8":"product_tag-amigurumi","9":"product_tag-badehandschuh","10":"product_tag-baden","11":"product_tag-badeschwamm","12":"product_tag-badespass","13":"product_tag-badewanne","14":"product_tag-badezimmer","15":"product_tag-clown","16":"product_tag-creative-bubble-von-rico-design","17":"product_tag-dekoration-haekeln","18":"product_tag-duschschwamm","19":"product_tag-geschenk","20":"product_tag-geschenke-haekeln","21":"product_tag-geschenke-selbermachen","22":"product_tag-geschenkidee","23":"product_tag-gesicht","24":"product_tag-grinse-gesicht-smiley","25":"product_tag-haekelanleitung","26":"product_tag-haekeln","27":"product_tag-herz","28":"product_tag-herz-haekeln","29":"product_tag-katze","30":"product_tag-katze-haekeln","31":"product_tag-kinder","32":"product_tag-lustig","33":"product_tag-muttertag","34":"product_tag-peeling","35":"product_tag-peelinghandschuh","36":"product_tag-praesent","37":"product_tag-schwamm-haekeln","38":"product_tag-schwamm-mit-herz","39":"product_tag-schwamm-mit-katze","40":"product_tag-schwamm-mit-stern","41":"product_tag-schwammwolle","42":"product_tag-schwmm-mit-gesicht","43":"product_tag-stern","44":"product_tag-stern-haekeln","45":"product_tag-waschhandschuh","46":"product_tag-wolle","47":"product_tag-wollreste","49":"first","50":"instock","51":"shipping-taxable","52":"product-type-simple"},"_links":{"self":[{"href":"https:\/\/dadade.eu\/index.php?rest_route=\/wp\/v2\/product\/18959","targetHints":{"allow":["GET"]}}],"collection":[{"href":"https:\/\/dadade.eu\/index.php?rest_route=\/wp\/v2\/product"}],"about":[{"href":"https:\/\/dadade.eu\/index.php?rest_route=\/wp\/v2\/types\/product"}],"wp:featuredmedia":[{"embeddable":true,"href":"https:\/\/dadade.eu\/index.php?rest_route=\/wp\/v2\/media\/19005"}],"wp:attachment":[{"href":"https:\/\/dadade.eu\/index.php?rest_route=%2Fwp%2Fv2%2Fmedia&parent=18959"}],"wp:term":[{"taxonomy":"product_brand","embeddable":true,"href":"https:\/\/dadade.eu\/index.php?rest_route=%2Fwp%2Fv2%2Fproduct_brand&post=18959"},{"taxonomy":"product_cat","embeddable":true,"href":"https:\/\/dadade.eu\/index.php?rest_route=%2Fwp%2Fv2%2Fproduct_cat&post=18959"},{"taxonomy":"product_tag","embeddable":true,"href":"https:\/\/dadade.eu\/index.php?rest_route=%2Fwp%2Fv2%2Fproduct_tag&post=18959"}],"curies":[{"name":"wp","href":"https:\/\/api.w.org\/{rel}","templated":true}]}}