{"id":18866,"date":"2019-01-01T11:51:31","date_gmt":"2019-01-01T10:51:31","guid":{"rendered":"https:\/\/dadade.eu\/?post_type=product&#038;p=18866"},"modified":"2023-08-28T09:35:27","modified_gmt":"2023-08-28T07:35:27","slug":"badespass-waschhandschuh-pinguin-s502","status":"publish","type":"product","link":"https:\/\/dadade.eu\/?product=badespass-waschhandschuh-pinguin-s502","title":{"rendered":"Badespa\u00df, Waschhandschuh Pinguin (S502)"},"content":{"rendered":"<p><img fetchpriority=\"high\" decoding=\"async\" class=\"alignnone size-medium wp-image-18872\" src=\"https:\/\/dadade.eu\/wp-content\/uploads\/2023\/08\/xWaschhandschuh-Pinguin-Herz-6-300x225.jpg\" alt=\"\" width=\"300\" height=\"225\" srcset=\"https:\/\/dadade.eu\/wp-content\/uploads\/2023\/08\/xWaschhandschuh-Pinguin-Herz-6-300x225.jpg 300w, https:\/\/dadade.eu\/wp-content\/uploads\/2023\/08\/xWaschhandschuh-Pinguin-Herz-6-600x450.jpg 600w, https:\/\/dadade.eu\/wp-content\/uploads\/2023\/08\/xWaschhandschuh-Pinguin-Herz-6-64x48.jpg 64w, https:\/\/dadade.eu\/wp-content\/uploads\/2023\/08\/xWaschhandschuh-Pinguin-Herz-6-1024x768.jpg 1024w, https:\/\/dadade.eu\/wp-content\/uploads\/2023\/08\/xWaschhandschuh-Pinguin-Herz-6-768x576.jpg 768w, https:\/\/dadade.eu\/wp-content\/uploads\/2023\/08\/xWaschhandschuh-Pinguin-Herz-6.jpg 1400w\" sizes=\"(max-width: 300px) 100vw, 300px\" \/>S502 Waschhandschuh Pinguin<\/p>\n<p><img decoding=\"async\" class=\"alignnone size-medium wp-image-18876\" src=\"https:\/\/dadade.eu\/wp-content\/uploads\/2023\/08\/2020.07.02-Elke-Maus-274x300.jpg\" alt=\"\" width=\"274\" height=\"300\" srcset=\"https:\/\/dadade.eu\/wp-content\/uploads\/2023\/08\/2020.07.02-Elke-Maus-274x300.jpg 274w, https:\/\/dadade.eu\/wp-content\/uploads\/2023\/08\/2020.07.02-Elke-Maus-600x657.jpg 600w, https:\/\/dadade.eu\/wp-content\/uploads\/2023\/08\/2020.07.02-Elke-Maus-64x70.jpg 64w, https:\/\/dadade.eu\/wp-content\/uploads\/2023\/08\/2020.07.02-Elke-Maus-935x1024.jpg 935w, https:\/\/dadade.eu\/wp-content\/uploads\/2023\/08\/2020.07.02-Elke-Maus-768x841.jpg 768w, https:\/\/dadade.eu\/wp-content\/uploads\/2023\/08\/2020.07.02-Elke-Maus.jpg 1133w\" sizes=\"(max-width: 274px) 100vw, 274px\" \/>der Waschhandschuh als Handpuppe mit Chenillewolle, tolle Idee, danke Elke Maus<\/p>\n<p>Die Anleitung ist ausf\u00fchrlich auf\u00a0 13 Seiten beschrieben und mit vielen Bildern hinterlegt<\/p>\n<p>Sie\u00a0 ist dadurch auch schon f\u00fcr Anf\u00e4nger geeignet.<\/p>\n<p>&nbsp;<\/p>\n<p>mehr Bilder von flei\u00dfigen H\u00e4nden findet ihr<\/p>\n<p><strong><a href=\"https:\/\/dadade.eu\/?p=18646\">KLICKE HIER<\/a><\/strong><\/p>\n<p>&nbsp;<\/p>\n<p>&nbsp;<\/p>\n","protected":false},"excerpt":{"rendered":"<div id=\"cc-m-13954443088\" class=\"j-module n j-text \">\n<p>Hier kauft man nur die Anleitung f\u00fcr diesen s\u00fc\u00dfe Bade-Handschuh Pinguin, mit seinem gro\u00dfen Herzen<\/p>\n<p>Der Wasch-Handschuh ist mit dem Garn von Rico Design geh\u00e4kelt, und ist der\u00a0 Dusch- und Badespa\u00df f\u00fcr die ganze Familie.<\/p>\n<p>Er ist nicht nur zum Einseifen, sondern auch zum Peeling bestens geeignet.<\/p>\n<p>Die Kleinen finden es so sch\u00f6n kitzlig.<\/p>\n<p>Dank des innovativen Garns Creative Bubble geh\u00f6rt Langeweile im Badzimmer nun der Vergangenheit an:<\/p>\n<p>Das \u00a0Garn ist scheuernd und auch weich, lang haltbar und superstrapazierf\u00e4hig. und kann bei 60\u00b0C gewaschen werden,<\/p>\n<p>dieser Handschuh wird ungef\u00e4hr; 21x22cm<\/p>\n<p>Mit den verschiedenen lustigen und tierischen Motiven eignen sich diese selbstgemachten Wasch-Handschuh super zum Verschenken,<\/p>\n<p>z.B. ist das Herz genau das Richtige zum Valentinstag oder Muttertag.<\/p>\n<p>Das Herz sehr schnell geh\u00e4kelt und auch schon f\u00fcr Anf\u00e4nger geeignet<\/p>\n<p>&nbsp;<\/p>\n<\/div>\n","protected":false},"featured_media":18867,"template":"","meta":[],"product_brand":[],"product_cat":[56,49,48,1479],"product_tag":[90,1470,1377,1463,1458,1471,1459,1467,1468,242,1466,87,1460,1465,299,94,93,92,181,629,630,195,1462,1480,1456,196,1469,95,96],"class_list":{"0":"post-18866","1":"product","2":"type-product","3":"status-publish","4":"has-post-thumbnail","6":"product_cat-2einfach","7":"product_cat-dekoration-mit-herz","8":"product_cat-haus-deko","9":"product_cat-schwamm-und-waschhandschuh","10":"product_tag-amigurumi","11":"product_tag-badehandschuh","12":"product_tag-baden","13":"product_tag-badeschwamm","14":"product_tag-badespass","15":"product_tag-badewanne","16":"product_tag-badewannentiere","17":"product_tag-badezimmer","18":"product_tag-creative-bubble-von-rico-design","19":"product_tag-dekoration-haekeln","20":"product_tag-duschschwamm","21":"product_tag-geschenk","22":"product_tag-geschenke-haekeln","23":"product_tag-geschenke-selbermachen","24":"product_tag-geschenkidee","25":"product_tag-haekelanleitung","26":"product_tag-haekeln","27":"product_tag-kinder","28":"product_tag-lustig","29":"product_tag-pinguin","30":"product_tag-pinguin-haekeln","31":"product_tag-praesent","32":"product_tag-schwamm-haekeln","33":"product_tag-schwamm-pinguin","34":"product_tag-schwammwolle","35":"product_tag-spielzeug","36":"product_tag-waschhandschuh","37":"product_tag-wolle","38":"product_tag-wollreste","40":"first","41":"instock","42":"downloadable","43":"shipping-taxable","44":"purchasable","45":"product-type-simple"},"_links":{"self":[{"href":"https:\/\/dadade.eu\/index.php?rest_route=\/wp\/v2\/product\/18866","targetHints":{"allow":["GET"]}}],"collection":[{"href":"https:\/\/dadade.eu\/index.php?rest_route=\/wp\/v2\/product"}],"about":[{"href":"https:\/\/dadade.eu\/index.php?rest_route=\/wp\/v2\/types\/product"}],"wp:featuredmedia":[{"embeddable":true,"href":"https:\/\/dadade.eu\/index.php?rest_route=\/wp\/v2\/media\/18867"}],"wp:attachment":[{"href":"https:\/\/dadade.eu\/index.php?rest_route=%2Fwp%2Fv2%2Fmedia&parent=18866"}],"wp:term":[{"taxonomy":"product_brand","embeddable":true,"href":"https:\/\/dadade.eu\/index.php?rest_route=%2Fwp%2Fv2%2Fproduct_brand&post=18866"},{"taxonomy":"product_cat","embeddable":true,"href":"https:\/\/dadade.eu\/index.php?rest_route=%2Fwp%2Fv2%2Fproduct_cat&post=18866"},{"taxonomy":"product_tag","embeddable":true,"href":"https:\/\/dadade.eu\/index.php?rest_route=%2Fwp%2Fv2%2Fproduct_tag&post=18866"}],"curies":[{"name":"wp","href":"https:\/\/api.w.org\/{rel}","templated":true}]}}