{"id":18849,"date":"2018-03-01T11:34:17","date_gmt":"2018-03-01T10:34:17","guid":{"rendered":"https:\/\/dadade.eu\/?post_type=product&#038;p=18849"},"modified":"2023-08-04T17:39:46","modified_gmt":"2023-08-04T15:39:46","slug":"badespass-waschhandschuh-ente-s501","status":"publish","type":"product","link":"https:\/\/dadade.eu\/?product=badespass-waschhandschuh-ente-s501","title":{"rendered":"Badespa\u00df, Waschhandschuh Ente (S501)"},"content":{"rendered":"<p><img fetchpriority=\"high\" decoding=\"async\" class=\"alignnone size-medium wp-image-18865\" src=\"https:\/\/dadade.eu\/wp-content\/uploads\/2023\/08\/xBade-Handschuh-Ente-8-300x225.jpg\" alt=\"\" width=\"300\" height=\"225\" srcset=\"https:\/\/dadade.eu\/wp-content\/uploads\/2023\/08\/xBade-Handschuh-Ente-8-300x225.jpg 300w, https:\/\/dadade.eu\/wp-content\/uploads\/2023\/08\/xBade-Handschuh-Ente-8-600x450.jpg 600w, https:\/\/dadade.eu\/wp-content\/uploads\/2023\/08\/xBade-Handschuh-Ente-8-64x48.jpg 64w, https:\/\/dadade.eu\/wp-content\/uploads\/2023\/08\/xBade-Handschuh-Ente-8-1024x768.jpg 1024w, https:\/\/dadade.eu\/wp-content\/uploads\/2023\/08\/xBade-Handschuh-Ente-8-768x576.jpg 768w, https:\/\/dadade.eu\/wp-content\/uploads\/2023\/08\/xBade-Handschuh-Ente-8.jpg 1165w\" sizes=\"(max-width: 300px) 100vw, 300px\" \/>S501 Waschhandschuh Ente<\/p>\n<p><img decoding=\"async\" class=\"alignnone size-medium wp-image-18854\" src=\"https:\/\/dadade.eu\/wp-content\/uploads\/2023\/08\/xBade-Ente-2-300x225.jpg\" alt=\"\" width=\"300\" height=\"225\" srcset=\"https:\/\/dadade.eu\/wp-content\/uploads\/2023\/08\/xBade-Ente-2-300x225.jpg 300w, https:\/\/dadade.eu\/wp-content\/uploads\/2023\/08\/xBade-Ente-2-600x450.jpg 600w, https:\/\/dadade.eu\/wp-content\/uploads\/2023\/08\/xBade-Ente-2-64x48.jpg 64w, https:\/\/dadade.eu\/wp-content\/uploads\/2023\/08\/xBade-Ente-2-1024x768.jpg 1024w, https:\/\/dadade.eu\/wp-content\/uploads\/2023\/08\/xBade-Ente-2-768x576.jpg 768w, https:\/\/dadade.eu\/wp-content\/uploads\/2023\/08\/xBade-Ente-2.jpg 1165w\" sizes=\"(max-width: 300px) 100vw, 300px\" \/><strong><a href=\"https:\/\/dadade.eu\/?product=suesse-quietsch-ente-fuer-den-beissring-strickanleitung-b301\">B301 Badetier Ente, gestrickt<\/a><\/strong><\/p>\n<p>Die Anleitung ist ausf\u00fchrlich auf\u00a0 18 Seiten beschrieben und mit vielen Bildern hinterlegt<\/p>\n<p>Sie\u00a0 ist dadurch auch schon f\u00fcr Anf\u00e4nger geeignet.<\/p>\n<p>mehr Bilder von flei\u00dfigen H\u00e4nden findet ihr<\/p>\n<p><strong><a href=\"https:\/\/dadade.eu\/?p=18646\">KLICKE HIER<\/a><\/strong><\/p>\n<p>&nbsp;<\/p>\n<p>&nbsp;<\/p>\n","protected":false},"excerpt":{"rendered":"<div id=\"cc-m-13954443088\" class=\"j-module n j-text \">\n<p>Hier kauft man nur die Anleitung f\u00fcr diesen lustigen Spa\u00df-in-der- Badewanne Waschhandschuh<\/p>\n<p>die Ente mit Schnorchel, als Handschuh, geh\u00e4kelt mit dem witzigen Garn von Rico Design.<\/p>\n<p>Schluss mit Langeweile im Badezimmer.<\/p>\n<p>Meine Testkinder fanden die Beiden\u00a0 super cool in der Badewanne, ob zum Spielen, oder zum Abrubbeln, &#8220; das kitzelt so sch\u00f6n&#8220;<\/p>\n<p>oder auch zum Peeling f\u00fcr die Frau Mama,<\/p>\n<p>Also eine neue Idee, der Waschhandschuh hat auch eine passende Ente gefunden, allerdings ist diese gestrickt, als Badewannen-Tier einfach mit der Schwammwolle stricken.<\/p>\n<p>die Anleitung f\u00fcr die gestrickte Ente findet man <strong><a href=\"https:\/\/dadade.eu\/?product=suesse-quietsch-ente-fuer-den-beissring-strickanleitung-b301\">hier.<\/a><\/strong><\/p>\n<p>Die Schw\u00e4mme kann man bei 60\u00b0C waschen.<\/p>\n<p>Mit der Nadelst\u00e4rke 3,5 wird der Handschuh Ente ungef\u00e4hr; 23 x 23cm<\/p>\n<p>Sie sind sehr schnell geh\u00e4kelt und auch schon f\u00fcr Anf\u00e4nger geeignet<\/p>\n<p>&nbsp;<\/p>\n<\/div>\n","protected":false},"featured_media":18858,"template":"","meta":[],"product_brand":[],"product_cat":[56,48,1479],"product_tag":[90,1470,1377,1463,1458,1471,1459,1467,1468,242,1466,254,397,87,1460,1465,299,94,93,92,181,114,195,1478,1462,1456,196,1469,95,96],"class_list":{"0":"post-18849","1":"product","2":"type-product","3":"status-publish","4":"has-post-thumbnail","6":"product_cat-2einfach","7":"product_cat-haus-deko","8":"product_cat-schwamm-und-waschhandschuh","9":"product_tag-amigurumi","10":"product_tag-badehandschuh","11":"product_tag-baden","12":"product_tag-badeschwamm","13":"product_tag-badespass","14":"product_tag-badewanne","15":"product_tag-badewannentiere","16":"product_tag-badezimmer","17":"product_tag-creative-bubble-von-rico-design","18":"product_tag-dekoration-haekeln","19":"product_tag-duschschwamm","20":"product_tag-ente","21":"product_tag-ente-haekeln","22":"product_tag-geschenk","23":"product_tag-geschenke-haekeln","24":"product_tag-geschenke-selbermachen","25":"product_tag-geschenkidee","26":"product_tag-haekelanleitung","27":"product_tag-haekeln","28":"product_tag-kinder","29":"product_tag-lustig","30":"product_tag-ostern","31":"product_tag-praesent","32":"product_tag-schwamm-ente","33":"product_tag-schwamm-haekeln","34":"product_tag-schwammwolle","35":"product_tag-spielzeug","36":"product_tag-waschhandschuh","37":"product_tag-wolle","38":"product_tag-wollreste","40":"first","41":"instock","42":"downloadable","43":"shipping-taxable","44":"purchasable","45":"product-type-simple"},"_links":{"self":[{"href":"https:\/\/dadade.eu\/index.php?rest_route=\/wp\/v2\/product\/18849","targetHints":{"allow":["GET"]}}],"collection":[{"href":"https:\/\/dadade.eu\/index.php?rest_route=\/wp\/v2\/product"}],"about":[{"href":"https:\/\/dadade.eu\/index.php?rest_route=\/wp\/v2\/types\/product"}],"wp:featuredmedia":[{"embeddable":true,"href":"https:\/\/dadade.eu\/index.php?rest_route=\/wp\/v2\/media\/18858"}],"wp:attachment":[{"href":"https:\/\/dadade.eu\/index.php?rest_route=%2Fwp%2Fv2%2Fmedia&parent=18849"}],"wp:term":[{"taxonomy":"product_brand","embeddable":true,"href":"https:\/\/dadade.eu\/index.php?rest_route=%2Fwp%2Fv2%2Fproduct_brand&post=18849"},{"taxonomy":"product_cat","embeddable":true,"href":"https:\/\/dadade.eu\/index.php?rest_route=%2Fwp%2Fv2%2Fproduct_cat&post=18849"},{"taxonomy":"product_tag","embeddable":true,"href":"https:\/\/dadade.eu\/index.php?rest_route=%2Fwp%2Fv2%2Fproduct_tag&post=18849"}],"curies":[{"name":"wp","href":"https:\/\/api.w.org\/{rel}","templated":true}]}}