{"id":18810,"date":"2018-01-01T09:54:31","date_gmt":"2018-01-01T08:54:31","guid":{"rendered":"https:\/\/dadade.eu\/?post_type=product&#038;p=18810"},"modified":"2024-02-05T14:58:30","modified_gmt":"2024-02-05T13:58:30","slug":"badespass-waschhandschuh-bade-pueppchen-clown-s560","status":"publish","type":"product","link":"https:\/\/dadade.eu\/?product=badespass-waschhandschuh-bade-pueppchen-clown-s560","title":{"rendered":"Badespa\u00df, Waschhandschuh &#038; Bade-P\u00fcppchen Clown (S560)"},"content":{"rendered":"<p><img fetchpriority=\"high\" decoding=\"async\" class=\"alignnone size-medium wp-image-18830\" src=\"https:\/\/dadade.eu\/wp-content\/uploads\/2023\/08\/xHandschuh-Clown-1-300x225.jpg\" alt=\"\" width=\"300\" height=\"225\" srcset=\"https:\/\/dadade.eu\/wp-content\/uploads\/2023\/08\/xHandschuh-Clown-1-300x225.jpg 300w, https:\/\/dadade.eu\/wp-content\/uploads\/2023\/08\/xHandschuh-Clown-1-600x450.jpg 600w, https:\/\/dadade.eu\/wp-content\/uploads\/2023\/08\/xHandschuh-Clown-1-64x48.jpg 64w, https:\/\/dadade.eu\/wp-content\/uploads\/2023\/08\/xHandschuh-Clown-1-1024x768.jpg 1024w, https:\/\/dadade.eu\/wp-content\/uploads\/2023\/08\/xHandschuh-Clown-1-768x576.jpg 768w, https:\/\/dadade.eu\/wp-content\/uploads\/2023\/08\/xHandschuh-Clown-1.jpg 1400w\" sizes=\"(max-width: 300px) 100vw, 300px\" \/>S561 Waschhandschuh Clown Bimbino<\/p>\n<p><img decoding=\"async\" class=\"alignnone size-medium wp-image-18825\" src=\"https:\/\/dadade.eu\/wp-content\/uploads\/2023\/08\/xBade-Puppe-Clown-Bimbino-1-300x225.jpg\" alt=\"\" width=\"300\" height=\"225\" srcset=\"https:\/\/dadade.eu\/wp-content\/uploads\/2023\/08\/xBade-Puppe-Clown-Bimbino-1-300x225.jpg 300w, https:\/\/dadade.eu\/wp-content\/uploads\/2023\/08\/xBade-Puppe-Clown-Bimbino-1-600x450.jpg 600w, https:\/\/dadade.eu\/wp-content\/uploads\/2023\/08\/xBade-Puppe-Clown-Bimbino-1-64x48.jpg 64w, https:\/\/dadade.eu\/wp-content\/uploads\/2023\/08\/xBade-Puppe-Clown-Bimbino-1-1024x768.jpg 1024w, https:\/\/dadade.eu\/wp-content\/uploads\/2023\/08\/xBade-Puppe-Clown-Bimbino-1-768x576.jpg 768w, https:\/\/dadade.eu\/wp-content\/uploads\/2023\/08\/xBade-Puppe-Clown-Bimbino-1.jpg 1400w\" sizes=\"(max-width: 300px) 100vw, 300px\" \/>S562 Bade-P\u00fcppchen\u00a0Clown Bimbino<\/p>\n<p><img decoding=\"async\" class=\"alignnone size-medium wp-image-18834\" src=\"https:\/\/dadade.eu\/wp-content\/uploads\/2023\/08\/xSchwamm-und-Bade-Puppe-Clown-1-300x225.jpg\" alt=\"\" width=\"300\" height=\"225\" srcset=\"https:\/\/dadade.eu\/wp-content\/uploads\/2023\/08\/xSchwamm-und-Bade-Puppe-Clown-1-300x225.jpg 300w, https:\/\/dadade.eu\/wp-content\/uploads\/2023\/08\/xSchwamm-und-Bade-Puppe-Clown-1-600x450.jpg 600w, https:\/\/dadade.eu\/wp-content\/uploads\/2023\/08\/xSchwamm-und-Bade-Puppe-Clown-1-64x48.jpg 64w, https:\/\/dadade.eu\/wp-content\/uploads\/2023\/08\/xSchwamm-und-Bade-Puppe-Clown-1-1024x768.jpg 1024w, https:\/\/dadade.eu\/wp-content\/uploads\/2023\/08\/xSchwamm-und-Bade-Puppe-Clown-1-768x576.jpg 768w, https:\/\/dadade.eu\/wp-content\/uploads\/2023\/08\/xSchwamm-und-Bade-Puppe-Clown-1.jpg 1400w\" sizes=\"(max-width: 300px) 100vw, 300px\" \/>S563 Clown Bimbino Badespa\u00df- Sparpaket<\/p>\n<p><img loading=\"lazy\" decoding=\"async\" class=\"alignnone size-medium wp-image-18820\" src=\"https:\/\/dadade.eu\/wp-content\/uploads\/2023\/08\/xBade-Puppe-Bimbina-mit-Schwimmreif-21-300x225.jpg\" alt=\"\" width=\"300\" height=\"225\" srcset=\"https:\/\/dadade.eu\/wp-content\/uploads\/2023\/08\/xBade-Puppe-Bimbina-mit-Schwimmreif-21-300x225.jpg 300w, https:\/\/dadade.eu\/wp-content\/uploads\/2023\/08\/xBade-Puppe-Bimbina-mit-Schwimmreif-21-600x450.jpg 600w, https:\/\/dadade.eu\/wp-content\/uploads\/2023\/08\/xBade-Puppe-Bimbina-mit-Schwimmreif-21-64x48.jpg 64w, https:\/\/dadade.eu\/wp-content\/uploads\/2023\/08\/xBade-Puppe-Bimbina-mit-Schwimmreif-21-1024x768.jpg 1024w, https:\/\/dadade.eu\/wp-content\/uploads\/2023\/08\/xBade-Puppe-Bimbina-mit-Schwimmreif-21-768x576.jpg 768w, https:\/\/dadade.eu\/wp-content\/uploads\/2023\/08\/xBade-Puppe-Bimbina-mit-Schwimmreif-21.jpg 1400w\" sizes=\"(max-width: 300px) 100vw, 300px\" \/>S564 Bade-P\u00fcppchen Clown Bimbina<\/p>\n<p><img loading=\"lazy\" decoding=\"async\" class=\"alignnone size-medium wp-image-18823\" src=\"https:\/\/dadade.eu\/wp-content\/uploads\/2023\/08\/xBade-Puppe-Clown-Bimbino-Bimbina-1-300x225.jpg\" alt=\"\" width=\"300\" height=\"225\" srcset=\"https:\/\/dadade.eu\/wp-content\/uploads\/2023\/08\/xBade-Puppe-Clown-Bimbino-Bimbina-1-300x225.jpg 300w, https:\/\/dadade.eu\/wp-content\/uploads\/2023\/08\/xBade-Puppe-Clown-Bimbino-Bimbina-1-600x450.jpg 600w, https:\/\/dadade.eu\/wp-content\/uploads\/2023\/08\/xBade-Puppe-Clown-Bimbino-Bimbina-1-64x48.jpg 64w, https:\/\/dadade.eu\/wp-content\/uploads\/2023\/08\/xBade-Puppe-Clown-Bimbino-Bimbina-1-1024x768.jpg 1024w, https:\/\/dadade.eu\/wp-content\/uploads\/2023\/08\/xBade-Puppe-Clown-Bimbino-Bimbina-1-768x576.jpg 768w, https:\/\/dadade.eu\/wp-content\/uploads\/2023\/08\/xBade-Puppe-Clown-Bimbino-Bimbina-1.jpg 1400w\" sizes=\"(max-width: 300px) 100vw, 300px\" \/>S565 Bade-P\u00fcppchen Clown Bimbina &amp; Bimbino gehen zusammen baden<\/p>\n<p>Die Anleitung ist ausf\u00fchrlich auf\u00a0 je 14 Seiten beschrieben und mit vielen Bildern hinterlegt<\/p>\n<p>Sie\u00a0 ist dadurch auch schon f\u00fcr Anf\u00e4nger geeignet.<\/p>\n<p>&nbsp;<\/p>\n<p>mehr Bilder von flei\u00dfigen H\u00e4nden findet ihr<\/p>\n<p><strong><a href=\"https:\/\/dadade.eu\/?p=18646\">KLICKE HIER<\/a><\/strong><\/p>\n<p>&nbsp;<\/p>\n<p>&nbsp;<\/p>\n","protected":false},"excerpt":{"rendered":"<div id=\"cc-m-13954443088\" class=\"j-module n j-text \">\n<p>Hier kauft man nur die Anleitung\u00a0f\u00fcr dieses lustige Spa\u00df-in-der- Badewanne-Set &#8211; ein Spielzeug f\u00fcr in die Badewanne,<\/p>\n<p>f\u00fcr diesen lustigen Clown Bimbino, als Waschhandschuh und als Bade-Puppe. und<\/p>\n<p>f\u00fcr die kleine, s\u00fc\u00dfe Bimbina. sie kann nicht schwimmen, aber mit ihrem Schwimmreif ist sie bestens ausger\u00fcstet um mit den Kleinen in die Badewanne zusteigen,<\/p>\n<p>Sie freut sich schon auf das Spielen im Wasser.<\/p>\n<p>Schluss mit Langeweile im Badezimmer.<\/p>\n<p>Meine Testkinder fanden die Beiden\u00a0 super cool in der Badewanne, ob zum Spielen, oder zum Abrubbeln, &#8220; das kitzelt so sch\u00f6n&#8220;<\/p>\n<p>oder auch zum Peeling f\u00fcr die Frau Mama,\u00a0 die kleine P\u00fcppchen sehen immer witzig aus<\/p>\n<p>Also eine neue Idee, Badewannen-Tiere und den passenden Schwamm f\u00fcr die Kleinen.<\/p>\n<p>Die Schw\u00e4mme kann man bei 60\u00b0C waschen.<\/p>\n<p>Sie ist mit dem witzigen Garn von Rico Design geh\u00e4kelt,<\/p>\n<p>und kann bei 60\u00b0C gewaschen werden.<\/p>\n<p>Da ist der Badespa\u00df vorprogrammiert und das nicht nur f\u00fcr die Kleinen.<\/p>\n<p>Mit der Nadelst\u00e4rke 3,5 wird Bimbino &amp; Bimbina ungef\u00e4hr; 25 x 14cm<\/p>\n<p>Sie sind sehr schnell geh\u00e4kelt und auch schon f\u00fcr Anf\u00e4nger geeignet<\/p>\n<p>&nbsp;<\/p>\n<\/div>\n","protected":false},"featured_media":18842,"template":"","meta":[],"product_brand":[],"product_cat":[56,50,48,1479],"product_tag":[90,1470,1377,1463,1458,1471,1459,1467,229,1475,1468,242,1466,341,1476,87,1460,1465,299,94,93,92,181,114,195,1477,1462,1456,196,1469,95,96],"class_list":{"0":"post-18810","1":"product","2":"type-product","3":"status-publish","4":"has-post-thumbnail","6":"product_cat-2einfach","7":"product_cat-fasching-die-5-jahreszeit","8":"product_cat-haus-deko","9":"product_cat-schwamm-und-waschhandschuh","10":"product_tag-amigurumi","11":"product_tag-badehandschuh","12":"product_tag-baden","13":"product_tag-badeschwamm","14":"product_tag-badespass","15":"product_tag-badewanne","16":"product_tag-badewannentiere","17":"product_tag-badezimmer","18":"product_tag-clown","19":"product_tag-clowns-haekeln","20":"product_tag-creative-bubble-von-rico-design","21":"product_tag-dekoration-haekeln","22":"product_tag-duschschwamm","23":"product_tag-fasching","24":"product_tag-faschingclown","25":"product_tag-geschenk","26":"product_tag-geschenke-haekeln","27":"product_tag-geschenke-selbermachen","28":"product_tag-geschenkidee","29":"product_tag-haekelanleitung","30":"product_tag-haekeln","31":"product_tag-kinder","32":"product_tag-lustig","33":"product_tag-ostern","34":"product_tag-praesent","35":"product_tag-schwamm-clown","36":"product_tag-schwamm-haekeln","37":"product_tag-schwammwolle","38":"product_tag-spielzeug","39":"product_tag-waschhandschuh","40":"product_tag-wolle","41":"product_tag-wollreste","43":"first","44":"instock","45":"shipping-taxable","46":"purchasable","47":"product-type-variable"},"_links":{"self":[{"href":"https:\/\/dadade.eu\/index.php?rest_route=\/wp\/v2\/product\/18810","targetHints":{"allow":["GET"]}}],"collection":[{"href":"https:\/\/dadade.eu\/index.php?rest_route=\/wp\/v2\/product"}],"about":[{"href":"https:\/\/dadade.eu\/index.php?rest_route=\/wp\/v2\/types\/product"}],"wp:featuredmedia":[{"embeddable":true,"href":"https:\/\/dadade.eu\/index.php?rest_route=\/wp\/v2\/media\/18842"}],"wp:attachment":[{"href":"https:\/\/dadade.eu\/index.php?rest_route=%2Fwp%2Fv2%2Fmedia&parent=18810"}],"wp:term":[{"taxonomy":"product_brand","embeddable":true,"href":"https:\/\/dadade.eu\/index.php?rest_route=%2Fwp%2Fv2%2Fproduct_brand&post=18810"},{"taxonomy":"product_cat","embeddable":true,"href":"https:\/\/dadade.eu\/index.php?rest_route=%2Fwp%2Fv2%2Fproduct_cat&post=18810"},{"taxonomy":"product_tag","embeddable":true,"href":"https:\/\/dadade.eu\/index.php?rest_route=%2Fwp%2Fv2%2Fproduct_tag&post=18810"}],"curies":[{"name":"wp","href":"https:\/\/api.w.org\/{rel}","templated":true}]}}