{"id":18782,"date":"2023-07-31T18:32:32","date_gmt":"2023-07-31T16:32:32","guid":{"rendered":"https:\/\/dadade.eu\/?post_type=product&#038;p=18782"},"modified":"2025-04-24T18:05:11","modified_gmt":"2025-04-24T16:05:11","slug":"seestern-seepferdchen-die-led-dekoration-auch-fuer-den-sommer-l100","status":"publish","type":"product","link":"https:\/\/dadade.eu\/?product=seestern-seepferdchen-die-led-dekoration-auch-fuer-den-sommer-l100","title":{"rendered":"Seestern &#038; Seepferdchen, die LED-Dekoration auch f\u00fcr den Sommer (L100)"},"content":{"rendered":"<p><img fetchpriority=\"high\" decoding=\"async\" class=\"alignnone size-medium wp-image-18789\" src=\"https:\/\/dadade.eu\/wp-content\/uploads\/2023\/07\/xSeestern-7-300x225.jpg\" alt=\"\" width=\"300\" height=\"225\" srcset=\"https:\/\/dadade.eu\/wp-content\/uploads\/2023\/07\/xSeestern-7-300x225.jpg 300w, https:\/\/dadade.eu\/wp-content\/uploads\/2023\/07\/xSeestern-7-600x450.jpg 600w, https:\/\/dadade.eu\/wp-content\/uploads\/2023\/07\/xSeestern-7-64x48.jpg 64w, https:\/\/dadade.eu\/wp-content\/uploads\/2023\/07\/xSeestern-7-1024x768.jpg 1024w, https:\/\/dadade.eu\/wp-content\/uploads\/2023\/07\/xSeestern-7-768x576.jpg 768w, https:\/\/dadade.eu\/wp-content\/uploads\/2023\/07\/xSeestern-7.jpg 1400w\" sizes=\"(max-width: 300px) 100vw, 300px\" \/>L101 LED-Kugel Seestern<\/p>\n<p><img decoding=\"async\" class=\"alignnone size-medium wp-image-18796\" src=\"https:\/\/dadade.eu\/wp-content\/uploads\/2023\/07\/xSeepferdchen-5-300x225.jpg\" alt=\"\" width=\"300\" height=\"225\" srcset=\"https:\/\/dadade.eu\/wp-content\/uploads\/2023\/07\/xSeepferdchen-5-300x225.jpg 300w, https:\/\/dadade.eu\/wp-content\/uploads\/2023\/07\/xSeepferdchen-5-600x450.jpg 600w, https:\/\/dadade.eu\/wp-content\/uploads\/2023\/07\/xSeepferdchen-5-64x48.jpg 64w, https:\/\/dadade.eu\/wp-content\/uploads\/2023\/07\/xSeepferdchen-5-1024x768.jpg 1024w, https:\/\/dadade.eu\/wp-content\/uploads\/2023\/07\/xSeepferdchen-5-768x576.jpg 768w, https:\/\/dadade.eu\/wp-content\/uploads\/2023\/07\/xSeepferdchen-5.jpg 1400w\" sizes=\"(max-width: 300px) 100vw, 300px\" \/>L102 LED-Kugel Seepferdchen<\/p>\n<p><img decoding=\"async\" class=\"alignnone size-medium wp-image-18803\" src=\"https:\/\/dadade.eu\/wp-content\/uploads\/2023\/07\/xSeestern-Seepferdchen-5-300x225.jpg\" alt=\"\" width=\"300\" height=\"225\" srcset=\"https:\/\/dadade.eu\/wp-content\/uploads\/2023\/07\/xSeestern-Seepferdchen-5-300x225.jpg 300w, https:\/\/dadade.eu\/wp-content\/uploads\/2023\/07\/xSeestern-Seepferdchen-5-600x450.jpg 600w, https:\/\/dadade.eu\/wp-content\/uploads\/2023\/07\/xSeestern-Seepferdchen-5-64x48.jpg 64w, https:\/\/dadade.eu\/wp-content\/uploads\/2023\/07\/xSeestern-Seepferdchen-5-1024x768.jpg 1024w, https:\/\/dadade.eu\/wp-content\/uploads\/2023\/07\/xSeestern-Seepferdchen-5-768x576.jpg 768w, https:\/\/dadade.eu\/wp-content\/uploads\/2023\/07\/xSeestern-Seepferdchen-5.jpg 1400w\" sizes=\"(max-width: 300px) 100vw, 300px\" \/>L100 LED-Kugel Seestern &amp; Seepferdchen<\/p>\n<p>Die Anleitung ist ausf\u00fchrlich mit vielen Bildern hinterlegt und wird auf 8 &#8211; 10 Seiten Schritt-f\u00fcr-Schritt beschrieben!<\/p>\n<p><a href=\"https:\/\/dadade.eu\/?p=11002\"><b>Klicke hier<\/b><\/a><\/p>\n<p>&nbsp;<\/p>\n<p>&nbsp;<\/p>\n<p>&nbsp;<\/p>\n","protected":false},"excerpt":{"rendered":"<div id=\"cc-m-13954443088\">\n<p>Hier kauft man die H\u00e4kelanleitung f\u00fcr diese beiden s\u00fc\u00dfen LED-Lampen<\/p>\n<p>Die beiden tollen Meeresbewohner leuchten am Abend und sorgen f\u00fcr Gem\u00fctlichkeit, auch im Sommer auf dem Balkon.<\/p>\n<p>Dekoriere Sie nach Lust und Laune, ob aufh\u00e4ngen oder hinstellen, lass deiner Fantasie freien Lauf<\/p>\n<p>Oder du suchst ein Mitbringsel, die Beiden sind schnell und einfach geh\u00e4kelt.<\/p>\n<p>Mit der Nadelst\u00e4rke 4 hat der Seestern ungef\u00e4hr einen; Durchmesser von 18 -20cm, mit Armen<\/p>\n<p>Mit der Nadelst\u00e4rke 4 wird das Seepferdchen ungef\u00e4hr 25cm hoch<\/p>\n<\/div>\n<div id=\"cc-m-13954443188\" class=\"j-module n j-text \">\n<p>&nbsp;<\/p>\n<p>&nbsp;<\/p>\n<p>&nbsp;<\/p>\n<\/div>\n","protected":false},"featured_media":18802,"template":"","meta":[],"product_brand":[],"product_cat":[56,790,69],"product_tag":[90,295,1125,1305,1126,233,242,694,87,94,93,92,1320,1303,1781,294,1473,1474,845,846,1779,1780,681,183,95,96],"class_list":{"0":"post-18782","1":"product","2":"type-product","3":"status-publish","4":"has-post-thumbnail","6":"product_cat-2einfach","7":"product_cat-deko-ideen-mit-licht","8":"product_cat-mittel","9":"product_tag-amigurumi","10":"product_tag-anleitung","11":"product_tag-beleuchtet","12":"product_tag-beleuchtete-kugel","13":"product_tag-beleuchtung","14":"product_tag-dekoration","15":"product_tag-dekoration-haekeln","16":"product_tag-feste","17":"product_tag-geschenk","18":"product_tag-haekelanleitung","19":"product_tag-haekeln","20":"product_tag-kinder","21":"product_tag-kugel","22":"product_tag-led-kugel","23":"product_tag-led-sommer","24":"product_tag-mitbringsel","25":"product_tag-seepferdchen","26":"product_tag-seepferdchen-haekeln","27":"product_tag-seestern","28":"product_tag-seestern-haekeln","29":"product_tag-sommer-beleuchtung","30":"product_tag-terassen-beleuchtung","31":"product_tag-ueberraschung","32":"product_tag-witzig","33":"product_tag-wolle","34":"product_tag-wollreste","36":"first","37":"instock","38":"downloadable","39":"shipping-taxable","40":"purchasable","41":"product-type-simple"},"_links":{"self":[{"href":"https:\/\/dadade.eu\/index.php?rest_route=\/wp\/v2\/product\/18782","targetHints":{"allow":["GET"]}}],"collection":[{"href":"https:\/\/dadade.eu\/index.php?rest_route=\/wp\/v2\/product"}],"about":[{"href":"https:\/\/dadade.eu\/index.php?rest_route=\/wp\/v2\/types\/product"}],"wp:featuredmedia":[{"embeddable":true,"href":"https:\/\/dadade.eu\/index.php?rest_route=\/wp\/v2\/media\/18802"}],"wp:attachment":[{"href":"https:\/\/dadade.eu\/index.php?rest_route=%2Fwp%2Fv2%2Fmedia&parent=18782"}],"wp:term":[{"taxonomy":"product_brand","embeddable":true,"href":"https:\/\/dadade.eu\/index.php?rest_route=%2Fwp%2Fv2%2Fproduct_brand&post=18782"},{"taxonomy":"product_cat","embeddable":true,"href":"https:\/\/dadade.eu\/index.php?rest_route=%2Fwp%2Fv2%2Fproduct_cat&post=18782"},{"taxonomy":"product_tag","embeddable":true,"href":"https:\/\/dadade.eu\/index.php?rest_route=%2Fwp%2Fv2%2Fproduct_tag&post=18782"}],"curies":[{"name":"wp","href":"https:\/\/api.w.org\/{rel}","templated":true}]}}