{"id":18671,"date":"2017-11-20T14:08:52","date_gmt":"2017-11-20T13:08:52","guid":{"rendered":"https:\/\/dadade.eu\/?post_type=product&#038;p=18671"},"modified":"2023-08-04T18:20:03","modified_gmt":"2023-08-04T16:20:03","slug":"badespass-waschhandschuh-badetier-esel-s520","status":"publish","type":"product","link":"https:\/\/dadade.eu\/?product=badespass-waschhandschuh-badetier-esel-s520","title":{"rendered":"Badespa\u00df, Waschhandschuh &#038; Badetier Esel (S520)"},"content":{"rendered":"<p><img fetchpriority=\"high\" decoding=\"async\" class=\"alignnone size-medium wp-image-18680\" src=\"https:\/\/dadade.eu\/wp-content\/uploads\/2023\/07\/Handschuh-Esel-6-300x225.jpg\" alt=\"\" width=\"300\" height=\"225\" srcset=\"https:\/\/dadade.eu\/wp-content\/uploads\/2023\/07\/Handschuh-Esel-6-300x225.jpg 300w, https:\/\/dadade.eu\/wp-content\/uploads\/2023\/07\/Handschuh-Esel-6-600x450.jpg 600w, https:\/\/dadade.eu\/wp-content\/uploads\/2023\/07\/Handschuh-Esel-6-64x48.jpg 64w, https:\/\/dadade.eu\/wp-content\/uploads\/2023\/07\/Handschuh-Esel-6-1024x768.jpg 1024w, https:\/\/dadade.eu\/wp-content\/uploads\/2023\/07\/Handschuh-Esel-6-768x576.jpg 768w, https:\/\/dadade.eu\/wp-content\/uploads\/2023\/07\/Handschuh-Esel-6.jpg 1165w\" sizes=\"(max-width: 300px) 100vw, 300px\" \/>S521 Waschhandschuh Esel<\/p>\n<p><img decoding=\"async\" class=\"alignnone size-medium wp-image-18682\" src=\"https:\/\/dadade.eu\/wp-content\/uploads\/2023\/07\/Schwimm-Esel-mit-Badehose-1-300x225.jpg\" alt=\"\" width=\"300\" height=\"225\" srcset=\"https:\/\/dadade.eu\/wp-content\/uploads\/2023\/07\/Schwimm-Esel-mit-Badehose-1-300x225.jpg 300w, https:\/\/dadade.eu\/wp-content\/uploads\/2023\/07\/Schwimm-Esel-mit-Badehose-1-600x450.jpg 600w, https:\/\/dadade.eu\/wp-content\/uploads\/2023\/07\/Schwimm-Esel-mit-Badehose-1-64x48.jpg 64w, https:\/\/dadade.eu\/wp-content\/uploads\/2023\/07\/Schwimm-Esel-mit-Badehose-1-1024x768.jpg 1024w, https:\/\/dadade.eu\/wp-content\/uploads\/2023\/07\/Schwimm-Esel-mit-Badehose-1-768x576.jpg 768w, https:\/\/dadade.eu\/wp-content\/uploads\/2023\/07\/Schwimm-Esel-mit-Badehose-1.jpg 1165w\" sizes=\"(max-width: 300px) 100vw, 300px\" \/>S522 Badetier Esel<\/p>\n<p><img decoding=\"async\" class=\"alignnone size-medium wp-image-18693\" src=\"https:\/\/dadade.eu\/wp-content\/uploads\/2023\/07\/Schwimm-Esel-mit-Handschuh-5-300x225.jpg\" alt=\"\" width=\"300\" height=\"225\" srcset=\"https:\/\/dadade.eu\/wp-content\/uploads\/2023\/07\/Schwimm-Esel-mit-Handschuh-5-300x225.jpg 300w, https:\/\/dadade.eu\/wp-content\/uploads\/2023\/07\/Schwimm-Esel-mit-Handschuh-5-600x450.jpg 600w, https:\/\/dadade.eu\/wp-content\/uploads\/2023\/07\/Schwimm-Esel-mit-Handschuh-5-64x48.jpg 64w, https:\/\/dadade.eu\/wp-content\/uploads\/2023\/07\/Schwimm-Esel-mit-Handschuh-5-1024x768.jpg 1024w, https:\/\/dadade.eu\/wp-content\/uploads\/2023\/07\/Schwimm-Esel-mit-Handschuh-5-768x576.jpg 768w, https:\/\/dadade.eu\/wp-content\/uploads\/2023\/07\/Schwimm-Esel-mit-Handschuh-5.jpg 1165w\" sizes=\"(max-width: 300px) 100vw, 300px\" \/>S523 Esel Badspa\u00df- Sparpaket<\/p>\n<p>Die Anleitung ist ausf\u00fchrlich auf\u00a0 11-12 Seiten beschrieben und mit vielen Bildern hinterlegt<\/p>\n<p>Sie\u00a0 ist dadurch auch schon f\u00fcr Anf\u00e4nger geeignet.<\/p>\n<p>mehr Bilder von flei\u00dfigen H\u00e4nden findet ihr<\/p>\n<p><strong><a href=\"https:\/\/dadade.eu\/?p=18646\">KLICKE HIER<\/a><\/strong><\/p>\n<p>&nbsp;<\/p>\n<p>&nbsp;<\/p>\n","protected":false},"excerpt":{"rendered":"<div id=\"cc-m-13954443088\" class=\"j-module n j-text \">\n<p>Hier kauft man nur die Anleitung\u00a0f\u00fcr dieses lustige Spa\u00df-in-der- Badewanne-Set<\/p>\n<p>der lustige Bade-Esel, als Handschuh oder ein Amigurumi zum Spielen, geh\u00e4kelt mit dem witzigen Garn von Rico Design.<\/p>\n<p>Schluss mit Langeweile im Badezimmer.<\/p>\n<p>Meine Testkinder fanden die Beiden\u00a0 super cool in der Badewanne, ob zum Spielen, oder zum Abrubbeln, &#8220; das kitzelt so sch\u00f6n&#8220;<\/p>\n<p>oder auch zum Peeling f\u00fcr die Frau Mama,<\/p>\n<p>sowie der Esel , das Spielzeug f\u00fcr in die Badewanne, er ist ausgestattet mit einer Badehose, somit ist er zum Spielen im Wasser bereit.<\/p>\n<p>Also eine neue Idee, Badewannen-Tier und den passenden Schwamm f\u00fcr die Kleinen.<\/p>\n<p>Die Schw\u00e4mme kann man bei 60\u00b0C waschen.<\/p>\n<p>Der Bade-Esel wird ungef\u00e4hr; 25cm x 18cm<\/p>\n<p>Sie sind sehr schnell geh\u00e4kelt und auch schon f\u00fcr Anf\u00e4nger geeignet<\/p>\n<p>&nbsp;<\/p>\n<\/div>\n","protected":false},"featured_media":18693,"template":"","meta":[],"product_brand":[],"product_cat":[56,48,1479],"product_tag":[90,1470,1377,1463,1458,1471,1459,1467,1468,242,1466,571,1472,87,1460,1465,299,94,93,92,1464,1461,181,195,1462,1456,196,1469,95,96],"class_list":{"0":"post-18671","1":"product","2":"type-product","3":"status-publish","4":"has-post-thumbnail","6":"product_cat-2einfach","7":"product_cat-haus-deko","8":"product_cat-schwamm-und-waschhandschuh","9":"product_tag-amigurumi","10":"product_tag-badehandschuh","11":"product_tag-baden","12":"product_tag-badeschwamm","13":"product_tag-badespass","14":"product_tag-badewanne","15":"product_tag-badewannentiere","16":"product_tag-badezimmer","17":"product_tag-creative-bubble-von-rico-design","18":"product_tag-dekoration-haekeln","19":"product_tag-duschschwamm","20":"product_tag-esel","21":"product_tag-esel-haeekeln","22":"product_tag-geschenk","23":"product_tag-geschenke-haekeln","24":"product_tag-geschenke-selbermachen","25":"product_tag-geschenkidee","26":"product_tag-haekelanleitung","27":"product_tag-haekeln","28":"product_tag-kinder","29":"product_tag-kuechenschwamm","30":"product_tag-kuechenzubehoer","31":"product_tag-lustig","32":"product_tag-praesent","33":"product_tag-schwamm-haekeln","34":"product_tag-schwammwolle","35":"product_tag-spielzeug","36":"product_tag-waschhandschuh","37":"product_tag-wolle","38":"product_tag-wollreste","40":"first","41":"instock","42":"shipping-taxable","43":"purchasable","44":"product-type-variable"},"_links":{"self":[{"href":"https:\/\/dadade.eu\/index.php?rest_route=\/wp\/v2\/product\/18671","targetHints":{"allow":["GET"]}}],"collection":[{"href":"https:\/\/dadade.eu\/index.php?rest_route=\/wp\/v2\/product"}],"about":[{"href":"https:\/\/dadade.eu\/index.php?rest_route=\/wp\/v2\/types\/product"}],"wp:featuredmedia":[{"embeddable":true,"href":"https:\/\/dadade.eu\/index.php?rest_route=\/wp\/v2\/media\/18693"}],"wp:attachment":[{"href":"https:\/\/dadade.eu\/index.php?rest_route=%2Fwp%2Fv2%2Fmedia&parent=18671"}],"wp:term":[{"taxonomy":"product_brand","embeddable":true,"href":"https:\/\/dadade.eu\/index.php?rest_route=%2Fwp%2Fv2%2Fproduct_brand&post=18671"},{"taxonomy":"product_cat","embeddable":true,"href":"https:\/\/dadade.eu\/index.php?rest_route=%2Fwp%2Fv2%2Fproduct_cat&post=18671"},{"taxonomy":"product_tag","embeddable":true,"href":"https:\/\/dadade.eu\/index.php?rest_route=%2Fwp%2Fv2%2Fproduct_tag&post=18671"}],"curies":[{"name":"wp","href":"https:\/\/api.w.org\/{rel}","templated":true}]}}