{"id":18590,"date":"2018-08-30T21:03:09","date_gmt":"2018-08-30T19:03:09","guid":{"rendered":"https:\/\/dadade.eu\/?post_type=product&#038;p=18590"},"modified":"2023-08-08T10:16:46","modified_gmt":"2023-08-08T08:16:46","slug":"schwaemme-waldtiere-schwamm-biber-dachs-fuchs-waschbaer-wildschwein-s106","status":"publish","type":"product","link":"https:\/\/dadade.eu\/?product=schwaemme-waldtiere-schwamm-biber-dachs-fuchs-waschbaer-wildschwein-s106","title":{"rendered":"Schw\u00e4mme, Waldtiere Schwamm Biber, Dachs, Fuchs, Waschb\u00e4r &#038; Wildschwein (S106)"},"content":{"rendered":"<p><img fetchpriority=\"high\" decoding=\"async\" class=\"alignnone size-medium wp-image-18600\" src=\"https:\/\/dadade.eu\/wp-content\/uploads\/2023\/07\/xSpuelschwamm-Biber-4-300x225.jpg\" alt=\"\" width=\"300\" height=\"225\" srcset=\"https:\/\/dadade.eu\/wp-content\/uploads\/2023\/07\/xSpuelschwamm-Biber-4-300x225.jpg 300w, https:\/\/dadade.eu\/wp-content\/uploads\/2023\/07\/xSpuelschwamm-Biber-4-600x450.jpg 600w, https:\/\/dadade.eu\/wp-content\/uploads\/2023\/07\/xSpuelschwamm-Biber-4-64x48.jpg 64w, https:\/\/dadade.eu\/wp-content\/uploads\/2023\/07\/xSpuelschwamm-Biber-4-1024x768.jpg 1024w, https:\/\/dadade.eu\/wp-content\/uploads\/2023\/07\/xSpuelschwamm-Biber-4-768x576.jpg 768w, https:\/\/dadade.eu\/wp-content\/uploads\/2023\/07\/xSpuelschwamm-Biber-4.jpg 1400w\" sizes=\"(max-width: 300px) 100vw, 300px\" \/>S101 Schwamm Biber<\/p>\n<p><img decoding=\"async\" class=\"alignnone size-medium wp-image-18604\" src=\"https:\/\/dadade.eu\/wp-content\/uploads\/2023\/07\/xSpuelschwamm-Dachs-5-300x225.jpg\" alt=\"\" width=\"300\" height=\"225\" srcset=\"https:\/\/dadade.eu\/wp-content\/uploads\/2023\/07\/xSpuelschwamm-Dachs-5-300x225.jpg 300w, https:\/\/dadade.eu\/wp-content\/uploads\/2023\/07\/xSpuelschwamm-Dachs-5-600x450.jpg 600w, https:\/\/dadade.eu\/wp-content\/uploads\/2023\/07\/xSpuelschwamm-Dachs-5-64x48.jpg 64w, https:\/\/dadade.eu\/wp-content\/uploads\/2023\/07\/xSpuelschwamm-Dachs-5-1024x768.jpg 1024w, https:\/\/dadade.eu\/wp-content\/uploads\/2023\/07\/xSpuelschwamm-Dachs-5-768x576.jpg 768w, https:\/\/dadade.eu\/wp-content\/uploads\/2023\/07\/xSpuelschwamm-Dachs-5.jpg 1400w\" sizes=\"(max-width: 300px) 100vw, 300px\" \/>S102 Schwamm Dachs<\/p>\n<p><img decoding=\"async\" class=\"alignnone size-medium wp-image-18610\" src=\"https:\/\/dadade.eu\/wp-content\/uploads\/2023\/07\/xSpuelschwamm-Fuchs-8-300x225.jpg\" alt=\"\" width=\"300\" height=\"225\" srcset=\"https:\/\/dadade.eu\/wp-content\/uploads\/2023\/07\/xSpuelschwamm-Fuchs-8-300x225.jpg 300w, https:\/\/dadade.eu\/wp-content\/uploads\/2023\/07\/xSpuelschwamm-Fuchs-8-600x450.jpg 600w, https:\/\/dadade.eu\/wp-content\/uploads\/2023\/07\/xSpuelschwamm-Fuchs-8-64x48.jpg 64w, https:\/\/dadade.eu\/wp-content\/uploads\/2023\/07\/xSpuelschwamm-Fuchs-8-1024x768.jpg 1024w, https:\/\/dadade.eu\/wp-content\/uploads\/2023\/07\/xSpuelschwamm-Fuchs-8-768x576.jpg 768w, https:\/\/dadade.eu\/wp-content\/uploads\/2023\/07\/xSpuelschwamm-Fuchs-8.jpg 1400w\" sizes=\"(max-width: 300px) 100vw, 300px\" \/>S103 Schwamm Fuchs<\/p>\n<p><img loading=\"lazy\" decoding=\"async\" class=\"alignnone size-medium wp-image-18614\" src=\"https:\/\/dadade.eu\/wp-content\/uploads\/2023\/07\/xSpuelschwamm-Waschbaer-5-300x225.jpg\" alt=\"\" width=\"300\" height=\"225\" srcset=\"https:\/\/dadade.eu\/wp-content\/uploads\/2023\/07\/xSpuelschwamm-Waschbaer-5-300x225.jpg 300w, https:\/\/dadade.eu\/wp-content\/uploads\/2023\/07\/xSpuelschwamm-Waschbaer-5-600x450.jpg 600w, https:\/\/dadade.eu\/wp-content\/uploads\/2023\/07\/xSpuelschwamm-Waschbaer-5-64x48.jpg 64w, https:\/\/dadade.eu\/wp-content\/uploads\/2023\/07\/xSpuelschwamm-Waschbaer-5-1024x768.jpg 1024w, https:\/\/dadade.eu\/wp-content\/uploads\/2023\/07\/xSpuelschwamm-Waschbaer-5-768x576.jpg 768w, https:\/\/dadade.eu\/wp-content\/uploads\/2023\/07\/xSpuelschwamm-Waschbaer-5.jpg 1400w\" sizes=\"(max-width: 300px) 100vw, 300px\" \/>S104 Schwamm Waschb\u00e4r<\/p>\n<p><img loading=\"lazy\" decoding=\"async\" class=\"alignnone size-medium wp-image-18618\" src=\"https:\/\/dadade.eu\/wp-content\/uploads\/2023\/07\/xSpuelschwamm-Wildschwein-1-300x225.jpg\" alt=\"\" width=\"300\" height=\"225\" srcset=\"https:\/\/dadade.eu\/wp-content\/uploads\/2023\/07\/xSpuelschwamm-Wildschwein-1-300x225.jpg 300w, https:\/\/dadade.eu\/wp-content\/uploads\/2023\/07\/xSpuelschwamm-Wildschwein-1-600x450.jpg 600w, https:\/\/dadade.eu\/wp-content\/uploads\/2023\/07\/xSpuelschwamm-Wildschwein-1-64x48.jpg 64w, https:\/\/dadade.eu\/wp-content\/uploads\/2023\/07\/xSpuelschwamm-Wildschwein-1-1024x768.jpg 1024w, https:\/\/dadade.eu\/wp-content\/uploads\/2023\/07\/xSpuelschwamm-Wildschwein-1-768x576.jpg 768w, https:\/\/dadade.eu\/wp-content\/uploads\/2023\/07\/xSpuelschwamm-Wildschwein-1.jpg 1400w\" sizes=\"(max-width: 300px) 100vw, 300px\" \/>S105 Schwamm Wildschwein<\/p>\n<p><img loading=\"lazy\" decoding=\"async\" class=\"alignnone size-medium wp-image-18597\" src=\"https:\/\/dadade.eu\/wp-content\/uploads\/2023\/07\/xSpuelschwamm-5-Herbsttiere-11-300x225.jpg\" alt=\"\" width=\"300\" height=\"225\" srcset=\"https:\/\/dadade.eu\/wp-content\/uploads\/2023\/07\/xSpuelschwamm-5-Herbsttiere-11-300x225.jpg 300w, https:\/\/dadade.eu\/wp-content\/uploads\/2023\/07\/xSpuelschwamm-5-Herbsttiere-11-600x450.jpg 600w, https:\/\/dadade.eu\/wp-content\/uploads\/2023\/07\/xSpuelschwamm-5-Herbsttiere-11-64x48.jpg 64w, https:\/\/dadade.eu\/wp-content\/uploads\/2023\/07\/xSpuelschwamm-5-Herbsttiere-11-1024x768.jpg 1024w, https:\/\/dadade.eu\/wp-content\/uploads\/2023\/07\/xSpuelschwamm-5-Herbsttiere-11-768x576.jpg 768w, https:\/\/dadade.eu\/wp-content\/uploads\/2023\/07\/xSpuelschwamm-5-Herbsttiere-11.jpg 1400w\" sizes=\"(max-width: 300px) 100vw, 300px\" \/>S106 Schw\u00e4mme 5 Waldtiere<\/p>\n<p><a href=\"https:\/\/dadade.eu\/?product=spuelschwamm-eichhoernchen-s110\"><b><img loading=\"lazy\" decoding=\"async\" class=\"alignnone size-medium wp-image-19037\" src=\"https:\/\/dadade.eu\/wp-content\/uploads\/2023\/08\/Spuelschwamm-Eichhoernchen-4-300x225.jpg\" alt=\"\" width=\"300\" height=\"225\" srcset=\"https:\/\/dadade.eu\/wp-content\/uploads\/2023\/08\/Spuelschwamm-Eichhoernchen-4-300x225.jpg 300w, https:\/\/dadade.eu\/wp-content\/uploads\/2023\/08\/Spuelschwamm-Eichhoernchen-4-600x450.jpg 600w, https:\/\/dadade.eu\/wp-content\/uploads\/2023\/08\/Spuelschwamm-Eichhoernchen-4-64x48.jpg 64w, https:\/\/dadade.eu\/wp-content\/uploads\/2023\/08\/Spuelschwamm-Eichhoernchen-4-1024x768.jpg 1024w, https:\/\/dadade.eu\/wp-content\/uploads\/2023\/08\/Spuelschwamm-Eichhoernchen-4-768x576.jpg 768w, https:\/\/dadade.eu\/wp-content\/uploads\/2023\/08\/Spuelschwamm-Eichhoernchen-4.jpg 1400w\" sizes=\"(max-width: 300px) 100vw, 300px\" \/>Schwamm Eichh\u00f6rnchen, gibt es im Sparpaket als kleines Extra-Geschenk kostenlos dazu<\/b><\/a><\/p>\n<p>Die Anleitungen sind ausf\u00fchrlich mit vielen Bildern hinterlegt und werden auf je 5 &#8211; 12 Seiten Schritt-f\u00fcr-Schritt beschrieben!<\/p>\n<p>Sie\u00a0 ist dadurch auch schon f\u00fcr Anf\u00e4nger geeignet.<\/p>\n<p>&nbsp;<\/p>\n<p>mehr Bilder von flei\u00dfigen H\u00e4nden findet ihr<\/p>\n<p><strong><a href=\"https:\/\/dadade.eu\/?p=18646\">KLICKE HIER<\/a><\/strong><\/p>\n<p>&nbsp;<\/p>\n<p>&nbsp;<\/p>\n","protected":false},"excerpt":{"rendered":"<div id=\"cc-m-13954443088\" class=\"j-module n j-text \">\n<p>Hier kauft man nur die Anleitungen f\u00fcr diese witzigen Schw\u00e4mme,<\/p>\n<p>Sie sind mit einem Garn von Rico Design geh\u00e4kelt, Creative Bubble!<\/p>\n<p>Ob als Badeschwamm, \u00a0oder als K\u00fcchenschwamm,<\/p>\n<p>Schluss mit Langeweile im Badezimmer oder in der K\u00fcche. So macht das Abwaschen richtig Spa\u00df,<\/p>\n<p>Mit den verschiedenen lustigen und tierischen Motiven eignen sich diese selbstgemachten Schw\u00e4mme auch super zum Verschenken, gerade jetzt im Herbst.<\/p>\n<p>Das Garn l\u00e4sst sich gut verarbeiten und ist bei 60\u00b0C waschbar.<\/p>\n<p>Sie sind sehr schnell geh\u00e4kelt und auch schon f\u00fcr Anf\u00e4nger geeignet<\/p>\n<p>Wie???\u00a0Ihr habt keine Bubble-Wolle???<\/p>\n<p>Dann h\u00e4kelt doch meine Schw\u00e4mme einfach mal mit d\u00fcnnem Garn,<\/p>\n<p>als Taschenbaumler, Ranzenanh\u00e4nger, oder auch mal als Schl\u00fcsselanh\u00e4nger,<\/p>\n<p>je nachdem, was die Wollreste- Kiste hergibt<\/p>\n<p>Die Anleitungen sind auch als Applikationen um Hosen usw. zu verzieren, super geeignet,<\/p>\n<p>Mit der Nadelst\u00e4rke 3,5 wird der Biber ungef\u00e4hr<em>; <\/em>16 x 15cm<\/p>\n<p>der Dachs ungef\u00e4hr; 16 x 13cm, der Fuchs ungef\u00e4hr; 16 x 14cm,<\/p>\n<p>das Wildschwein ungef\u00e4hr; 17 x 12cm<\/p>\n<p>EXTRA &#8211; das Eichh\u00f6rnchen wird ungef\u00e4hr; 15 x 15cm<\/p>\n<\/div>\n","protected":false},"featured_media":18596,"template":"","meta":[],"product_brand":[],"product_cat":[56,48,52,1479],"product_tag":[90,1377,1463,1467,1497,1498,1468,1499,1500,242,1466,1204,1205,87,1460,1465,299,94,93,126,92,1464,1504,1461,181,195,1462,1505,1506,1038,1501,1502,1503,95,96],"class_list":{"0":"post-18590","1":"product","2":"type-product","3":"status-publish","4":"has-post-thumbnail","6":"product_cat-2einfach","7":"product_cat-haus-deko","8":"product_cat-herbst-halloween","9":"product_cat-schwamm-und-waschhandschuh","10":"product_tag-amigurumi","11":"product_tag-baden","12":"product_tag-badeschwamm","13":"product_tag-badezimmer","14":"product_tag-biber","15":"product_tag-biber-haekeln","16":"product_tag-creative-bubble-von-rico-design","17":"product_tag-dachs","18":"product_tag-dachs-haekeln","19":"product_tag-dekoration-haekeln","20":"product_tag-duschschwamm","21":"product_tag-fuchs","22":"product_tag-fuchs-haekeln","23":"product_tag-geschenk","24":"product_tag-geschenke-haekeln","25":"product_tag-geschenke-selbermachen","26":"product_tag-geschenkidee","27":"product_tag-haekelanleitung","28":"product_tag-haekeln","29":"product_tag-herbst","30":"product_tag-kinder","31":"product_tag-kuechenschwamm","32":"product_tag-kuechentuch","33":"product_tag-kuechenzubehoer","34":"product_tag-lustig","35":"product_tag-praesent","36":"product_tag-schwamm-haekeln","37":"product_tag-spuelschwamm-haekeln","38":"product_tag-waldtiere","39":"product_tag-waschbaer","40":"product_tag-waschbaer-haekel","41":"product_tag-wildschwein","42":"product_tag-wildschwein-haekeln","43":"product_tag-wolle","44":"product_tag-wollreste","46":"first","47":"instock","48":"shipping-taxable","49":"purchasable","50":"product-type-variable"},"_links":{"self":[{"href":"https:\/\/dadade.eu\/index.php?rest_route=\/wp\/v2\/product\/18590","targetHints":{"allow":["GET"]}}],"collection":[{"href":"https:\/\/dadade.eu\/index.php?rest_route=\/wp\/v2\/product"}],"about":[{"href":"https:\/\/dadade.eu\/index.php?rest_route=\/wp\/v2\/types\/product"}],"wp:featuredmedia":[{"embeddable":true,"href":"https:\/\/dadade.eu\/index.php?rest_route=\/wp\/v2\/media\/18596"}],"wp:attachment":[{"href":"https:\/\/dadade.eu\/index.php?rest_route=%2Fwp%2Fv2%2Fmedia&parent=18590"}],"wp:term":[{"taxonomy":"product_brand","embeddable":true,"href":"https:\/\/dadade.eu\/index.php?rest_route=%2Fwp%2Fv2%2Fproduct_brand&post=18590"},{"taxonomy":"product_cat","embeddable":true,"href":"https:\/\/dadade.eu\/index.php?rest_route=%2Fwp%2Fv2%2Fproduct_cat&post=18590"},{"taxonomy":"product_tag","embeddable":true,"href":"https:\/\/dadade.eu\/index.php?rest_route=%2Fwp%2Fv2%2Fproduct_tag&post=18590"}],"curies":[{"name":"wp","href":"https:\/\/api.w.org\/{rel}","templated":true}]}}