{"id":18554,"date":"2016-07-30T14:40:57","date_gmt":"2016-07-30T12:40:57","guid":{"rendered":"https:\/\/dadade.eu\/?post_type=product&#038;p=18554"},"modified":"2023-08-08T18:59:17","modified_gmt":"2023-08-08T16:59:17","slug":"gestrickter-babyanzug-gr-68-2-tlg-mit-kuschel-storch","status":"publish","type":"product","link":"https:\/\/dadade.eu\/?product=gestrickter-babyanzug-gr-68-2-tlg-mit-kuschel-storch","title":{"rendered":"gestrickter Babyanzug Gr. 68, 2-tlg mit Kuschel-Storch"},"content":{"rendered":"<p><img fetchpriority=\"high\" decoding=\"async\" class=\"alignnone size-medium wp-image-18565\" src=\"https:\/\/dadade.eu\/wp-content\/uploads\/2023\/07\/Baby-Anzug-Storch-2-Kopie-300x300.jpg\" alt=\"\" width=\"300\" height=\"300\" srcset=\"https:\/\/dadade.eu\/wp-content\/uploads\/2023\/07\/Baby-Anzug-Storch-2-Kopie-300x300.jpg 300w, https:\/\/dadade.eu\/wp-content\/uploads\/2023\/07\/Baby-Anzug-Storch-2-Kopie-100x100.jpg 100w, https:\/\/dadade.eu\/wp-content\/uploads\/2023\/07\/Baby-Anzug-Storch-2-Kopie-600x600.jpg 600w, https:\/\/dadade.eu\/wp-content\/uploads\/2023\/07\/Baby-Anzug-Storch-2-Kopie-64x64.jpg 64w, https:\/\/dadade.eu\/wp-content\/uploads\/2023\/07\/Baby-Anzug-Storch-2-Kopie-1024x1024.jpg 1024w, https:\/\/dadade.eu\/wp-content\/uploads\/2023\/07\/Baby-Anzug-Storch-2-Kopie-150x150.jpg 150w, https:\/\/dadade.eu\/wp-content\/uploads\/2023\/07\/Baby-Anzug-Storch-2-Kopie-768x768.jpg 768w, https:\/\/dadade.eu\/wp-content\/uploads\/2023\/07\/Baby-Anzug-Storch-2-Kopie-1536x1536.jpg 1536w, https:\/\/dadade.eu\/wp-content\/uploads\/2023\/07\/Baby-Anzug-Storch-2-Kopie-2048x2048.jpg 2048w\" sizes=\"(max-width: 300px) 100vw, 300px\" \/>der Anzug mit eingestricktem Storch alleine<\/p>\n<p><img decoding=\"async\" class=\"alignnone size-medium wp-image-18558\" src=\"https:\/\/dadade.eu\/wp-content\/uploads\/2023\/07\/2tlg-Baby-Anzug-mit-Storch-3-300x300.jpg\" alt=\"\" width=\"300\" height=\"300\" srcset=\"https:\/\/dadade.eu\/wp-content\/uploads\/2023\/07\/2tlg-Baby-Anzug-mit-Storch-3-300x300.jpg 300w, https:\/\/dadade.eu\/wp-content\/uploads\/2023\/07\/2tlg-Baby-Anzug-mit-Storch-3-100x100.jpg 100w, https:\/\/dadade.eu\/wp-content\/uploads\/2023\/07\/2tlg-Baby-Anzug-mit-Storch-3-600x600.jpg 600w, https:\/\/dadade.eu\/wp-content\/uploads\/2023\/07\/2tlg-Baby-Anzug-mit-Storch-3-64x64.jpg 64w, https:\/\/dadade.eu\/wp-content\/uploads\/2023\/07\/2tlg-Baby-Anzug-mit-Storch-3-1024x1024.jpg 1024w, https:\/\/dadade.eu\/wp-content\/uploads\/2023\/07\/2tlg-Baby-Anzug-mit-Storch-3-150x150.jpg 150w, https:\/\/dadade.eu\/wp-content\/uploads\/2023\/07\/2tlg-Baby-Anzug-mit-Storch-3-768x768.jpg 768w, https:\/\/dadade.eu\/wp-content\/uploads\/2023\/07\/2tlg-Baby-Anzug-mit-Storch-3-1536x1536.jpg 1536w, https:\/\/dadade.eu\/wp-content\/uploads\/2023\/07\/2tlg-Baby-Anzug-mit-Storch-3-2048x2048.jpg 2048w\" sizes=\"(max-width: 300px) 100vw, 300px\" \/>der gestrickte Anzug mit gestricktem Storch Otto<\/p>\n<p>&nbsp;<\/p>\n<p>&nbsp;<\/p>\n<p><img decoding=\"async\" class=\"alignnone size-medium wp-image-17660\" src=\"https:\/\/dadade.eu\/wp-content\/uploads\/2023\/07\/2Storch-mit-Baeren0-300x225.jpg\" alt=\"\" width=\"300\" height=\"225\" srcset=\"https:\/\/dadade.eu\/wp-content\/uploads\/2023\/07\/2Storch-mit-Baeren0-300x225.jpg 300w, https:\/\/dadade.eu\/wp-content\/uploads\/2023\/07\/2Storch-mit-Baeren0-scaled-600x450.jpg 600w, https:\/\/dadade.eu\/wp-content\/uploads\/2023\/07\/2Storch-mit-Baeren0-scaled-64x48.jpg 64w, https:\/\/dadade.eu\/wp-content\/uploads\/2023\/07\/2Storch-mit-Baeren0-1024x768.jpg 1024w, https:\/\/dadade.eu\/wp-content\/uploads\/2023\/07\/2Storch-mit-Baeren0-768x576.jpg 768w, https:\/\/dadade.eu\/wp-content\/uploads\/2023\/07\/2Storch-mit-Baeren0-1536x1152.jpg 1536w, https:\/\/dadade.eu\/wp-content\/uploads\/2023\/07\/2Storch-mit-Baeren0-2048x1536.jpg 2048w\" sizes=\"(max-width: 300px) 100vw, 300px\" \/><strong><a href=\"https:\/\/dadade.eu\/?product=storch-otto-gestrickter-storch\">mehr \u00fcber den Storch Otto findet ihr hier<\/a><\/strong> , den Storch gibt es auch noch mit einem geh\u00e4kelten B\u00e4rchen<\/p>\n<p>&nbsp;<\/p>\n<p>Die Anleitung ist ausf\u00fchrlich mit vielen Bildern hinterlegt und Schritt-f\u00fcr-Schritt beschrieben!<\/p>\n<p>&nbsp;<\/p>\n<p>MEHR VARIANTEN UND IDEEN von flei\u00dfigen Helfer und H\u00e4nden?<\/p>\n<p><a href=\"https:\/\/dadade.eu\/?product_cat=amigurumi\"><b>Klicke hier<\/b><\/a><\/p>\n<p>&nbsp;<\/p>\n<p>&nbsp;<\/p>\n<p>&nbsp;<\/p>\n","protected":false},"excerpt":{"rendered":"<div id=\"cc-m-13954443088\">\n<p>Strickanleitung, nur f\u00fcr den s\u00fc\u00dfen, molligen Anzug, Gr\u00f6\u00dfe 68, mit eingestrickten Storch<\/p>\n<p>Strickanleitung f\u00fcr den Klapperstorch, mit Stulpen und den Socken, sowie den s\u00fc\u00dfen, molligen Anzug, Gr\u00f6\u00dfe 68, mit eingestrickten Storch<\/p>\n<p>Tipp; nicht nur 1 Socke stricken, um das Baby hineinzusetzten, sondern gleich 2 Socken stricken und das Baby hat schon ein paar kleine Socken f\u00fcr die ersten Monate<\/p>\n<p>Sie suchen noch ein passendes Geschenk zu Geburt oder Taufe eines neuen Erdenb\u00fcrgers.<br \/>\nMit diesem Geschenk wird man mit Sicherheit punkten<\/p>\n<p>Der Storch kann mit Stulpen und Socken gestrickt werden,<br \/>\nin hellblau, rosa oder f\u00fcr den kleinen Fu\u00dfballfan in schwarz-gelb.<\/p>\n<p>Mit dem Kauf erh\u00e4ltst du eine leicht verst\u00e4ndliche Strickanleitung, sowie H\u00e4kelanleitung<br \/>\nim praktischen PDF-Format.<br \/>\nDie Anleitung ist auch schon f\u00fcr Anf\u00e4nger geeignet.<\/p>\n<p>Der Storch wird mit der Nadelst\u00e4rke 3,5 &#8211; ca 40 cm hoch<\/p>\n<p>.<\/p>\n<\/div>\n<div id=\"cc-m-13954443188\" class=\"j-module n j-text \">\n<h2><strong>Diese Anleitungen findet man nur in meinen Shops auf den verschiedenen Plattformen<\/strong><\/h2>\n<p><strong>Strickanleitung,\u00a0 f\u00fcr den s\u00fc\u00dfen, molligen Anzug, Gr\u00f6\u00dfe 68, mit eingestrickten Storch<\/strong><\/p>\n<div id=\"cc-m-13954443088\">\n<div id=\"cc-m-13758358088\">\n<h3><strong><a href=\"https:\/\/www.crazypatterns.net\/de\/items\/17528\/baby-anzug-mit-eingestricktem-storch-gr-68-das-tauf-geschenk-strickanleitung-von-dadade\" target=\"_blank\" rel=\"noopener\">bei crazypattern<\/a><\/strong><\/h3>\n<p><strong>Strickanleitung f\u00fcr den Klapperstorch, mit Stulpen und den Socken, sowie den s\u00fc\u00dfen, molligen Anzug,\u00a0<\/strong><\/p>\n<h3><strong><a href=\"https:\/\/www.crazypatterns.net\/de\/items\/17529\/storch-alarm-das-tauf-geschenk-strickanleitung-von-dadade\" target=\"_blank\" rel=\"noopener\">bei crazypattern<\/a><\/strong><\/h3>\n<h3><strong><a href=\"https:\/\/www.mypatterns.de\/detailansicht\/storch-alarm-das-tauf-geschenk-strickanleitung-von-dadad-5223\" target=\"_blank\" rel=\"noopener\">bei mypatterns<\/a><\/strong><\/h3>\n<h3><\/h3>\n<h3><\/h3>\n<h3><\/h3>\n<\/div>\n<\/div>\n<p>&nbsp;<\/p>\n<p>&nbsp;<\/p>\n<\/div>\n","protected":false},"featured_media":18555,"template":"","meta":[],"product_brand":[],"product_cat":[42,47,46],"product_tag":[90,295,1450,89,1451,120,1449,1446,233,242,182,694,247,717,87,299,1355,610,1432,719,92,1447,1448,345,180,243,181,718,294,1079,91,195,726,196,725,1445,1102,1103,823,237,1107,183,95,96],"class_list":{"0":"post-18554","1":"product","2":"type-product","3":"status-publish","4":"has-post-thumbnail","6":"product_cat-baby","7":"product_cat-gestricktes","8":"product_cat-suesse-baby-sets","9":"product_tag-amigurumi","10":"product_tag-anleitung","11":"product_tag-anzug","12":"product_tag-baby","13":"product_tag-babyanzug","14":"product_tag-baer","15":"product_tag-bekleidung","16":"product_tag-birth","17":"product_tag-dekoration","18":"product_tag-dekoration-haekeln","19":"product_tag-fein","20":"product_tag-feste","21":"product_tag-fussball","22":"product_tag-geburt","23":"product_tag-geschenk","24":"product_tag-geschenkidee","25":"product_tag-gestrickt","26":"product_tag-gift","27":"product_tag-happiness","28":"product_tag-junge","29":"product_tag-kinder","30":"product_tag-klapperstorch","31":"product_tag-kuschelig","32":"product_tag-kuscheln","33":"product_tag-kuscheltier","34":"product_tag-kuschelwolle","35":"product_tag-lustig","36":"product_tag-maedchen","37":"product_tag-mitbringsel","38":"product_tag-neugeborene","39":"product_tag-plueschtier","40":"product_tag-praesent","41":"product_tag-praesente","42":"product_tag-spielzeug","43":"product_tag-storch","44":"product_tag-stork","45":"product_tag-strickanleitung","46":"product_tag-stricken","47":"product_tag-taschenbaumler","48":"product_tag-taufe","49":"product_tag-taufgeschenk","50":"product_tag-witzig","51":"product_tag-wolle","52":"product_tag-wollreste","54":"first","55":"instock","56":"virtual","57":"product-type-simple"},"_links":{"self":[{"href":"https:\/\/dadade.eu\/index.php?rest_route=\/wp\/v2\/product\/18554","targetHints":{"allow":["GET"]}}],"collection":[{"href":"https:\/\/dadade.eu\/index.php?rest_route=\/wp\/v2\/product"}],"about":[{"href":"https:\/\/dadade.eu\/index.php?rest_route=\/wp\/v2\/types\/product"}],"wp:featuredmedia":[{"embeddable":true,"href":"https:\/\/dadade.eu\/index.php?rest_route=\/wp\/v2\/media\/18555"}],"wp:attachment":[{"href":"https:\/\/dadade.eu\/index.php?rest_route=%2Fwp%2Fv2%2Fmedia&parent=18554"}],"wp:term":[{"taxonomy":"product_brand","embeddable":true,"href":"https:\/\/dadade.eu\/index.php?rest_route=%2Fwp%2Fv2%2Fproduct_brand&post=18554"},{"taxonomy":"product_cat","embeddable":true,"href":"https:\/\/dadade.eu\/index.php?rest_route=%2Fwp%2Fv2%2Fproduct_cat&post=18554"},{"taxonomy":"product_tag","embeddable":true,"href":"https:\/\/dadade.eu\/index.php?rest_route=%2Fwp%2Fv2%2Fproduct_tag&post=18554"}],"curies":[{"name":"wp","href":"https:\/\/api.w.org\/{rel}","templated":true}]}}