{"id":18519,"date":"2018-07-30T13:35:54","date_gmt":"2018-07-30T11:35:54","guid":{"rendered":"https:\/\/dadade.eu\/?post_type=product&#038;p=18519"},"modified":"2023-08-10T01:10:32","modified_gmt":"2023-08-09T23:10:32","slug":"gestricktes-mobile-mit-schmetterling-raupe-blumen","status":"publish","type":"product","link":"https:\/\/dadade.eu\/?product=gestricktes-mobile-mit-schmetterling-raupe-blumen","title":{"rendered":"gestricktes MOBILE\u00a0 mit Schmetterling, Raupe &#038; Blumen"},"content":{"rendered":"<p><img fetchpriority=\"high\" decoding=\"async\" class=\"alignnone size-medium wp-image-18537\" src=\"https:\/\/dadade.eu\/wp-content\/uploads\/2023\/07\/xSchmetterling-mobile-einzeln-Biene-1-300x225.jpg\" alt=\"\" width=\"300\" height=\"225\" srcset=\"https:\/\/dadade.eu\/wp-content\/uploads\/2023\/07\/xSchmetterling-mobile-einzeln-Biene-1-300x225.jpg 300w, https:\/\/dadade.eu\/wp-content\/uploads\/2023\/07\/xSchmetterling-mobile-einzeln-Biene-1-600x450.jpg 600w, https:\/\/dadade.eu\/wp-content\/uploads\/2023\/07\/xSchmetterling-mobile-einzeln-Biene-1-64x48.jpg 64w, https:\/\/dadade.eu\/wp-content\/uploads\/2023\/07\/xSchmetterling-mobile-einzeln-Biene-1-1024x768.jpg 1024w, https:\/\/dadade.eu\/wp-content\/uploads\/2023\/07\/xSchmetterling-mobile-einzeln-Biene-1-768x576.jpg 768w, https:\/\/dadade.eu\/wp-content\/uploads\/2023\/07\/xSchmetterling-mobile-einzeln-Biene-1.jpg 1400w\" sizes=\"(max-width: 300px) 100vw, 300px\" \/>die s\u00fc\u00dfe gestrickte Biene, auch als Schl\u00fcsselanh\u00e4nger<\/p>\n<p><img decoding=\"async\" class=\"alignnone size-medium wp-image-18538\" src=\"https:\/\/dadade.eu\/wp-content\/uploads\/2023\/07\/xSchmetterling-mobile-einzeln-Blume-1-300x225.jpg\" alt=\"\" width=\"300\" height=\"225\" srcset=\"https:\/\/dadade.eu\/wp-content\/uploads\/2023\/07\/xSchmetterling-mobile-einzeln-Blume-1-300x225.jpg 300w, https:\/\/dadade.eu\/wp-content\/uploads\/2023\/07\/xSchmetterling-mobile-einzeln-Blume-1-600x450.jpg 600w, https:\/\/dadade.eu\/wp-content\/uploads\/2023\/07\/xSchmetterling-mobile-einzeln-Blume-1-64x48.jpg 64w, https:\/\/dadade.eu\/wp-content\/uploads\/2023\/07\/xSchmetterling-mobile-einzeln-Blume-1-1024x768.jpg 1024w, https:\/\/dadade.eu\/wp-content\/uploads\/2023\/07\/xSchmetterling-mobile-einzeln-Blume-1-768x576.jpg 768w, https:\/\/dadade.eu\/wp-content\/uploads\/2023\/07\/xSchmetterling-mobile-einzeln-Blume-1.jpg 1400w\" sizes=\"(max-width: 300px) 100vw, 300px\" \/>die Blumen, kuschelig weich<\/p>\n<p><img decoding=\"async\" class=\"alignnone size-medium wp-image-18539\" src=\"https:\/\/dadade.eu\/wp-content\/uploads\/2023\/07\/xSchmetterling-mobile-einzeln-Raupe-1-300x225.jpg\" alt=\"\" width=\"300\" height=\"225\" srcset=\"https:\/\/dadade.eu\/wp-content\/uploads\/2023\/07\/xSchmetterling-mobile-einzeln-Raupe-1-300x225.jpg 300w, https:\/\/dadade.eu\/wp-content\/uploads\/2023\/07\/xSchmetterling-mobile-einzeln-Raupe-1-600x450.jpg 600w, https:\/\/dadade.eu\/wp-content\/uploads\/2023\/07\/xSchmetterling-mobile-einzeln-Raupe-1-64x48.jpg 64w, https:\/\/dadade.eu\/wp-content\/uploads\/2023\/07\/xSchmetterling-mobile-einzeln-Raupe-1-1024x768.jpg 1024w, https:\/\/dadade.eu\/wp-content\/uploads\/2023\/07\/xSchmetterling-mobile-einzeln-Raupe-1-768x576.jpg 768w, https:\/\/dadade.eu\/wp-content\/uploads\/2023\/07\/xSchmetterling-mobile-einzeln-Raupe-1.jpg 1400w\" sizes=\"(max-width: 300px) 100vw, 300px\" \/>die tolle Raupe, zum Spielen und Kuscheln<\/p>\n<p><img loading=\"lazy\" decoding=\"async\" class=\"alignnone size-medium wp-image-18541\" src=\"https:\/\/dadade.eu\/wp-content\/uploads\/2023\/07\/xSchmetterling-mobile-einzeln-schmetterling-lila-1-300x225.jpg\" alt=\"\" width=\"300\" height=\"225\" srcset=\"https:\/\/dadade.eu\/wp-content\/uploads\/2023\/07\/xSchmetterling-mobile-einzeln-schmetterling-lila-1-300x225.jpg 300w, https:\/\/dadade.eu\/wp-content\/uploads\/2023\/07\/xSchmetterling-mobile-einzeln-schmetterling-lila-1-600x450.jpg 600w, https:\/\/dadade.eu\/wp-content\/uploads\/2023\/07\/xSchmetterling-mobile-einzeln-schmetterling-lila-1-64x48.jpg 64w, https:\/\/dadade.eu\/wp-content\/uploads\/2023\/07\/xSchmetterling-mobile-einzeln-schmetterling-lila-1-1024x768.jpg 1024w, https:\/\/dadade.eu\/wp-content\/uploads\/2023\/07\/xSchmetterling-mobile-einzeln-schmetterling-lila-1-768x576.jpg 768w, https:\/\/dadade.eu\/wp-content\/uploads\/2023\/07\/xSchmetterling-mobile-einzeln-schmetterling-lila-1.jpg 1400w\" sizes=\"(max-width: 300px) 100vw, 300px\" \/>die Schmetterlinge, auch als Deko f\u00fcr die Babyparty<\/p>\n<p><img loading=\"lazy\" decoding=\"async\" class=\"alignnone size-medium wp-image-18543\" src=\"https:\/\/dadade.eu\/wp-content\/uploads\/2023\/07\/xSchmetterling-mobile-klein-1-300x225.jpg\" alt=\"\" width=\"300\" height=\"225\" srcset=\"https:\/\/dadade.eu\/wp-content\/uploads\/2023\/07\/xSchmetterling-mobile-klein-1-300x225.jpg 300w, https:\/\/dadade.eu\/wp-content\/uploads\/2023\/07\/xSchmetterling-mobile-klein-1-600x450.jpg 600w, https:\/\/dadade.eu\/wp-content\/uploads\/2023\/07\/xSchmetterling-mobile-klein-1-64x48.jpg 64w, https:\/\/dadade.eu\/wp-content\/uploads\/2023\/07\/xSchmetterling-mobile-klein-1-1024x768.jpg 1024w, https:\/\/dadade.eu\/wp-content\/uploads\/2023\/07\/xSchmetterling-mobile-klein-1-768x576.jpg 768w, https:\/\/dadade.eu\/wp-content\/uploads\/2023\/07\/xSchmetterling-mobile-klein-1.jpg 1400w\" sizes=\"(max-width: 300px) 100vw, 300px\" \/>das Mobile in klein, mit nu 3 Bienchen oder Schmetterlinge<\/p>\n<p><img loading=\"lazy\" decoding=\"async\" class=\"alignnone size-medium wp-image-18524\" src=\"https:\/\/dadade.eu\/wp-content\/uploads\/2023\/07\/xgrosses-Schmetterling-mobile5-300x225.jpg\" alt=\"\" width=\"300\" height=\"225\" srcset=\"https:\/\/dadade.eu\/wp-content\/uploads\/2023\/07\/xgrosses-Schmetterling-mobile5-300x225.jpg 300w, https:\/\/dadade.eu\/wp-content\/uploads\/2023\/07\/xgrosses-Schmetterling-mobile5-600x450.jpg 600w, https:\/\/dadade.eu\/wp-content\/uploads\/2023\/07\/xgrosses-Schmetterling-mobile5-64x48.jpg 64w, https:\/\/dadade.eu\/wp-content\/uploads\/2023\/07\/xgrosses-Schmetterling-mobile5-1024x768.jpg 1024w, https:\/\/dadade.eu\/wp-content\/uploads\/2023\/07\/xgrosses-Schmetterling-mobile5-768x576.jpg 768w, https:\/\/dadade.eu\/wp-content\/uploads\/2023\/07\/xgrosses-Schmetterling-mobile5.jpg 1400w\" sizes=\"(max-width: 300px) 100vw, 300px\" \/>das Mobile in gro\u00df, mit Blume und Raupe zum herunterholen<\/p>\n<p>&nbsp;<\/p>\n<p>Die Anleitung ist ausf\u00fchrlich mit vielen Bildern hinterlegt und Schritt-f\u00fcr-Schritt beschrieben!<\/p>\n<p>&nbsp;<\/p>\n<p>MEHR VARIANTEN UND IDEEN von flei\u00dfigen Helfer und H\u00e4nden?<\/p>\n<p><a href=\"https:\/\/dadade.eu\/?product_cat=amigurumi\"><b>Klicke hier<\/b><\/a><\/p>\n<p>&nbsp;<\/p>\n<p>&nbsp;<\/p>\n<p>&nbsp;<\/p>\n","protected":false},"excerpt":{"rendered":"<div id=\"cc-m-13954443088\">\n<p>dieses Set ist ein passendes Geschenk zu Geburt oder Taufe eines neuen Erdenb\u00fcrgers.<\/p>\n<p><strong>Strickanleitung f\u00fcr diese wundersch\u00f6ne Mobile.<\/strong><\/p>\n<p>die Anleitungen beinhalten;<\/p>\n<p>die Biene<\/p>\n<p>die Raupe<\/p>\n<p>den Schmetterling<\/p>\n<p>und nat\u00fcrlich die Blumen.<\/p>\n<p>dieses Mobile eignet sich super daf\u00fcr, Wollreste zu verarbeiten.<\/p>\n<p>Ein sch\u00f6nes Geschenk, f\u00fcr den neuen Erdenb\u00fcrger.<\/p>\n<p>Ob \u00fcber dem Wickeltisch oder dem Bettchen, dieses Mobile ist bei den Kleinen direkt beliebt , alle Tiere werden so angeordnet, dass das Kind von unten das ganze Tier sieht und nicht nur z.B den Popo<\/p>\n<p>der Hit bei diesem Mobile, die Raupe hat im Inneren eine Rassel und wird nur auf die Blume gesetzt,.<\/p>\n<p>Sie kann jeder Zeit abgemacht und dem Kind in die Hand gegeben werden<\/p>\n<p>Die Biene und Schmetterlinge sind von unten komplett sichtbar.<\/p>\n<\/div>\n<div id=\"cc-m-13954443188\" class=\"j-module n j-text \">\n<h2><strong>Diese Anleitungen findet man nur in meinen Shop\u00a0<\/strong><\/h2>\n<div id=\"cc-m-13954443088\">\n<div id=\"cc-m-13758358088\">\n<h3><strong><a href=\"https:\/\/www.mypatterns.de\/stricken\/mobile-gestrickt-mit-schmetterling-biene-raupe-von-dadad-8518\" target=\"_blank\" rel=\"noopener\">Baby-Mobile bei mypatterns<\/a><\/strong><\/h3>\n<h3><\/h3>\n<h3><\/h3>\n<\/div>\n<\/div>\n<p>&nbsp;<\/p>\n<p>&nbsp;<\/p>\n<\/div>\n","protected":false},"featured_media":18525,"template":"","meta":[],"product_brand":[],"product_cat":[43,47],"product_tag":[90,1443,295,89,248,233,242,182,694,717,87,1106,299,1355,94,92,234,345,180,243,181,294,1444,1079,195,887,370,390,196,1102,1103,823,237,1107,183,95,96],"class_list":{"0":"post-18519","1":"product","2":"type-product","3":"status-publish","4":"has-post-thumbnail","6":"product_cat-baby-ketten-mobile","7":"product_cat-gestricktes","8":"product_tag-amigurumi","9":"product_tag-amigurumi-stricken","10":"product_tag-anleitung","11":"product_tag-baby","12":"product_tag-biene","13":"product_tag-dekoration","14":"product_tag-dekoration-haekeln","15":"product_tag-fein","16":"product_tag-feste","17":"product_tag-geburt","18":"product_tag-geschenk","19":"product_tag-geschenk-fuer-das-baby","20":"product_tag-geschenkidee","21":"product_tag-gestrickt","22":"product_tag-haekelanleitung","23":"product_tag-kinder","24":"product_tag-kinderzimmer","25":"product_tag-kuscheln","26":"product_tag-kuscheltier","27":"product_tag-kuschelwolle","28":"product_tag-lustig","29":"product_tag-mitbringsel","30":"product_tag-mobile","31":"product_tag-neugeborene","32":"product_tag-praesent","33":"product_tag-rassel","34":"product_tag-raupe","35":"product_tag-schmetterling","36":"product_tag-spielzeug","37":"product_tag-strickanleitung","38":"product_tag-stricken","39":"product_tag-taschenbaumler","40":"product_tag-taufe","41":"product_tag-taufgeschenk","42":"product_tag-witzig","43":"product_tag-wolle","44":"product_tag-wollreste","46":"first","47":"instock","48":"virtual","49":"product-type-simple"},"_links":{"self":[{"href":"https:\/\/dadade.eu\/index.php?rest_route=\/wp\/v2\/product\/18519","targetHints":{"allow":["GET"]}}],"collection":[{"href":"https:\/\/dadade.eu\/index.php?rest_route=\/wp\/v2\/product"}],"about":[{"href":"https:\/\/dadade.eu\/index.php?rest_route=\/wp\/v2\/types\/product"}],"wp:featuredmedia":[{"embeddable":true,"href":"https:\/\/dadade.eu\/index.php?rest_route=\/wp\/v2\/media\/18525"}],"wp:attachment":[{"href":"https:\/\/dadade.eu\/index.php?rest_route=%2Fwp%2Fv2%2Fmedia&parent=18519"}],"wp:term":[{"taxonomy":"product_brand","embeddable":true,"href":"https:\/\/dadade.eu\/index.php?rest_route=%2Fwp%2Fv2%2Fproduct_brand&post=18519"},{"taxonomy":"product_cat","embeddable":true,"href":"https:\/\/dadade.eu\/index.php?rest_route=%2Fwp%2Fv2%2Fproduct_cat&post=18519"},{"taxonomy":"product_tag","embeddable":true,"href":"https:\/\/dadade.eu\/index.php?rest_route=%2Fwp%2Fv2%2Fproduct_tag&post=18519"}],"curies":[{"name":"wp","href":"https:\/\/api.w.org\/{rel}","templated":true}]}}