{"id":18483,"date":"2018-07-30T13:05:09","date_gmt":"2018-07-30T11:05:09","guid":{"rendered":"https:\/\/dadade.eu\/?post_type=product&#038;p=18483"},"modified":"2023-08-10T01:09:03","modified_gmt":"2023-08-09T23:09:03","slug":"gestrickte-kuscheldecke-haeschen-emma","status":"publish","type":"product","link":"https:\/\/dadade.eu\/?product=gestrickte-kuscheldecke-haeschen-emma","title":{"rendered":"gestrickte KUSCHELDECKE &#038; H\u00e4schen EMMA"},"content":{"rendered":"<p>&nbsp;<\/p>\n<p>Die Anleitung ist ausf\u00fchrlich mit vielen Bildern hinterlegt und Schritt-f\u00fcr-Schritt beschrieben!<\/p>\n<p>&nbsp;<\/p>\n<p>MEHR VARIANTEN UND IDEEN von flei\u00dfigen Helfer und H\u00e4nden?<\/p>\n<p><a href=\"https:\/\/dadade.eu\/?product_cat=amigurumi\"><b>Klicke hier<\/b><\/a><\/p>\n<p>&nbsp;<\/p>\n<p>&nbsp;<\/p>\n<p>&nbsp;<\/p>\n","protected":false},"excerpt":{"rendered":"<div id=\"cc-m-13954443088\">\n<p>dieses Set ist ein passendes Geschenk zu Geburt oder Taufe eines neuen Erdenb\u00fcrgers.<\/p>\n<ol>\n<li>die Kuschelige Decke mit vielen kleinen Extra-Details<\/li>\n<li>das s\u00fc\u00dfe H\u00e4schen kann einen Bei\u00dfring oder auch einen Schnuller festhalten, es ist mit einer Rassel best\u00fcckt.\u00a0 Das Spielzeug, mit dem jedes Baby kuscheln will und seine Freude hat.<\/li>\n<\/ol>\n<p>Sie suchen noch ein passendes Geschenk zu Geburt oder Taufe eines neuen Erdenb\u00fcrgers.<\/p>\n<p>Mit diesem Geschenk-Set wird man mit Sicherheit punkten.<\/p>\n<p>Die Baby-Decke wird mit der Nadelst\u00e4rke 4 gestrickt, und wird ungef\u00e4hr 55x55cm,<\/p>\n<p>sch\u00f6n klein und leicht, gerade f\u00fcr \u00fcber den Maxi Cosi.<\/p>\n<p>Die kleinen Applikationen sind mit Wollresten geh\u00e4kelt.<\/p>\n<p>Das H\u00e4schen wird mit Nadelst\u00e4rke 3,5 gestrickt, und wir ca 35cm lang.<\/p>\n<\/div>\n<div id=\"cc-m-13954443188\" class=\"j-module n j-text \">\n<h2><strong>Diese Anleitungen findet man nur in meinen Shops auf den verschiedenen Plattformen<\/strong><\/h2>\n<div id=\"cc-m-13954443088\">\n<div id=\"cc-m-13758358088\">\n<h3><strong><a href=\"https:\/\/www.crazypatterns.net\/de\/items\/37588\/kuschelige-baby-decke-mit-haeschen-strickanleitung-von-dadade\" target=\"_blank\" rel=\"noopener\">Babydecke mit H\u00e4schen bei crazypattern<\/a><\/strong><\/h3>\n<h3><\/h3>\n<h3><\/h3>\n<\/div>\n<\/div>\n<p>&nbsp;<\/p>\n<p>&nbsp;<\/p>\n<\/div>\n","protected":false},"featured_media":18485,"template":"","meta":[],"product_brand":[],"product_cat":[47,46],"product_tag":[90,1443,295,1438,89,1440,233,242,182,694,717,87,1106,299,1355,94,93,1442,113,92,1441,1439,245,345,180,243,181,294,1079,195,887,936,196,1102,1103,823,237,1107,183,95,96],"class_list":{"0":"post-18483","1":"product","2":"type-product","3":"status-publish","4":"has-post-thumbnail","6":"product_cat-gestricktes","7":"product_cat-suesse-baby-sets","8":"product_tag-amigurumi","9":"product_tag-amigurumi-stricken","10":"product_tag-anleitung","11":"product_tag-anleitung-fuer-baby-decke","12":"product_tag-baby","13":"product_tag-bettdecke-stricken","14":"product_tag-dekoration","15":"product_tag-dekoration-haekeln","16":"product_tag-fein","17":"product_tag-feste","18":"product_tag-geburt","19":"product_tag-geschenk","20":"product_tag-geschenk-fuer-das-baby","21":"product_tag-geschenkidee","22":"product_tag-gestrickt","23":"product_tag-haekelanleitung","24":"product_tag-haekeln","25":"product_tag-haeschen","26":"product_tag-hase","27":"product_tag-kinder","28":"product_tag-krabbel-unterlage-stricken","29":"product_tag-krabbeldecke","30":"product_tag-kuschelige-haekeltiere","31":"product_tag-kuscheln","32":"product_tag-kuscheltier","33":"product_tag-kuschelwolle","34":"product_tag-lustig","35":"product_tag-mitbringsel","36":"product_tag-neugeborene","37":"product_tag-praesent","38":"product_tag-rassel","39":"product_tag-schulanfaenger","40":"product_tag-spielzeug","41":"product_tag-strickanleitung","42":"product_tag-stricken","43":"product_tag-taschenbaumler","44":"product_tag-taufe","45":"product_tag-taufgeschenk","46":"product_tag-witzig","47":"product_tag-wolle","48":"product_tag-wollreste","50":"first","51":"instock","52":"virtual","53":"product-type-simple"},"_links":{"self":[{"href":"https:\/\/dadade.eu\/index.php?rest_route=\/wp\/v2\/product\/18483","targetHints":{"allow":["GET"]}}],"collection":[{"href":"https:\/\/dadade.eu\/index.php?rest_route=\/wp\/v2\/product"}],"about":[{"href":"https:\/\/dadade.eu\/index.php?rest_route=\/wp\/v2\/types\/product"}],"wp:featuredmedia":[{"embeddable":true,"href":"https:\/\/dadade.eu\/index.php?rest_route=\/wp\/v2\/media\/18485"}],"wp:attachment":[{"href":"https:\/\/dadade.eu\/index.php?rest_route=%2Fwp%2Fv2%2Fmedia&parent=18483"}],"wp:term":[{"taxonomy":"product_brand","embeddable":true,"href":"https:\/\/dadade.eu\/index.php?rest_route=%2Fwp%2Fv2%2Fproduct_brand&post=18483"},{"taxonomy":"product_cat","embeddable":true,"href":"https:\/\/dadade.eu\/index.php?rest_route=%2Fwp%2Fv2%2Fproduct_cat&post=18483"},{"taxonomy":"product_tag","embeddable":true,"href":"https:\/\/dadade.eu\/index.php?rest_route=%2Fwp%2Fv2%2Fproduct_tag&post=18483"}],"curies":[{"name":"wp","href":"https:\/\/api.w.org\/{rel}","templated":true}]}}