{"id":18474,"date":"2019-04-30T12:24:19","date_gmt":"2019-04-30T10:24:19","guid":{"rendered":"https:\/\/dadade.eu\/?post_type=product&#038;p=18474"},"modified":"2024-02-12T13:36:53","modified_gmt":"2024-02-12T12:36:53","slug":"gestrickte-decke-mit-gehaekelten-schaefchen","status":"publish","type":"product","link":"https:\/\/dadade.eu\/?product=gestrickte-decke-mit-gehaekelten-schaefchen","title":{"rendered":"gestrickte DECKE mit geh\u00e4kelten SCH\u00c4FCHEN"},"content":{"rendered":"<p>&nbsp;<\/p>\n<p>Die Anleitung ist ausf\u00fchrlich mit vielen Bildern hinterlegt und Schritt-f\u00fcr-Schritt beschrieben!<\/p>\n<p>&nbsp;<\/p>\n<p><a href=\"https:\/\/dadade.eu\/?page_id=5389\">mehr Bilder von flei\u00dfigen Helfer findet ihr hier<\/a><\/p>\n<p><strong><a href=\"https:\/\/dadade.eu\/?p=6461\"> KLICKE HIER<\/a><\/strong><\/p>\n<p>&nbsp;<\/p>\n<p>&nbsp;<\/p>\n<p>&nbsp;<\/p>\n","protected":false},"excerpt":{"rendered":"<div id=\"cc-m-13954443088\">\n<h4>hier findet man die Strickanleitung f\u00fcr diese originelle Baby-Decke, mit den s\u00fc\u00dfen Sch\u00e4fchen,<\/h4>\n<h4>die Applikationen werden teilweise gestrickt und geh\u00e4kelt, sie ist auch ein praktisches Geschenk.<\/h4>\n<p>Ob als Bettdecke oder Krabbel-Unterlage:<br \/>\nDie Babydecke Sch\u00e4fchen ist vielseitig einsetzbar<br \/>\nzum Krabbeln, Kuscheln, Tr\u00e4umen oder Zudecken.<br \/>\nz.B. zum Zudecken, die Sch\u00e4fchen sind oben offen,<br \/>\nsomit hat man eine Tasche f\u00fcr den Ersatz-Schnuller f\u00fcr die Nacht,<br \/>\noder als Krabbeldecke, in den Taschen kann man z.B. ein kleines Spielzeug verstecken,<br \/>\ndass die Kleinen dann entdecken k\u00f6nnen.<br \/>\nDie Beine der Sch\u00e4fchen sind gerade f\u00fcr die Kleinen gut zu greifen<\/p>\n<p>Die Baby-Decke wird mit der Nadelst\u00e4rke 5 gestrickt, und wird ungef\u00e4hr 70x110cm.<br \/>\nSie begleitet das Kind auch \u00fcber das S\u00e4uglingsalter hinaus beim Spielen und Schlafen,<\/p>\n<p>.<\/p>\n<\/div>\n<div id=\"cc-m-13954443188\" class=\"j-module n j-text \">\n<div id=\"cc-m-13954443088\">\n<div id=\"cc-m-13758358088\">\n<h3><\/h3>\n<h3><\/h3>\n<h3><\/h3>\n<\/div>\n<\/div>\n<p>&nbsp;<\/p>\n<p>&nbsp;<\/p>\n<\/div>\n","protected":false},"featured_media":18481,"template":"","meta":[],"product_brand":[],"product_cat":[47,62,46],"product_tag":[90,295,1438,89,1440,233,242,182,694,717,87,1106,299,1355,94,93,92,1441,1439,245,345,180,181,294,1079,195,426,971,936,196,1102,1103,823,237,1107,183,95,96],"class_list":{"0":"post-18474","1":"product","2":"type-product","3":"status-publish","4":"has-post-thumbnail","6":"product_cat-gestricktes","7":"product_cat-gratis","8":"product_cat-suesse-baby-sets","9":"product_tag-amigurumi","10":"product_tag-anleitung","11":"product_tag-anleitung-fuer-baby-decke","12":"product_tag-baby","13":"product_tag-bettdecke-stricken","14":"product_tag-dekoration","15":"product_tag-dekoration-haekeln","16":"product_tag-fein","17":"product_tag-feste","18":"product_tag-geburt","19":"product_tag-geschenk","20":"product_tag-geschenk-fuer-das-baby","21":"product_tag-geschenkidee","22":"product_tag-gestrickt","23":"product_tag-haekelanleitung","24":"product_tag-haekeln","25":"product_tag-kinder","26":"product_tag-krabbel-unterlage-stricken","27":"product_tag-krabbeldecke","28":"product_tag-kuschelige-haekeltiere","29":"product_tag-kuscheln","30":"product_tag-kuscheltier","31":"product_tag-lustig","32":"product_tag-mitbringsel","33":"product_tag-neugeborene","34":"product_tag-praesent","35":"product_tag-schaf","36":"product_tag-schaefchen","37":"product_tag-schulanfaenger","38":"product_tag-spielzeug","39":"product_tag-strickanleitung","40":"product_tag-stricken","41":"product_tag-taschenbaumler","42":"product_tag-taufe","43":"product_tag-taufgeschenk","44":"product_tag-witzig","45":"product_tag-wolle","46":"product_tag-wollreste","48":"first","49":"instock","50":"downloadable","51":"virtual","52":"purchasable","53":"product-type-simple"},"_links":{"self":[{"href":"https:\/\/dadade.eu\/index.php?rest_route=\/wp\/v2\/product\/18474","targetHints":{"allow":["GET"]}}],"collection":[{"href":"https:\/\/dadade.eu\/index.php?rest_route=\/wp\/v2\/product"}],"about":[{"href":"https:\/\/dadade.eu\/index.php?rest_route=\/wp\/v2\/types\/product"}],"wp:featuredmedia":[{"embeddable":true,"href":"https:\/\/dadade.eu\/index.php?rest_route=\/wp\/v2\/media\/18481"}],"wp:attachment":[{"href":"https:\/\/dadade.eu\/index.php?rest_route=%2Fwp%2Fv2%2Fmedia&parent=18474"}],"wp:term":[{"taxonomy":"product_brand","embeddable":true,"href":"https:\/\/dadade.eu\/index.php?rest_route=%2Fwp%2Fv2%2Fproduct_brand&post=18474"},{"taxonomy":"product_cat","embeddable":true,"href":"https:\/\/dadade.eu\/index.php?rest_route=%2Fwp%2Fv2%2Fproduct_cat&post=18474"},{"taxonomy":"product_tag","embeddable":true,"href":"https:\/\/dadade.eu\/index.php?rest_route=%2Fwp%2Fv2%2Fproduct_tag&post=18474"}],"curies":[{"name":"wp","href":"https:\/\/api.w.org\/{rel}","templated":true}]}}