{"id":18460,"date":"2015-01-30T09:48:45","date_gmt":"2015-01-30T08:48:45","guid":{"rendered":"https:\/\/dadade.eu\/?post_type=product&#038;p=18460"},"modified":"2023-07-30T10:13:38","modified_gmt":"2023-07-30T08:13:38","slug":"herz-nicht-nur-fuer-valentin","status":"publish","type":"product","link":"https:\/\/dadade.eu\/?product=herz-nicht-nur-fuer-valentin","title":{"rendered":"Herz nicht nur f\u00fcr Valentin"},"content":{"rendered":"<p><img fetchpriority=\"high\" decoding=\"async\" class=\"alignnone size-medium wp-image-18461\" src=\"https:\/\/dadade.eu\/wp-content\/uploads\/2023\/07\/Herz-Amor0-300x225.jpg\" alt=\"\" width=\"300\" height=\"225\" srcset=\"https:\/\/dadade.eu\/wp-content\/uploads\/2023\/07\/Herz-Amor0-300x225.jpg 300w, https:\/\/dadade.eu\/wp-content\/uploads\/2023\/07\/Herz-Amor0-scaled-600x450.jpg 600w, https:\/\/dadade.eu\/wp-content\/uploads\/2023\/07\/Herz-Amor0-scaled-64x48.jpg 64w, https:\/\/dadade.eu\/wp-content\/uploads\/2023\/07\/Herz-Amor0-1024x768.jpg 1024w, https:\/\/dadade.eu\/wp-content\/uploads\/2023\/07\/Herz-Amor0-768x576.jpg 768w, https:\/\/dadade.eu\/wp-content\/uploads\/2023\/07\/Herz-Amor0-1536x1152.jpg 1536w, https:\/\/dadade.eu\/wp-content\/uploads\/2023\/07\/Herz-Amor0-2048x1536.jpg 2048w\" sizes=\"(max-width: 300px) 100vw, 300px\" \/>Amor, das Herz,\u00a0mit Pfeil und Bogen.<\/p>\n<p><img decoding=\"async\" class=\"alignnone size-medium wp-image-18466\" src=\"https:\/\/dadade.eu\/wp-content\/uploads\/2023\/07\/Herz-Gluecksbote0-300x225.jpg\" alt=\"\" width=\"300\" height=\"225\" srcset=\"https:\/\/dadade.eu\/wp-content\/uploads\/2023\/07\/Herz-Gluecksbote0-300x225.jpg 300w, https:\/\/dadade.eu\/wp-content\/uploads\/2023\/07\/Herz-Gluecksbote0-scaled-600x450.jpg 600w, https:\/\/dadade.eu\/wp-content\/uploads\/2023\/07\/Herz-Gluecksbote0-scaled-64x48.jpg 64w, https:\/\/dadade.eu\/wp-content\/uploads\/2023\/07\/Herz-Gluecksbote0-1024x768.jpg 1024w, https:\/\/dadade.eu\/wp-content\/uploads\/2023\/07\/Herz-Gluecksbote0-768x576.jpg 768w, https:\/\/dadade.eu\/wp-content\/uploads\/2023\/07\/Herz-Gluecksbote0-1536x1152.jpg 1536w, https:\/\/dadade.eu\/wp-content\/uploads\/2023\/07\/Herz-Gluecksbote0-2048x1536.jpg 2048w\" sizes=\"(max-width: 300px) 100vw, 300px\" \/>Gl\u00fccks-Bote, das Herz,\u00a0mit M\u00fctze und Post-Taschen.<\/p>\n<p>Die Anleitung ist ausf\u00fchrlich mit vielen Bildern hinterlegt und Schritt-f\u00fcr-Schritt beschrieben!<\/p>\n<p>&nbsp;<\/p>\n<p>MEHR VARIANTEN UND IDEEN von flei\u00dfigen Helfer und H\u00e4nden?<\/p>\n<p><a href=\"https:\/\/dadade.eu\/?page_id=5389\"><b>Klicke hier<\/b><\/a><\/p>\n<p>&nbsp;<\/p>\n<p>&nbsp;<\/p>\n<p>&nbsp;<\/p>\n","protected":false},"excerpt":{"rendered":"<div id=\"cc-m-13954443088\">\n<p>Herzen f\u00fcr viele Gelegenheiten, Valentin, Muttertag usw.<\/p>\n<p>1.das Herz, mit Pfeil und Bogen.<\/p>\n<p>Ein sch\u00f6nes Geschenk f\u00fcr alle, die uns am Herzen liegen, und nicht nur zum Valentin,<\/p>\n<p>sondern auch f\u00fcr andere Gelegenheiten \u2013 *ich liebe dich* zu sagen<\/p>\n<p>2. das Herz, mit M\u00fctze, und Post-Taschen.<\/p>\n<\/div>\n<p>Die Tasche \u00a0kann mit einem kleinen Geschenk oder Gutschein gef\u00fcllt werden,<\/p>\n<p>Ob zum Muttertag, Geburtstag oder sonstige Anl\u00e4sse, es ist die Geschenkverpackung, f\u00fcr alle die wir lieben.<\/p>\n<p>Das Herz wird mit der Nadelst\u00e4rke 3, ca 18 cm breit, 17cm hoch &#8211; es hat mit Fl\u00fcgeln eine Spanweite von ca 32cm<\/p>\n<p>Mit dem Kauf erh\u00e4ltst du eine leicht verst\u00e4ndliche H\u00e4kelanleitung im praktischen PDF-Format.<\/p>\n<p>Die Anleitung ist auch schon f\u00fcr Anf\u00e4nger geeignet.<\/p>\n<p>&nbsp;<\/p>\n<div id=\"cc-m-13954443188\" class=\"j-module n j-text \">\n<div id=\"cc-m-13954443088\">\n<div id=\"cc-m-13758358088\">\n<h3>Diese Anleitungen findet man nur in meinen Shops auf den verschiedenen Plattformen<\/h3>\n<p>&nbsp;<\/p>\n<div id=\"cc-m-13954443088\">\n<div id=\"cc-m-13758358088\">\n<h3><a title=\"https:\/\/www.mypatterns.de\/haekeln\/zuerst-osterkoerbchen-dann-kleine-tasche-von-dadade-5532\" href=\"https:\/\/www.mypatterns.de\/haekeln\/herz-amor-mit-pfeil-und-bogen-haekelanleitung-fuer-verliebte-2979\" target=\"_blank\" rel=\"noopener\"><strong>mypatterns<\/strong><\/a> Herz Amor<\/h3>\n<h3><a title=\"https:\/\/www.crazypatterns.net\/de\/items\/13128\/zuerst-osterkoerbchen-mit-hase-dann-kleine-tasche-gehaekelt-von-dadade\" href=\"https:\/\/www.crazypatterns.net\/de\/items\/4670\/herz-zum-valentinstag-amor-mit-pfeil-und-bogen\" target=\"_blank\" rel=\"noopener\"><strong>crazypattern<\/strong><\/a> Herz Amor<\/h3>\n<h3><a title=\"https:\/\/www.mypatterns.de\/haekeln\/zuerst-osterkoerbchen-dann-kleine-tasche-von-dadade-5532\" href=\"https:\/\/www.mypatterns.de\/haekeln\/geschenkverpackung-mit-herz-haekelanleitung-fuer-geschenke-vo-2980\" target=\"_blank\" rel=\"noopener\"><strong>mypatterns<\/strong><\/a> Herz Gl\u00fccks-Bote<\/h3>\n<h3><a title=\"https:\/\/www.crazypatterns.net\/de\/items\/13139\/zuerst-osterkoerbchen-mit-schaf-dann-kleine-tasche-gehaekelt-von-dadade\" href=\"https:\/\/www.crazypatterns.net\/de\/items\/4664\/herz-zum-valentinstag-fuer-kleine-geschenke\" target=\"_blank\" rel=\"noopener\"><span style=\"font-weight: 700 !important;\">crazypattern <\/span><\/a>Herz Gl\u00fccks-Bote<\/h3>\n<h3><\/h3>\n<\/div>\n<\/div>\n<h3><\/h3>\n<\/div>\n<\/div>\n<p>&nbsp;<\/p>\n<p>&nbsp;<\/p>\n<\/div>\n","protected":false},"featured_media":18471,"template":"","meta":[],"product_brand":[],"product_cat":[49,48],"product_tag":[90,1437,295,1433,233,242,182,694,87,298,610,1319,1360,94,93,1432,1435,279,92,245,180,1431,1434,181,1353,294,280,195,726,822,936,823,1436,275,302,183,95,96],"class_list":{"0":"post-18460","1":"product","2":"type-product","3":"status-publish","4":"has-post-thumbnail","6":"product_cat-dekoration-mit-herz","7":"product_cat-haus-deko","8":"product_tag-amigurumi","9":"product_tag-amor","10":"product_tag-anleitung","11":"product_tag-dear","12":"product_tag-dekoration","13":"product_tag-dekoration-haekeln","14":"product_tag-fein","15":"product_tag-feste","16":"product_tag-geschenk","17":"product_tag-geschenkverpackung","18":"product_tag-gift","19":"product_tag-glitzerwolle","20":"product_tag-glueck","21":"product_tag-haekelanleitung","22":"product_tag-haekeln","23":"product_tag-happiness","24":"product_tag-heart","25":"product_tag-herz","26":"product_tag-kinder","27":"product_tag-kuschelige-haekeltiere","28":"product_tag-kuscheltier","29":"product_tag-liebe","30":"product_tag-love","31":"product_tag-lustig","32":"product_tag-maenner","33":"product_tag-mitbringsel","34":"product_tag-muttertag","35":"product_tag-praesent","36":"product_tag-praesente","37":"product_tag-schluesselring","38":"product_tag-schulanfaenger","39":"product_tag-taschenbaumler","40":"product_tag-valentines-day","41":"product_tag-valentinstag","42":"product_tag-winter","43":"product_tag-witzig","44":"product_tag-wolle","45":"product_tag-wollreste","47":"first","48":"instock","49":"virtual","50":"product-type-simple"},"_links":{"self":[{"href":"https:\/\/dadade.eu\/index.php?rest_route=\/wp\/v2\/product\/18460","targetHints":{"allow":["GET"]}}],"collection":[{"href":"https:\/\/dadade.eu\/index.php?rest_route=\/wp\/v2\/product"}],"about":[{"href":"https:\/\/dadade.eu\/index.php?rest_route=\/wp\/v2\/types\/product"}],"wp:featuredmedia":[{"embeddable":true,"href":"https:\/\/dadade.eu\/index.php?rest_route=\/wp\/v2\/media\/18471"}],"wp:attachment":[{"href":"https:\/\/dadade.eu\/index.php?rest_route=%2Fwp%2Fv2%2Fmedia&parent=18460"}],"wp:term":[{"taxonomy":"product_brand","embeddable":true,"href":"https:\/\/dadade.eu\/index.php?rest_route=%2Fwp%2Fv2%2Fproduct_brand&post=18460"},{"taxonomy":"product_cat","embeddable":true,"href":"https:\/\/dadade.eu\/index.php?rest_route=%2Fwp%2Fv2%2Fproduct_cat&post=18460"},{"taxonomy":"product_tag","embeddable":true,"href":"https:\/\/dadade.eu\/index.php?rest_route=%2Fwp%2Fv2%2Fproduct_tag&post=18460"}],"curies":[{"name":"wp","href":"https:\/\/api.w.org\/{rel}","templated":true}]}}