{"id":18426,"date":"2016-04-29T23:06:21","date_gmt":"2016-04-29T21:06:21","guid":{"rendered":"https:\/\/dadade.eu\/?post_type=product&#038;p=18426"},"modified":"2025-04-24T19:21:54","modified_gmt":"2025-04-24T17:21:54","slug":"blumenstecker-h240","status":"publish","type":"product","link":"https:\/\/dadade.eu\/?product=blumenstecker-h240","title":{"rendered":"Ara, Kakadu &#038; Libelle, die Blumenstecker (H240)"},"content":{"rendered":"<p><img fetchpriority=\"high\" decoding=\"async\" class=\"alignnone size-medium wp-image-18427\" src=\"https:\/\/dadade.eu\/wp-content\/uploads\/2023\/07\/Orchideenstecker-Libelle-0Kopie-300x225.jpg\" alt=\"\" width=\"300\" height=\"225\" srcset=\"https:\/\/dadade.eu\/wp-content\/uploads\/2023\/07\/Orchideenstecker-Libelle-0Kopie-300x225.jpg 300w, https:\/\/dadade.eu\/wp-content\/uploads\/2023\/07\/Orchideenstecker-Libelle-0Kopie-600x450.jpg 600w, https:\/\/dadade.eu\/wp-content\/uploads\/2023\/07\/Orchideenstecker-Libelle-0Kopie-64x48.jpg 64w, https:\/\/dadade.eu\/wp-content\/uploads\/2023\/07\/Orchideenstecker-Libelle-0Kopie-1024x768.jpg 1024w, https:\/\/dadade.eu\/wp-content\/uploads\/2023\/07\/Orchideenstecker-Libelle-0Kopie-768x576.jpg 768w, https:\/\/dadade.eu\/wp-content\/uploads\/2023\/07\/Orchideenstecker-Libelle-0Kopie-1536x1152.jpg 1536w, https:\/\/dadade.eu\/wp-content\/uploads\/2023\/07\/Orchideenstecker-Libelle-0Kopie-2048x1536.jpg 2048w\" sizes=\"(max-width: 300px) 100vw, 300px\" \/> H241 Libelle<\/p>\n<p><img decoding=\"async\" class=\"alignnone size-medium wp-image-18435\" src=\"https:\/\/dadade.eu\/wp-content\/uploads\/2023\/07\/Orchideenstecker-Kakadu0-Kopie-300x225.jpg\" alt=\"\" width=\"300\" height=\"225\" srcset=\"https:\/\/dadade.eu\/wp-content\/uploads\/2023\/07\/Orchideenstecker-Kakadu0-Kopie-300x225.jpg 300w, https:\/\/dadade.eu\/wp-content\/uploads\/2023\/07\/Orchideenstecker-Kakadu0-Kopie-600x450.jpg 600w, https:\/\/dadade.eu\/wp-content\/uploads\/2023\/07\/Orchideenstecker-Kakadu0-Kopie-64x48.jpg 64w, https:\/\/dadade.eu\/wp-content\/uploads\/2023\/07\/Orchideenstecker-Kakadu0-Kopie-1024x768.jpg 1024w, https:\/\/dadade.eu\/wp-content\/uploads\/2023\/07\/Orchideenstecker-Kakadu0-Kopie-768x576.jpg 768w, https:\/\/dadade.eu\/wp-content\/uploads\/2023\/07\/Orchideenstecker-Kakadu0-Kopie-1536x1152.jpg 1536w, https:\/\/dadade.eu\/wp-content\/uploads\/2023\/07\/Orchideenstecker-Kakadu0-Kopie-2048x1536.jpg 2048w\" sizes=\"(max-width: 300px) 100vw, 300px\" \/>H242 Kakadu<\/p>\n<p><img decoding=\"async\" class=\"alignnone size-medium wp-image-18442\" src=\"https:\/\/dadade.eu\/wp-content\/uploads\/2023\/07\/Orchideenstecker-Ara0-Kopie-300x225.jpg\" alt=\"\" width=\"300\" height=\"225\" srcset=\"https:\/\/dadade.eu\/wp-content\/uploads\/2023\/07\/Orchideenstecker-Ara0-Kopie-300x225.jpg 300w, https:\/\/dadade.eu\/wp-content\/uploads\/2023\/07\/Orchideenstecker-Ara0-Kopie-600x450.jpg 600w, https:\/\/dadade.eu\/wp-content\/uploads\/2023\/07\/Orchideenstecker-Ara0-Kopie-64x48.jpg 64w, https:\/\/dadade.eu\/wp-content\/uploads\/2023\/07\/Orchideenstecker-Ara0-Kopie-1024x768.jpg 1024w, https:\/\/dadade.eu\/wp-content\/uploads\/2023\/07\/Orchideenstecker-Ara0-Kopie-768x576.jpg 768w, https:\/\/dadade.eu\/wp-content\/uploads\/2023\/07\/Orchideenstecker-Ara0-Kopie-1536x1152.jpg 1536w, https:\/\/dadade.eu\/wp-content\/uploads\/2023\/07\/Orchideenstecker-Ara0-Kopie-2048x1536.jpg 2048w\" sizes=\"(max-width: 300px) 100vw, 300px\" \/>H243 Ara<\/p>\n<p>H240 oder alle 3 Blumenstecker zusammen<\/p>\n<p>Die Anleitung ist ausf\u00fchrlich mit vielen Bildern hinterlegt und Schritt-f\u00fcr-Schritt beschrieben!<\/p>\n<p>Schwierigkeitsgrad; eher f\u00fcr Ge\u00fcbte ( oder ge\u00fcbte Anf\u00e4nger) und<\/p>\n<p>f\u00fcr jene Handarbeit begeisterte, die Spa\u00df haben, auch ein bisschen mit Perlen zu arbeiten,<\/p>\n<p>&nbsp;<\/p>\n<p>MEHR VARIANTEN UND IDEEN von flei\u00dfigen Helfer und H\u00e4nden?<\/p>\n<p><a href=\"https:\/\/dadade.eu\/?p=6620\" target=\"_blank\" rel=\"noopener\"><b>Klicke hier<\/b><\/a><\/p>\n<p>&nbsp;<\/p>\n<p>&nbsp;<\/p>\n<p>&nbsp;<\/p>\n","protected":false},"excerpt":{"rendered":"<div id=\"cc-m-13954443088\">\n<p>Hier kauft man nur die H\u00e4kelanleitung, nicht das fertige Produkt<\/p>\n<ol>\n<li>f\u00fcr den Orchideen-Stecker Kakadu,<\/li>\n<li>f\u00fcr den Orchideen-Stecker Ara<\/li>\n<li>f\u00fcr den Orchideen-Stecker Libelle<\/li>\n<\/ol>\n<\/div>\n<p><strong>das g\u00fcnstige und schnelle Geschenk<\/strong>;<\/p>\n<p>f\u00fcr die Orchideen-Stecker reichen Wollreste, sowie Perlenreste, dann einfach einen Blumenstab mit Band umwickeln, Vogel oder Libelle befestigen und schon fertig<\/p>\n<p>man kann auch einen einfachen Plastik-Blumen-Stecker kaufen und die Tiere befestigt.<\/p>\n<p>ob mit oder ohne Orchidee, das Geschenk, dass jedes Frauenherz h\u00f6her schlagen l\u00e4sst.<\/p>\n<p>mit Nadelst\u00e4rke 2 geh\u00e4kelt ist<\/p>\n<p>die Libelle ungef\u00e4hr; 14 cm lang und hat eine Fl\u00fcgelspannweite von 14cm<\/p>\n<p>der Kakadu ungef\u00e4hr; 14 cm hoch und hat eine Fl\u00fcgelspannweite von 15cm<\/p>\n<p>der Ara ungef\u00e4hr; 14 cm hoch und hat eine Fl\u00fcgelspannweite von 16cm<\/p>\n<p>&nbsp;<\/p>\n<div id=\"cc-m-13954443188\" class=\"j-module n j-text \">\n<div id=\"cc-m-13954443088\">\n<div id=\"cc-m-13758358088\">\n<h3><\/h3>\n<\/div>\n<\/div>\n<p>&nbsp;<\/p>\n<p>&nbsp;<\/p>\n<\/div>\n","protected":false},"featured_media":18434,"template":"","meta":[],"product_brand":[],"product_cat":[57,740,48,66,387,383],"product_tag":[90,295,366,233,242,694,1429,260,334,87,299,298,1319,94,93,1430,92,245,180,1353,294,280,742,961,195,105,183,95,96],"class_list":{"0":"post-18426","1":"product","2":"type-product","3":"status-publish","4":"has-post-thumbnail","6":"product_cat-3mittel","7":"product_cat-blumen","8":"product_cat-haus-deko","9":"product_cat-mini","10":"product_cat-muttertag","11":"product_cat-tisch-dekoration","12":"product_tag-amigurumi","13":"product_tag-anleitung","14":"product_tag-blumen","15":"product_tag-dekoration","16":"product_tag-dekoration-haekeln","17":"product_tag-feste","18":"product_tag-frauen","19":"product_tag-fruehling","20":"product_tag-geburtstag","21":"product_tag-geschenk","22":"product_tag-geschenkidee","23":"product_tag-geschenkverpackung","24":"product_tag-glitzerwolle","25":"product_tag-haekelanleitung","26":"product_tag-haekeln","27":"product_tag-kakadu","28":"product_tag-kinder","29":"product_tag-kuschelige-haekeltiere","30":"product_tag-kuscheltier","31":"product_tag-maenner","32":"product_tag-mitbringsel","33":"product_tag-muttertag","34":"product_tag-orchidee","35":"product_tag-perlen","36":"product_tag-praesent","37":"product_tag-vogel","38":"product_tag-witzig","39":"product_tag-wolle","40":"product_tag-wollreste","42":"first","43":"instock","44":"shipping-taxable","45":"purchasable","46":"product-type-variable"},"_links":{"self":[{"href":"https:\/\/dadade.eu\/index.php?rest_route=\/wp\/v2\/product\/18426","targetHints":{"allow":["GET"]}}],"collection":[{"href":"https:\/\/dadade.eu\/index.php?rest_route=\/wp\/v2\/product"}],"about":[{"href":"https:\/\/dadade.eu\/index.php?rest_route=\/wp\/v2\/types\/product"}],"wp:featuredmedia":[{"embeddable":true,"href":"https:\/\/dadade.eu\/index.php?rest_route=\/wp\/v2\/media\/18434"}],"wp:attachment":[{"href":"https:\/\/dadade.eu\/index.php?rest_route=%2Fwp%2Fv2%2Fmedia&parent=18426"}],"wp:term":[{"taxonomy":"product_brand","embeddable":true,"href":"https:\/\/dadade.eu\/index.php?rest_route=%2Fwp%2Fv2%2Fproduct_brand&post=18426"},{"taxonomy":"product_cat","embeddable":true,"href":"https:\/\/dadade.eu\/index.php?rest_route=%2Fwp%2Fv2%2Fproduct_cat&post=18426"},{"taxonomy":"product_tag","embeddable":true,"href":"https:\/\/dadade.eu\/index.php?rest_route=%2Fwp%2Fv2%2Fproduct_tag&post=18426"}],"curies":[{"name":"wp","href":"https:\/\/api.w.org\/{rel}","templated":true}]}}