{"id":18358,"date":"2019-03-29T13:32:53","date_gmt":"2019-03-29T12:32:53","guid":{"rendered":"https:\/\/dadade.eu\/?post_type=product&#038;p=18358"},"modified":"2024-01-09T21:02:50","modified_gmt":"2024-01-09T20:02:50","slug":"trio-tisch-set-nashorn-bestecktasche-eierwaermer-serviettenhalter-h206","status":"publish","type":"product","link":"https:\/\/dadade.eu\/?product=trio-tisch-set-nashorn-bestecktasche-eierwaermer-serviettenhalter-h206","title":{"rendered":"Trio Tisch-Set Nashorn, Bestecktasche, Eierw\u00e4rmer, Serviettenhalter, (H206)"},"content":{"rendered":"<p><img fetchpriority=\"high\" decoding=\"async\" class=\"alignnone size-medium wp-image-18370\" src=\"https:\/\/dadade.eu\/wp-content\/uploads\/2023\/07\/xBestecktasche-Nashorn-8-300x225.jpg\" alt=\"\" width=\"300\" height=\"225\" srcset=\"https:\/\/dadade.eu\/wp-content\/uploads\/2023\/07\/xBestecktasche-Nashorn-8-300x225.jpg 300w, https:\/\/dadade.eu\/wp-content\/uploads\/2023\/07\/xBestecktasche-Nashorn-8-600x450.jpg 600w, https:\/\/dadade.eu\/wp-content\/uploads\/2023\/07\/xBestecktasche-Nashorn-8-64x48.jpg 64w, https:\/\/dadade.eu\/wp-content\/uploads\/2023\/07\/xBestecktasche-Nashorn-8-1024x768.jpg 1024w, https:\/\/dadade.eu\/wp-content\/uploads\/2023\/07\/xBestecktasche-Nashorn-8-768x576.jpg 768w, https:\/\/dadade.eu\/wp-content\/uploads\/2023\/07\/xBestecktasche-Nashorn-8-1536x1152.jpg 1536w, https:\/\/dadade.eu\/wp-content\/uploads\/2023\/07\/xBestecktasche-Nashorn-8-2048x1536.jpg 2048w\" sizes=\"(max-width: 300px) 100vw, 300px\" \/> Das Nashorn ist eine ganz besondere <strong>Bestecktasche<\/strong>. Das Nashorn kann auch noch ein Geschenk, oder etwas S\u00fc\u00dfes festhalten, oder du steckst die Serviette vorne in die H\u00e4nde.<\/p>\n<p><img decoding=\"async\" class=\"alignnone size-medium wp-image-18374\" src=\"https:\/\/dadade.eu\/wp-content\/uploads\/2023\/07\/xEierwaermer-Nashorn-3-300x225.jpg\" alt=\"\" width=\"300\" height=\"225\" srcset=\"https:\/\/dadade.eu\/wp-content\/uploads\/2023\/07\/xEierwaermer-Nashorn-3-300x225.jpg 300w, https:\/\/dadade.eu\/wp-content\/uploads\/2023\/07\/xEierwaermer-Nashorn-3-600x450.jpg 600w, https:\/\/dadade.eu\/wp-content\/uploads\/2023\/07\/xEierwaermer-Nashorn-3-64x48.jpg 64w, https:\/\/dadade.eu\/wp-content\/uploads\/2023\/07\/xEierwaermer-Nashorn-3-1024x768.jpg 1024w, https:\/\/dadade.eu\/wp-content\/uploads\/2023\/07\/xEierwaermer-Nashorn-3-768x576.jpg 768w, https:\/\/dadade.eu\/wp-content\/uploads\/2023\/07\/xEierwaermer-Nashorn-3-1536x1152.jpg 1536w, https:\/\/dadade.eu\/wp-content\/uploads\/2023\/07\/xEierwaermer-Nashorn-3-2048x1536.jpg 2048w\" sizes=\"(max-width: 300px) 100vw, 300px\" \/> Das Nashorn, der witziger <strong>Eierw\u00e4rmer<\/strong>. Das Nashorn kann auch noch den Eierl\u00f6ffel halten, oder du steckst die Serviette vorne in die Fl\u00fcgel.<\/p>\n<p><img decoding=\"async\" class=\"alignnone size-medium wp-image-18386\" src=\"https:\/\/dadade.eu\/wp-content\/uploads\/2023\/07\/xServiettenhalter-Nashorn-7-300x225.jpg\" alt=\"\" width=\"300\" height=\"225\" srcset=\"https:\/\/dadade.eu\/wp-content\/uploads\/2023\/07\/xServiettenhalter-Nashorn-7-300x225.jpg 300w, https:\/\/dadade.eu\/wp-content\/uploads\/2023\/07\/xServiettenhalter-Nashorn-7-600x450.jpg 600w, https:\/\/dadade.eu\/wp-content\/uploads\/2023\/07\/xServiettenhalter-Nashorn-7-64x48.jpg 64w, https:\/\/dadade.eu\/wp-content\/uploads\/2023\/07\/xServiettenhalter-Nashorn-7-1024x768.jpg 1024w, https:\/\/dadade.eu\/wp-content\/uploads\/2023\/07\/xServiettenhalter-Nashorn-7-768x576.jpg 768w, https:\/\/dadade.eu\/wp-content\/uploads\/2023\/07\/xServiettenhalter-Nashorn-7-1536x1152.jpg 1536w, https:\/\/dadade.eu\/wp-content\/uploads\/2023\/07\/xServiettenhalter-Nashorn-7-2048x1536.jpg 2048w\" sizes=\"(max-width: 300px) 100vw, 300px\" \/><img loading=\"lazy\" decoding=\"async\" class=\"alignnone size-medium wp-image-18385\" src=\"https:\/\/dadade.eu\/wp-content\/uploads\/2023\/07\/xServiettenhalter-Nashorn-6-300x225.jpg\" alt=\"\" width=\"300\" height=\"225\" srcset=\"https:\/\/dadade.eu\/wp-content\/uploads\/2023\/07\/xServiettenhalter-Nashorn-6-300x225.jpg 300w, https:\/\/dadade.eu\/wp-content\/uploads\/2023\/07\/xServiettenhalter-Nashorn-6-600x450.jpg 600w, https:\/\/dadade.eu\/wp-content\/uploads\/2023\/07\/xServiettenhalter-Nashorn-6-64x48.jpg 64w, https:\/\/dadade.eu\/wp-content\/uploads\/2023\/07\/xServiettenhalter-Nashorn-6-1024x768.jpg 1024w, https:\/\/dadade.eu\/wp-content\/uploads\/2023\/07\/xServiettenhalter-Nashorn-6-768x576.jpg 768w, https:\/\/dadade.eu\/wp-content\/uploads\/2023\/07\/xServiettenhalter-Nashorn-6-1536x1152.jpg 1536w, https:\/\/dadade.eu\/wp-content\/uploads\/2023\/07\/xServiettenhalter-Nashorn-6-2048x1536.jpg 2048w\" sizes=\"(max-width: 300px) 100vw, 300px\" \/>Der <strong>Serviettenhalter<\/strong> Nashorn, als Geschenkverpackung; das Nashorn kann auch ein kleines Geschenk (Z.B. die Hochzeits-Ringe) festhalten<\/p>\n<p>Oder man kann Ihn auch in ein Osterk\u00f6rbchen setzten und als Tischdekoration in die Mitte stellen.<\/p>\n<p>Die Anleitung ist jedoch ausf\u00fchrlich mit vielen Bildern hinterlegt und wird auf je 11-13 Seiten Schritt-f\u00fcr-Schritt beschrieben!<\/p>\n<p>mehr Bilder von Haus und Deko<\/p>\n<p><a href=\"https:\/\/dadade.eu\/?p=6620\"><strong>KLICKE HIER<\/strong><\/a><\/p>\n<p>&nbsp;<\/p>\n<p>&nbsp;<\/p>\n<p>&nbsp;<\/p>\n","protected":false},"excerpt":{"rendered":"<div id=\"cc-m-13954443088\" class=\"j-module n j-text \">\n<p>Hier kauft man nur die H\u00e4kelanleitung f\u00fcr diese tolle Trio, ob einzeln oder das ganze Set &#8211; man hat die Wahl.<\/p>\n<p>Jedes Fr\u00fchst\u00fcck, nicht nur an Ostern, wird mit den Nash\u00f6rner bunt und lustig, oder mal mit festl. Outfit<\/p>\n<p>Das Nashorn ist schick gemacht mit Hose und Anzug-Jacke und ist bereit f\u00fcr ein gro\u00dfes Fest,<\/p>\n<p>z.B. als Dekoration f\u00fcr Kommunion oder auch Hochzeit \u00a0oder auch zum Muttertag.<\/p>\n<p>Ob einzeln oder alle Drei zusammen, da wird das gemeinsame Essen zum richtigen Spa\u00df.<\/p>\n<p>Das Trio ist auch prima geeignet, um Wollreste zu verarbeiten!<\/p>\n<p>&nbsp;<\/p>\n<p>Das Nashorn wird mit Nadelst\u00e4rke 2; ungef\u00e4hr 15cm hoch<\/p>\n<p>&nbsp;<\/p>\n<\/div>\n","protected":false},"featured_media":18383,"template":"","meta":[],"product_brand":[],"product_cat":[56,51,48,387,383],"product_tag":[90,295,300,233,242,304,260,87,299,298,595,94,93,194,92,245,181,294,280,592,1250,1251,195,291,297,293,296,292,302,183,95,96],"class_list":{"0":"post-18358","1":"product","2":"type-product","3":"status-publish","4":"has-post-thumbnail","6":"product_cat-2einfach","7":"product_cat-fruehling-ostern","8":"product_cat-haus-deko","9":"product_cat-muttertag","10":"product_cat-tisch-dekoration","11":"product_tag-amigurumi","12":"product_tag-anleitung","13":"product_tag-bestecktasche","14":"product_tag-dekoration","15":"product_tag-dekoration-haekeln","16":"product_tag-eierwaermer","17":"product_tag-fruehling","18":"product_tag-geschenk","19":"product_tag-geschenkidee","20":"product_tag-geschenkverpackung","21":"product_tag-hahn","22":"product_tag-haekelanleitung","23":"product_tag-haekeln","24":"product_tag-kind","25":"product_tag-kinder","26":"product_tag-kuschelige-haekeltiere","27":"product_tag-lustig","28":"product_tag-mitbringsel","29":"product_tag-muttertag","30":"product_tag-muttertag-haekeln","31":"product_tag-nashorn","32":"product_tag-nashorn-haekeln","33":"product_tag-praesent","34":"product_tag-servietten","35":"product_tag-serviettenhalter","36":"product_tag-serviettenring","37":"product_tag-sommer","38":"product_tag-tischdekoration","39":"product_tag-winter","40":"product_tag-witzig","41":"product_tag-wolle","42":"product_tag-wollreste","44":"first","45":"instock","46":"shipping-taxable","47":"purchasable","48":"product-type-variable"},"_links":{"self":[{"href":"https:\/\/dadade.eu\/index.php?rest_route=\/wp\/v2\/product\/18358","targetHints":{"allow":["GET"]}}],"collection":[{"href":"https:\/\/dadade.eu\/index.php?rest_route=\/wp\/v2\/product"}],"about":[{"href":"https:\/\/dadade.eu\/index.php?rest_route=\/wp\/v2\/types\/product"}],"wp:featuredmedia":[{"embeddable":true,"href":"https:\/\/dadade.eu\/index.php?rest_route=\/wp\/v2\/media\/18383"}],"wp:attachment":[{"href":"https:\/\/dadade.eu\/index.php?rest_route=%2Fwp%2Fv2%2Fmedia&parent=18358"}],"wp:term":[{"taxonomy":"product_brand","embeddable":true,"href":"https:\/\/dadade.eu\/index.php?rest_route=%2Fwp%2Fv2%2Fproduct_brand&post=18358"},{"taxonomy":"product_cat","embeddable":true,"href":"https:\/\/dadade.eu\/index.php?rest_route=%2Fwp%2Fv2%2Fproduct_cat&post=18358"},{"taxonomy":"product_tag","embeddable":true,"href":"https:\/\/dadade.eu\/index.php?rest_route=%2Fwp%2Fv2%2Fproduct_tag&post=18358"}],"curies":[{"name":"wp","href":"https:\/\/api.w.org\/{rel}","templated":true}]}}