{"id":18349,"date":"2019-07-29T12:15:23","date_gmt":"2019-07-29T10:15:23","guid":{"rendered":"https:\/\/dadade.eu\/?post_type=product&#038;p=18349"},"modified":"2023-07-30T09:50:59","modified_gmt":"2023-07-30T07:50:59","slug":"bestecktasche-erdmaennchen-h207","status":"publish","type":"product","link":"https:\/\/dadade.eu\/?product=bestecktasche-erdmaennchen-h207","title":{"rendered":"Bestecktasche Erdm\u00e4nnchen (H207)"},"content":{"rendered":"<p><img fetchpriority=\"high\" decoding=\"async\" class=\"alignnone size-medium wp-image-18352\" src=\"https:\/\/dadade.eu\/wp-content\/uploads\/2023\/07\/xBestecktasche-Erdmaennchen-2-300x225.jpg\" alt=\"\" width=\"300\" height=\"225\" srcset=\"https:\/\/dadade.eu\/wp-content\/uploads\/2023\/07\/xBestecktasche-Erdmaennchen-2-300x225.jpg 300w, https:\/\/dadade.eu\/wp-content\/uploads\/2023\/07\/xBestecktasche-Erdmaennchen-2-600x450.jpg 600w, https:\/\/dadade.eu\/wp-content\/uploads\/2023\/07\/xBestecktasche-Erdmaennchen-2-64x48.jpg 64w, https:\/\/dadade.eu\/wp-content\/uploads\/2023\/07\/xBestecktasche-Erdmaennchen-2-1024x768.jpg 1024w, https:\/\/dadade.eu\/wp-content\/uploads\/2023\/07\/xBestecktasche-Erdmaennchen-2-768x576.jpg 768w, https:\/\/dadade.eu\/wp-content\/uploads\/2023\/07\/xBestecktasche-Erdmaennchen-2.jpg 1400w\" sizes=\"(max-width: 300px) 100vw, 300px\" \/>Das Erdm\u00e4nnchen ist eine ganz besondere <strong>Bestecktasche<\/strong>.<\/p>\n<p>Sie kann auch noch ein Geschenk, oder etwas S\u00fc\u00dfes festhalten, oder du steckst die Serviette\u00a0 vorne in die Tasche.<\/p>\n<p>&nbsp;<\/p>\n<p>Die Anleitung ist jedoch ausf\u00fchrlich mit vielen Bildern hinterlegt und wird auf je 14 Seiten Schritt-f\u00fcr-Schritt beschrieben!<\/p>\n<p>&nbsp;<\/p>\n<p>mehr Bilder von Haus und Deko<\/p>\n<p><a href=\"https:\/\/dadade.eu\/?p=6620\"><strong>KLICKE HIER<\/strong><\/a><\/p>\n<p>&nbsp;<\/p>\n<p>&nbsp;<\/p>\n<p>&nbsp;<\/p>\n","protected":false},"excerpt":{"rendered":"<div id=\"cc-m-13954443088\" class=\"j-module n j-text \">\n<p>Hier kauft man nur die H\u00e4kelanleitung f\u00fcr dieses s\u00fc\u00dfe Erdm\u00e4nnchen, es ist eine Bestecktasche<\/p>\n<p>jedes Fr\u00fchst\u00fcck, nicht nur an Ostern, wird zu einem Fest der Guten Laune.<\/p>\n<p>eine ganz besondere Bestecktasche,<\/p>\n<p>Das Erdm\u00e4nnchen kann auch noch ein Geschenk, oder etwas S\u00fc\u00dfes festhalten.<\/p>\n<p>oder du steckst die Serviette vorne in die H\u00e4nde.<\/p>\n<p>&nbsp;<\/p>\n<p>Mit Wolle der Nadelst\u00e4rke 2 wird das Erdm\u00e4nnchen ungef\u00e4hr 16cm<\/p>\n<p>&nbsp;<\/p>\n<\/div>\n","protected":false},"featured_media":18356,"template":"","meta":[],"product_brand":[],"product_cat":[56,48,383],"product_tag":[90,295,1427,233,242,339,1426,260,87,299,298,94,93,194,92,181,294,280,114,195,291,297,293,296,292,183,95,96],"class_list":{"0":"post-18349","1":"product","2":"type-product","3":"status-publish","4":"has-post-thumbnail","6":"product_cat-2einfach","7":"product_cat-haus-deko","8":"product_cat-tisch-dekoration","9":"product_tag-amigurumi","10":"product_tag-anleitung","11":"product_tag-bestecktasche-haekel","12":"product_tag-dekoration","13":"product_tag-dekoration-haekeln","14":"product_tag-erdmaennchen","15":"product_tag-erdmaennchen-bestecktasche","16":"product_tag-fruehling","17":"product_tag-geschenk","18":"product_tag-geschenkidee","19":"product_tag-geschenkverpackung","20":"product_tag-haekelanleitung","21":"product_tag-haekeln","22":"product_tag-kind","23":"product_tag-kinder","24":"product_tag-lustig","25":"product_tag-mitbringsel","26":"product_tag-muttertag","27":"product_tag-ostern","28":"product_tag-praesent","29":"product_tag-servietten","30":"product_tag-serviettenhalter","31":"product_tag-serviettenring","32":"product_tag-sommer","33":"product_tag-tischdekoration","34":"product_tag-witzig","35":"product_tag-wolle","36":"product_tag-wollreste","38":"first","39":"instock","40":"downloadable","41":"shipping-taxable","42":"purchasable","43":"product-type-simple"},"_links":{"self":[{"href":"https:\/\/dadade.eu\/index.php?rest_route=\/wp\/v2\/product\/18349","targetHints":{"allow":["GET"]}}],"collection":[{"href":"https:\/\/dadade.eu\/index.php?rest_route=\/wp\/v2\/product"}],"about":[{"href":"https:\/\/dadade.eu\/index.php?rest_route=\/wp\/v2\/types\/product"}],"wp:featuredmedia":[{"embeddable":true,"href":"https:\/\/dadade.eu\/index.php?rest_route=\/wp\/v2\/media\/18356"}],"wp:attachment":[{"href":"https:\/\/dadade.eu\/index.php?rest_route=%2Fwp%2Fv2%2Fmedia&parent=18349"}],"wp:term":[{"taxonomy":"product_brand","embeddable":true,"href":"https:\/\/dadade.eu\/index.php?rest_route=%2Fwp%2Fv2%2Fproduct_brand&post=18349"},{"taxonomy":"product_cat","embeddable":true,"href":"https:\/\/dadade.eu\/index.php?rest_route=%2Fwp%2Fv2%2Fproduct_cat&post=18349"},{"taxonomy":"product_tag","embeddable":true,"href":"https:\/\/dadade.eu\/index.php?rest_route=%2Fwp%2Fv2%2Fproduct_tag&post=18349"}],"curies":[{"name":"wp","href":"https:\/\/api.w.org\/{rel}","templated":true}]}}