{"id":18342,"date":"2021-05-29T09:25:41","date_gmt":"2021-05-29T07:25:41","guid":{"rendered":"https:\/\/dadade.eu\/?post_type=product&#038;p=18342"},"modified":"2023-09-05T14:36:29","modified_gmt":"2023-09-05T12:36:29","slug":"bettrolle-komplett-mit-einhorn-h121","status":"publish","type":"product","link":"https:\/\/dadade.eu\/?product=bettrolle-komplett-mit-einhorn-h121","title":{"rendered":"Bettrolle komplett mit Einhorn (H121)"},"content":{"rendered":"<p><img fetchpriority=\"high\" decoding=\"async\" class=\"alignnone size-medium wp-image-18341\" src=\"https:\/\/dadade.eu\/wp-content\/uploads\/2023\/07\/xBettrolle-neu-3-300x225.jpg\" alt=\"\" width=\"300\" height=\"225\" srcset=\"https:\/\/dadade.eu\/wp-content\/uploads\/2023\/07\/xBettrolle-neu-3-300x225.jpg 300w, https:\/\/dadade.eu\/wp-content\/uploads\/2023\/07\/xBettrolle-neu-3-600x450.jpg 600w, https:\/\/dadade.eu\/wp-content\/uploads\/2023\/07\/xBettrolle-neu-3-64x48.jpg 64w, https:\/\/dadade.eu\/wp-content\/uploads\/2023\/07\/xBettrolle-neu-3-1024x768.jpg 1024w, https:\/\/dadade.eu\/wp-content\/uploads\/2023\/07\/xBettrolle-neu-3-768x576.jpg 768w, https:\/\/dadade.eu\/wp-content\/uploads\/2023\/07\/xBettrolle-neu-3.jpg 1400w\" sizes=\"(max-width: 300px) 100vw, 300px\" \/>die komplette Bettrolle mit Einhorn beinhaltet,<\/p>\n<p><strong><a href=\"https:\/\/dadade.eu\/?post_type=product&amp;p=18106&amp;preview=true\"><img decoding=\"async\" class=\"alignnone size-medium wp-image-18108\" src=\"https:\/\/dadade.eu\/wp-content\/uploads\/2023\/07\/x1-Bettrolle-Regenbogen-1a-300x225.jpg\" alt=\"\" width=\"300\" height=\"225\" srcset=\"https:\/\/dadade.eu\/wp-content\/uploads\/2023\/07\/x1-Bettrolle-Regenbogen-1a-300x225.jpg 300w, https:\/\/dadade.eu\/wp-content\/uploads\/2023\/07\/x1-Bettrolle-Regenbogen-1a-600x450.jpg 600w, https:\/\/dadade.eu\/wp-content\/uploads\/2023\/07\/x1-Bettrolle-Regenbogen-1a-64x48.jpg 64w, https:\/\/dadade.eu\/wp-content\/uploads\/2023\/07\/x1-Bettrolle-Regenbogen-1a-1024x768.jpg 1024w, https:\/\/dadade.eu\/wp-content\/uploads\/2023\/07\/x1-Bettrolle-Regenbogen-1a-768x576.jpg 768w, https:\/\/dadade.eu\/wp-content\/uploads\/2023\/07\/x1-Bettrolle-Regenbogen-1a.jpg 1400w\" sizes=\"(max-width: 300px) 100vw, 300px\" \/>H101\u00a0<\/a><\/strong> <strong><a href=\"https:\/\/dadade.eu\/?post_type=product&amp;p=18106&amp;preview=true\">Regenbogen<\/a><\/strong><\/p>\n<p><strong><a href=\"https:\/\/dadade.eu\/?post_type=product&amp;p=18150&amp;preview=true\"><img decoding=\"async\" class=\"alignnone size-medium wp-image-18162\" src=\"https:\/\/dadade.eu\/wp-content\/uploads\/2023\/07\/xKissen-Einhorn-2b-300x225.jpg\" alt=\"\" width=\"300\" height=\"225\" srcset=\"https:\/\/dadade.eu\/wp-content\/uploads\/2023\/07\/xKissen-Einhorn-2b-300x225.jpg 300w, https:\/\/dadade.eu\/wp-content\/uploads\/2023\/07\/xKissen-Einhorn-2b-600x450.jpg 600w, https:\/\/dadade.eu\/wp-content\/uploads\/2023\/07\/xKissen-Einhorn-2b-64x48.jpg 64w, https:\/\/dadade.eu\/wp-content\/uploads\/2023\/07\/xKissen-Einhorn-2b-1024x768.jpg 1024w, https:\/\/dadade.eu\/wp-content\/uploads\/2023\/07\/xKissen-Einhorn-2b-768x576.jpg 768w, https:\/\/dadade.eu\/wp-content\/uploads\/2023\/07\/xKissen-Einhorn-2b.jpg 1400w\" sizes=\"(max-width: 300px) 100vw, 300px\" \/>H102 Kissen &amp; Bettrolle Einhorn<\/a><\/strong><\/p>\n<p><strong><a href=\"https:\/\/dadade.eu\/?post_type=product&amp;p=18106&amp;preview=true\"><img loading=\"lazy\" decoding=\"async\" class=\"alignnone size-medium wp-image-18112\" src=\"https:\/\/dadade.eu\/wp-content\/uploads\/2023\/07\/x3-Bettrolle-Krone-1a-300x225.jpg\" alt=\"\" width=\"300\" height=\"225\" srcset=\"https:\/\/dadade.eu\/wp-content\/uploads\/2023\/07\/x3-Bettrolle-Krone-1a-300x225.jpg 300w, https:\/\/dadade.eu\/wp-content\/uploads\/2023\/07\/x3-Bettrolle-Krone-1a-600x450.jpg 600w, https:\/\/dadade.eu\/wp-content\/uploads\/2023\/07\/x3-Bettrolle-Krone-1a-64x48.jpg 64w, https:\/\/dadade.eu\/wp-content\/uploads\/2023\/07\/x3-Bettrolle-Krone-1a-1024x768.jpg 1024w, https:\/\/dadade.eu\/wp-content\/uploads\/2023\/07\/x3-Bettrolle-Krone-1a-768x576.jpg 768w, https:\/\/dadade.eu\/wp-content\/uploads\/2023\/07\/x3-Bettrolle-Krone-1a.jpg 1400w\" sizes=\"(max-width: 300px) 100vw, 300px\" \/>H103 Krone<\/a><\/strong><\/p>\n<p><strong><a href=\"https:\/\/dadade.eu\/?post_type=product&amp;p=18106&amp;preview=true\"><img loading=\"lazy\" decoding=\"async\" class=\"alignnone size-medium wp-image-18122\" src=\"https:\/\/dadade.eu\/wp-content\/uploads\/2023\/07\/xKissen-Einhorn-Stern-2b-300x225.jpg\" alt=\"\" width=\"300\" height=\"225\" srcset=\"https:\/\/dadade.eu\/wp-content\/uploads\/2023\/07\/xKissen-Einhorn-Stern-2b-300x225.jpg 300w, https:\/\/dadade.eu\/wp-content\/uploads\/2023\/07\/xKissen-Einhorn-Stern-2b-600x450.jpg 600w, https:\/\/dadade.eu\/wp-content\/uploads\/2023\/07\/xKissen-Einhorn-Stern-2b-64x48.jpg 64w, https:\/\/dadade.eu\/wp-content\/uploads\/2023\/07\/xKissen-Einhorn-Stern-2b-1024x768.jpg 1024w, https:\/\/dadade.eu\/wp-content\/uploads\/2023\/07\/xKissen-Einhorn-Stern-2b-768x576.jpg 768w, https:\/\/dadade.eu\/wp-content\/uploads\/2023\/07\/xKissen-Einhorn-Stern-2b.jpg 1400w\" sizes=\"(max-width: 300px) 100vw, 300px\" \/>H104 Kissen &amp; Bettrolle Stern <\/a><\/strong><\/p>\n<p><strong><a href=\"https:\/\/dadade.eu\/?post_type=product&amp;p=18168&amp;preview=true\"><img loading=\"lazy\" decoding=\"async\" class=\"alignnone size-medium wp-image-18170\" src=\"https:\/\/dadade.eu\/wp-content\/uploads\/2023\/07\/x5-Bettrolle-Knochen-1b-300x225.jpg\" alt=\"\" width=\"300\" height=\"225\" srcset=\"https:\/\/dadade.eu\/wp-content\/uploads\/2023\/07\/x5-Bettrolle-Knochen-1b-300x225.jpg 300w, https:\/\/dadade.eu\/wp-content\/uploads\/2023\/07\/x5-Bettrolle-Knochen-1b-600x450.jpg 600w, https:\/\/dadade.eu\/wp-content\/uploads\/2023\/07\/x5-Bettrolle-Knochen-1b-64x48.jpg 64w, https:\/\/dadade.eu\/wp-content\/uploads\/2023\/07\/x5-Bettrolle-Knochen-1b-1024x768.jpg 1024w, https:\/\/dadade.eu\/wp-content\/uploads\/2023\/07\/x5-Bettrolle-Knochen-1b-768x576.jpg 768w, https:\/\/dadade.eu\/wp-content\/uploads\/2023\/07\/x5-Bettrolle-Knochen-1b.jpg 1400w\" sizes=\"(max-width: 300px) 100vw, 300px\" \/>H105 Schlummerzopf, das Nackenkissen<\/a><\/strong><\/p>\n<p>die Kissen gibt es auch alle einzeln<\/p>\n<p>&nbsp;<\/p>\n<p>Die Anleitungen sind ausf\u00fchrlich mit vielen Bildern hinterlegt und werden auf je 5 &#8211; 12 Seiten Schritt-f\u00fcr-Schritt beschrieben!<\/p>\n<p>Zus\u00e4tzlich liegt eine Info f\u00fcr das Zusammenbauen der Bettrolle dabei, sowie eine Info mit Massen beim verwenden verschiedenen Wolle.<\/p>\n<p>Sie\u00a0 ist dadurch auch schon f\u00fcr Anf\u00e4nger geeignet.<\/p>\n<p>&nbsp;<\/p>\n<p>mehr Bilder, Ideen und Kombinationen von dadade zu der Bettrolle\u00a0 findet ihr hier<\/p>\n<p><strong><a href=\"https:\/\/dadade.eu\/?p=18234\">KLICKE HIER<\/a><\/strong><\/p>\n<p>mehr Bilder von flei\u00dfigen H\u00e4nden findet ihr<\/p>\n<p><strong><a href=\"https:\/\/dadade.eu\/?p=18140\">KLICKE HIER<\/a><\/strong><\/p>\n<p>&nbsp;<\/p>\n<p>&nbsp;<\/p>\n","protected":false},"excerpt":{"rendered":"<div id=\"cc-m-13954443088\" class=\"j-module n j-text \">\n<p>Hier kauft man nur die H\u00e4kelanleitung f\u00fcr diese einzelnen Kissen, zusammen ergibt sich eine gro\u00dfe Bettrolle, der M\u00e4dchentraum<\/p>\n<p>Bettrolle mit Regenbogen, Krone, Stern, Schlummerzopf &amp; Einhorn<\/p>\n<p>das Einhorn, sowie der Stern gibt es gleich in 2 Varianten<\/p>\n<p>einmal f\u00fcr die Bettrolle sind die Beiden unten gerade, damit man den Schlummer-Zopf besser befestigen kann oder als Kuschelkissen,<\/p>\n<p>Die Masse der Bettrolle kann man individuell anpassen,<\/p>\n<p>mit der Himalaya Dolphin Big, mit der Nadelst\u00e4rke 10 geh\u00e4kelt, sind die einzelnen Kissen\u00a0 zwischen 34 &#8211; 47cm breit und 26 &#8211; 47cm hoch<\/p>\n<p>alle Teile sind weich, kuschelig und schnell geh\u00e4kelt. Ideal als Geschenk oder zur Einrichtung eines Kinder Zimmers.<\/p>\n<p>warum viele einzelne Kissen\/ Teile<\/p>\n<ol>\n<li>man kann jede Bettrolle individuell gestalten, und die Gr\u00f6\u00dfe anpassen<\/li>\n<li>jedes einzelne Teil kann somit besser gewaschen werden<\/li>\n<\/ol>\n<p>hier in dem Gesamt-Paket findet man die Einzelteile<\/p>\n<ol>\n<li><strong>Regenbogen<\/strong><\/li>\n<li><strong>Einhorn<\/strong><\/li>\n<li><strong>Krone<\/strong><\/li>\n<li><strong>Stern<\/strong><\/li>\n<li><strong>Schlummerzopf<\/strong><\/li>\n<\/ol>\n<p>&nbsp;<\/p>\n<p><strong><a href=\"https:\/\/dadade.eu\/?post_type=product&amp;p=18204&amp;preview=true\">mehr Bilder, Ideen und Einzelteile zu der Bettrolle\u00a0 findet ihr hier<\/a><\/strong><\/p>\n<\/div>\n","protected":false},"featured_media":18331,"template":"","meta":[],"product_brand":[],"product_cat":[56,48,53],"product_tag":[90,1411,1412,1399,1400,242,251,252,253,1413,87,94,93,92,246,1398,1402,1401,250,243,244,181,1409,195,506,507,1421,1423,1424,161,157,1422,95,1200,96,1425],"class_list":{"0":"post-18342","1":"product","2":"type-product","3":"status-publish","4":"has-post-thumbnail","6":"product_cat-2einfach","7":"product_cat-haus-deko","8":"product_cat-kissen","9":"product_tag-amigurumi","10":"product_tag-bettnest","11":"product_tag-bettnestchen-haekeln","12":"product_tag-bettrolle","13":"product_tag-bettumrandung","14":"product_tag-dekoration-haekeln","15":"product_tag-einhorn","16":"product_tag-einhorn-haekeln","17":"product_tag-einhorn-kissen","18":"product_tag-einhornkissen-haekeln","19":"product_tag-geschenk","20":"product_tag-haekelanleitung","21":"product_tag-haekeln","22":"product_tag-kinder","23":"product_tag-kissen-haekeln","24":"product_tag-krone","25":"product_tag-krone-haekeln","26":"product_tag-krone-kissen","27":"product_tag-kuschelige-kissen","28":"product_tag-kuschelwolle","29":"product_tag-kuschelwolle-haekeln","30":"product_tag-lustig","31":"product_tag-nackenrolle","32":"product_tag-praesent","33":"product_tag-regenbogen","34":"product_tag-regenbogen-haekeln","35":"product_tag-regenbogenkissen","36":"product_tag-schlummerkissen","37":"product_tag-schlummerzopf-kissen-zopf","38":"product_tag-stern","39":"product_tag-stern-haekeln","40":"product_tag-stern-kisssen","41":"product_tag-wolle","42":"product_tag-wolle-himalaya","43":"product_tag-wollreste","44":"product_tag-zopf-haekeln","46":"first","47":"instock","48":"downloadable","49":"shipping-taxable","50":"purchasable","51":"product-type-simple"},"_links":{"self":[{"href":"https:\/\/dadade.eu\/index.php?rest_route=\/wp\/v2\/product\/18342","targetHints":{"allow":["GET"]}}],"collection":[{"href":"https:\/\/dadade.eu\/index.php?rest_route=\/wp\/v2\/product"}],"about":[{"href":"https:\/\/dadade.eu\/index.php?rest_route=\/wp\/v2\/types\/product"}],"wp:featuredmedia":[{"embeddable":true,"href":"https:\/\/dadade.eu\/index.php?rest_route=\/wp\/v2\/media\/18331"}],"wp:attachment":[{"href":"https:\/\/dadade.eu\/index.php?rest_route=%2Fwp%2Fv2%2Fmedia&parent=18342"}],"wp:term":[{"taxonomy":"product_brand","embeddable":true,"href":"https:\/\/dadade.eu\/index.php?rest_route=%2Fwp%2Fv2%2Fproduct_brand&post=18342"},{"taxonomy":"product_cat","embeddable":true,"href":"https:\/\/dadade.eu\/index.php?rest_route=%2Fwp%2Fv2%2Fproduct_cat&post=18342"},{"taxonomy":"product_tag","embeddable":true,"href":"https:\/\/dadade.eu\/index.php?rest_route=%2Fwp%2Fv2%2Fproduct_tag&post=18342"}],"curies":[{"name":"wp","href":"https:\/\/api.w.org\/{rel}","templated":true}]}}