{"id":18181,"date":"2021-05-28T19:38:28","date_gmt":"2021-05-28T17:38:28","guid":{"rendered":"https:\/\/dadade.eu\/?post_type=product&#038;p=18181"},"modified":"2023-09-05T14:31:46","modified_gmt":"2023-09-05T12:31:46","slug":"bettrolle-oder-kissen-dino-oder-drachen-h106","status":"publish","type":"product","link":"https:\/\/dadade.eu\/?product=bettrolle-oder-kissen-dino-oder-drachen-h106","title":{"rendered":"Bettrolle oder Kissen, Dino oder Drachen (H106)"},"content":{"rendered":"<p><img fetchpriority=\"high\" decoding=\"async\" class=\"alignnone size-medium wp-image-18182\" src=\"https:\/\/dadade.eu\/wp-content\/uploads\/2023\/07\/xBettrolle-Drache-gr.Bett-3-300x225.jpg\" alt=\"\" width=\"300\" height=\"225\" srcset=\"https:\/\/dadade.eu\/wp-content\/uploads\/2023\/07\/xBettrolle-Drache-gr.Bett-3-300x225.jpg 300w, https:\/\/dadade.eu\/wp-content\/uploads\/2023\/07\/xBettrolle-Drache-gr.Bett-3-600x450.jpg 600w, https:\/\/dadade.eu\/wp-content\/uploads\/2023\/07\/xBettrolle-Drache-gr.Bett-3-64x48.jpg 64w, https:\/\/dadade.eu\/wp-content\/uploads\/2023\/07\/xBettrolle-Drache-gr.Bett-3-1024x768.jpg 1024w, https:\/\/dadade.eu\/wp-content\/uploads\/2023\/07\/xBettrolle-Drache-gr.Bett-3-768x576.jpg 768w, https:\/\/dadade.eu\/wp-content\/uploads\/2023\/07\/xBettrolle-Drache-gr.Bett-3.jpg 1400w\" sizes=\"(max-width: 300px) 100vw, 300px\" \/>der Dino-Drachen kann in die Bettrolle integriert werden<\/p>\n<p><img decoding=\"async\" class=\"alignnone size-medium wp-image-18186\" src=\"https:\/\/dadade.eu\/wp-content\/uploads\/2023\/07\/xBettrolle-Drache4b-300x225.jpg\" alt=\"\" width=\"300\" height=\"225\" srcset=\"https:\/\/dadade.eu\/wp-content\/uploads\/2023\/07\/xBettrolle-Drache4b-300x225.jpg 300w, https:\/\/dadade.eu\/wp-content\/uploads\/2023\/07\/xBettrolle-Drache4b-600x450.jpg 600w, https:\/\/dadade.eu\/wp-content\/uploads\/2023\/07\/xBettrolle-Drache4b-64x48.jpg 64w, https:\/\/dadade.eu\/wp-content\/uploads\/2023\/07\/xBettrolle-Drache4b-1024x768.jpg 1024w, https:\/\/dadade.eu\/wp-content\/uploads\/2023\/07\/xBettrolle-Drache4b-768x576.jpg 768w, https:\/\/dadade.eu\/wp-content\/uploads\/2023\/07\/xBettrolle-Drache4b.jpg 1400w\" sizes=\"(max-width: 300px) 100vw, 300px\" \/>der Dino-Drachen als Kissen, auf Wunsch mit Schullertasche<\/p>\n<p>&nbsp;<\/p>\n<p>Die Anleitungen sind ausf\u00fchrlich mit vielen Bildern hinterlegt und werden auf 12 Seiten Schritt-f\u00fcr-Schritt beschrieben!<\/p>\n<p>Zus\u00e4tzlich liegt eine Info f\u00fcr das Zusammenbauen der Bettrolle dabei, sowie eine Info mit Massen beim verwenden verschiedenen Wolle.<\/p>\n<p>Sie\u00a0 ist dadurch auch schon f\u00fcr Anf\u00e4nger geeignet.<\/p>\n<p>&nbsp;<\/p>\n<p>mehr Bilder, Ideen und Kombinationen von dadade zu der Bettrolle\u00a0 findet ihr hier<\/p>\n<p><strong><a href=\"https:\/\/dadade.eu\/?p=18234\">KLICKE HIER<\/a><\/strong><\/p>\n<p>mehr Bilder von flei\u00dfigen H\u00e4nden findet ihr<\/p>\n<p><strong><a href=\"https:\/\/dadade.eu\/?p=18140\">KLICKE HIER<\/a><\/strong><\/p>\n<p>&nbsp;<\/p>\n","protected":false},"excerpt":{"rendered":"<div id=\"cc-m-13954443088\" class=\"j-module n j-text \">\n<p>Hier kauft man nur die H\u00e4kelanleitung f\u00fcr dieses einzelne Kissen, bzw. ein Teil f\u00fcr eine gro\u00dfe Bettrollen<\/p>\n<p>der\u00a0Dino, der Drache<\/p>\n<p>die Bettrolle, nicht nur f\u00fcr kleine Jungs, der Drache ist ein absolutes Muss f\u00fcr alle kleine Ritter<\/p>\n<p>Dino\u00b4s lieben alle kleine Jungs<\/p>\n<p>mit der Himalaya Dolphin Big, mit der Nadelst\u00e4rke 10 geh\u00e4kelt, wird der Drache 62cm breit und 40cm hoch<\/p>\n<p>alle Teile sind weich, kuschelig und schnell geh\u00e4kelt. Ideal als Geschenk oder zur Einrichtung eines Kinder Zimmers.<\/p>\n<p>warum viele einzelne Kissen\/ Teile<\/p>\n<ol>\n<li>man kann jede Bettrolle individuell gestalten, und die Gr\u00f6\u00dfe anpassen<\/li>\n<li>jedes einzelne Teil kann somit besser gewaschen werden<\/li>\n<\/ol>\n<p>&nbsp;<\/p>\n<p><strong><a href=\"https:\/\/dadade.eu\/?post_type=product&amp;p=18204&amp;preview=true\">mehr Bilder, Ideen und Einzelteile zu der Bettrolle\u00a0 findet ihr hier<\/a><\/strong><\/p>\n<p>&nbsp;<\/p>\n<\/div>\n","protected":false},"featured_media":18184,"template":"","meta":[],"product_brand":[],"product_cat":[56,48,53],"product_tag":[90,1411,1412,1399,1400,242,667,668,669,670,732,713,87,94,93,92,246,250,243,244,181,195,95,1200,96],"class_list":{"0":"post-18181","1":"product","2":"type-product","3":"status-publish","4":"has-post-thumbnail","6":"product_cat-2einfach","7":"product_cat-haus-deko","8":"product_cat-kissen","9":"product_tag-amigurumi","10":"product_tag-bettnest","11":"product_tag-bettnestchen-haekeln","12":"product_tag-bettrolle","13":"product_tag-bettumrandung","14":"product_tag-dekoration-haekeln","15":"product_tag-dino","16":"product_tag-dino-haekeln","17":"product_tag-dinosaurier","18":"product_tag-dinosaurier-haekeln","19":"product_tag-drachen","20":"product_tag-drachen-haekeln","21":"product_tag-geschenk","22":"product_tag-haekelanleitung","23":"product_tag-haekeln","24":"product_tag-kinder","25":"product_tag-kissen-haekeln","26":"product_tag-kuschelige-kissen","27":"product_tag-kuschelwolle","28":"product_tag-kuschelwolle-haekeln","29":"product_tag-lustig","30":"product_tag-praesent","31":"product_tag-wolle","32":"product_tag-wolle-himalaya","33":"product_tag-wollreste","35":"first","36":"instock","37":"downloadable","38":"shipping-taxable","39":"purchasable","40":"product-type-simple"},"_links":{"self":[{"href":"https:\/\/dadade.eu\/index.php?rest_route=\/wp\/v2\/product\/18181","targetHints":{"allow":["GET"]}}],"collection":[{"href":"https:\/\/dadade.eu\/index.php?rest_route=\/wp\/v2\/product"}],"about":[{"href":"https:\/\/dadade.eu\/index.php?rest_route=\/wp\/v2\/types\/product"}],"wp:featuredmedia":[{"embeddable":true,"href":"https:\/\/dadade.eu\/index.php?rest_route=\/wp\/v2\/media\/18184"}],"wp:attachment":[{"href":"https:\/\/dadade.eu\/index.php?rest_route=%2Fwp%2Fv2%2Fmedia&parent=18181"}],"wp:term":[{"taxonomy":"product_brand","embeddable":true,"href":"https:\/\/dadade.eu\/index.php?rest_route=%2Fwp%2Fv2%2Fproduct_brand&post=18181"},{"taxonomy":"product_cat","embeddable":true,"href":"https:\/\/dadade.eu\/index.php?rest_route=%2Fwp%2Fv2%2Fproduct_cat&post=18181"},{"taxonomy":"product_tag","embeddable":true,"href":"https:\/\/dadade.eu\/index.php?rest_route=%2Fwp%2Fv2%2Fproduct_tag&post=18181"}],"curies":[{"name":"wp","href":"https:\/\/api.w.org\/{rel}","templated":true}]}}