{"id":18150,"date":"2021-04-28T18:49:25","date_gmt":"2021-04-28T16:49:25","guid":{"rendered":"https:\/\/dadade.eu\/?post_type=product&#038;p=18150"},"modified":"2023-09-05T14:32:51","modified_gmt":"2023-09-05T12:32:51","slug":"bettrolle-oder-kissen-einhorn-h102","status":"publish","type":"product","link":"https:\/\/dadade.eu\/?product=bettrolle-oder-kissen-einhorn-h102","title":{"rendered":"Bettrolle oder Kissen, Einhorn (H102)"},"content":{"rendered":"<p><img fetchpriority=\"high\" decoding=\"async\" class=\"alignnone size-medium wp-image-18156\" src=\"https:\/\/dadade.eu\/wp-content\/uploads\/2023\/07\/x2-Bettrolle-Einhorn-1a-300x225.jpg\" alt=\"\" width=\"300\" height=\"225\" srcset=\"https:\/\/dadade.eu\/wp-content\/uploads\/2023\/07\/x2-Bettrolle-Einhorn-1a-300x225.jpg 300w, https:\/\/dadade.eu\/wp-content\/uploads\/2023\/07\/x2-Bettrolle-Einhorn-1a-600x450.jpg 600w, https:\/\/dadade.eu\/wp-content\/uploads\/2023\/07\/x2-Bettrolle-Einhorn-1a-64x48.jpg 64w, https:\/\/dadade.eu\/wp-content\/uploads\/2023\/07\/x2-Bettrolle-Einhorn-1a-1024x768.jpg 1024w, https:\/\/dadade.eu\/wp-content\/uploads\/2023\/07\/x2-Bettrolle-Einhorn-1a-768x576.jpg 768w, https:\/\/dadade.eu\/wp-content\/uploads\/2023\/07\/x2-Bettrolle-Einhorn-1a.jpg 1400w\" sizes=\"(max-width: 300px) 100vw, 300px\" \/>f\u00fcr die Bettrolle sind beide Seiten unten gerade<\/p>\n<p><img decoding=\"async\" class=\"alignnone size-medium wp-image-18160\" src=\"https:\/\/dadade.eu\/wp-content\/uploads\/2023\/07\/xKissen-Einhorn-1b-300x225.jpg\" alt=\"\" width=\"300\" height=\"225\" srcset=\"https:\/\/dadade.eu\/wp-content\/uploads\/2023\/07\/xKissen-Einhorn-1b-300x225.jpg 300w, https:\/\/dadade.eu\/wp-content\/uploads\/2023\/07\/xKissen-Einhorn-1b-600x450.jpg 600w, https:\/\/dadade.eu\/wp-content\/uploads\/2023\/07\/xKissen-Einhorn-1b-64x48.jpg 64w, https:\/\/dadade.eu\/wp-content\/uploads\/2023\/07\/xKissen-Einhorn-1b-1024x768.jpg 1024w, https:\/\/dadade.eu\/wp-content\/uploads\/2023\/07\/xKissen-Einhorn-1b-768x576.jpg 768w, https:\/\/dadade.eu\/wp-content\/uploads\/2023\/07\/xKissen-Einhorn-1b.jpg 1400w\" sizes=\"(max-width: 300px) 100vw, 300px\" \/>das Kissen ist unten schr\u00e4g = breiter<\/p>\n<p><img decoding=\"async\" class=\"alignnone size-medium wp-image-18331\" src=\"https:\/\/dadade.eu\/wp-content\/uploads\/2023\/07\/xBettrolle-1-300x225.jpg\" alt=\"\" width=\"300\" height=\"225\" srcset=\"https:\/\/dadade.eu\/wp-content\/uploads\/2023\/07\/xBettrolle-1-300x225.jpg 300w, https:\/\/dadade.eu\/wp-content\/uploads\/2023\/07\/xBettrolle-1-600x450.jpg 600w, https:\/\/dadade.eu\/wp-content\/uploads\/2023\/07\/xBettrolle-1-64x48.jpg 64w, https:\/\/dadade.eu\/wp-content\/uploads\/2023\/07\/xBettrolle-1-1024x768.jpg 1024w, https:\/\/dadade.eu\/wp-content\/uploads\/2023\/07\/xBettrolle-1-768x576.jpg 768w, https:\/\/dadade.eu\/wp-content\/uploads\/2023\/07\/xBettrolle-1.jpg 1400w\" sizes=\"(max-width: 300px) 100vw, 300px\" \/><strong><a href=\"https:\/\/dadade.eu\/?product=bettrolle-komplett-mit-einhorn-h121\">das Einhorn kann in die Bettrolle integriert werden, das gesamte Paket gibt es auch hier<\/a><\/strong><\/p>\n<p>Die Anleitungen sind ausf\u00fchrlich mit vielen Bildern hinterlegt und werden auf je 9 Seiten (Kissen &amp; Bettrolle) Schritt-f\u00fcr-Schritt beschrieben!<\/p>\n<p>Zus\u00e4tzlich liegt eine Info f\u00fcr das Zusammenbauen der Bettrolle dabei, sowie eine Info mit Massen beim verwenden verschiedenen Wolle.<\/p>\n<p>Sie\u00a0 ist dadurch auch schon f\u00fcr Anf\u00e4nger geeignet.<\/p>\n<p>&nbsp;<\/p>\n<p>mehr Bilder, Ideen und Kombinationen von dadade zu der Bettrolle\u00a0 findet ihr hier<\/p>\n<p><strong><a href=\"https:\/\/dadade.eu\/?p=18234\">KLICKE HIER<\/a><\/strong><\/p>\n<p>mehr Bilder von flei\u00dfigen H\u00e4nden findet ihr<\/p>\n<p><strong><a href=\"https:\/\/dadade.eu\/?p=18140\">KLICKE HIER<\/a><\/strong><\/p>\n<p>&nbsp;<\/p>\n<p>&nbsp;<\/p>\n","protected":false},"excerpt":{"rendered":"<div id=\"cc-m-13954443088\" class=\"j-module n j-text \">\n<p>Hier kauft man nur die H\u00e4kelanleitung f\u00fcr dieses einzelne Kissen, bzw. ein Teil f\u00fcr eine gro\u00dfe Bettrollen<\/p>\n<p>das Einhorn geh\u00f6rt in jedes Kinderbett, hier gibt es gleich Anleitungen f\u00fcr 2 Varianten<\/p>\n<p>das Einhorn f\u00fcr die Bettrolle ist gerade, damit man den Schlummer-Zopf besser befestigen kann<\/p>\n<p>oder als Kuschelkissen, beide Anleitungen sind hier in einem\u00a0Paket<\/p>\n<p>mit der Himalaya Dolphin Big, mit der Nadelst\u00e4rke 10 geh\u00e4kelt, wird das Einhorn 47cm breit und 47cm hoch,\u00a0mit Horn gemessen<\/p>\n<p>alle Teile sind weich, kuschelig und schnell geh\u00e4kelt. Ideal als Geschenk oder zur Einrichtung eines Kinder Zimmers.<\/p>\n<p>warum viele einzelne Kissen\/ Teile<\/p>\n<ol>\n<li>man kann jede Bettrolle individuell gestalten, und die Gr\u00f6\u00dfe anpassen<\/li>\n<li>jedes einzelne Teil kann somit besser gewaschen werden<\/li>\n<\/ol>\n<p>&nbsp;<\/p>\n<p><strong><a href=\"https:\/\/dadade.eu\/?post_type=product&amp;p=18204&amp;preview=true\">mehr Bilder, Ideen und Einzelteile zu der Bettrolle\u00a0 findet ihr hier<\/a><\/strong><\/p>\n<\/div>\n","protected":false},"featured_media":18162,"template":"","meta":[],"product_brand":[],"product_cat":[56,48,53],"product_tag":[90,1411,1412,1399,1400,242,251,252,253,1413,87,94,93,92,246,250,243,244,181,195,95,1200,96],"class_list":{"0":"post-18150","1":"product","2":"type-product","3":"status-publish","4":"has-post-thumbnail","6":"product_cat-2einfach","7":"product_cat-haus-deko","8":"product_cat-kissen","9":"product_tag-amigurumi","10":"product_tag-bettnest","11":"product_tag-bettnestchen-haekeln","12":"product_tag-bettrolle","13":"product_tag-bettumrandung","14":"product_tag-dekoration-haekeln","15":"product_tag-einhorn","16":"product_tag-einhorn-haekeln","17":"product_tag-einhorn-kissen","18":"product_tag-einhornkissen-haekeln","19":"product_tag-geschenk","20":"product_tag-haekelanleitung","21":"product_tag-haekeln","22":"product_tag-kinder","23":"product_tag-kissen-haekeln","24":"product_tag-kuschelige-kissen","25":"product_tag-kuschelwolle","26":"product_tag-kuschelwolle-haekeln","27":"product_tag-lustig","28":"product_tag-praesent","29":"product_tag-wolle","30":"product_tag-wolle-himalaya","31":"product_tag-wollreste","33":"first","34":"instock","35":"downloadable","36":"shipping-taxable","37":"purchasable","38":"product-type-simple"},"_links":{"self":[{"href":"https:\/\/dadade.eu\/index.php?rest_route=\/wp\/v2\/product\/18150","targetHints":{"allow":["GET"]}}],"collection":[{"href":"https:\/\/dadade.eu\/index.php?rest_route=\/wp\/v2\/product"}],"about":[{"href":"https:\/\/dadade.eu\/index.php?rest_route=\/wp\/v2\/types\/product"}],"wp:featuredmedia":[{"embeddable":true,"href":"https:\/\/dadade.eu\/index.php?rest_route=\/wp\/v2\/media\/18162"}],"wp:attachment":[{"href":"https:\/\/dadade.eu\/index.php?rest_route=%2Fwp%2Fv2%2Fmedia&parent=18150"}],"wp:term":[{"taxonomy":"product_brand","embeddable":true,"href":"https:\/\/dadade.eu\/index.php?rest_route=%2Fwp%2Fv2%2Fproduct_brand&post=18150"},{"taxonomy":"product_cat","embeddable":true,"href":"https:\/\/dadade.eu\/index.php?rest_route=%2Fwp%2Fv2%2Fproduct_cat&post=18150"},{"taxonomy":"product_tag","embeddable":true,"href":"https:\/\/dadade.eu\/index.php?rest_route=%2Fwp%2Fv2%2Fproduct_tag&post=18150"}],"curies":[{"name":"wp","href":"https:\/\/api.w.org\/{rel}","templated":true}]}}