{"id":17858,"date":"2021-12-01T13:34:49","date_gmt":"2021-12-01T12:34:49","guid":{"rendered":"https:\/\/dadade.eu\/?post_type=product&#038;p=17858"},"modified":"2025-11-24T02:39:49","modified_gmt":"2025-11-24T01:39:49","slug":"weihnachtstruppe-engelchen-weihnachtswichtel-h510","status":"publish","type":"product","link":"https:\/\/dadade.eu\/?product=weihnachtstruppe-engelchen-weihnachtswichtel-h510","title":{"rendered":"Weihnachtstruppe, Engelchen  &#038; Weihnachtswichtel (H510)"},"content":{"rendered":"<p><img fetchpriority=\"high\" decoding=\"async\" class=\"alignnone size-medium wp-image-17882\" src=\"https:\/\/dadade.eu\/wp-content\/uploads\/2023\/07\/x2-kleine-Engel-1b-300x225.jpg\" alt=\"\" width=\"300\" height=\"225\" srcset=\"https:\/\/dadade.eu\/wp-content\/uploads\/2023\/07\/x2-kleine-Engel-1b-300x225.jpg 300w, https:\/\/dadade.eu\/wp-content\/uploads\/2023\/07\/x2-kleine-Engel-1b-600x450.jpg 600w, https:\/\/dadade.eu\/wp-content\/uploads\/2023\/07\/x2-kleine-Engel-1b-64x48.jpg 64w, https:\/\/dadade.eu\/wp-content\/uploads\/2023\/07\/x2-kleine-Engel-1b-1024x768.jpg 1024w, https:\/\/dadade.eu\/wp-content\/uploads\/2023\/07\/x2-kleine-Engel-1b-768x576.jpg 768w, https:\/\/dadade.eu\/wp-content\/uploads\/2023\/07\/x2-kleine-Engel-1b.jpg 1400w\" sizes=\"(max-width: 300px) 100vw, 300px\" \/>die kleinen Engel Elsa &amp; Elisa \u00a0ca 18cm hoch, im Sitzen ca 12cm<\/p>\n<p><img decoding=\"async\" class=\"alignnone size-medium wp-image-17890\" src=\"https:\/\/dadade.eu\/wp-content\/uploads\/2023\/07\/xgrosser-Engel-2-300x225.jpg\" alt=\"\" width=\"300\" height=\"225\" srcset=\"https:\/\/dadade.eu\/wp-content\/uploads\/2023\/07\/xgrosser-Engel-2-300x225.jpg 300w, https:\/\/dadade.eu\/wp-content\/uploads\/2023\/07\/xgrosser-Engel-2-600x450.jpg 600w, https:\/\/dadade.eu\/wp-content\/uploads\/2023\/07\/xgrosser-Engel-2-64x48.jpg 64w, https:\/\/dadade.eu\/wp-content\/uploads\/2023\/07\/xgrosser-Engel-2-1024x768.jpg 1024w, https:\/\/dadade.eu\/wp-content\/uploads\/2023\/07\/xgrosser-Engel-2-768x576.jpg 768w, https:\/\/dadade.eu\/wp-content\/uploads\/2023\/07\/xgrosser-Engel-2.jpg 1400w\" sizes=\"(max-width: 300px) 100vw, 300px\" \/>der gro\u00dfer Engel Ella Sternensteiger wird\u00a0 ca 23cm hoch,\u00a0 im Sitzen ca 17cm<\/p>\n<p><img decoding=\"async\" class=\"alignnone size-medium wp-image-17896\" src=\"https:\/\/dadade.eu\/wp-content\/uploads\/2023\/07\/xWeihnachtsWichtel-1b-300x225.jpg\" alt=\"\" width=\"300\" height=\"225\" srcset=\"https:\/\/dadade.eu\/wp-content\/uploads\/2023\/07\/xWeihnachtsWichtel-1b-300x225.jpg 300w, https:\/\/dadade.eu\/wp-content\/uploads\/2023\/07\/xWeihnachtsWichtel-1b-600x450.jpg 600w, https:\/\/dadade.eu\/wp-content\/uploads\/2023\/07\/xWeihnachtsWichtel-1b-64x48.jpg 64w, https:\/\/dadade.eu\/wp-content\/uploads\/2023\/07\/xWeihnachtsWichtel-1b-1024x768.jpg 1024w, https:\/\/dadade.eu\/wp-content\/uploads\/2023\/07\/xWeihnachtsWichtel-1b-768x576.jpg 768w, https:\/\/dadade.eu\/wp-content\/uploads\/2023\/07\/xWeihnachtsWichtel-1b.jpg 1400w\" sizes=\"(max-width: 300px) 100vw, 300px\" \/>der kleinen Wichtel Willi \u00a0ca 23cm hoch, im Sitzen ca 17cm<\/p>\n<p><img loading=\"lazy\" decoding=\"async\" class=\"alignnone size-medium wp-image-17926\" src=\"https:\/\/dadade.eu\/wp-content\/uploads\/2023\/07\/xgrosser-Engel-mit-Engelchen-6-300x225.jpg\" alt=\"\" width=\"300\" height=\"225\" srcset=\"https:\/\/dadade.eu\/wp-content\/uploads\/2023\/07\/xgrosser-Engel-mit-Engelchen-6-300x225.jpg 300w, https:\/\/dadade.eu\/wp-content\/uploads\/2023\/07\/xgrosser-Engel-mit-Engelchen-6-600x450.jpg 600w, https:\/\/dadade.eu\/wp-content\/uploads\/2023\/07\/xgrosser-Engel-mit-Engelchen-6-64x48.jpg 64w, https:\/\/dadade.eu\/wp-content\/uploads\/2023\/07\/xgrosser-Engel-mit-Engelchen-6-1024x768.jpg 1024w, https:\/\/dadade.eu\/wp-content\/uploads\/2023\/07\/xgrosser-Engel-mit-Engelchen-6-768x576.jpg 768w, https:\/\/dadade.eu\/wp-content\/uploads\/2023\/07\/xgrosser-Engel-mit-Engelchen-6.jpg 1400w\" sizes=\"(max-width: 300px) 100vw, 300px\" \/>die Engelchen als normale kleine P\u00fcppchen<\/p>\n<p>Die Anleitung ist jedoch ausf\u00fchrlich mit vielen Bildern hinterlegt und wird auf\u00a0 je 14 (Engel) und 12 (Wichtel) Seiten Schritt-f\u00fcr-Schritt beschrieben!<\/p>\n<p>Mit dem Kauf erh\u00e4lt man eine leicht verst\u00e4ndliche H\u00e4kelanleitung im praktischen PDF-Format.<\/p>\n<p>Die Anleitung ist auch schon f\u00fcr Anf\u00e4nger geeignet.<\/p>\n<p><strong><a href=\"https:\/\/dadade.eu\/?product=grosser-tannen-kranz-h002\"><img loading=\"lazy\" decoding=\"async\" class=\"alignnone size-medium wp-image-17951\" src=\"https:\/\/dadade.eu\/wp-content\/uploads\/2023\/07\/62xKranz-grosser-Stern-putzen-11-300x225.jpg\" alt=\"\" width=\"300\" height=\"225\" srcset=\"https:\/\/dadade.eu\/wp-content\/uploads\/2023\/07\/62xKranz-grosser-Stern-putzen-11-300x225.jpg 300w, https:\/\/dadade.eu\/wp-content\/uploads\/2023\/07\/62xKranz-grosser-Stern-putzen-11-600x450.jpg 600w, https:\/\/dadade.eu\/wp-content\/uploads\/2023\/07\/62xKranz-grosser-Stern-putzen-11-64x48.jpg 64w, https:\/\/dadade.eu\/wp-content\/uploads\/2023\/07\/62xKranz-grosser-Stern-putzen-11-1024x768.jpg 1024w, https:\/\/dadade.eu\/wp-content\/uploads\/2023\/07\/62xKranz-grosser-Stern-putzen-11-768x576.jpg 768w, https:\/\/dadade.eu\/wp-content\/uploads\/2023\/07\/62xKranz-grosser-Stern-putzen-11.jpg 1400w\" sizes=\"(max-width: 300px) 100vw, 300px\" \/><\/a><\/strong><\/p>\n<p><a href=\"https:\/\/dadade.eu\/?product=kranz-grosser-stern-mit-engelchen-h012e\">viele Bilder und Ideen f\u00fcr die Engelchen nicht nur\u00a0 in <strong>Weihnachtskr\u00e4nze<\/strong><\/a><\/p>\n<p><strong><a href=\"https:\/\/dadade.eu\/?p=17879\">KLICKE HIER<\/a><\/strong><\/p>\n<p>&nbsp;<\/p>\n<p>viele Bilder und Ideen von flei\u00dfigen Helfer und H\u00e4nden findet ihr hier<\/p>\n<p><strong><a href=\"https:\/\/dadade.eu\/?p=9020\">KLICKE HIER<\/a><\/strong><\/p>\n<p>&nbsp;<\/p>\n<p>&nbsp;<\/p>\n<p>&nbsp;<\/p>\n<p>&nbsp;<\/p>\n<p>&nbsp;<\/p>\n<p>&nbsp;<\/p>\n","protected":false},"excerpt":{"rendered":"<div id=\"cc-m-13954443088\" class=\"j-module n j-text \">\n<p>Hier kauft man nur die H\u00e4kelanleitung f\u00fcr diese s\u00fc\u00dfe Weihnachtstruppe, sie\u00a0ist schnell mit Wollresten geh\u00e4kelt<\/p>\n<p>die kleinen Engel Elsa &amp; Elisa<\/p>\n<p>der gro\u00dfer Engel Ella Sternensteiger<\/p>\n<p>und der kleinen Wichtel Willi<\/p>\n<p>Sind es\u00a0 nun Engel oder doch kleine P\u00fcppchen, diese kleinen P\u00fcppchen sind der Hit, gerad die richtige Gr\u00f6\u00dfe f\u00fcr kleine Kinderh\u00e4nde.<\/p>\n<p>Du suchst eine tolle Geschenk-Idee, oder eine s\u00fc\u00dfe Deko f\u00fcr Weihnachten, die Engelchen und der Wichtel sind auch ein tolles Mitbringsel, sowie ein sch\u00f6ne Dekoration.<\/p>\n<p>die Engelchen und der Wichtel punkten auch, evt. in anderen Farben, das ganze Jahr \u00fcber.<\/p>\n<p>&nbsp;<\/p>\n<\/div>\n<p>&nbsp;<\/p>\n<div id=\"cc-m-13954443088\" class=\"j-module n j-text \">\n<p><strong><a href=\"https:\/\/dadade.eu\/?p=8021\">mehr Bilder findet ihr hier<\/a><\/strong>\u00a0mit noch vielen tolle Deko-Ideen<\/p>\n<p>Lass deiner Fantasie freien Lauf, und dekorier den Kranz nach Lust und Laune.<\/p>\n<p>&nbsp;<\/p>\n<\/div>\n","protected":false},"featured_media":17863,"template":"","meta":[],"product_brand":[],"product_cat":[56,48,66,384],"product_tag":[684,522,1301,90,242,554,87,94,93,234,257,256,180,243,244,181,195,160,156,1383,523,258,683,1382,1317,165,95,96],"class_list":{"0":"post-17858","1":"product","2":"type-product","3":"status-publish","4":"has-post-thumbnail","6":"product_cat-2einfach","7":"product_cat-haus-deko","8":"product_cat-mini","9":"product_cat-winter-weihnachten","10":"product_tag-advent","11":"product_tag-adventskranz","12":"product_tag-adventskranz-haekeln","13":"product_tag-amigurumi","14":"product_tag-dekoration-haekeln","15":"product_tag-engel","16":"product_tag-geschenk","17":"product_tag-haekelanleitung","18":"product_tag-haekeln","19":"product_tag-kinderzimmer","20":"product_tag-kranz","21":"product_tag-kranz-haekeln","22":"product_tag-kuscheltier","23":"product_tag-kuschelwolle","24":"product_tag-kuschelwolle-haekeln","25":"product_tag-lustig","26":"product_tag-praesent","27":"product_tag-pueppchen","28":"product_tag-pueppchen-haekeln","29":"product_tag-pueppi","30":"product_tag-tischdeko","31":"product_tag-tuerkranz-haekeln","32":"product_tag-weihnachten","33":"product_tag-weihnachtsengel","34":"product_tag-weihnachtswichtel","35":"product_tag-wichtel","36":"product_tag-wolle","37":"product_tag-wollreste","39":"first","40":"instock","41":"shipping-taxable","42":"purchasable","43":"product-type-variable"},"_links":{"self":[{"href":"https:\/\/dadade.eu\/index.php?rest_route=\/wp\/v2\/product\/17858","targetHints":{"allow":["GET"]}}],"collection":[{"href":"https:\/\/dadade.eu\/index.php?rest_route=\/wp\/v2\/product"}],"about":[{"href":"https:\/\/dadade.eu\/index.php?rest_route=\/wp\/v2\/types\/product"}],"wp:featuredmedia":[{"embeddable":true,"href":"https:\/\/dadade.eu\/index.php?rest_route=\/wp\/v2\/media\/17863"}],"wp:attachment":[{"href":"https:\/\/dadade.eu\/index.php?rest_route=%2Fwp%2Fv2%2Fmedia&parent=17858"}],"wp:term":[{"taxonomy":"product_brand","embeddable":true,"href":"https:\/\/dadade.eu\/index.php?rest_route=%2Fwp%2Fv2%2Fproduct_brand&post=17858"},{"taxonomy":"product_cat","embeddable":true,"href":"https:\/\/dadade.eu\/index.php?rest_route=%2Fwp%2Fv2%2Fproduct_cat&post=17858"},{"taxonomy":"product_tag","embeddable":true,"href":"https:\/\/dadade.eu\/index.php?rest_route=%2Fwp%2Fv2%2Fproduct_tag&post=17858"}],"curies":[{"name":"wp","href":"https:\/\/api.w.org\/{rel}","templated":true}]}}