{"id":17731,"date":"2014-11-25T18:16:00","date_gmt":"2014-11-25T17:16:00","guid":{"rendered":"https:\/\/dadade.eu\/?post_type=product&#038;p=17731"},"modified":"2023-12-21T11:28:00","modified_gmt":"2023-12-21T10:28:00","slug":"loewe-lionel-mit-schwimmreif-hose-und-jacke-a190","status":"publish","type":"product","link":"https:\/\/dadade.eu\/?product=loewe-lionel-mit-schwimmreif-hose-und-jacke-a190","title":{"rendered":"L\u00f6we Lionel, mit Schwimmreif, Hose, und Jacke  (A190)"},"content":{"rendered":"<p><img fetchpriority=\"high\" decoding=\"async\" class=\"alignnone size-medium wp-image-17750\" src=\"https:\/\/dadade.eu\/wp-content\/uploads\/2023\/07\/Lionel-mit-Schwimmring-makerist0-Kopie-300x225.jpg\" alt=\"\" width=\"300\" height=\"225\" srcset=\"https:\/\/dadade.eu\/wp-content\/uploads\/2023\/07\/Lionel-mit-Schwimmring-makerist0-Kopie-300x225.jpg 300w, https:\/\/dadade.eu\/wp-content\/uploads\/2023\/07\/Lionel-mit-Schwimmring-makerist0-Kopie-600x450.jpg 600w, https:\/\/dadade.eu\/wp-content\/uploads\/2023\/07\/Lionel-mit-Schwimmring-makerist0-Kopie-64x48.jpg 64w, https:\/\/dadade.eu\/wp-content\/uploads\/2023\/07\/Lionel-mit-Schwimmring-makerist0-Kopie-1024x768.jpg 1024w, https:\/\/dadade.eu\/wp-content\/uploads\/2023\/07\/Lionel-mit-Schwimmring-makerist0-Kopie-768x576.jpg 768w, https:\/\/dadade.eu\/wp-content\/uploads\/2023\/07\/Lionel-mit-Schwimmring-makerist0-Kopie-1536x1152.jpg 1536w, https:\/\/dadade.eu\/wp-content\/uploads\/2023\/07\/Lionel-mit-Schwimmring-makerist0-Kopie.jpg 1618w\" sizes=\"(max-width: 300px) 100vw, 300px\" \/>Kuschell\u00f6we Lionel mit 3 tollen Outfit\u00b4s &#8211; <strong>A190<\/strong><\/p>\n<p><img decoding=\"async\" class=\"alignnone size-medium wp-image-17742\" src=\"https:\/\/dadade.eu\/wp-content\/uploads\/2023\/07\/Kuschelloewe1-Kopie0-300x225.jpg\" alt=\"\" width=\"300\" height=\"225\" srcset=\"https:\/\/dadade.eu\/wp-content\/uploads\/2023\/07\/Kuschelloewe1-Kopie0-300x225.jpg 300w, https:\/\/dadade.eu\/wp-content\/uploads\/2023\/07\/Kuschelloewe1-Kopie0-600x450.jpg 600w, https:\/\/dadade.eu\/wp-content\/uploads\/2023\/07\/Kuschelloewe1-Kopie0-64x48.jpg 64w, https:\/\/dadade.eu\/wp-content\/uploads\/2023\/07\/Kuschelloewe1-Kopie0-1024x768.jpg 1024w, https:\/\/dadade.eu\/wp-content\/uploads\/2023\/07\/Kuschelloewe1-Kopie0-768x576.jpg 768w, https:\/\/dadade.eu\/wp-content\/uploads\/2023\/07\/Kuschelloewe1-Kopie0-1536x1152.jpg 1536w, https:\/\/dadade.eu\/wp-content\/uploads\/2023\/07\/Kuschelloewe1-Kopie0.jpg 2000w\" sizes=\"(max-width: 300px) 100vw, 300px\" \/>Kuschell\u00f6we Lionel mit schicker Hose &#8211; <strong>A190-1<\/strong><\/p>\n<p><img decoding=\"async\" class=\"alignnone size-medium wp-image-17736\" src=\"https:\/\/dadade.eu\/wp-content\/uploads\/2023\/07\/blau-weiss-JackeHose-2-300x225.jpg\" alt=\"\" width=\"300\" height=\"225\" srcset=\"https:\/\/dadade.eu\/wp-content\/uploads\/2023\/07\/blau-weiss-JackeHose-2-300x225.jpg 300w, https:\/\/dadade.eu\/wp-content\/uploads\/2023\/07\/blau-weiss-JackeHose-2-600x450.jpg 600w, https:\/\/dadade.eu\/wp-content\/uploads\/2023\/07\/blau-weiss-JackeHose-2-64x48.jpg 64w, https:\/\/dadade.eu\/wp-content\/uploads\/2023\/07\/blau-weiss-JackeHose-2-1024x768.jpg 1024w, https:\/\/dadade.eu\/wp-content\/uploads\/2023\/07\/blau-weiss-JackeHose-2-768x576.jpg 768w, https:\/\/dadade.eu\/wp-content\/uploads\/2023\/07\/blau-weiss-JackeHose-2-1536x1152.jpg 1536w, https:\/\/dadade.eu\/wp-content\/uploads\/2023\/07\/blau-weiss-JackeHose-2.jpg 2000w\" sizes=\"(max-width: 300px) 100vw, 300px\" \/>Kuschell\u00f6we Lionel mit Kapuzenjacke &amp; Hose &#8211; <strong>A190-2<\/strong><\/p>\n<p><img loading=\"lazy\" decoding=\"async\" class=\"alignnone size-medium wp-image-17746\" src=\"https:\/\/dadade.eu\/wp-content\/uploads\/2023\/07\/Lionel-mit-Schwimmreif-2-300x225.jpg\" alt=\"\" width=\"300\" height=\"225\" srcset=\"https:\/\/dadade.eu\/wp-content\/uploads\/2023\/07\/Lionel-mit-Schwimmreif-2-300x225.jpg 300w, https:\/\/dadade.eu\/wp-content\/uploads\/2023\/07\/Lionel-mit-Schwimmreif-2-600x450.jpg 600w, https:\/\/dadade.eu\/wp-content\/uploads\/2023\/07\/Lionel-mit-Schwimmreif-2-64x48.jpg 64w, https:\/\/dadade.eu\/wp-content\/uploads\/2023\/07\/Lionel-mit-Schwimmreif-2-1024x768.jpg 1024w, https:\/\/dadade.eu\/wp-content\/uploads\/2023\/07\/Lionel-mit-Schwimmreif-2-768x576.jpg 768w, https:\/\/dadade.eu\/wp-content\/uploads\/2023\/07\/Lionel-mit-Schwimmreif-2-1536x1152.jpg 1536w, https:\/\/dadade.eu\/wp-content\/uploads\/2023\/07\/Lionel-mit-Schwimmreif-2.jpg 2000w\" sizes=\"(max-width: 300px) 100vw, 300px\" \/>Kuschell\u00f6we Lionel mit Schwimmring &amp; Bade-Hose &#8211; <strong>A190-3<\/strong><\/p>\n<p>&nbsp;<\/p>\n<p>Die Anleitung ist ausf\u00fchrlich mit vielen Bildern hinterlegt<\/p>\n<p>und wird auf\u00a0 \u00a017 Seiten (Lionel)\u00a0 &amp; 7-20 Seiten (Kleidung) Schritt-f\u00fcr-Schritt beschrieben!<\/p>\n<p>Sie ist auch schon f\u00fcr Anf\u00e4nger geeignet.<\/p>\n<p><strong><a href=\"https:\/\/dadade.eu\/?product=loewe-prinz-leo-loewenherz-die-spieluhr-b406\"><img loading=\"lazy\" decoding=\"async\" class=\"alignnone size-medium wp-image-17766\" src=\"https:\/\/dadade.eu\/wp-content\/uploads\/2014\/11\/x2-Loewen-1-300x225.jpg\" alt=\"\" width=\"300\" height=\"225\" srcset=\"https:\/\/dadade.eu\/wp-content\/uploads\/2014\/11\/x2-Loewen-1-300x225.jpg 300w, https:\/\/dadade.eu\/wp-content\/uploads\/2014\/11\/x2-Loewen-1-600x450.jpg 600w, https:\/\/dadade.eu\/wp-content\/uploads\/2014\/11\/x2-Loewen-1-64x48.jpg 64w, https:\/\/dadade.eu\/wp-content\/uploads\/2014\/11\/x2-Loewen-1-1024x768.jpg 1024w, https:\/\/dadade.eu\/wp-content\/uploads\/2014\/11\/x2-Loewen-1-768x576.jpg 768w, https:\/\/dadade.eu\/wp-content\/uploads\/2014\/11\/x2-Loewen-1.jpg 1400w\" sizes=\"(max-width: 300px) 100vw, 300px\" \/>L\u00f6we Lionel hat einen gro\u00dfen Bruder, Prinz Leo L\u00f6wenherz, er ist eine Spieluhr<\/a><\/strong><\/p>\n<p>&nbsp;<\/p>\n<p>MEHR VARIANTEN UND IDEEN von flei\u00dfigen Helfer und H\u00e4nden?<\/p>\n<p><a href=\"https:\/\/dadade.eu\/?p=6303\"><b>Klicke hier<\/b><\/a><\/p>\n<p>&nbsp;<\/p>\n<p>&nbsp;<\/p>\n<p>&nbsp;<\/p>\n","protected":false},"excerpt":{"rendered":"<div id=\"cc-m-13954443088\">\n<p>Hier kauft man die H\u00e4kelanleitung f\u00fcr L\u00f6we Lionel mit Zubeh\u00f6r<\/p>\n<ol>\n<li>f\u00fcr den Kuschell\u00f6wen Lionel,<\/li>\n<li>f\u00fcr die Gr\u00fcne kurze Sommerhose, das Muster der Hose ist recht einfach und wird Schritt f\u00fcr Schritt erkl\u00e4rt<\/li>\n<li>f\u00fcr die Kapuzenjacke und Hose f\u00fcr den Winter, das Muster ist\u00a0 einfach und wird Schritt f\u00fcr Schritt erkl\u00e4rt<\/li>\n<li>f\u00fcr die Badehose und den Schwimmmreif Hippo.<\/li>\n<\/ol>\n<p>&nbsp;<\/p>\n<p>Ein Geschenk, das jedes Kinderherz h\u00f6her schlagen l\u00e4sst, der L\u00f6we ist mit kuschelig, weicher Watte ausgestopft.<\/p>\n<p>Die Augen sind aufgestickt, extra f\u00fcr die Kleinen. man kann aber auch Sicherheitsaugen, Perlen oder Kn\u00f6pfe verwenden.<\/p>\n<p>Mit dem Kauf erh\u00e4ltst du eine leicht verst\u00e4ndliche H\u00e4kelanleitung mit allen Muster im praktischen PDF-Format.<\/p>\n<p>Die Anleitung ist auch schon f\u00fcr Anf\u00e4nger geeignet.<\/p>\n<p>&nbsp;<\/p>\n<p>Mit Wolle der Nadelst\u00e4rke 3-4 wird der L\u00f6we ungef\u00e4hr; 36cm hoch<\/p>\n<p>&nbsp;<\/p>\n<\/div>\n<div id=\"cc-m-13954443188\" class=\"j-module n j-text \">\n<p>&nbsp;<\/p>\n<\/div>\n","protected":false},"featured_media":17750,"template":"","meta":[],"product_brand":[],"product_cat":[57,35,39,69],"product_tag":[90,89,1377,615,1058,233,242,182,613,717,87,610,94,93,1372,92,1370,245,180,88,243,244,1371,772,181,761,1365,91,392,1376,1374,1375,612,296,611,1373,614,183,95,96],"class_list":{"0":"post-17731","1":"product","2":"type-product","3":"status-publish","4":"has-post-thumbnail","6":"product_cat-3mittel","7":"product_cat-amigurumi","8":"product_cat-amigurumis-zum-kuscheln","9":"product_cat-mittel","10":"product_tag-amigurumi","11":"product_tag-baby","12":"product_tag-baden","13":"product_tag-children","14":"product_tag-deko","15":"product_tag-dekoration","16":"product_tag-dekoration-haekeln","17":"product_tag-fein","18":"product_tag-funny","19":"product_tag-geburt","20":"product_tag-geschenk","21":"product_tag-gift","22":"product_tag-haekelanleitung","23":"product_tag-haekeln","24":"product_tag-hippo","25":"product_tag-kinder","26":"product_tag-king","27":"product_tag-kuschelige-haekeltiere","28":"product_tag-kuscheltier","29":"product_tag-kuscheltier-haekeln","30":"product_tag-kuschelwolle","31":"product_tag-kuschelwolle-haekeln","32":"product_tag-lion","33":"product_tag-loewe","34":"product_tag-lustig","35":"product_tag-meer","36":"product_tag-nilpferd","37":"product_tag-plueschtier","38":"product_tag-plueschtier-haekeln","39":"product_tag-schwimmen","40":"product_tag-schwimmreif","41":"product_tag-schwimmring","42":"product_tag-soft-toy","43":"product_tag-sommer","44":"product_tag-stuffed-animal","45":"product_tag-wasser","46":"product_tag-witty","47":"product_tag-witzig","48":"product_tag-wolle","49":"product_tag-wollreste","51":"first","52":"instock","53":"shipping-taxable","54":"purchasable","55":"product-type-variable"},"_links":{"self":[{"href":"https:\/\/dadade.eu\/index.php?rest_route=\/wp\/v2\/product\/17731","targetHints":{"allow":["GET"]}}],"collection":[{"href":"https:\/\/dadade.eu\/index.php?rest_route=\/wp\/v2\/product"}],"about":[{"href":"https:\/\/dadade.eu\/index.php?rest_route=\/wp\/v2\/types\/product"}],"wp:featuredmedia":[{"embeddable":true,"href":"https:\/\/dadade.eu\/index.php?rest_route=\/wp\/v2\/media\/17750"}],"wp:attachment":[{"href":"https:\/\/dadade.eu\/index.php?rest_route=%2Fwp%2Fv2%2Fmedia&parent=17731"}],"wp:term":[{"taxonomy":"product_brand","embeddable":true,"href":"https:\/\/dadade.eu\/index.php?rest_route=%2Fwp%2Fv2%2Fproduct_brand&post=17731"},{"taxonomy":"product_cat","embeddable":true,"href":"https:\/\/dadade.eu\/index.php?rest_route=%2Fwp%2Fv2%2Fproduct_cat&post=17731"},{"taxonomy":"product_tag","embeddable":true,"href":"https:\/\/dadade.eu\/index.php?rest_route=%2Fwp%2Fv2%2Fproduct_tag&post=17731"}],"curies":[{"name":"wp","href":"https:\/\/api.w.org\/{rel}","templated":true}]}}