{"id":17693,"date":"2017-02-25T11:13:56","date_gmt":"2017-02-25T10:13:56","guid":{"rendered":"https:\/\/dadade.eu\/?post_type=product&#038;p=17693"},"modified":"2023-12-31T12:01:42","modified_gmt":"2023-12-31T11:01:42","slug":"spieluhr-katta-katinka-affe-mit-babys-b403","status":"publish","type":"product","link":"https:\/\/dadade.eu\/?product=spieluhr-katta-katinka-affe-mit-babys-b403","title":{"rendered":"Spieluhr Katta Katinka, Affe mit Babys (B403)"},"content":{"rendered":"<p><img fetchpriority=\"high\" decoding=\"async\" class=\"alignnone size-medium wp-image-17725\" src=\"https:\/\/dadade.eu\/wp-content\/uploads\/2023\/07\/Spieluhr-Katta-20-300x225.jpg\" alt=\"\" width=\"300\" height=\"225\" srcset=\"https:\/\/dadade.eu\/wp-content\/uploads\/2023\/07\/Spieluhr-Katta-20-300x225.jpg 300w, https:\/\/dadade.eu\/wp-content\/uploads\/2023\/07\/Spieluhr-Katta-20-600x450.jpg 600w, https:\/\/dadade.eu\/wp-content\/uploads\/2023\/07\/Spieluhr-Katta-20-64x48.jpg 64w, https:\/\/dadade.eu\/wp-content\/uploads\/2023\/07\/Spieluhr-Katta-20-1024x768.jpg 1024w, https:\/\/dadade.eu\/wp-content\/uploads\/2023\/07\/Spieluhr-Katta-20-768x576.jpg 768w, https:\/\/dadade.eu\/wp-content\/uploads\/2023\/07\/Spieluhr-Katta-20-1536x1152.jpg 1536w, https:\/\/dadade.eu\/wp-content\/uploads\/2023\/07\/Spieluhr-Katta-20-2048x1536.jpg 2048w\" sizes=\"(max-width: 300px) 100vw, 300px\" \/>die Spieluhr Mama Katta Katinka<\/p>\n<p><img decoding=\"async\" class=\"alignnone wp-image-17711 size-medium\" src=\"https:\/\/dadade.eu\/wp-content\/uploads\/2023\/07\/kleine-Katta\u00b4s-6-300x225.jpg\" alt=\"\" width=\"300\" height=\"225\" srcset=\"https:\/\/dadade.eu\/wp-content\/uploads\/2023\/07\/kleine-Katta\u00b4s-6-300x225.jpg 300w, https:\/\/dadade.eu\/wp-content\/uploads\/2023\/07\/kleine-Katta\u00b4s-6-600x450.jpg 600w, https:\/\/dadade.eu\/wp-content\/uploads\/2023\/07\/kleine-Katta\u00b4s-6-64x48.jpg 64w, https:\/\/dadade.eu\/wp-content\/uploads\/2023\/07\/kleine-Katta\u00b4s-6-1024x768.jpg 1024w, https:\/\/dadade.eu\/wp-content\/uploads\/2023\/07\/kleine-Katta\u00b4s-6-768x576.jpg 768w, https:\/\/dadade.eu\/wp-content\/uploads\/2023\/07\/kleine-Katta\u00b4s-6-1536x1152.jpg 1536w, https:\/\/dadade.eu\/wp-content\/uploads\/2023\/07\/kleine-Katta\u00b4s-6-2048x1536.jpg 2048w\" sizes=\"(max-width: 300px) 100vw, 300px\" \/>die Babys, die Katta-Zwillinge Kaija &amp; Kala<\/p>\n<p><a href=\"https:\/\/youtu.be\/160hTz7mqQQ\" target=\"_blank\" rel=\"noopener\"><strong>Hier kann man sich das Video auf Youtube ansehen, klicke auf das Bild<\/strong><\/a><\/p>\n<p>&nbsp;<\/p>\n<p>Mit dem Kauf erh\u00e4ltst du eine leicht verst\u00e4ndliche H\u00e4kelanleitung im praktischen PDF-Format.<\/p>\n<p>Die Anleitung ist ausf\u00fchrlich mit vielen Bildern hinterlegt und wird auf\u00a0 36 (Spieluhr Mama Katinka) &amp;\u00a0 31 ( Katta-Zwillinge) Seiten Schritt-f\u00fcr-Schritt beschrieben!<\/p>\n<p>Auch das Einbauen der Spieluhr wird Schritt f\u00fcr Schritt erkl\u00e4rt!<\/p>\n<p>&nbsp;<\/p>\n<p>mehr Bilder \u00fcber Spieluhren findet ihr hier<\/p>\n<p><strong><a href=\"https:\/\/dadade.eu\/?p=10708\">KLICKE HIER<\/a><\/strong><\/p>\n<p>&nbsp;<\/p>\n<p>&nbsp;<\/p>\n<p>&nbsp;<\/p>\n","protected":false},"excerpt":{"rendered":"<div id=\"cc-m-13954443088\" class=\"j-module n j-text \">\n<p>Hier kauft man nur die H\u00e4kelanleitung f\u00fcr<\/p>\n<p><strong>1.<\/strong>die <strong>Spieluhr Katta Katinka<\/strong> mit\u00a0 J\u00e4ckchen und K\u00e4ppi<\/p>\n<p style=\"font-weight: 400;\">Katinka, sie ist ein s\u00fc\u00dfes Kuscheltier mit Spieluhr, zum Knuddeln und Greifen. und kann bedenkenlos mit ins Bett genommen werden.<\/p>\n<p style=\"font-weight: 400;\">Eine Spieluhr, bei der sich keine Schnur um \u00c4rmchen oder Beinchen wickeln kann.<\/p>\n<p style=\"font-weight: 400;\">Seht euch das Video an und achtet bitte auf den Schwanz, er zieht sich zusammen,<\/p>\n<p>&nbsp;<\/p>\n<p><strong>2.<\/strong>sowie f\u00fcr die <strong>kleinen Katta\u00b4s Kaija und Kala<\/strong>, mit Schnuller und Banane<strong style=\"font-weight: 700 !important;\"><br \/>\n<\/strong><\/p>\n<p style=\"font-weight: 400;\">die beiden Kleinen sind mit einer Rassel best\u00fcckt, sodass die Kleinen ihre Freunde daran haben.<\/p>\n<p>&nbsp;<\/p>\n<p>Mit Wolle der Nadelst\u00e4rke 3 wird Mama Katta die Spieluhr ungef\u00e4hr; 42cm hoch<\/p>\n<p>Mit der Nadelst\u00e4rke 3 werden die kleinen \u00c4ffchen Kaija und Kala ungef\u00e4hr; 31cm hoch<\/p>\n<p style=\"font-weight: 400;\">\n<\/div>\n","protected":false},"featured_media":17701,"template":"","meta":[],"product_brand":[],"product_cat":[57,42,70,45],"product_tag":[324,190,90,89,233,182,87,197,94,93,1369,194,92,234,245,180,243,244,181,236,195,235,238,196,237,183,95],"class_list":{"0":"post-17693","1":"product","2":"type-product","3":"status-publish","4":"has-post-thumbnail","6":"product_cat-3mittel","7":"product_cat-baby","8":"product_cat-maxi","9":"product_cat-spieluhren","10":"product_tag-aeffchen","11":"product_tag-affe","12":"product_tag-amigurumi","13":"product_tag-baby","14":"product_tag-dekoration","15":"product_tag-fein","16":"product_tag-geschenk","17":"product_tag-greifspielzeug","18":"product_tag-haekelanleitung","19":"product_tag-haekeln","20":"product_tag-katta","21":"product_tag-kind","22":"product_tag-kinder","23":"product_tag-kinderzimmer","24":"product_tag-kuschelige-haekeltiere","25":"product_tag-kuscheltier","26":"product_tag-kuschelwolle","27":"product_tag-kuschelwolle-haekeln","28":"product_tag-lustig","29":"product_tag-musik","30":"product_tag-praesent","31":"product_tag-spieluhr","32":"product_tag-spieluhr-haekeln","33":"product_tag-spielzeug","34":"product_tag-taufe","35":"product_tag-witzig","36":"product_tag-wolle","38":"first","39":"instock","40":"shipping-taxable","41":"purchasable","42":"product-type-variable"},"_links":{"self":[{"href":"https:\/\/dadade.eu\/index.php?rest_route=\/wp\/v2\/product\/17693","targetHints":{"allow":["GET"]}}],"collection":[{"href":"https:\/\/dadade.eu\/index.php?rest_route=\/wp\/v2\/product"}],"about":[{"href":"https:\/\/dadade.eu\/index.php?rest_route=\/wp\/v2\/types\/product"}],"wp:featuredmedia":[{"embeddable":true,"href":"https:\/\/dadade.eu\/index.php?rest_route=\/wp\/v2\/media\/17701"}],"wp:attachment":[{"href":"https:\/\/dadade.eu\/index.php?rest_route=%2Fwp%2Fv2%2Fmedia&parent=17693"}],"wp:term":[{"taxonomy":"product_brand","embeddable":true,"href":"https:\/\/dadade.eu\/index.php?rest_route=%2Fwp%2Fv2%2Fproduct_brand&post=17693"},{"taxonomy":"product_cat","embeddable":true,"href":"https:\/\/dadade.eu\/index.php?rest_route=%2Fwp%2Fv2%2Fproduct_cat&post=17693"},{"taxonomy":"product_tag","embeddable":true,"href":"https:\/\/dadade.eu\/index.php?rest_route=%2Fwp%2Fv2%2Fproduct_tag&post=17693"}],"curies":[{"name":"wp","href":"https:\/\/api.w.org\/{rel}","templated":true}]}}