{"id":17643,"date":"2016-07-24T21:42:53","date_gmt":"2016-07-24T19:42:53","guid":{"rendered":"https:\/\/dadade.eu\/?post_type=product&#038;p=17643"},"modified":"2023-08-16T18:10:04","modified_gmt":"2023-08-16T16:10:04","slug":"storch-otto-gestrickter-storch","status":"publish","type":"product","link":"https:\/\/dadade.eu\/?product=storch-otto-gestrickter-storch","title":{"rendered":"Storch Otto, gestrickter Storch"},"content":{"rendered":"<p><img fetchpriority=\"high\" decoding=\"async\" class=\"alignnone size-medium wp-image-17660\" src=\"https:\/\/dadade.eu\/wp-content\/uploads\/2023\/07\/2Storch-mit-Baeren0-300x225.jpg\" alt=\"\" width=\"300\" height=\"225\" srcset=\"https:\/\/dadade.eu\/wp-content\/uploads\/2023\/07\/2Storch-mit-Baeren0-300x225.jpg 300w, https:\/\/dadade.eu\/wp-content\/uploads\/2023\/07\/2Storch-mit-Baeren0-scaled-600x450.jpg 600w, https:\/\/dadade.eu\/wp-content\/uploads\/2023\/07\/2Storch-mit-Baeren0-scaled-64x48.jpg 64w, https:\/\/dadade.eu\/wp-content\/uploads\/2023\/07\/2Storch-mit-Baeren0-1024x768.jpg 1024w, https:\/\/dadade.eu\/wp-content\/uploads\/2023\/07\/2Storch-mit-Baeren0-768x576.jpg 768w, https:\/\/dadade.eu\/wp-content\/uploads\/2023\/07\/2Storch-mit-Baeren0-1536x1152.jpg 1536w, https:\/\/dadade.eu\/wp-content\/uploads\/2023\/07\/2Storch-mit-Baeren0-2048x1536.jpg 2048w\" sizes=\"(max-width: 300px) 100vw, 300px\" \/>den Storch gibt es auch mit einem geh\u00e4kelten B\u00e4rchen<\/p>\n<p>&nbsp;<\/p>\n<p><strong><img decoding=\"async\" class=\"alignnone wp-image-18422\" src=\"https:\/\/dadade.eu\/wp-content\/uploads\/2023\/07\/2020.10.23-Kerstin-Starke-122582288_1117699361958953_3145805199267120518_n-223x300.jpg\" alt=\"\" width=\"192\" height=\"258\" srcset=\"https:\/\/dadade.eu\/wp-content\/uploads\/2023\/07\/2020.10.23-Kerstin-Starke-122582288_1117699361958953_3145805199267120518_n-223x300.jpg 223w, https:\/\/dadade.eu\/wp-content\/uploads\/2023\/07\/2020.10.23-Kerstin-Starke-122582288_1117699361958953_3145805199267120518_n-600x806.jpg 600w, https:\/\/dadade.eu\/wp-content\/uploads\/2023\/07\/2020.10.23-Kerstin-Starke-122582288_1117699361958953_3145805199267120518_n-64x86.jpg 64w, https:\/\/dadade.eu\/wp-content\/uploads\/2023\/07\/2020.10.23-Kerstin-Starke-122582288_1117699361958953_3145805199267120518_n.jpg 715w\" sizes=\"(max-width: 192px) 100vw, 192px\" \/><\/strong>der B\u00e4r mit der Kuschelwolle er wird ca 33cm gro\u00df<\/p>\n<p>danke\u00a0Kerstin Starke<\/p>\n<p>&nbsp;<\/p>\n<p>Die Anleitung ist ausf\u00fchrlich mit vielen Bildern hinterlegt und Schritt-f\u00fcr-Schritt beschrieben!<\/p>\n<p>&nbsp;<\/p>\n<p>MEHR VARIANTEN UND IDEEN von flei\u00dfigen Helfer und H\u00e4nden?<\/p>\n<p><a href=\"https:\/\/dadade.eu\/?product_cat=amigurumi\"><b>Klicke hier<\/b><\/a><\/p>\n<p>&nbsp;<\/p>\n<p>&nbsp;<\/p>\n<p>&nbsp;<\/p>\n","protected":false},"excerpt":{"rendered":"<div id=\"cc-m-13954443088\">\n<p>Strickanleitung f\u00fcr den Klapperstorch, mit Stulpen und den Socken,<\/p>\n<p>Sie suchen noch ein passendes Geschenk zu Geburt oder Taufe eines neuen Erdenb\u00fcrgers.<br \/>\nMit diesem Geschenk wird man mit Sicherheit punkten<\/p>\n<p>Der Storch kann mit Stulpen und Socken gestrickt werden,<br \/>\nin hellblau, rosa oder f\u00fcr den kleinen Fu\u00dfballfan in schwarz-gelb.<\/p>\n<p>Sowie die H\u00e4kelanleitung f\u00fcr den kleinen Baby-B\u00e4r Teddy,<br \/>\nmit der Windel und dem Schnuller,<\/p>\n<p>den kleinen Baby-Teddy h\u00e4keln und in die Socke stecken,<br \/>\nAu\u00dferdem gibt es auch noch einen passenden Storchenanzug in meinem Shop,<br \/>\nschaut doch einfach mal rein.<\/p>\n<p>Tipp; nicht nur 1 Socke stricken, um das Baby hineinzusetzten,<br \/>\nsondern gleich 2 Socken stricken und das Baby hat schon ein paar kleine Socken<br \/>\nf\u00fcr die ersten Monate<\/p>\n<p>Mit dem Kauf erh\u00e4ltst du eine leicht verst\u00e4ndliche Strickanleitung, sowie H\u00e4kelanleitung<br \/>\nim praktischen PDF-Format.<br \/>\nDie Anleitung ist auch schon f\u00fcr Anf\u00e4nger geeignet.<\/p>\n<p>Der Storch wird mit der Nadelst\u00e4rke 3,5 &#8211; ca 40 cm hoch<br \/>\nDer Teddy wird mit der Nadelst\u00e4rke 2 &#8211; 11cm hoch und 5,5 cm breit<\/p>\n<p>.<\/p>\n<\/div>\n<div id=\"cc-m-13954443188\" class=\"j-module n j-text \">\n<h2><strong>Diese Anleitungen findet man nur in meinen Shops auf den verschiedenen Plattformen<\/strong><\/h2>\n<div id=\"cc-m-13954443088\">\n<div id=\"cc-m-13758358088\">\n<h3><span style=\"color: #0000ee;\"><span style=\"font-size: 18.72px;\"><u>Storch<\/u><\/span><\/span><strong><a href=\"https:\/\/www.crazypatterns.net\/de\/items\/17521\/klapperstorch-mit-baby-baer-teddy-strick-und-haekel-anleitung-von-dadade\" target=\"_blank\" rel=\"noopener\">\u00a0Otto mit Babyb\u00e4r bei crazypattern<\/a><\/strong><\/h3>\n<h3><span style=\"color: #0000ee;\"><span style=\"font-size: 18.72px;\"><u>Storch<\/u><\/span><\/span><strong><a href=\"https:\/\/www.crazypatterns.net\/de\/items\/17521\/klapperstorch-mit-baby-baer-teddy-strick-und-haekel-anleitung-von-dadade\">\u00a0Otto mit Babyb\u00e4r <\/a><\/strong><strong><a href=\"https:\/\/www.mypatterns.de\/stricken\/storch-mit-baby-baer-teddy-strick-und-haekel-anleitung-5224\" target=\"_blank\" rel=\"noopener\">bei mypatterns<\/a><\/strong><\/h3>\n<h3><\/h3>\n<h3><\/h3>\n<h3><\/h3>\n<\/div>\n<\/div>\n<p>&nbsp;<\/p>\n<p>&nbsp;<\/p>\n<\/div>\n","protected":false},"featured_media":17653,"template":"","meta":[],"product_brand":[],"product_cat":[47],"product_tag":[90,295,89,120,233,242,694,260,87,299,1355,94,93,92,245,345,180,294,195,936,196,725,1102,1103,823,183,95,96],"class_list":{"0":"post-17643","1":"product","2":"type-product","3":"status-publish","4":"has-post-thumbnail","6":"product_cat-gestricktes","7":"product_tag-amigurumi","8":"product_tag-anleitung","9":"product_tag-baby","10":"product_tag-baer","11":"product_tag-dekoration","12":"product_tag-dekoration-haekeln","13":"product_tag-feste","14":"product_tag-fruehling","15":"product_tag-geschenk","16":"product_tag-geschenkidee","17":"product_tag-gestrickt","18":"product_tag-haekelanleitung","19":"product_tag-haekeln","20":"product_tag-kinder","21":"product_tag-kuschelige-haekeltiere","22":"product_tag-kuscheln","23":"product_tag-kuscheltier","24":"product_tag-mitbringsel","25":"product_tag-praesent","26":"product_tag-schulanfaenger","27":"product_tag-spielzeug","28":"product_tag-storch","29":"product_tag-strickanleitung","30":"product_tag-stricken","31":"product_tag-taschenbaumler","32":"product_tag-witzig","33":"product_tag-wolle","34":"product_tag-wollreste","36":"first","37":"instock","38":"virtual","39":"product-type-simple"},"_links":{"self":[{"href":"https:\/\/dadade.eu\/index.php?rest_route=\/wp\/v2\/product\/17643","targetHints":{"allow":["GET"]}}],"collection":[{"href":"https:\/\/dadade.eu\/index.php?rest_route=\/wp\/v2\/product"}],"about":[{"href":"https:\/\/dadade.eu\/index.php?rest_route=\/wp\/v2\/types\/product"}],"wp:featuredmedia":[{"embeddable":true,"href":"https:\/\/dadade.eu\/index.php?rest_route=\/wp\/v2\/media\/17653"}],"wp:attachment":[{"href":"https:\/\/dadade.eu\/index.php?rest_route=%2Fwp%2Fv2%2Fmedia&parent=17643"}],"wp:term":[{"taxonomy":"product_brand","embeddable":true,"href":"https:\/\/dadade.eu\/index.php?rest_route=%2Fwp%2Fv2%2Fproduct_brand&post=17643"},{"taxonomy":"product_cat","embeddable":true,"href":"https:\/\/dadade.eu\/index.php?rest_route=%2Fwp%2Fv2%2Fproduct_cat&post=17643"},{"taxonomy":"product_tag","embeddable":true,"href":"https:\/\/dadade.eu\/index.php?rest_route=%2Fwp%2Fv2%2Fproduct_tag&post=17643"}],"curies":[{"name":"wp","href":"https:\/\/api.w.org\/{rel}","templated":true}]}}