{"id":17588,"date":"2016-12-24T18:41:40","date_gmt":"2016-12-24T17:41:40","guid":{"rendered":"https:\/\/dadade.eu\/?post_type=product&#038;p=17588"},"modified":"2023-12-21T00:04:30","modified_gmt":"2023-12-20T23:04:30","slug":"marienkaefer-hat-schwein-dekoration-fuer-silvester-h574","status":"publish","type":"product","link":"https:\/\/dadade.eu\/?product=marienkaefer-hat-schwein-dekoration-fuer-silvester-h574","title":{"rendered":"Marienk\u00e4fer hat Schwein, Dekoration f\u00fcr Silvester (H574)"},"content":{"rendered":"<p><img fetchpriority=\"high\" decoding=\"async\" class=\"alignnone size-medium wp-image-17605\" src=\"https:\/\/dadade.eu\/wp-content\/uploads\/2023\/07\/Schwein-im-Zylinder-1-300x225.jpg\" alt=\"\" width=\"300\" height=\"225\" srcset=\"https:\/\/dadade.eu\/wp-content\/uploads\/2023\/07\/Schwein-im-Zylinder-1-300x225.jpg 300w, https:\/\/dadade.eu\/wp-content\/uploads\/2023\/07\/Schwein-im-Zylinder-1-600x450.jpg 600w, https:\/\/dadade.eu\/wp-content\/uploads\/2023\/07\/Schwein-im-Zylinder-1-64x48.jpg 64w, https:\/\/dadade.eu\/wp-content\/uploads\/2023\/07\/Schwein-im-Zylinder-1-1024x768.jpg 1024w, https:\/\/dadade.eu\/wp-content\/uploads\/2023\/07\/Schwein-im-Zylinder-1-768x576.jpg 768w, https:\/\/dadade.eu\/wp-content\/uploads\/2023\/07\/Schwein-im-Zylinder-1-1536x1152.jpg 1536w, https:\/\/dadade.eu\/wp-content\/uploads\/2023\/07\/Schwein-im-Zylinder-1-2048x1536.jpg 2048w\" sizes=\"(max-width: 300px) 100vw, 300px\" \/><strong><a href=\"https:\/\/dadade.eu\/?product=schwein-im-zylinder-dekoration-fuer-silvester-h575\">das Schwein im Zylinder passt auch noch als Dekoration dazu.<\/a><\/strong><\/p>\n<p>&nbsp;<\/p>\n<p>Die Anleitung ist ausf\u00fchrlich mit vielen Bildern hinterlegt und wird auf 20 Seiten Schritt-f\u00fcr-Schritt beschrieben!<\/p>\n<p>&nbsp;<\/p>\n<p><strong><a href=\"https:\/\/dadade.eu\/?p=20849\">VIELE TOLLE BILDER und Ideen von flei\u00dfigen Helfer und H\u00e4nden findet ihr hier\u00a0<\/a><\/strong><\/p>\n<p>&nbsp;<\/p>\n","protected":false},"excerpt":{"rendered":"<div id=\"cc-m-13954443088\">\n<p>Hier kauft man die H\u00e4kelanleitung f\u00fcr das Schornsteinfeger-Schwein und den Marienk\u00e4fer,<\/p>\n<p>sowie dem Zylinder und der Leiter<\/p>\n<p>du suchst noch eine sch\u00f6ne Tischdekoration,<\/p>\n<p>das Schwein hat sich als Schornsteinfeger verkleidet und mit seinem Freund dem Marienk\u00e4fer, sind die Beiden\u00a0der Blickpunkt auf\u00a0jedem Partytisch,<\/p>\n<p>lass deiner Fantasie freien Lauf, du hast viele Dekorations-M\u00f6glichkeiten,<\/p>\n<p>Du suchst ein originelles Geschenk, oder Mitbringsel f\u00fcr die Silvester-Party oder dein Neujahrs-Besuch.<\/p>\n<p>das Schwein mit dem Marienk\u00e4fer ist schnell geh\u00e4kelt.<\/p>\n<p>Sie sind recht einfach gehalten und dadurch auch schon f\u00fcr Anf\u00e4nger geeignet.<\/p>\n<p>und man kann seine Wollreste loswerden<\/p>\n<p>Deiner Kreativit\u00e4t sind keine Grenzen gesetzt<\/p>\n<p>Mit Wolle der Nadelst\u00e4rke 2 werden die Figuren ungef\u00e4hr ; 15cm hoch<\/p>\n<\/div>\n","protected":false},"featured_media":17589,"template":"","meta":[],"product_brand":[],"product_cat":[56,48,386],"product_tag":[90,295,89,233,242,182,694,87,1360,557,94,93,1255,179,92,180,243,100,294,1361,646,1253,136,422,135,1254,1252,682,292,681,275,373,683,695,302,95,96,1359],"class_list":{"0":"post-17588","1":"product","2":"type-product","3":"status-publish","4":"has-post-thumbnail","6":"product_cat-2einfach","7":"product_cat-haus-deko","8":"product_cat-silvester","9":"product_tag-amigurumi","10":"product_tag-anleitung","11":"product_tag-baby","12":"product_tag-dekoration","13":"product_tag-dekoration-haekeln","14":"product_tag-fein","15":"product_tag-feste","16":"product_tag-geschenk","17":"product_tag-glueck","18":"product_tag-gluecksbringer","19":"product_tag-haekelanleitung","20":"product_tag-haekeln","21":"product_tag-hufeissen-pilz","22":"product_tag-hut","23":"product_tag-kinder","24":"product_tag-kuscheltier","25":"product_tag-kuschelwolle","26":"product_tag-marienkaefer","27":"product_tag-mitbringsel","28":"product_tag-prost","29":"product_tag-sau","30":"product_tag-schein-haekeln","31":"product_tag-schornsteinfeger","32":"product_tag-schwein","33":"product_tag-silvester","34":"product_tag-silvesterhaekeln","35":"product_tag-silvestr","36":"product_tag-tier","37":"product_tag-tischdekoration","38":"product_tag-ueberraschung","39":"product_tag-valentinstag","40":"product_tag-vatertag","41":"product_tag-weihnachten","42":"product_tag-weihnachtsmuetze","43":"product_tag-winter","44":"product_tag-wolle","45":"product_tag-wollreste","46":"product_tag-zylinder","48":"first","49":"instock","50":"downloadable","51":"shipping-taxable","52":"purchasable","53":"product-type-simple"},"_links":{"self":[{"href":"https:\/\/dadade.eu\/index.php?rest_route=\/wp\/v2\/product\/17588","targetHints":{"allow":["GET"]}}],"collection":[{"href":"https:\/\/dadade.eu\/index.php?rest_route=\/wp\/v2\/product"}],"about":[{"href":"https:\/\/dadade.eu\/index.php?rest_route=\/wp\/v2\/types\/product"}],"wp:featuredmedia":[{"embeddable":true,"href":"https:\/\/dadade.eu\/index.php?rest_route=\/wp\/v2\/media\/17589"}],"wp:attachment":[{"href":"https:\/\/dadade.eu\/index.php?rest_route=%2Fwp%2Fv2%2Fmedia&parent=17588"}],"wp:term":[{"taxonomy":"product_brand","embeddable":true,"href":"https:\/\/dadade.eu\/index.php?rest_route=%2Fwp%2Fv2%2Fproduct_brand&post=17588"},{"taxonomy":"product_cat","embeddable":true,"href":"https:\/\/dadade.eu\/index.php?rest_route=%2Fwp%2Fv2%2Fproduct_cat&post=17588"},{"taxonomy":"product_tag","embeddable":true,"href":"https:\/\/dadade.eu\/index.php?rest_route=%2Fwp%2Fv2%2Fproduct_tag&post=17588"}],"curies":[{"name":"wp","href":"https:\/\/api.w.org\/{rel}","templated":true}]}}