{"id":17574,"date":"2018-12-24T16:18:13","date_gmt":"2018-12-24T15:18:13","guid":{"rendered":"https:\/\/dadade.eu\/?post_type=product&#038;p=17574"},"modified":"2025-03-17T13:43:51","modified_gmt":"2025-03-17T12:43:51","slug":"lampe-schwein-nicht-nur-fuers-kinderzimmer-led-lampe-l050","status":"publish","type":"product","link":"https:\/\/dadade.eu\/?product=lampe-schwein-nicht-nur-fuers-kinderzimmer-led-lampe-l050","title":{"rendered":"Lampe Schwein nicht nur f\u00fcrs Kinderzimmer,  LED-Lampe  (L250)"},"content":{"rendered":"<p><img fetchpriority=\"high\" decoding=\"async\" class=\"alignnone size-medium wp-image-17569\" src=\"https:\/\/dadade.eu\/wp-content\/uploads\/2023\/07\/xKugel-Silvester-Schwein-10-300x225.jpg\" alt=\"\" width=\"300\" height=\"225\" srcset=\"https:\/\/dadade.eu\/wp-content\/uploads\/2023\/07\/xKugel-Silvester-Schwein-10-300x225.jpg 300w, https:\/\/dadade.eu\/wp-content\/uploads\/2023\/07\/xKugel-Silvester-Schwein-10-600x450.jpg 600w, https:\/\/dadade.eu\/wp-content\/uploads\/2023\/07\/xKugel-Silvester-Schwein-10-64x48.jpg 64w, https:\/\/dadade.eu\/wp-content\/uploads\/2023\/07\/xKugel-Silvester-Schwein-10-1024x768.jpg 1024w, https:\/\/dadade.eu\/wp-content\/uploads\/2023\/07\/xKugel-Silvester-Schwein-10-768x576.jpg 768w, https:\/\/dadade.eu\/wp-content\/uploads\/2023\/07\/xKugel-Silvester-Schwein-10.jpg 1400w\" sizes=\"(max-width: 300px) 100vw, 300px\" \/>noch eine Schwein,<strong><a href=\"https:\/\/dadade.eu\/?product=schwein-mit-schornsteinfeger-led-lampe-l251\"> es ist auch eine tolle Kinderzimmer-Lampe. hat aber nur 1 Kugel und mit Schornsteinfeger<\/a><\/strong><\/p>\n<p>Die Anleitung ist ausf\u00fchrlich mit vielen Bildern hinterlegt<\/p>\n<p>und wird auf 16 Seiten Schritt-f\u00fcr-Schritt beschrieben!<\/p>\n<p>zus\u00e4tzlich geh\u00f6rt noch eine Anleitung f\u00fcr das Zusammenbauen der LED-Kugel dazu.<\/p>\n<p>MEHR VARIANTEN UND IDEEN von flei\u00dfigen Helfer und H\u00e4nden?<\/p>\n<p><a href=\"https:\/\/dadade.eu\/?p=11002\"><b>Klicke hier<\/b><\/a><\/p>\n<p>&nbsp;<\/p>\n<p>&nbsp;<\/p>\n<p>&nbsp;<\/p>\n","protected":false},"excerpt":{"rendered":"<div id=\"cc-m-13954443088\">\n<p>Hier kauft man die H\u00e4kelanleitung f\u00fcr die tolle LED-Lampe Schwein f\u00fcr das Kinderzimmer<\/p>\n<p>oder als Deko mit dem Pilz und die Kleeblatt-Girlande f\u00fcr Silvester,<\/p>\n<p><strong>\u00a0<\/strong>Das Schwein f\u00fcr das Kinderzimmer, oder als eine originelle Dekoration zu Silvester,<\/p>\n<p>Du suchst ein Geschenk f\u00fcr die Silvester-Party oder ein Mitbringsel f\u00fcr deinen Neujahrs-Besuch.<\/p>\n<p>&nbsp;<\/p>\n<p>Die Anleitung ist recht einfach gehalten und dadurch auch schon f\u00fcr Anf\u00e4nger geeignet.<\/p>\n<p>&nbsp;<\/p>\n<p>Mit Glitzer-Wolle der Nadelst\u00e4rke 3 wird das Schwein ungef\u00e4hr ; Ca 20cm hoch<\/p>\n<p>Die Kugel im Bauch des Schweins\u00a0 ist geschlossen, man kann sie nicht \u00f6ffnen.<\/p>\n<\/div>\n","protected":false},"featured_media":17575,"template":"","meta":[],"product_brand":[],"product_cat":[56,48,791,790,386,792],"product_tag":[684,90,295,1125,1126,1362,233,242,182,694,87,1360,557,94,93,92,234,529,244,1310,294,122,1361,646,422,533,135,292,683,302,183,95,96,1359],"class_list":{"0":"post-17574","1":"product","2":"type-product","3":"status-publish","4":"has-post-thumbnail","6":"product_cat-2einfach","7":"product_cat-haus-deko","8":"product_cat-kinderzimmer","9":"product_cat-deko-ideen-mit-licht","10":"product_cat-silvester","11":"product_cat-weihnachten","12":"product_tag-advent","13":"product_tag-amigurumi","14":"product_tag-anleitung","15":"product_tag-beleuchtet","16":"product_tag-beleuchtung","17":"product_tag-beleuchtung-haekeln","18":"product_tag-dekoration","19":"product_tag-dekoration-haekeln","20":"product_tag-fein","21":"product_tag-feste","22":"product_tag-geschenk","23":"product_tag-glueck","24":"product_tag-gluecksbringer","25":"product_tag-haekelanleitung","26":"product_tag-haekeln","27":"product_tag-kinder","28":"product_tag-kinderzimmer","29":"product_tag-kleeblatt","30":"product_tag-kuschelwolle-haekeln","31":"product_tag-led-lichterkette","32":"product_tag-mitbringsel","33":"product_tag-pilz-haekeln","34":"product_tag-prost","35":"product_tag-sau","36":"product_tag-schwein","37":"product_tag-schwein-haekeln","38":"product_tag-silvester","39":"product_tag-tischdekoration","40":"product_tag-weihnachten","41":"product_tag-winter","42":"product_tag-witzig","43":"product_tag-wolle","44":"product_tag-wollreste","45":"product_tag-zylinder","47":"first","48":"instock","49":"downloadable","50":"shipping-taxable","51":"purchasable","52":"product-type-simple"},"_links":{"self":[{"href":"https:\/\/dadade.eu\/index.php?rest_route=\/wp\/v2\/product\/17574","targetHints":{"allow":["GET"]}}],"collection":[{"href":"https:\/\/dadade.eu\/index.php?rest_route=\/wp\/v2\/product"}],"about":[{"href":"https:\/\/dadade.eu\/index.php?rest_route=\/wp\/v2\/types\/product"}],"wp:featuredmedia":[{"embeddable":true,"href":"https:\/\/dadade.eu\/index.php?rest_route=\/wp\/v2\/media\/17575"}],"wp:attachment":[{"href":"https:\/\/dadade.eu\/index.php?rest_route=%2Fwp%2Fv2%2Fmedia&parent=17574"}],"wp:term":[{"taxonomy":"product_brand","embeddable":true,"href":"https:\/\/dadade.eu\/index.php?rest_route=%2Fwp%2Fv2%2Fproduct_brand&post=17574"},{"taxonomy":"product_cat","embeddable":true,"href":"https:\/\/dadade.eu\/index.php?rest_route=%2Fwp%2Fv2%2Fproduct_cat&post=17574"},{"taxonomy":"product_tag","embeddable":true,"href":"https:\/\/dadade.eu\/index.php?rest_route=%2Fwp%2Fv2%2Fproduct_tag&post=17574"}],"curies":[{"name":"wp","href":"https:\/\/api.w.org\/{rel}","templated":true}]}}