{"id":17480,"date":"2015-10-24T12:17:38","date_gmt":"2015-10-24T10:17:38","guid":{"rendered":"https:\/\/dadade.eu\/?post_type=product&#038;p=17480"},"modified":"2023-11-14T14:25:39","modified_gmt":"2023-11-14T13:25:39","slug":"igel-schluesselanhaenger-oder-deko","status":"publish","type":"product","link":"https:\/\/dadade.eu\/?product=igel-schluesselanhaenger-oder-deko","title":{"rendered":"Igel, Schl\u00fcsselanh\u00e4nger oder Deko"},"content":{"rendered":"<p>&nbsp;<\/p>\n<p>Die Anleitung ist ausf\u00fchrlich mit vielen Bildern hinterlegt und Schritt-f\u00fcr-Schritt beschrieben!<\/p>\n<p>&nbsp;<\/p>\n<p>MEHR VARIANTEN UND IDEEN von flei\u00dfigen Helfer und H\u00e4nden?<\/p>\n<p><a href=\"https:\/\/dadade.eu\/?p=14216\"><b>Klicke hier<\/b><\/a><\/p>\n<p>&nbsp;<\/p>\n<p>&nbsp;<\/p>\n<p>&nbsp;<\/p>\n","protected":false},"excerpt":{"rendered":"<div id=\"cc-m-13954443088\">\n<p>Igeldame Igi<\/p>\n<p>Du brauchst ein eine sch\u00f6ne Herbstdekoration, oder einen originellen Schl\u00fcsselanh\u00e4nger?<\/p>\n<p>Nat\u00fcrlich hat auch die kleine Igeldame ein Fach f\u00fcr den Einkaufs-Chip, oder f\u00fcr Geld, und somit ist sie auch ein geeignetes Geburtstagsgeschenk<\/p>\n<p>Worauf warten? Ab an die H\u00e4kelnadel,<\/p>\n<p>die Stachel sind etwas kompliziert zu h\u00e4keln,<\/p>\n<p>die Anleitung hat aber viele Bilder und alles wird Schritt f\u00fcr Schritt erkl\u00e4rt<\/p>\n<p>H\u00e4kel Igi doch mal mit Chenille-Wolle;\u00a0 Hoch ist der Igel 12cm, lang 20cm und Augen sind 10mm.<\/p>\n<\/div>\n<div id=\"cc-m-13954443188\" class=\"j-module n j-text \">\n<p>&nbsp;<\/p>\n<div id=\"cc-m-13954443088\">\n<div id=\"cc-m-13758358088\">\n<h3>Diese Anleitungen findet man nur in meinen Shops auf den verschiedenen Plattformen<\/h3>\n<h3><strong><a href=\"https:\/\/www.crazypatterns.net\/de\/items\/8849\/schluesselanhaenger-geldgeschenk-oder-herbst-dekoration-igeldame-igi-gehaekelt-von-dadade\" target=\"_blank\" rel=\"noopener\">Igel bei crazypattern<\/a><\/strong><\/h3>\n<h3><strong><a href=\"https:\/\/www.mypatterns.de\/haekeln\/schluesselanhaenger-herbst-dekoration-igel-igi-von-dadade-6217\" target=\"_blank\" rel=\"noopener\">Igel bei mypatterns<\/a><\/strong><\/h3>\n<h3><\/h3>\n<h3><\/h3>\n<\/div>\n<\/div>\n<p>&nbsp;<\/p>\n<p>&nbsp;<\/p>\n<\/div>\n","protected":false},"featured_media":17488,"template":"","meta":[],"product_brand":[],"product_cat":[505],"product_tag":[90,295,233,242,694,87,1319,94,93,1057,126,92,245,180,1353,294,195,1133,822,936,823,183,95,96],"class_list":{"0":"post-17480","1":"product","2":"type-product","3":"status-publish","4":"has-post-thumbnail","6":"product_cat-herbst","7":"product_tag-amigurumi","8":"product_tag-anleitung","9":"product_tag-dekoration","10":"product_tag-dekoration-haekeln","11":"product_tag-feste","12":"product_tag-geschenk","13":"product_tag-glitzerwolle","14":"product_tag-haekelanleitung","15":"product_tag-haekeln","16":"product_tag-halloween","17":"product_tag-herbst","18":"product_tag-kinder","19":"product_tag-kuschelige-haekeltiere","20":"product_tag-kuscheltier","21":"product_tag-maenner","22":"product_tag-mitbringsel","23":"product_tag-praesent","24":"product_tag-ranzenanhaenger","25":"product_tag-schluesselring","26":"product_tag-schulanfaenger","27":"product_tag-taschenbaumler","28":"product_tag-witzig","29":"product_tag-wolle","30":"product_tag-wollreste","32":"first","33":"instock","34":"virtual","35":"product-type-simple"},"_links":{"self":[{"href":"https:\/\/dadade.eu\/index.php?rest_route=\/wp\/v2\/product\/17480","targetHints":{"allow":["GET"]}}],"collection":[{"href":"https:\/\/dadade.eu\/index.php?rest_route=\/wp\/v2\/product"}],"about":[{"href":"https:\/\/dadade.eu\/index.php?rest_route=\/wp\/v2\/types\/product"}],"wp:featuredmedia":[{"embeddable":true,"href":"https:\/\/dadade.eu\/index.php?rest_route=\/wp\/v2\/media\/17488"}],"wp:attachment":[{"href":"https:\/\/dadade.eu\/index.php?rest_route=%2Fwp%2Fv2%2Fmedia&parent=17480"}],"wp:term":[{"taxonomy":"product_brand","embeddable":true,"href":"https:\/\/dadade.eu\/index.php?rest_route=%2Fwp%2Fv2%2Fproduct_brand&post=17480"},{"taxonomy":"product_cat","embeddable":true,"href":"https:\/\/dadade.eu\/index.php?rest_route=%2Fwp%2Fv2%2Fproduct_cat&post=17480"},{"taxonomy":"product_tag","embeddable":true,"href":"https:\/\/dadade.eu\/index.php?rest_route=%2Fwp%2Fv2%2Fproduct_tag&post=17480"}],"curies":[{"name":"wp","href":"https:\/\/api.w.org\/{rel}","templated":true}]}}